{"id":33245,"date":"2026-02-24T02:02:20","date_gmt":"2026-02-24T02:02:20","guid":{"rendered":"https:\/\/comprasyconsejos.store\/product\/ugreen-2pack-usb-c-to-a-cable-fast-charging-3a-qc-3-0-compatible-with-iphone-17-pro-max-air-16-15-plus-pro-max-galaxy-s25-s24-s23-s22-pixel-9-8-7-1m\/"},"modified":"2026-02-24T02:02:26","modified_gmt":"2026-02-24T02:02:26","slug":"ugreen-2pack-usb-c-to-a-cable-fast-charging-3a-qc-3-0-compatible-with-iphone-17-pro-max-air-16-15-plus-pro-max-galaxy-s25-s24-s23-s22-pixel-9-8-7-1m","status":"publish","type":"product","link":"https:\/\/comprasyconsejos.store\/en\/product\/ugreen-2pack-usb-c-to-a-cable-fast-charging-3a-qc-3-0-compatible-with-iphone-17-pro-max-air-16-15-plus-pro-max-galaxy-s25-s24-s23-s22-pixel-9-8-7-1m\/","title":{"rendered":"UGREEN 2Pack USB C to A Cable Fast Charging 3A QC 3.0, Compatible with iPhone 17 Pro Max Air\/16\/15 Plus Pro Max, Galaxy S25\/S24\/S23\/S22, Pixel 9\/8\/7 1M"},"content":{"rendered":"<p>Price: <span style=\"color:#b12704\"><del>\u20ac13.99<\/del> - (\u20ac5.62 \/  count)<\/span><br \/><i><small>(as of Feb 24, 2026 02:02:21 UTC &#8211; <span class=\"wp_automatic_amazon_disclaimer\" title=\"Product prices and availability are accurate as of the date\/time indicated and are subject to change. Any price and availability information displayed on [relevant Amazon Site(s), as applicable] at the time of purchase will apply to the purchase of this product.\">Details<\/span>)<\/small><\/i><\/p>\n<p><a href=\"https:\/\/amazon.es\/dp\/B098WVHH5L?tag=man008-21\"><img decoding=\"async\" src=\"https:\/\/valvepress.s3.amazonaws.com\/imgs\/buy_now.png\"><\/a><br \/>\n<\/p>\n<p>                                             From the brand   <\/p>\n<p>                                              <img decoding=\"async\" alt=\"con tres adaptadores de alimentaci\u00f3n c\u00fabicos blancos y un port\u00e1til que muestra un patr\u00f3n geom\u00e9trico azul en la\" src=\"https:\/\/images-na.ssl-images-amazon.com\/images\/G\/01\/x-locale\/common\/grey-pixel.gif\" class=\"a-lazy-loaded\" data-src=\"https:\/\/m.media-amazon.com\/images\/S\/aplus-media-library-service-media\/2b86f064-c229-4c75-a812-959f66f1abb6.__CR0,0,1464,625_PT0_SX1464_V1___.jpg\"><img decoding=\"async\" alt=\"con tres adaptadores de alimentaci\u00f3n c\u00fabicos blancos y un port\u00e1til que muestra un patr\u00f3n geom\u00e9trico azul en la\" src=\"https:\/\/m.media-amazon.com\/images\/S\/aplus-media-library-service-media\/2b86f064-c229-4c75-a812-959f66f1abb6.__CR0,0,1464,625_PT0_SX1464_V1___.jpg\">  <\/p>\n<h3> Cable USB C 240W <\/h3>\n<p class=\"apm-brand-story-stores-link\">\n<h3> Cable USB C 100W <\/h3>\n<p class=\"apm-brand-story-stores-link\">\n<h3> Cable USB C V\u00eddeo 240W <\/h3>\n<p class=\"apm-brand-story-stores-link\">\n<h3> UGREEN NASync Series <\/h3>\n<p class=\"apm-brand-story-stores-link\">\n<h3> Cable USB C 60W <\/h3>\n<p class=\"apm-brand-story-stores-link\">\n<h3> Cable USB A <\/h3>\n<p class=\"apm-brand-story-stores-link\">\n<h3> Power bank <\/h3>\n<p class=\"apm-brand-story-stores-link\">\n<h3> Power bank Magn\u00e9tico <\/h3>\n<p class=\"apm-brand-story-stores-link\">\n<h3> Cargador Inal\u00e1mbrico <\/h3>\n<p class=\"apm-brand-story-stores-link\">\n<p> Package Dimensions                                            \u200f                                            :                                            \u200e                                            19.5 x 13.2 x 2.4 cm; 70 g   <br \/> Date First Available                                            \u200f                                            :                                            \u200e                                            25 Oct. 2021   <br \/> Manufacturer                                            \u200f                                            :                                            \u200e                                            Ugreen Group Limited   <br \/> ASIN                                            \u200f                                            :                                            \u200e                                            B098WVHH5L   <br \/> Item model number                                            \u200f                                            :                                            \u200e                                            60126P   <br \/> Country of origin                                            \u200f                                            :                                            \u200e                                            China   <br \/>       Best Sellers Rank:  149 in USB Cables       <br \/>  Customer reviews:                                                                                            4.7               4.7 out of 5 stars                                  (7,481)                                              var dpAcrHasRegisteredArcLinkClickAction;                    P.when(&#8216;A&#8217;, &#8216;ready&#8217;).execute(function(A) {                        if (dpAcrHasRegisteredArcLinkClickAction !== true) {                            dpAcrHasRegisteredArcLinkClickAction = true;                            A.declarative(                                &#8216;acrLink-click-metrics&#8217;, &#8216;click&#8217;,                                { \u00aballowLinkDefault\u00bb: true },                                function (event) {                                    if (window.ue) {                                        ue.count(\u00abacrLinkClickCount\u00bb, (ue.count(\u00abacrLinkClickCount\u00bb) || 0) + 1);                                    }                                }                            );                        }                    });                                             P.when(&#8216;A&#8217;, &#8216;cf&#8217;).execute(function(A) {                A.declarative(&#8216;acrStarsLink-click-metrics&#8217;, &#8216;click&#8217;, { \u00aballowLinkDefault\u00bb : true },  function(event){                    if(window.ue) {                        ue.count(\u00abacrStarsLinkWithPopoverClickCount\u00bb, (ue.count(\u00abacrStarsLinkWithPopoverClickCount\u00bb) || 0) + 1);                    }                });            });                          <\/p>\n<p>[3A Fast Charging] UGREEN USB C USB A cable is compatible with Quick Charge 3.0\/2.0, AFC and Huawei FCP. The cable can supply mobile phones and tablets with charging power up to 18W (maximum current 3A).<br \/>[Wide Compatibility] UGREEN USB C cable is compatible with most USB C devices, such as iPhone 17\/ iPhone 17 Air\/ iPhone 17 Pro\/ iPhone 17 Pro Max\/iPhone 16\/16 Plus\/16 Pro\/16 Pro Max\/15, Galaxy S25\/S24\/S23\/S22\/S21\/S20\/S10\/A53 , Pixel 1\/7 \/8\/9\/10, Xiaomi, etc.<br \/>[Reliable Safety] This Type C charger cable has a 56k ohm resistor, which ensures proper current discharge and protects your devices from damage caused by large current.<br \/>[Excellent Durability] Type C cable features multiple shielding and aluminum alloy shell to ensure resistance to daily wear and tear, and can withstand 10000+ bending tests. In addition, the nylon braided exterior is quite robust and flexible, making cable tangle free and durable.<br \/>[480Mbps Data Transfer] USB cable supports data transfer rates up to 480Mbps, 1G files will be transferred in 30 seconds.<\/p>\n\n","protected":false},"excerpt":{"rendered":"<p> From the brand Cable USB C 240W Cable USB C 100W Cable USB C V\u00eddeo<\/p>","protected":false},"featured_media":33246,"comment_status":"open","ping_status":"closed","template":"","meta":[],"product_brand":[],"product_cat":[69],"product_tag":[206,9527,182,138,2047,201,2044,137,165,2052,2037,147,164,2054,2046,171,2049,163,352,3784,133,2050,2042,2040],"class_list":{"0":"post-33245","1":"product","2":"type-product","3":"status-publish","4":"has-post-thumbnail","6":"product_cat-cables-adapters","7":"product_tag-2pack","8":"product_tag-air1615","9":"product_tag-cable","10":"product_tag-charging","11":"product_tag-charging-cable","12":"product_tag-compatible","13":"product_tag-displayport-cable","14":"product_tag-fast","15":"product_tag-galaxy","16":"product_tag-hdmi-adapter","17":"product_tag-hdmi-cable","18":"product_tag-iphone","19":"product_tag-max","20":"product_tag-multiport-adapter","21":"product_tag-network-cable","22":"product_tag-pixel","23":"product_tag-power-cable","24":"product_tag-pro","25":"product_tag-s25s24s23s22","26":"product_tag-ugreen","27":"product_tag-usb","28":"product_tag-usb-adapter","29":"product_tag-usb-c-cable","30":"product_tag-usb-cable","32":"first","33":"instock","34":"sale","35":"shipping-taxable","36":"product-type-external"},"_links":{"self":[{"href":"https:\/\/comprasyconsejos.store\/en\/wp-json\/wp\/v2\/product\/33245","targetHints":{"allow":["GET"]}}],"collection":[{"href":"https:\/\/comprasyconsejos.store\/en\/wp-json\/wp\/v2\/product"}],"about":[{"href":"https:\/\/comprasyconsejos.store\/en\/wp-json\/wp\/v2\/types\/product"}],"replies":[{"embeddable":true,"href":"https:\/\/comprasyconsejos.store\/en\/wp-json\/wp\/v2\/comments?post=33245"}],"version-history":[{"count":0,"href":"https:\/\/comprasyconsejos.store\/en\/wp-json\/wp\/v2\/product\/33245\/revisions"}],"wp:featuredmedia":[{"embeddable":true,"href":"https:\/\/comprasyconsejos.store\/en\/wp-json\/wp\/v2\/media\/33246"}],"wp:attachment":[{"href":"https:\/\/comprasyconsejos.store\/en\/wp-json\/wp\/v2\/media?parent=33245"}],"wp:term":[{"taxonomy":"product_brand","embeddable":true,"href":"https:\/\/comprasyconsejos.store\/en\/wp-json\/wp\/v2\/product_brand?post=33245"},{"taxonomy":"product_cat","embeddable":true,"href":"https:\/\/comprasyconsejos.store\/en\/wp-json\/wp\/v2\/product_cat?post=33245"},{"taxonomy":"product_tag","embeddable":true,"href":"https:\/\/comprasyconsejos.store\/en\/wp-json\/wp\/v2\/product_tag?post=33245"}],"curies":[{"name":"wp","href":"https:\/\/api.w.org\/{rel}","templated":true}]}}