{"id":33280,"date":"2026-02-24T02:44:55","date_gmt":"2026-02-24T02:44:55","guid":{"rendered":"https:\/\/comprasyconsejos.store\/product\/tera-wireless-barcode-scanner-1d-2d-qr-with-usb-charging-base-handheld-barcode-reader-auto-detection-scanner-fast-accurate-scanner-d6100\/"},"modified":"2026-02-24T02:45:01","modified_gmt":"2026-02-24T02:45:01","slug":"tera-wireless-barcode-scanner-1d-2d-qr-with-usb-charging-base-handheld-barcode-reader-auto-detection-scanner-fast-accurate-scanner-d6100","status":"publish","type":"product","link":"https:\/\/comprasyconsejos.store\/en\/product\/tera-wireless-barcode-scanner-1d-2d-qr-with-usb-charging-base-handheld-barcode-reader-auto-detection-scanner-fast-accurate-scanner-d6100\/","title":{"rendered":"Tera Wireless Barcode Scanner 1D 2D QR with USB Charging Base Handheld Barcode Reader Auto Detection Scanner Fast Accurate Scanner, D6100"},"content":{"rendered":"<p>Price: <span style=\"color:#b12704\">\u20ac59.89<\/span><br \/><i><small>(as of Feb 24, 2026 02:44:55 UTC &#8211; <span class=\"wp_automatic_amazon_disclaimer\" title=\"Product prices and availability are accurate as of the date\/time indicated and are subject to change. Any price and availability information displayed on [relevant Amazon Site(s), as applicable] at the time of purchase will apply to the purchase of this product.\">Details<\/span>)<\/small><\/i><\/p>\n<p><a href=\"https:\/\/amazon.es\/dp\/B07KZLK5WY?tag=man008-21\"><img decoding=\"async\" src=\"https:\/\/valvepress.s3.amazonaws.com\/imgs\/buy_now.png\"><\/a><br \/>\n<\/p>\n<p>                                             From the brand   <\/p>\n<p>                                              <img decoding=\"async\" alt=\"aplus content image\" src=\"https:\/\/images-na.ssl-images-amazon.com\/images\/G\/01\/x-locale\/common\/grey-pixel.gif\" class=\"a-lazy-loaded\" data-src=\"https:\/\/m.media-amazon.com\/images\/S\/aplus-media-library-service-media\/0c1d8dbb-be4b-4546-96b4-213ff7880675.__CR0,0,1464,625_PT0_SX1464_V1___.jpg\"><img decoding=\"async\" alt=\"aplus content image\" src=\"https:\/\/m.media-amazon.com\/images\/S\/aplus-media-library-service-media\/0c1d8dbb-be4b-4546-96b4-213ff7880675.__CR0,0,1464,625_PT0_SX1464_V1___.jpg\">  <\/p>\n<p>                                                         Historia de Tera                                       <\/p>\n<p> Tera se fund\u00f3 en Suiza a principios de la d\u00e9cada de 2000 y se ha convertido en una marca popular de suministros de oficina en Europa. Ahora es reconocida a nivel mundial y est\u00e1 ampliando activamente su presencia en tecnolog\u00edas limpias y optoelectr\u00f3nicas de alta gama. <\/p>\n<p>                                                         Esp\u00edritu de Tera                                       <\/p>\n<p> Nuestros esc\u00e1neres de c\u00f3digos de barras destacan por su precisi\u00f3n y velocidad, ideales para soluciones de escaneo confiables y eficientes para empresas e individuos. <\/p>\n<p>                                                         Logros de Tera                                       <\/p>\n<p> Tera ha acumulado una vasta base de clientes en todo el mundo, desde gobiernos hasta Fortune Global 500. <\/p>\n<h3> Esc\u00e1ner de c\u00f3digos de barras <\/h3>\n<h3> Esc\u00e1ner de c\u00f3digos de barras <\/h3>\n<h3> Esc\u00e1ner de c\u00f3digos de barras <\/h3>\n<h3> Esc\u00e1ner de c\u00f3digos de barras <\/h3>\n<h3> Esc\u00e1ner de c\u00f3digos de barras <\/h3>\n<h3> Esc\u00e1ner de c\u00f3digos de barras <\/h3>\n<h3> Esc\u00e1ner de c\u00f3digos de barras <\/h3>\n<p> Batteries                                            \u200f                                            :                                            \u200e                                            1 Lithium Ion batteries required. (included)   <br \/> Is discontinued by manufacturer                                            \u200f                                            :                                            \u200e                                            No   <br \/> Product Dimensions                                            \u200f                                            :                                            \u200e                                            17.02 x 6.1 x 9.91 cm; 522 g   <br \/> Manufacturer                                            \u200f                                            :                                            \u200e                                            Tera   <br \/> ASIN                                            \u200f                                            :                                            \u200e                                            B07KZLK5WY   <br \/> Item model number                                            \u200f                                            :                                            \u200e                                            HW0005-BK-US   <br \/> Guaranteed software updates until                                            \u200f                                            :                                            \u200e                                            unknown   <br \/>  Customer reviews:                                                                                            3.9               3.9 out of 5 stars                                  (605)                                              var dpAcrHasRegisteredArcLinkClickAction;                    P.when(&#8216;A&#8217;, &#8216;ready&#8217;).execute(function(A) {                        if (dpAcrHasRegisteredArcLinkClickAction !== true) {                            dpAcrHasRegisteredArcLinkClickAction = true;                            A.declarative(                                &#8216;acrLink-click-metrics&#8217;, &#8216;click&#8217;,                                { \u00aballowLinkDefault\u00bb: true },                                function (event) {                                    if (window.ue) {                                        ue.count(\u00abacrLinkClickCount\u00bb, (ue.count(\u00abacrLinkClickCount\u00bb) || 0) + 1);                                    }                                }                            );                        }                    });                                             P.when(&#8216;A&#8217;, &#8216;cf&#8217;).execute(function(A) {                A.declarative(&#8216;acrStarsLink-click-metrics&#8217;, &#8216;click&#8217;, { \u00aballowLinkDefault\u00bb : true },  function(event){                    if(window.ue) {                        ue.count(\u00abacrStarsLinkWithPopoverClickCount\u00bb, (ue.count(\u00abacrStarsLinkWithPopoverClickCount\u00bb) || 0) + 1);                    }                });            });                          <\/p>\n<p>3 in 1 Charger\/Holder\/Receiver: 1. The cradle houses a 2.4GHz wireless receiver (the receiver is installed in the cradle, cannot be disassembled). Once connected to the computer via the USB cable, the drive is ready to work. 2. Works while charging. Whenever the scanner sits in the cradle, charging starts automatically. Cradle doubles as scanner stand for hands-free operation.<br \/>ALWAYS POWERED &#8211; Large internal battery for long standby time. While sitting in the crib, the scanner can work continuously.<br \/>Button \/ Continuous Mode: Trigger button for scanning in button mode. Set the scanner to continuous mode and operate hands-free with the scanner sitting in the cradle.<br \/>Fast and accurate reading speed: 32-bit CPU, superior decoding capability. You can recognize the following codes: UPC-A UPC-E EAN-8 EAN-13 with complementary code 128 Code39 Code 39Full ASCII Codabar Industrial\/Interleaved 2 of 5 Code93 MSI Code11 ISBN ISSN China Post, etc. (optional) GS1 Databar Code33 2; 2D: Code QR, Data Matrix, PDF417, Aztec Code, Maxicode, etc.<br \/>IP54 Shockproof &#8211; It can survive drops from heights up to 6.5 feet. The rugged IP54 technology protects the wireless barcode scanner from dust and moisture.<\/p>\n\n","protected":false},"excerpt":{"rendered":"<p> From the brand Historia de Tera Tera se fund\u00f3 en Suiza a principios de la<\/p>","protected":false},"featured_media":33281,"comment_status":"open","ping_status":"closed","template":"","meta":[],"product_brand":[],"product_cat":[60],"product_tag":[6304,731,3126,4186,1990,138,9534,4476,1982,137,1989,1983,2490,1986,1987,1984,1985,1421,840,1991,3319,133,1988,226],"class_list":{"0":"post-33280","1":"product","2":"type-product","3":"status-publish","4":"has-post-thumbnail","6":"product_cat-scanners","7":"product_tag-accurate","8":"product_tag-auto","9":"product_tag-barcode","10":"product_tag-base","11":"product_tag-best-scanner","12":"product_tag-charging","13":"product_tag-d6100","14":"product_tag-detection","15":"product_tag-document-scanner","16":"product_tag-fast","17":"product_tag-fast-document-scanner","18":"product_tag-flatbed-scanner","19":"product_tag-handheld","20":"product_tag-high-resolution-scanner","21":"product_tag-office-scanner","22":"product_tag-photo-scanner","23":"product_tag-portable-scanner","24":"product_tag-reader","25":"product_tag-scanner","26":"product_tag-scanner-price","27":"product_tag-tera","28":"product_tag-usb","29":"product_tag-usb-scanner","30":"product_tag-wireless","32":"first","33":"instock","34":"shipping-taxable","35":"product-type-external"},"_links":{"self":[{"href":"https:\/\/comprasyconsejos.store\/en\/wp-json\/wp\/v2\/product\/33280","targetHints":{"allow":["GET"]}}],"collection":[{"href":"https:\/\/comprasyconsejos.store\/en\/wp-json\/wp\/v2\/product"}],"about":[{"href":"https:\/\/comprasyconsejos.store\/en\/wp-json\/wp\/v2\/types\/product"}],"replies":[{"embeddable":true,"href":"https:\/\/comprasyconsejos.store\/en\/wp-json\/wp\/v2\/comments?post=33280"}],"version-history":[{"count":0,"href":"https:\/\/comprasyconsejos.store\/en\/wp-json\/wp\/v2\/product\/33280\/revisions"}],"wp:featuredmedia":[{"embeddable":true,"href":"https:\/\/comprasyconsejos.store\/en\/wp-json\/wp\/v2\/media\/33281"}],"wp:attachment":[{"href":"https:\/\/comprasyconsejos.store\/en\/wp-json\/wp\/v2\/media?parent=33280"}],"wp:term":[{"taxonomy":"product_brand","embeddable":true,"href":"https:\/\/comprasyconsejos.store\/en\/wp-json\/wp\/v2\/product_brand?post=33280"},{"taxonomy":"product_cat","embeddable":true,"href":"https:\/\/comprasyconsejos.store\/en\/wp-json\/wp\/v2\/product_cat?post=33280"},{"taxonomy":"product_tag","embeddable":true,"href":"https:\/\/comprasyconsejos.store\/en\/wp-json\/wp\/v2\/product_tag?post=33280"}],"curies":[{"name":"wp","href":"https:\/\/api.w.org\/{rel}","templated":true}]}}