{"id":33288,"date":"2026-02-24T02:46:20","date_gmt":"2026-02-24T02:46:20","guid":{"rendered":"https:\/\/comprasyconsejos.store\/product\/brother-hl-l8260cdw-colour-laser-printer-wifi-double-sided-lcd-display-256mb-memory-white\/"},"modified":"2026-02-24T02:46:23","modified_gmt":"2026-02-24T02:46:23","slug":"brother-hl-l8260cdw-colour-laser-printer-wifi-double-sided-lcd-display-256mb-memory-white","status":"publish","type":"product","link":"https:\/\/comprasyconsejos.store\/en\/product\/brother-hl-l8260cdw-colour-laser-printer-wifi-double-sided-lcd-display-256mb-memory-white\/","title":{"rendered":"Brother HL-L8260CDW \u2013 Colour Laser Printer (WiFi, Double-Sided, LCD Display, 256MB Memory), White"},"content":{"rendered":"<p>Price: <span style=\"color:#b12704\"><del>\u20ac361.99<\/del> - \u20ac310.40<\/span><br \/><i><small>(as of Feb 24, 2026 02:46:20 UTC &#8211; <span class=\"wp_automatic_amazon_disclaimer\" title=\"Product prices and availability are accurate as of the date\/time indicated and are subject to change. Any price and availability information displayed on [relevant Amazon Site(s), as applicable] at the time of purchase will apply to the purchase of this product.\">Details<\/span>)<\/small><\/i><\/p>\n<p><a href=\"https:\/\/amazon.es\/dp\/B06XZK4GG2?tag=man008-21\"><img decoding=\"async\" src=\"https:\/\/valvepress.s3.amazonaws.com\/imgs\/buy_now.png\"><\/a><br \/>\n<\/p>\n<p>                                             From the brand   <\/p>\n<p>                                              <img decoding=\"async\" alt=\"Soluciones de Brother en el mercado de la impresi\u00f3n\" src=\"https:\/\/images-na.ssl-images-amazon.com\/images\/G\/01\/x-locale\/common\/grey-pixel.gif\" class=\"a-lazy-loaded\" data-src=\"https:\/\/m.media-amazon.com\/images\/S\/aplus-media-library-service-media\/8c3e9233-2530-41f5-b4aa-24e486e1d3a0.__CR0,0,1464,625_PT0_SX1464_V1___.jpg\"><img decoding=\"async\" alt=\"Soluciones de Brother en el mercado de la impresi\u00f3n\" src=\"https:\/\/m.media-amazon.com\/images\/S\/aplus-media-library-service-media\/8c3e9233-2530-41f5-b4aa-24e486e1d3a0.__CR0,0,1464,625_PT0_SX1464_V1___.jpg\">  <\/p>\n<p>                                                         \u00bfPor qu\u00e9 estamos orgullosos de lo que hacemos?                                       <\/p>\n<p> Brother Group lleva m\u00e1s de 110 a\u00f1os \u00abAt your side\u00bb. Nuestro objetivo es establecer un contacto real con clientes de todo el mundo <\/p>\n<p>                                                         \u00bfCu\u00e1l es el compromiso con el medio ambiente?                                       <\/p>\n<p> La sostenibilidad est\u00e1 arraigada en la visa ambiental de Brother. <\/p>\n<p> Estamos comprometidos a producir productos cada vez m\u00e1s sostenibles protegiendo nuestro planeta y apoyando a nuestros empleados <\/p>\n<p>                                                         \u00bfQu\u00e9 ofrece Brother?                                       <\/p>\n<p> Impresoras, equipos multifunci\u00f3n, esc\u00e1neres y etiquetadoras: la elecci\u00f3n ideal para cualquier necesidad, desde el trabajo profesional hasta las necesidades diarias de la casa <\/p>\n<p>                                              <img decoding=\"async\" alt=\"\" src=\"https:\/\/images-na.ssl-images-amazon.com\/images\/G\/01\/x-locale\/common\/grey-pixel.gif\" class=\"a-lazy-loaded\" data-src=\"https:\/\/m.media-amazon.com\/images\/S\/aplus-media-library-service-media\/146224ee-04cd-4654-983d-ef50b895359d.__CR0,136,1184,545_PT0_SX315_V1___.jpg\"><img decoding=\"async\" alt=\"\" src=\"https:\/\/m.media-amazon.com\/images\/S\/aplus-media-library-service-media\/146224ee-04cd-4654-983d-ef50b895359d.__CR0,136,1184,545_PT0_SX315_V1___.jpg\">  <\/p>\n<p> \u00abAt your side\u00bb es el centro de lo que hacemos. Desarrollamos productos, servicios y soluciones para satisfacer sus necesidades en el hogar y en el trabajo. <\/p>\n<p> Utilizamos las \u00faltimas e innovadoras tecnolog\u00edas para garantizar que todos nuestros clientes reciban productos y soluciones de alta calidad. <\/p>\n<p> Desde el dise\u00f1o hasta el uso en cada etapa del ciclo de vida del producto, el impacto ambiental se minimiza sin comprometer la calidad del producto. <\/p>\n<p> Batteries                                            \u200f                                            :                                            \u200e                                            AA batteries required.   <br \/> Is discontinued by manufacturer                                            \u200f                                            :                                            \u200e                                            No   <br \/> Language                                            \u200f                                            :                                            \u200e                                            English, English, English, English, English   <br \/> Manufacturer                                            \u200f                                            :                                            \u200e                                            Brother   <br \/> ASIN                                            \u200f                                            :                                            \u200e                                            B06XZK4GG2   <br \/> Item model number                                            \u200f                                            :                                            \u200e                                            HL-L8260CDW   <br \/>  Customer reviews:                                                                                            4.4               4.4 out of 5 stars                                  (88)                                              var dpAcrHasRegisteredArcLinkClickAction;                    P.when(&#8216;A&#8217;, &#8216;ready&#8217;).execute(function(A) {                        if (dpAcrHasRegisteredArcLinkClickAction !== true) {                            dpAcrHasRegisteredArcLinkClickAction = true;                            A.declarative(                                &#8216;acrLink-click-metrics&#8217;, &#8216;click&#8217;,                                { \u00aballowLinkDefault\u00bb: true },                                function (event) {                                    if (window.ue) {                                        ue.count(\u00abacrLinkClickCount\u00bb, (ue.count(\u00abacrLinkClickCount\u00bb) || 0) + 1);                                    }                                }                            );                        }                    });                                             P.when(&#8216;A&#8217;, &#8216;cf&#8217;).execute(function(A) {                A.declarative(&#8216;acrStarsLink-click-metrics&#8217;, &#8216;click&#8217;, { \u00aballowLinkDefault\u00bb : true },  function(event){                    if(window.ue) {                        ue.count(\u00abacrStarsLinkWithPopoverClickCount\u00bb, (ue.count(\u00abacrStarsLinkWithPopoverClickCount\u00bb) || 0) + 1);                    }                });            });                          <\/p>\n<p>Print speed up to 31ppm color and monochrome<br \/>Ethernet and WiFi network connection<br \/>Automatic Duplex Printing<br \/>250-sheet input tray<br \/>50 Sheet Multipurpose Tray<\/p>\n\n","protected":false},"excerpt":{"rendered":"<p> From the brand \u00bfPor qu\u00e9 estamos orgullosos de lo que hacemos? Brother Group lleva m\u00e1s<\/p>","protected":false},"featured_media":33289,"comment_status":"open","ping_status":"closed","template":"","meta":[],"product_brand":[],"product_cat":[58],"product_tag":[3179,1973,1967,1956,1975,1968,1960,561,5376,1972,1971,9535,1978,1964,1974,1186,511,1970,1962,205,543,1969],"class_list":{"0":"post-33288","1":"product","2":"type-product","3":"status-publish","4":"has-post-thumbnail","6":"product_cat-laser-printers","7":"product_tag-256mb","8":"product_tag-best-laser-printer","9":"product_tag-black-and-white-laser-printer","10":"product_tag-brother","11":"product_tag-business-laser-printer","12":"product_tag-color-laser-printer","13":"product_tag-colour","14":"product_tag-display","15":"product_tag-doublesided","16":"product_tag-duplex-laser-printer","17":"product_tag-fast-laser-printer","18":"product_tag-hll8260cdw","19":"product_tag-laser","20":"product_tag-laser-printer","21":"product_tag-laser-printer-price","22":"product_tag-lcd","23":"product_tag-memory","24":"product_tag-office-laser-printer","25":"product_tag-printer","26":"product_tag-white","27":"product_tag-wifi","28":"product_tag-wireless-laser-printer","30":"first","31":"instock","32":"sale","33":"shipping-taxable","34":"product-type-external"},"_links":{"self":[{"href":"https:\/\/comprasyconsejos.store\/en\/wp-json\/wp\/v2\/product\/33288","targetHints":{"allow":["GET"]}}],"collection":[{"href":"https:\/\/comprasyconsejos.store\/en\/wp-json\/wp\/v2\/product"}],"about":[{"href":"https:\/\/comprasyconsejos.store\/en\/wp-json\/wp\/v2\/types\/product"}],"replies":[{"embeddable":true,"href":"https:\/\/comprasyconsejos.store\/en\/wp-json\/wp\/v2\/comments?post=33288"}],"version-history":[{"count":0,"href":"https:\/\/comprasyconsejos.store\/en\/wp-json\/wp\/v2\/product\/33288\/revisions"}],"wp:featuredmedia":[{"embeddable":true,"href":"https:\/\/comprasyconsejos.store\/en\/wp-json\/wp\/v2\/media\/33289"}],"wp:attachment":[{"href":"https:\/\/comprasyconsejos.store\/en\/wp-json\/wp\/v2\/media?parent=33288"}],"wp:term":[{"taxonomy":"product_brand","embeddable":true,"href":"https:\/\/comprasyconsejos.store\/en\/wp-json\/wp\/v2\/product_brand?post=33288"},{"taxonomy":"product_cat","embeddable":true,"href":"https:\/\/comprasyconsejos.store\/en\/wp-json\/wp\/v2\/product_cat?post=33288"},{"taxonomy":"product_tag","embeddable":true,"href":"https:\/\/comprasyconsejos.store\/en\/wp-json\/wp\/v2\/product_tag?post=33288"}],"curies":[{"name":"wp","href":"https:\/\/api.w.org\/{rel}","templated":true}]}}