{"id":33294,"date":"2026-02-24T03:28:00","date_gmt":"2026-02-24T03:28:00","guid":{"rendered":"https:\/\/comprasyconsejos.store\/product\/hp-envy-inspire-7920e-242q0b-a4-color-inkjet-all-in-one-printer-wi-fi-connection-auto-double-sided-printing-22-ppm-6-months-instant-ink-printing-white\/"},"modified":"2026-02-24T03:28:08","modified_gmt":"2026-02-24T03:28:08","slug":"hp-envy-inspire-7920e-242q0b-a4-color-inkjet-all-in-one-printer-wi-fi-connection-auto-double-sided-printing-22-ppm-6-months-instant-ink-printing-white","status":"publish","type":"product","link":"https:\/\/comprasyconsejos.store\/en\/product\/hp-envy-inspire-7920e-242q0b-a4-color-inkjet-all-in-one-printer-wi-fi-connection-auto-double-sided-printing-22-ppm-6-months-instant-ink-printing-white\/","title":{"rendered":"HP Envy Inspire 7920e 242Q0B, A4 Color Inkjet All-in-One Printer, Wi-Fi Connection, Auto Double-Sided Printing, 22 ppm, 6 Months Instant Ink Printing, White"},"content":{"rendered":"<p>Price: <span style=\"color:#b12704\">\u20ac89.99<\/span><br \/><i><small>(as of Feb 24, 2026 03:28:01 UTC &#8211; <span class=\"wp_automatic_amazon_disclaimer\" title=\"Product prices and availability are accurate as of the date\/time indicated and are subject to change. Any price and availability information displayed on [relevant Amazon Site(s), as applicable] at the time of purchase will apply to the purchase of this product.\">Details<\/span>)<\/small><\/i><\/p>\n<p><a href=\"https:\/\/amazon.es\/dp\/B09KVDNB9P?tag=man008-21\"><img decoding=\"async\" src=\"https:\/\/valvepress.s3.amazonaws.com\/imgs\/buy_now.png\"><\/a><br \/>\n<\/p>\n<p>                                             From the brand   <\/p>\n<p>                                              <img decoding=\"async\" alt=\"El texto dice \u00abHP\u00bb. Serie de im\u00e1genes que muestran pantallas promocionales de ordenadores port\u00e1tiles con texto y gr\u00e1ficos visibles en segundo plano.\" src=\"https:\/\/images-na.ssl-images-amazon.com\/images\/G\/01\/x-locale\/common\/grey-pixel.gif\" class=\"a-lazy-loaded\" data-src=\"https:\/\/m.media-amazon.com\/images\/S\/aplus-media-library-service-media\/102e14ad-497b-424b-82df-0446120ca9e6.__CR0,0,1464,625_PT0_SX1464_V1___.jpg\"><img decoding=\"async\" alt=\"El texto dice \u00abHP\u00bb. Serie de im\u00e1genes que muestran pantallas promocionales de ordenadores port\u00e1tiles con texto y gr\u00e1ficos visibles en segundo plano.\" src=\"https:\/\/m.media-amazon.com\/images\/S\/aplus-media-library-service-media\/102e14ad-497b-424b-82df-0446120ca9e6.__CR0,0,1464,625_PT0_SX1464_V1___.jpg\">  <\/p>\n<p>                                              <img decoding=\"async\" alt=\"aplus content image\" src=\"https:\/\/images-na.ssl-images-amazon.com\/images\/G\/01\/x-locale\/common\/grey-pixel.gif\" class=\"a-lazy-loaded\" data-src=\"https:\/\/m.media-amazon.com\/images\/S\/aplus-media-library-service-media\/6bb1dc71-5983-430e-8ce0-8b26745898d2.__CR0,0,362,453_PT0_SX362_V1___.jpg\"><img decoding=\"async\" alt=\"aplus content image\" src=\"https:\/\/m.media-amazon.com\/images\/S\/aplus-media-library-service-media\/6bb1dc71-5983-430e-8ce0-8b26745898d2.__CR0,0,362,453_PT0_SX362_V1___.jpg\">  <\/p>\n<p>                                              <img decoding=\"async\" alt=\"aplus content image\" src=\"https:\/\/images-na.ssl-images-amazon.com\/images\/G\/01\/x-locale\/common\/grey-pixel.gif\" class=\"a-lazy-loaded\" data-src=\"https:\/\/m.media-amazon.com\/images\/S\/aplus-media-library-service-media\/929b9c70-305c-4f6b-ab59-a44059ce65ab.__CR0,0,362,453_PT0_SX362_V1___.jpg\"><img decoding=\"async\" alt=\"aplus content image\" src=\"https:\/\/m.media-amazon.com\/images\/S\/aplus-media-library-service-media\/929b9c70-305c-4f6b-ab59-a44059ce65ab.__CR0,0,362,453_PT0_SX362_V1___.jpg\">  <\/p>\n<p>                                              <img decoding=\"async\" alt=\"aplus content image\" src=\"https:\/\/images-na.ssl-images-amazon.com\/images\/G\/01\/x-locale\/common\/grey-pixel.gif\" class=\"a-lazy-loaded\" data-src=\"https:\/\/m.media-amazon.com\/images\/S\/aplus-media-library-service-media\/58a8a11f-4f58-4abd-bc86-59eeac2b5596.__CR0,0,362,453_PT0_SX362_V1___.jpg\"><img decoding=\"async\" alt=\"aplus content image\" src=\"https:\/\/m.media-amazon.com\/images\/S\/aplus-media-library-service-media\/58a8a11f-4f58-4abd-bc86-59eeac2b5596.__CR0,0,362,453_PT0_SX362_V1___.jpg\">  <\/p>\n<p> Batteries                                            \u200f                                            :                                            \u200e                                            AA batteries required.   <br \/> Is discontinued by manufacturer                                            \u200f                                            :                                            \u200e                                            No   <br \/> Language                                            \u200f                                            :                                            \u200e                                            English   <br \/> Product Dimensions                                            \u200f                                            :                                            \u200e                                            38.3 x 46 x 23.4 cm; 8.12 kg   <br \/> Manufacturer                                            \u200f                                            :                                            \u200e                                            HP   <br \/> ASIN                                            \u200f                                            :                                            \u200e                                            B09KVDNB9P   <br \/> Item model number                                            \u200f                                            :                                            \u200e                                            242Q0B#629   <br \/> Guaranteed software updates until                                            \u200f                                            :                                            \u200e                                            unknown   <br \/>  Customer reviews:                                                                                            4.2               4.2 out of 5 stars                                  (2,429)                                              var dpAcrHasRegisteredArcLinkClickAction;                    P.when(&#8216;A&#8217;, &#8216;ready&#8217;).execute(function(A) {                        if (dpAcrHasRegisteredArcLinkClickAction !== true) {                            dpAcrHasRegisteredArcLinkClickAction = true;                            A.declarative(                                &#8216;acrLink-click-metrics&#8217;, &#8216;click&#8217;,                                { \u00aballowLinkDefault\u00bb: true },                                function (event) {                                    if (window.ue) {                                        ue.count(\u00abacrLinkClickCount\u00bb, (ue.count(\u00abacrLinkClickCount\u00bb) || 0) + 1);                                    }                                }                            );                        }                    });                                             P.when(&#8216;A&#8217;, &#8216;cf&#8217;).execute(function(A) {                A.declarative(&#8216;acrStarsLink-click-metrics&#8217;, &#8216;click&#8217;, { \u00aballowLinkDefault\u00bb : true },  function(event){                    if(window.ue) {                        ue.count(\u00abacrStarsLinkWithPopoverClickCount\u00bb, (ue.count(\u00abacrStarsLinkWithPopoverClickCount\u00bb) || 0) + 1);                    }                });            });                          <\/p>\n<p>Automatic double-sided printing, dual-band Wi-Fi with auto-reset, Wi-Fi Direct, HP Smart App, Hi-Speed USB 2.0, and Apple AirPrint<br \/>DISCOVER HP+, the smartest printing solution; CONVENIENT: the printer automatically requests ink before it runs out; SIMPLE: allows you to print, scan and manage everything easily, even from mobile, thanks to the HP Smart app; SUSTAINABLE: use eco-designed cartridges, +80% of Original HP Ink cartridges contain recycled plastic<br \/>This printer is designed to work only with cartridges with original HP chips or circuits and will block cartridges using non-HP chips or circuits; regular firmware updates maintain the effectiveness of these measures<br \/>CHOOSE HP+ on setup and GET 1 YEAR WARRANTY and 6 MONTHS OF INSTANT INK INCLUDED, if you sign up for Instant Ink within 7 days of printer setup; Instant Ink is a printing service with which you receive cartridges at home, before running out of ink, with recycling included and without worrying about Nothing; Includes the tint. to, shipping and recycling from only \u20ac1.79\/month<br \/>CHOOSE HP+ in settings to activate benefits; HP+ requires an HP account, permanent Internet connection, and exclusive use of Original HP Ink for the lifetime of the printer; Learn more on HP page in HP+ section<br \/>Compatible with Original HP 303 Black T6N02AE, HP 305 Tricolor T6N01AE, HP 305XL Black High Capacity T6N04AE and HP 305XL Tricolor High Capacity T6N03AE Inkjet Cartridges<br \/>Buy your HP Envy printer and get 6 months of free printing when signing up for HP Instant Ink. Valid from 17\/12\/2025 to 30\/04\/2026<\/p>\n\n","protected":false},"excerpt":{"rendered":"<p> From the brand Batteries \u200f : \u200e AA batteries required. Is discontinued by manufacturer \u200f<\/p>","protected":false},"featured_media":33295,"comment_status":"open","ping_status":"closed","template":"","meta":[],"product_brand":[],"product_cat":[57],"product_tag":[9538,9537,895,731,2140,2134,312,2126,2203,5376,3473,2129,1980,1953,1961,2145,2142,9536,3834,2150,2143,2132,3332,1962,2276,205,543,2136],"class_list":{"0":"post-33294","1":"product","2":"type-product","3":"status-publish","4":"has-post-thumbnail","6":"product_cat-inkjet-printers","7":"product_tag-242q0b","8":"product_tag-7920e","9":"product_tag-allinone","10":"product_tag-auto","11":"product_tag-best-inkjet-printer","12":"product_tag-cheap-inkjet-printer","13":"product_tag-color","14":"product_tag-color-inkjet-printer","15":"product_tag-connection","16":"product_tag-doublesided","17":"product_tag-envy","18":"product_tag-home-inkjet-printer","19":"product_tag-ink","20":"product_tag-ink-tank-printer","21":"product_tag-inkjet","22":"product_tag-inkjet-printer","23":"product_tag-inkjet-printer-price","24":"product_tag-inspire","25":"product_tag-instant","26":"product_tag-months","27":"product_tag-office-inkjet-printer","28":"product_tag-photo-inkjet-printer","29":"product_tag-ppm","30":"product_tag-printer","31":"product_tag-printing","32":"product_tag-white","33":"product_tag-wifi","34":"product_tag-wireless-inkjet-printer","36":"first","37":"instock","38":"shipping-taxable","39":"product-type-external"},"_links":{"self":[{"href":"https:\/\/comprasyconsejos.store\/en\/wp-json\/wp\/v2\/product\/33294","targetHints":{"allow":["GET"]}}],"collection":[{"href":"https:\/\/comprasyconsejos.store\/en\/wp-json\/wp\/v2\/product"}],"about":[{"href":"https:\/\/comprasyconsejos.store\/en\/wp-json\/wp\/v2\/types\/product"}],"replies":[{"embeddable":true,"href":"https:\/\/comprasyconsejos.store\/en\/wp-json\/wp\/v2\/comments?post=33294"}],"version-history":[{"count":0,"href":"https:\/\/comprasyconsejos.store\/en\/wp-json\/wp\/v2\/product\/33294\/revisions"}],"wp:featuredmedia":[{"embeddable":true,"href":"https:\/\/comprasyconsejos.store\/en\/wp-json\/wp\/v2\/media\/33295"}],"wp:attachment":[{"href":"https:\/\/comprasyconsejos.store\/en\/wp-json\/wp\/v2\/media?parent=33294"}],"wp:term":[{"taxonomy":"product_brand","embeddable":true,"href":"https:\/\/comprasyconsejos.store\/en\/wp-json\/wp\/v2\/product_brand?post=33294"},{"taxonomy":"product_cat","embeddable":true,"href":"https:\/\/comprasyconsejos.store\/en\/wp-json\/wp\/v2\/product_cat?post=33294"},{"taxonomy":"product_tag","embeddable":true,"href":"https:\/\/comprasyconsejos.store\/en\/wp-json\/wp\/v2\/product_tag?post=33294"}],"curies":[{"name":"wp","href":"https:\/\/api.w.org\/{rel}","templated":true}]}}