{"id":33335,"date":"2026-02-24T04:04:48","date_gmt":"2026-02-24T04:04:48","guid":{"rendered":"https:\/\/comprasyconsejos.store\/product\/dell-24-monitor-se2425hm-full-hd-1920x1080-100hz-ips-5ms-vesa-100x100mm-hdmi-vga-3-year-warranty-black\/"},"modified":"2026-02-24T04:05:03","modified_gmt":"2026-02-24T04:05:03","slug":"dell-24-monitor-se2425hm-full-hd-1920x1080-100hz-ips-5ms-vesa-100x100mm-hdmi-vga-3-year-warranty-black","status":"publish","type":"product","link":"https:\/\/comprasyconsejos.store\/en\/product\/dell-24-monitor-se2425hm-full-hd-1920x1080-100hz-ips-5ms-vesa-100x100mm-hdmi-vga-3-year-warranty-black\/","title":{"rendered":"Dell 24 Monitor &#8211; SE2425HM, Full HD (1920&#215;1080), 100Hz, IPS, 5ms, VESA (100x100mm), HDMI, VGA, 3 Year Warranty, Black"},"content":{"rendered":"<p>Price: <span style=\"color:#b12704\">\u20ac89.50<\/span><br \/><i><small>(as of Feb 24, 2026 04:04:48 UTC &#8211; <span class=\"wp_automatic_amazon_disclaimer\" title=\"Product prices and availability are accurate as of the date\/time indicated and are subject to change. Any price and availability information displayed on [relevant Amazon Site(s), as applicable] at the time of purchase will apply to the purchase of this product.\">Details<\/span>)<\/small><\/i><\/p>\n<p><a href=\"https:\/\/amazon.es\/dp\/B0F2MZC5SN?tag=man008-21\"><img decoding=\"async\" src=\"https:\/\/valvepress.s3.amazonaws.com\/imgs\/buy_now.png\"><\/a><br \/>\n<\/p>\n<p>                                             Focus on sustainability    <\/p>\n<p>                                                  <img decoding=\"async\" alt=\"dell_sustainability_turtle_img1\" src=\"https:\/\/images-na.ssl-images-amazon.com\/images\/G\/01\/x-locale\/common\/grey-pixel.gif\" class=\"a-lazy-loaded\" data-src=\"https:\/\/m.media-amazon.com\/images\/S\/aplus-media-library-service-media\/425f8898-713a-45a0-bff6-05cce676c73e.__CR0,209,1280,396_PT0_SX970_V1___.jpeg\"><img decoding=\"async\" alt=\"dell_sustainability_turtle_img1\" src=\"https:\/\/m.media-amazon.com\/images\/S\/aplus-media-library-service-media\/425f8898-713a-45a0-bff6-05cce676c73e.__CR0,209,1280,396_PT0_SX970_V1___.jpeg\">  <\/p>\n<h3 class=\"a-size-extra-large aplus-13-heading-text a-text-bold\"> La sostenibilidad est\u00e1 en el centro de todo lo que hacemos. <\/h3>\n<p class=\"description\"> Dell Technologies incorpora la sostenibilidad en todo lo que hacemos, desde la elecci\u00f3n de materiales sostenibles hasta la reutilizaci\u00f3n o el reciclaje responsable de nuestros productos y embalajes al final de su vida \u00fatil. <\/p>\n<h3 class=\"a-spacing-small\"> D\u00f3nde estamos logrando un impacto <\/h3>\n<p class=\"apm-text-center\">\n                                                      <img decoding=\"async\" alt=\"dell_sustainability_img1\" src=\"https:\/\/images-na.ssl-images-amazon.com\/images\/G\/01\/x-locale\/common\/grey-pixel.gif\" class=\"a-spacing-mini a-lazy-loaded\" data-src=\"https:\/\/m.media-amazon.com\/images\/S\/aplus-media-library-service-media\/e6f49739-551f-4850-b76c-c9c3de5c2495.__CR307,0,366,366_PT0_SX300_V1___.jpg\"><img decoding=\"async\" alt=\"dell_sustainability_img1\" src=\"https:\/\/m.media-amazon.com\/images\/S\/aplus-media-library-service-media\/e6f49739-551f-4850-b76c-c9c3de5c2495.__CR307,0,366,366_PT0_SX300_V1___.jpg\">  <\/p>\n<p>                                                    Acci\u00f3n por el clima                                       <\/p>\n<p> Estamos creando tecnolog\u00eda y soluciones innovadoras y sostenibles para que nuestros clientes mejoren los resultados empresariales y reduzcan las emisiones, a la vez que adoptamos medidas para cumplir objetivos clim\u00e1ticos ambiciosos que benefician a la sociedad y al planeta. <\/p>\n<p class=\"apm-text-center\">\n                                                      <img decoding=\"async\" alt=\"dell_Sustain_img2\" src=\"https:\/\/images-na.ssl-images-amazon.com\/images\/G\/01\/x-locale\/common\/grey-pixel.gif\" class=\"a-spacing-mini a-lazy-loaded\" data-src=\"https:\/\/m.media-amazon.com\/images\/S\/aplus-media-library-service-media\/cadf5d06-9ffa-45ec-96a5-3d08e797c07c.__CR235,0,366,366_PT0_SX300_V1___.jpg\"><img decoding=\"async\" alt=\"dell_Sustain_img2\" src=\"https:\/\/m.media-amazon.com\/images\/S\/aplus-media-library-service-media\/cadf5d06-9ffa-45ec-96a5-3d08e797c07c.__CR235,0,366,366_PT0_SX300_V1___.jpg\">  <\/p>\n<p>                                                    Econom\u00eda circular                                       <\/p>\n<p> Estamos impulsando una innovaci\u00f3n circular en el dise\u00f1o, la fabricaci\u00f3n, los materiales y los servicios sostenibles, y colaboramos para reducir dr\u00e1sticamente los desechos mundiales y el impacto ambiental. Estamos aprovechando nuestro tama\u00f1o y alcance para redise\u00f1ar, reutilizar y reciclar, apuntando a un futuro en el que nada se desecha. <\/p>\n<p class=\"apm-text-center\">\n                                                      <img decoding=\"async\" alt=\"dell_sustainability_img3\" src=\"https:\/\/images-na.ssl-images-amazon.com\/images\/G\/01\/x-locale\/common\/grey-pixel.gif\" class=\"a-spacing-mini a-lazy-loaded\" data-src=\"https:\/\/m.media-amazon.com\/images\/S\/aplus-media-library-service-media\/d01f2a08-926b-493d-a068-09b787b2f9b6.__CR0,0,366,366_PT0_SX300_V1___.jpg\"><img decoding=\"async\" alt=\"dell_sustainability_img3\" src=\"https:\/\/m.media-amazon.com\/images\/S\/aplus-media-library-service-media\/d01f2a08-926b-493d-a068-09b787b2f9b6.__CR0,0,366,366_PT0_SX300_V1___.jpg\">  <\/p>\n<p>                                                    Cadena de suministros                                       <\/p>\n<p> Gracias a la solidez de nuestra cadena de suministros global, contamos con el alcance y la capacidad para impulsar una fabricaci\u00f3n responsable. Insistimos en la importancia de las pr\u00e1cticas \u00e9ticas, el respeto y la dignidad para todas aquellas personas que crean nuestros productos y en la adopci\u00f3n de pr\u00e1cticas responsables para minimizar el impacto ambiental. <\/p>\n<p> Batteries                                            \u200f                                            :                                            \u200e                                            AA batteries required.   <br \/> Language                                            \u200f                                            :                                            \u200e                                            Spanish   <br \/> Product Dimensions                                            \u200f                                            :                                            \u200e                                            17.88 x 53.86 x 32.42 cm; 3.47 kg   <br \/> Manufacturer                                            \u200f                                            :                                            \u200e                                            Dell   <br \/> ASIN                                            \u200f                                            :                                            \u200e                                            B0F2MZC5SN   <br \/> Item model number                                            \u200f                                            :                                            \u200e                                            SE2425HM   <br \/> Guaranteed software updates until                                            \u200f                                            :                                            \u200e                                            unknown   <br \/>  Customer reviews:                                                                                            4.5               4.5 out of 5 stars                                  (5,365)                                              var dpAcrHasRegisteredArcLinkClickAction;                    P.when(&#8216;A&#8217;, &#8216;ready&#8217;).execute(function(A) {                        if (dpAcrHasRegisteredArcLinkClickAction !== true) {                            dpAcrHasRegisteredArcLinkClickAction = true;                            A.declarative(                                &#8216;acrLink-click-metrics&#8217;, &#8216;click&#8217;,                                { \u00aballowLinkDefault\u00bb: true },                                function (event) {                                    if (window.ue) {                                        ue.count(\u00abacrLinkClickCount\u00bb, (ue.count(\u00abacrLinkClickCount\u00bb) || 0) + 1);                                    }                                }                            );                        }                    });                                             P.when(&#8216;A&#8217;, &#8216;cf&#8217;).execute(function(A) {                A.declarative(&#8216;acrStarsLink-click-metrics&#8217;, &#8216;click&#8217;, { \u00aballowLinkDefault\u00bb : true },  function(event){                    if(window.ue) {                        ue.count(\u00abacrStarsLinkWithPopoverClickCount\u00bb, (ue.count(\u00abacrStarsLinkWithPopoverClickCount\u00bb) || 0) + 1);                    }                });            });                          <\/p>\n<p>23.8&#8243; FULL HD SCREEN &#8211; 1920 x 1080 resolution with 16:9 ratio, 100Hz refresh rate and IPS panel for accurate colors and uniformity at 178\u00b0 angles.<br \/>FLUID IMAGES \u2013 The 100Hz frequency offers less flicker, smoother scrolling and better viewing experience. Ideal for daily work or study.<br \/>T\u00dcV RHEINLAND 3 STARS + COMFORTVIEW PLUS &#8211; Integrated technology that reduces blue light without altering color fidelity. 3 Star Eye Comfort Certification<br \/>ELEGANT AND COMPACT DESIGN &#8211; Slim bezels design on three sides, built-in power supply and cable holder keep space tidy.<br \/>TILT + VESA MOUNT \u2013 Tilt adjustable from -5\u00b0 to 21\u00b0 and compatible with VESA mount (100x100mm). Includes 2 video ports: 1 HDMI (HDCP 1.4) and 1 VGA.<\/p>\n\n","protected":false},"excerpt":{"rendered":"<p> Focus on sustainability La sostenibilidad est\u00e1 en el centro de todo lo que hacemos. Dell<\/p>","protected":false},"featured_media":33336,"comment_status":"open","ping_status":"closed","template":"","meta":[],"product_brand":[],"product_cat":[52,54],"product_tag":[2330,6156,1817,1822,704,1819,1821,1816,1824,1811,1823,307,1825,809,560,544,703,1820,844,1818,9543,2342,1920,725,1128],"class_list":{"0":"post-33335","1":"product","2":"type-product","3":"status-publish","4":"has-post-thumbnail","6":"product_cat-2k-monitors","7":"product_cat-curved-monitors","8":"product_tag-100hz","9":"product_tag-100x100mm","10":"product_tag-1440p-monitor","11":"product_tag-144hz-2k-monitor","12":"product_tag-1920x1080","13":"product_tag-27-inch-2k-monitor","14":"product_tag-2k-gaming-monitor","15":"product_tag-2k-monitor","16":"product_tag-2k-monitor-price","17":"product_tag-5ms","18":"product_tag-best-2k-monitor","19":"product_tag-black","20":"product_tag-curved-2k-monitor","21":"product_tag-dell","22":"product_tag-full","23":"product_tag-hdmi","24":"product_tag-ips","25":"product_tag-ips-2k-monitor","26":"product_tag-monitor","27":"product_tag-qhd-monitor","28":"product_tag-se2425hm","29":"product_tag-vesa","30":"product_tag-vga","31":"product_tag-warranty","32":"product_tag-year","34":"first","35":"instock","36":"shipping-taxable","37":"product-type-external"},"_links":{"self":[{"href":"https:\/\/comprasyconsejos.store\/en\/wp-json\/wp\/v2\/product\/33335","targetHints":{"allow":["GET"]}}],"collection":[{"href":"https:\/\/comprasyconsejos.store\/en\/wp-json\/wp\/v2\/product"}],"about":[{"href":"https:\/\/comprasyconsejos.store\/en\/wp-json\/wp\/v2\/types\/product"}],"replies":[{"embeddable":true,"href":"https:\/\/comprasyconsejos.store\/en\/wp-json\/wp\/v2\/comments?post=33335"}],"version-history":[{"count":0,"href":"https:\/\/comprasyconsejos.store\/en\/wp-json\/wp\/v2\/product\/33335\/revisions"}],"wp:featuredmedia":[{"embeddable":true,"href":"https:\/\/comprasyconsejos.store\/en\/wp-json\/wp\/v2\/media\/33336"}],"wp:attachment":[{"href":"https:\/\/comprasyconsejos.store\/en\/wp-json\/wp\/v2\/media?parent=33335"}],"wp:term":[{"taxonomy":"product_brand","embeddable":true,"href":"https:\/\/comprasyconsejos.store\/en\/wp-json\/wp\/v2\/product_brand?post=33335"},{"taxonomy":"product_cat","embeddable":true,"href":"https:\/\/comprasyconsejos.store\/en\/wp-json\/wp\/v2\/product_cat?post=33335"},{"taxonomy":"product_tag","embeddable":true,"href":"https:\/\/comprasyconsejos.store\/en\/wp-json\/wp\/v2\/product_tag?post=33335"}],"curies":[{"name":"wp","href":"https:\/\/api.w.org\/{rel}","templated":true}]}}