{"id":33348,"date":"2026-02-24T04:10:11","date_gmt":"2026-02-24T04:10:11","guid":{"rendered":"https:\/\/comprasyconsejos.store\/product\/lefant-robot-vacuum-cleaner-m310-intelligent-navigation-technology-180min-autonomy-4500pa-suction-obstacle-detection-4-cm-6-modes-robot-cleaning-robot-mop-app-and-voice-control\/"},"modified":"2026-02-24T04:10:16","modified_gmt":"2026-02-24T04:10:16","slug":"lefant-robot-vacuum-cleaner-m310-intelligent-navigation-technology-180min-autonomy-4500pa-suction-obstacle-detection-4-cm-6-modes-robot-cleaning-robot-mop-app-and-voice-control","status":"publish","type":"product","link":"https:\/\/comprasyconsejos.store\/en\/product\/lefant-robot-vacuum-cleaner-m310-intelligent-navigation-technology-180min-autonomy-4500pa-suction-obstacle-detection-4-cm-6-modes-robot-cleaning-robot-mop-app-and-voice-control\/","title":{"rendered":"LEFANT Robot Vacuum Cleaner M310, Intelligent Navigation Technology, 180min Autonomy, 4500pa Suction, Obstacle Detection 4 cm, 6 Modes Robot Cleaning, Robot Mop App and Voice Control"},"content":{"rendered":"<p>Price: <span style=\"color:#b12704\">\u20ac299.99<\/span><br \/><i><small>(as of Feb 24, 2026 04:10:11 UTC &#8211; <span class=\"wp_automatic_amazon_disclaimer\" title=\"Product prices and availability are accurate as of the date\/time indicated and are subject to change. Any price and availability information displayed on [relevant Amazon Site(s), as applicable] at the time of purchase will apply to the purchase of this product.\">Details<\/span>)<\/small><\/i><\/p>\n<p><a href=\"https:\/\/amazon.es\/dp\/B0FNWR33HN?tag=man008-21\"><img decoding=\"async\" src=\"https:\/\/valvepress.s3.amazonaws.com\/imgs\/buy_now.png\"><\/a><br \/>\n<\/p>\n<p>                                             From the brand   <\/p>\n<p>                                              <img decoding=\"async\" alt=\"aplus content image\" src=\"https:\/\/images-na.ssl-images-amazon.com\/images\/G\/01\/x-locale\/common\/grey-pixel.gif\" class=\"a-lazy-loaded\" data-src=\"https:\/\/m.media-amazon.com\/images\/S\/aplus-media-library-service-media\/ebb28542-9207-494a-bb52-57cfe1746964.__CR0,0,1464,625_PT0_SX1464_V1___.png\"><img decoding=\"async\" alt=\"aplus content image\" src=\"https:\/\/m.media-amazon.com\/images\/S\/aplus-media-library-service-media\/ebb28542-9207-494a-bb52-57cfe1746964.__CR0,0,1464,625_PT0_SX1464_V1___.png\">  <\/p>\n<p>                                              <img decoding=\"async\" alt=\"\" src=\"https:\/\/images-na.ssl-images-amazon.com\/images\/G\/01\/x-locale\/common\/grey-pixel.gif\" class=\"a-lazy-loaded\" data-src=\"https:\/\/m.media-amazon.com\/images\/S\/aplus-media-library-service-media\/563031a4-9797-4330-a05a-234df35cd03e.__CR0,0,315,145_PT0_SX315_V1___.png\"><img decoding=\"async\" alt=\"\" src=\"https:\/\/m.media-amazon.com\/images\/S\/aplus-media-library-service-media\/563031a4-9797-4330-a05a-234df35cd03e.__CR0,0,315,145_PT0_SX315_V1___.png\">  <\/p>\n<p> Lefant se especializa en el campo del robot aspirador con su propio equipo de investigaci\u00f3n y desarrollo y una f\u00e1brica. Nos comprometemos a crear productos de calidad. <\/p>\n<p> Es f\u00e1cil agrandar la m\u00e1quina y tener una caja de polvo y una duraci\u00f3n de bater\u00eda m\u00e1s grandes, pero es dif\u00edcil hacer que el robot sea m\u00e1s peque\u00f1o, una caja de polvo m\u00e1s grande y una mayor duraci\u00f3n de la bater\u00eda. Pero Lefant lo logr\u00f3. <\/p>\n<p>                                              <img decoding=\"async\" alt=\"aplus content image\" src=\"https:\/\/images-na.ssl-images-amazon.com\/images\/G\/01\/x-locale\/common\/grey-pixel.gif\" class=\"a-lazy-loaded\" data-src=\"https:\/\/m.media-amazon.com\/images\/S\/aplus-media-library-service-media\/29ccacf6-b90e-4b60-a4c6-fad7ca37df3b.__CR0,0,362,453_PT0_SX362_V1___.jpg\"><img decoding=\"async\" alt=\"aplus content image\" src=\"https:\/\/m.media-amazon.com\/images\/S\/aplus-media-library-service-media\/29ccacf6-b90e-4b60-a4c6-fad7ca37df3b.__CR0,0,362,453_PT0_SX362_V1___.jpg\">  <\/p>\n<h3> M330Pro Robot Aspirador <\/h3>\n<h3> M3 Serie Robot Aspirador <\/h3>\n<h3> M5 Serie Robot Aspirador <\/h3>\n<h3> LS200 Robot Aspirador <\/h3>\n<h3> M210P Robot Aspirador <\/h3>\n<h3> M1 Robot Aspirador <\/h3>\n<h3> M310 Serie Robot Aspirador <\/h3>\n<p>                                              <img decoding=\"async\" alt=\"El texto dice \u00abPi\u00f9 Venduto\u00bb, \u00abLefant No.1\u00bb y \u00abMarchio dell&amp;#39;Aspirapolvere Robot\u00bb. Exhibici\u00f3n del producto de aspiradoras rob\u00f3ticas sobre fondo azul.\" src=\"https:\/\/images-na.ssl-images-amazon.com\/images\/G\/01\/x-locale\/common\/grey-pixel.gif\" class=\"a-lazy-loaded\" data-src=\"https:\/\/m.media-amazon.com\/images\/S\/aplus-media-library-service-media\/b3692554-e72e-41e8-bbfc-fa5645373e5d.__CR0,0,362,453_PT0_SX362_V1___.jpg\"><img decoding=\"async\" alt=\"El texto dice \u00abPi\u00f9 Venduto\u00bb, \u00abLefant No.1\u00bb y \u00abMarchio dell&amp;#39;Aspirapolvere Robot\u00bb. Exhibici\u00f3n del producto de aspiradoras rob\u00f3ticas sobre fondo azul.\" src=\"https:\/\/m.media-amazon.com\/images\/S\/aplus-media-library-service-media\/b3692554-e72e-41e8-bbfc-fa5645373e5d.__CR0,0,362,453_PT0_SX362_V1___.jpg\">  <\/p>\n<p>\u3010Precise Obstacle Avoidance Technology\u3011The Lefant M310 home sweeper robot features 9 sets of PSD obstacle avoidance technology. Accurately perceive the obstacles of the environment from multiple directions, accurately identify black, stainless steel and transparent objects, effectively avoid collisions with furniture and walls, even easily dodge the thinnest furniture legs, protecting your valuable objects effortlessly.<br \/>\u3010Ultra-thin Body Design(8cm), Quiet Operation\u3011This round vacuum cleaner can easily access under sofas and beds. Its operation generates very little noise; it can even continue to work in the early morning without disturbing your daily life.<br \/>\u30104500Pa Powerful Suction &#038; Anti-Tangle Design\u3011The pet hair robot with 4500Pa easily removes dust, debris and hair on all types of floors and hard to reach areas. The anti-tangle brushing head easily removes pet hairs, being suitable for hard floors, short pile carpets and homes with pets.<br \/>\u30106 Cleaning Modes\u3011The robot vacuum offers 6 sweeping modes: Fixed mode (removes tough dirt); Corner mode (cleans dead areas); Zigzag mode (wide coverage, ideal for large rooms); Scheduled mode (cleans pet fur regularly); Manual mode (choose specific areas); Auto mode (sweeps the whole house). It can be controlled customized through the App Lefant.<br \/>\u3010180 MINUTES BATTERY + AUTO CHARGING\u3011This automatic vacuum cleaner can clean an area of 180 sq m and automatically return to its charging base when the battery runs out. It is an ideal choice for large households.<br \/>\u3010Support Alexa\/Google Assistant Voice Control\u3011LEFANT Robot Start or pause cleaning with voice commands. This smart robot vacuum cleaner frees your hands, bringing greater convenience (only support 2.4GHz Wi-Fi).<\/p>\n\n","protected":false},"excerpt":{"rendered":"<p> From the brand Lefant se especializa en el campo del robot aspirador con su propio<\/p>","protected":false},"featured_media":33349,"comment_status":"open","ping_status":"closed","template":"","meta":[],"product_brand":[],"product_cat":[82],"product_tag":[9546,9547,1838,2224,4564,2493,2547,1124,4476,1839,1830,1833,3102,1831,9544,9545,1836,1083,4522,8749,4878,1835,2154,1832,3866,385,2492,1837,1760,1834],"class_list":{"0":"post-33348","1":"product","2":"type-product","3":"status-publish","4":"has-post-thumbnail","6":"product_cat-home-appliance","7":"product_tag-180min","8":"product_tag-4500pa","9":"product_tag-air-conditioners","10":"product_tag-app","11":"product_tag-autonomy","12":"product_tag-cleaner","13":"product_tag-cleaning","14":"product_tag-control","15":"product_tag-detection","16":"product_tag-home-appliance-deals","17":"product_tag-home-appliances","18":"product_tag-home-electronics","19":"product_tag-intelligent","20":"product_tag-kitchen-appliances","21":"product_tag-lefant","22":"product_tag-m310","23":"product_tag-microwave-ovens","24":"product_tag-modes","25":"product_tag-mop","26":"product_tag-navigation","27":"product_tag-obstacle","28":"product_tag-refrigerators","29":"product_tag-robot","30":"product_tag-small-home-appliances","31":"product_tag-suction","32":"product_tag-technology","33":"product_tag-vacuum","34":"product_tag-vacuum-cleaners","35":"product_tag-voice","36":"product_tag-washing-machines","38":"first","39":"instock","40":"shipping-taxable","41":"product-type-external"},"_links":{"self":[{"href":"https:\/\/comprasyconsejos.store\/en\/wp-json\/wp\/v2\/product\/33348","targetHints":{"allow":["GET"]}}],"collection":[{"href":"https:\/\/comprasyconsejos.store\/en\/wp-json\/wp\/v2\/product"}],"about":[{"href":"https:\/\/comprasyconsejos.store\/en\/wp-json\/wp\/v2\/types\/product"}],"replies":[{"embeddable":true,"href":"https:\/\/comprasyconsejos.store\/en\/wp-json\/wp\/v2\/comments?post=33348"}],"version-history":[{"count":0,"href":"https:\/\/comprasyconsejos.store\/en\/wp-json\/wp\/v2\/product\/33348\/revisions"}],"wp:featuredmedia":[{"embeddable":true,"href":"https:\/\/comprasyconsejos.store\/en\/wp-json\/wp\/v2\/media\/33349"}],"wp:attachment":[{"href":"https:\/\/comprasyconsejos.store\/en\/wp-json\/wp\/v2\/media?parent=33348"}],"wp:term":[{"taxonomy":"product_brand","embeddable":true,"href":"https:\/\/comprasyconsejos.store\/en\/wp-json\/wp\/v2\/product_brand?post=33348"},{"taxonomy":"product_cat","embeddable":true,"href":"https:\/\/comprasyconsejos.store\/en\/wp-json\/wp\/v2\/product_cat?post=33348"},{"taxonomy":"product_tag","embeddable":true,"href":"https:\/\/comprasyconsejos.store\/en\/wp-json\/wp\/v2\/product_tag?post=33348"}],"curies":[{"name":"wp","href":"https:\/\/api.w.org\/{rel}","templated":true}]}}