{"id":33354,"date":"2026-02-24T04:20:49","date_gmt":"2026-02-24T04:20:49","guid":{"rendered":"https:\/\/comprasyconsejos.store\/product\/tripod-for-mobile-phone-180-cm-extendable-professional-stable-aluminium-tripod-with-remote-control-phone-stand-compatible-with-iphone-smartphone\/"},"modified":"2026-02-24T04:20:54","modified_gmt":"2026-02-24T04:20:54","slug":"tripod-for-mobile-phone-180-cm-extendable-professional-stable-aluminium-tripod-with-remote-control-phone-stand-compatible-with-iphone-smartphone","status":"publish","type":"product","link":"https:\/\/comprasyconsejos.store\/en\/product\/tripod-for-mobile-phone-180-cm-extendable-professional-stable-aluminium-tripod-with-remote-control-phone-stand-compatible-with-iphone-smartphone\/","title":{"rendered":"Tripod for Mobile Phone 180 cm, Extendable Professional Stable Aluminium Tripod with Remote Control &#038; Phone Stand, Compatible with iPhone\/Smartphone."},"content":{"rendered":"<p>Price: <span style=\"color:#b12704\">\u20ac19.99<\/span><br \/><i><small>(as of Feb 24, 2026 04:20:49 UTC &#8211; <span class=\"wp_automatic_amazon_disclaimer\" title=\"Product prices and availability are accurate as of the date\/time indicated and are subject to change. Any price and availability information displayed on [relevant Amazon Site(s), as applicable] at the time of purchase will apply to the purchase of this product.\">Details<\/span>)<\/small><\/i><\/p>\n<p><a href=\"https:\/\/amazon.es\/dp\/B0C77SZTLT?tag=man008-21\"><img decoding=\"async\" src=\"https:\/\/valvepress.s3.amazonaws.com\/imgs\/buy_now.png\"><\/a><br \/>\n<\/p>\n<p>                                             Product Description   <\/p>\n<p>                                                                                                       <img decoding=\"async\" alt=\"Anuncio de producto para un soporte de tr\u00edpode extensible para tel\u00e9fono, que muestra una altura m\u00e1xima de 180 cm y una longitud de almacenamiento de 42 cm sobre un fondo de cielo azul\" src=\"https:\/\/images-na.ssl-images-amazon.com\/images\/G\/01\/x-locale\/common\/grey-pixel.gif\" class=\"a-lazy-loaded\" data-src=\"https:\/\/m.media-amazon.com\/images\/S\/aplus-media-library-service-media\/4fe0b15c-366a-4892-98fe-4b40af63c378.__CR0,0,1464,600_PT0_SX1464_V1___.jpg\"><img decoding=\"async\" alt=\"Anuncio de producto para un soporte de tr\u00edpode extensible para tel\u00e9fono, que muestra una altura m\u00e1xima de 180 cm y una longitud de almacenamiento de 42 cm sobre un fondo de cielo azul\" src=\"https:\/\/m.media-amazon.com\/images\/S\/aplus-media-library-service-media\/4fe0b15c-366a-4892-98fe-4b40af63c378.__CR0,0,1464,600_PT0_SX1464_V1___.jpg\">                                               <\/p>\n<p>                                                                                                       <img decoding=\"async\" alt=\"Soporte de luz fotogr\u00e1fica ajustable con medidas de altura que muestran un rango de 42 a 180 cm, que se muestra junto a un veh\u00edculo\" src=\"https:\/\/images-na.ssl-images-amazon.com\/images\/G\/01\/x-locale\/common\/grey-pixel.gif\" class=\"a-lazy-loaded\" data-src=\"https:\/\/m.media-amazon.com\/images\/S\/aplus-media-library-service-media\/e6424233-7dd9-44cd-b9fe-e304e3dc42be.__CR0,0,1464,600_PT0_SX1464_V1___.jpg\"><img decoding=\"async\" alt=\"Soporte de luz fotogr\u00e1fica ajustable con medidas de altura que muestran un rango de 42 a 180 cm, que se muestra junto a un veh\u00edculo\" src=\"https:\/\/m.media-amazon.com\/images\/S\/aplus-media-library-service-media\/e6424233-7dd9-44cd-b9fe-e304e3dc42be.__CR0,0,1464,600_PT0_SX1464_V1___.jpg\">                                               <\/p>\n<p>                                                                                  <img decoding=\"async\" alt=\"Pantalla de equipo fotogr\u00e1fico que muestra un soporte de tr\u00edpode y varias opciones de montaje de la c\u00e1mara, con im\u00e1genes de demostraci\u00f3n del producto sobre el fondo del cielo\" src=\"https:\/\/m.media-amazon.com\/images\/S\/aplus-media-library-service-media\/ef7866ad-1db6-447a-9e86-555b74f7bfef.__CR0,0,1464,600_PT0_SX1464_V1___.jpg\">       <\/p>\n<p>                                                                                  <img decoding=\"async\" alt=\"Las especificaciones de soporte para tel\u00e9fonos inteligentes muestran una compatibilidad con un ancho m\u00e1ximo de 9 cm, y se muestran varios tel\u00e9fonos para demostrar que se adaptan al tama\u00f1o.\" src=\"https:\/\/m.media-amazon.com\/images\/S\/aplus-media-library-service-media\/ec032397-8a8d-4c03-bda0-e1b59e0b77a0.__CR0,0,1464,600_PT0_SX1464_V1___.jpg\">       <\/p>\n<p>                                                                                  <img decoding=\"async\" alt=\"Dispositivo de soporte para tel\u00e9fono con soporte para zapatos fr\u00edos integrado, se muestra con el tel\u00e9fono inteligente y el texto de compatibilidad en espa\u00f1ol\" src=\"https:\/\/m.media-amazon.com\/images\/S\/aplus-media-library-service-media\/68288271-524b-43d4-aab5-09bd4f01f0f3.__CR0,0,1464,600_PT0_SX1464_V1___.jpg\">       <\/p>\n<p>                                                                                                       <img decoding=\"async\" alt=\"Demostraci\u00f3n de montaje de c\u00e1mara para smartphone que muestra tres orientaciones: posiciones horizontal, a\u00e9rea y vertical para una captura vers\u00e1til de fotos y v\u00eddeos\" src=\"https:\/\/images-na.ssl-images-amazon.com\/images\/G\/01\/x-locale\/common\/grey-pixel.gif\" class=\"a-lazy-loaded\" data-src=\"https:\/\/m.media-amazon.com\/images\/S\/aplus-media-library-service-media\/c7b63b47-e4c7-4be3-84c6-a68267499294.__CR0,0,1464,600_PT0_SX1464_V1___.jpg\"><img decoding=\"async\" alt=\"Demostraci\u00f3n de montaje de c\u00e1mara para smartphone que muestra tres orientaciones: posiciones horizontal, a\u00e9rea y vertical para una captura vers\u00e1til de fotos y v\u00eddeos\" src=\"https:\/\/m.media-amazon.com\/images\/S\/aplus-media-library-service-media\/c7b63b47-e4c7-4be3-84c6-a68267499294.__CR0,0,1464,600_PT0_SX1464_V1___.jpg\">                                               <\/p>\n<p>                                                                                  <img decoding=\"async\" alt=\"con patas extensibles y soporte para tel\u00e9fono inteligente que se muestra en un entorno interior luminoso\" src=\"https:\/\/m.media-amazon.com\/images\/S\/aplus-media-library-service-media\/93e74058-088e-444b-9754-57e85fba4ca9.__CR0,0,1464,600_PT0_SX1464_V1___.jpg\">       <\/p>\n<p>                                                                                  <img decoding=\"async\" alt=\"sobre tr\u00edpode que captura la puesta de sol sobre un paisaje nevado. Una persona con camisa azul se sienta cerca, ajustando la configuraci\u00f3n de la c\u00e1mara sobre una superficie reflectante cubierta de nieve\" src=\"https:\/\/m.media-amazon.com\/images\/S\/aplus-media-library-service-media\/a20d2997-5ba1-4763-8cc4-d82bec040f6b.__CR0,0,1464,600_PT0_SX1464_V1___.jpg\">       <\/p>\n<p>                                                                                  <img decoding=\"async\" alt=\"Soporte extensible para selfies o c\u00e1mara para sujetar un tel\u00e9fono, colocado en la playa con el grupo que participa en actividades recreativas de fondo\" src=\"https:\/\/m.media-amazon.com\/images\/S\/aplus-media-library-service-media\/33887853-e94a-4b69-ac50-348f4da4ef52.__CR0,0,1464,600_PT0_SX1464_V1___.jpg\">       <\/p>\n<p>                                                                                  <img decoding=\"async\" alt=\"Palo para selfies extensible que se usa en exteriores con soporte para tel\u00e9fono m\u00f3vil sobre un fondo de cielo brillante\" src=\"https:\/\/m.media-amazon.com\/images\/S\/aplus-media-library-service-media\/1da05a3a-9a5b-423d-905e-6b3981527efa.__CR0,0,1464,600_PT0_SX1464_V1___.jpg\">       <\/p>\n<p> Batteries                                            \u200f                                            :                                            \u200e                                            1 LR44 batteries required. (included)   <br \/> Product Dimensions                                            \u200f                                            :                                            \u200e                                            42 x 6 x 6.5 cm; 476 g   <br \/> Date First Available                                            \u200f                                            :                                            \u200e                                            17 Jun. 2023   <br \/> Manufacturer                                            \u200f                                            :                                            \u200e                                            Pnitri   <br \/> ASIN                                            \u200f                                            :                                            \u200e                                            B0C77SZTLT   <br \/> Item model number                                            \u200f                                            :                                            \u200e                                            PNT03   <br \/> Country of origin                                            \u200f                                            :                                            \u200e                                            China   <br \/> Guaranteed software updates until                                            \u200f                                            :                                            \u200e                                            unknown   <br \/>       Best Sellers Rank:  72 in Mobile Phone Tripods       <br \/>  Customer reviews:                                                                                            4.5               4.5 out of 5 stars                                  (3,198)                                              var dpAcrHasRegisteredArcLinkClickAction;                    P.when(&#8216;A&#8217;, &#8216;ready&#8217;).execute(function(A) {                        if (dpAcrHasRegisteredArcLinkClickAction !== true) {                            dpAcrHasRegisteredArcLinkClickAction = true;                            A.declarative(                                &#8216;acrLink-click-metrics&#8217;, &#8216;click&#8217;,                                { \u00aballowLinkDefault\u00bb: true },                                function (event) {                                    if (window.ue) {                                        ue.count(\u00abacrLinkClickCount\u00bb, (ue.count(\u00abacrLinkClickCount\u00bb) || 0) + 1);                                    }                                }                            );                        }                    });                                             P.when(&#8216;A&#8217;, &#8216;cf&#8217;).execute(function(A) {                A.declarative(&#8216;acrStarsLink-click-metrics&#8217;, &#8216;click&#8217;, { \u00aballowLinkDefault\u00bb : true },  function(event){                    if(window.ue) {                        ue.count(\u00abacrStarsLinkWithPopoverClickCount\u00bb, (ue.count(\u00abacrStarsLinkWithPopoverClickCount\u00bb) || 0) + 1);                    }                });            });                          <\/p>\n<p>180cm Phone Tripod: With a height of 180cm, our tripod gives you a wider field of view for taking more varied photos when contemplating the landscape, and once folded, it measures only 42cm and weighs 476g, making it very portable. The 360\u00b0 horizontal and 270\u00b0 vertical swivel of our tripod allows for comprehensive capture.<br \/>STABILITY YOU CAN TRUST &#8211; Whether indoors or during an outdoor photo shoot, our tripods are able to remain stable. With its sturdy pole and large base radius of 30cm\/11.81in, you can rely on it to provide the stability your photo shoot needs. Constructed of durable aluminum, it is designed to withstand various environments.<br \/>Control at your fingertips: Imagine this \u2013 you&#8217;re in a family reunion, and it&#8217;s time to take a group photo. With our tripod&#8217;s wireless Bluetooth remote control, you can join the photo and capture the memory with just one click, making sure no one is left out of the frame. Compatible with Android and iOS devices, it is designed to keep pace with your moments.<br \/>FITS YOUR CREATIVE TOOLS &#8211; Our tripod is not just for smartphones, with its standard 1\/4&#8243; thread, it can accommodate a variety of devices. The multi-purpose mobile phone clip can not only hold the mobile phone, but also can be used with a fill light or a microphone at the same time, making these gadgets very practical.<br \/>DESIGNED FOR EVERY CREATOR &#8211; Our tripod is a tool for everyone &#8211; the seasoned photographer, the emerging filmmaker, the hobby enthusiast, and the occasional enthusiast. Its solid construction reliably anchors your devices, while its intuitive design lets you focus on capturing your story, wherever it unfolds.<\/p>\n\n","protected":false},"excerpt":{"rendered":"<p> Product Description Batteries \u200f : \u200e 1 LR44 batteries required. (included) Product Dimensions \u200f :<\/p>","protected":false},"featured_media":33355,"comment_status":"open","ping_status":"closed","template":"","meta":[],"product_brand":[],"product_cat":[96],"product_tag":[1858,2199,1859,1861,201,1124,1854,1855,2670,9548,1856,1275,230,1863,814,1860,2515,3931,227,2511,1862,1857],"class_list":{"0":"post-33354","1":"product","2":"type-product","3":"status-publish","4":"has-post-thumbnail","6":"product_cat-photo-video","7":"product_tag-action-cameras","8":"product_tag-aluminium","9":"product_tag-camera-accessories","10":"product_tag-camera-lenses","11":"product_tag-compatible","12":"product_tag-control","13":"product_tag-digital-cameras","14":"product_tag-dslr-cameras","15":"product_tag-extendable","16":"product_tag-iphonesmartphone","17":"product_tag-mirrorless-cameras","18":"product_tag-mobile","19":"product_tag-phone","20":"product_tag-photo-equipment","21":"product_tag-professional","22":"product_tag-professional-camera","23":"product_tag-remote","24":"product_tag-stable","25":"product_tag-stand","26":"product_tag-tripod","27":"product_tag-tripods","28":"product_tag-video-cameras","30":"first","31":"instock","32":"shipping-taxable","33":"product-type-external"},"_links":{"self":[{"href":"https:\/\/comprasyconsejos.store\/en\/wp-json\/wp\/v2\/product\/33354","targetHints":{"allow":["GET"]}}],"collection":[{"href":"https:\/\/comprasyconsejos.store\/en\/wp-json\/wp\/v2\/product"}],"about":[{"href":"https:\/\/comprasyconsejos.store\/en\/wp-json\/wp\/v2\/types\/product"}],"replies":[{"embeddable":true,"href":"https:\/\/comprasyconsejos.store\/en\/wp-json\/wp\/v2\/comments?post=33354"}],"version-history":[{"count":0,"href":"https:\/\/comprasyconsejos.store\/en\/wp-json\/wp\/v2\/product\/33354\/revisions"}],"wp:featuredmedia":[{"embeddable":true,"href":"https:\/\/comprasyconsejos.store\/en\/wp-json\/wp\/v2\/media\/33355"}],"wp:attachment":[{"href":"https:\/\/comprasyconsejos.store\/en\/wp-json\/wp\/v2\/media?parent=33354"}],"wp:term":[{"taxonomy":"product_brand","embeddable":true,"href":"https:\/\/comprasyconsejos.store\/en\/wp-json\/wp\/v2\/product_brand?post=33354"},{"taxonomy":"product_cat","embeddable":true,"href":"https:\/\/comprasyconsejos.store\/en\/wp-json\/wp\/v2\/product_cat?post=33354"},{"taxonomy":"product_tag","embeddable":true,"href":"https:\/\/comprasyconsejos.store\/en\/wp-json\/wp\/v2\/product_tag?post=33354"}],"curies":[{"name":"wp","href":"https:\/\/api.w.org\/{rel}","templated":true}]}}