{"id":33382,"date":"2026-02-24T04:41:19","date_gmt":"2026-02-24T04:41:19","guid":{"rendered":"https:\/\/comprasyconsejos.store\/product\/samsung-990-pro-m-2-1000gb-pci-express-4-0-v-nand-mlc-nvme-solid-state-drive-black-mz-v9p1t0bw\/"},"modified":"2026-02-24T04:41:21","modified_gmt":"2026-02-24T04:41:21","slug":"samsung-990-pro-m-2-1000gb-pci-express-4-0-v-nand-mlc-nvme-solid-state-drive-black-mz-v9p1t0bw","status":"publish","type":"product","link":"https:\/\/comprasyconsejos.store\/en\/product\/samsung-990-pro-m-2-1000gb-pci-express-4-0-v-nand-mlc-nvme-solid-state-drive-black-mz-v9p1t0bw\/","title":{"rendered":"SAMSUNG 990 Pro M.2 1000GB PCI Express 4.0 V-NAND MLC NVMe Solid State Drive Black MZ-V9P1T0BW"},"content":{"rendered":"<p>Price: <span style=\"color:#b12704\">\u20ac195.97<\/span><br \/><i><small>(as of Feb 24, 2026 04:41:19 UTC &#8211; <span class=\"wp_automatic_amazon_disclaimer\" title=\"Product prices and availability are accurate as of the date\/time indicated and are subject to change. Any price and availability information displayed on [relevant Amazon Site(s), as applicable] at the time of purchase will apply to the purchase of this product.\">Details<\/span>)<\/small><\/i><\/p>\n<p><a href=\"https:\/\/amazon.es\/dp\/B0B9C3ZVHR?tag=man008-21\"><img decoding=\"async\" src=\"https:\/\/valvepress.s3.amazonaws.com\/imgs\/buy_now.png\"><\/a><br \/>\n<\/p>\n<p>                                             From the manufacturer   <\/p>\n<p>                                                                     Velocidad explosiva para un gaming potente                                            <img decoding=\"async\" alt=\"ssd\" src=\"https:\/\/images-na.ssl-images-amazon.com\/images\/G\/01\/x-locale\/common\/grey-pixel.gif\" class=\"a-lazy-loaded\" data-src=\"https:\/\/m.media-amazon.com\/images\/S\/aplus-media-library-service-media\/e844f803-fddf-4ceb-9f57-f09d9c043fab.__CR0,0,1464,600_PT0_SX1464_V1___.jpg\"><img decoding=\"async\" alt=\"ssd\" src=\"https:\/\/m.media-amazon.com\/images\/S\/aplus-media-library-service-media\/e844f803-fddf-4ceb-9f57-f09d9c043fab.__CR0,0,1464,600_PT0_SX1464_V1___.jpg\">                                         <\/p>\n<p class=\"aplus-description aplus-container-3 aplus-p1\"> Descubre el potente rendimiento con PCIe 4.0 y experimenta velocidades de v\u00e9rtigo para vencer al contrincante. La regulaci\u00f3n t\u00e9rmica del controlador Samsung ofrece una alta eficiencia energ\u00e9tica manteniendo el m\u00e1ximo rendimiento y altas velocidades.\u00b9 <\/p>\n<p>                                                                                              <img decoding=\"async\" alt=\"ssd\" src=\"https:\/\/images-na.ssl-images-amazon.com\/images\/G\/01\/x-locale\/common\/grey-pixel.gif\" class=\"a-lazy-loaded\" data-src=\"https:\/\/m.media-amazon.com\/images\/S\/aplus-media-library-service-media\/92f9b866-325b-4db8-a760-eadee07c9ee7.__CR6,0,1428,769_PT0_SX650_V1___.jpg\"><img decoding=\"async\" alt=\"ssd\" src=\"https:\/\/m.media-amazon.com\/images\/S\/aplus-media-library-service-media\/92f9b866-325b-4db8-a760-eadee07c9ee7.__CR6,0,1428,769_PT0_SX650_V1___.jpg\">                                            PCIe a velocidades incre\u00edbles                                          <\/p>\n<p class=\"aplus-p3\"> Con velocidades de lectura y escritura aleatorias del 40% y 55% m\u00e1s r\u00e1pidas en comparaci\u00f3n con el 980 PRO, hasta 1400K\/1550K IOPS y velocidades secuenciales de lectura\/escritura de hasta 7450\/6900 MB\/s.\u00b2 \u00b3 \u2074 <\/p>\n<p>                                              <img decoding=\"async\" alt=\"ssd\" src=\"https:\/\/images-na.ssl-images-amazon.com\/images\/G\/01\/x-locale\/common\/grey-pixel.gif\" class=\"a-lazy-loaded\" data-src=\"https:\/\/m.media-amazon.com\/images\/S\/aplus-media-library-service-media\/7f042cf7-69a5-496d-a264-9ba2d1ef82df.__CR17,0,1406,757_PT0_SX650_V1___.jpg\"><img decoding=\"async\" alt=\"ssd\" src=\"https:\/\/m.media-amazon.com\/images\/S\/aplus-media-library-service-media\/7f042cf7-69a5-496d-a264-9ba2d1ef82df.__CR17,0,1406,757_PT0_SX650_V1___.jpg\">                                            Revolucionaria eficiencia energ\u00e9tica                                          <\/p>\n<p class=\"aplus-p3\"> Un mayor rendimiento a menudo consume m\u00e1s energ\u00eda. No sucede con el 990 PRO. Experimenta un bajo consumo de energ\u00eda con un rendimiento por vatio mejorado en m\u00e1s del 50% con respecto al modelo anterior.\u2075 <\/p>\n<p>                                                                     El creador de rendimiento                                             <img decoding=\"async\" alt=\"ssd\" src=\"https:\/\/images-na.ssl-images-amazon.com\/images\/G\/01\/x-locale\/common\/grey-pixel.gif\" class=\"a-lazy-loaded\" data-src=\"https:\/\/m.media-amazon.com\/images\/S\/aplus-media-library-service-media\/0cd540bb-d8bf-42d0-aa58-235d7c5a4676.__CR0,0,1464,600_PT0_SX1464_V1___.jpg\"><img decoding=\"async\" alt=\"ssd\" src=\"https:\/\/m.media-amazon.com\/images\/S\/aplus-media-library-service-media\/0cd540bb-d8bf-42d0-aa58-235d7c5a4676.__CR0,0,1464,600_PT0_SX1464_V1___.jpg\">                                         <\/p>\n<p class=\"aplus-description aplus-container-3 aplus-p1\"> Gracias a una mejora del rendimiento de m\u00e1s del 55% con respecto al modelo anterior, esto permite procesos de carga m\u00e1s r\u00e1pidos para una experiencia de juego m\u00e1s aut\u00e9ntica para PlayStation 5 y juegos de ordenador con funci\u00f3n de almacenamiento directo.\u2076 \u2077 <\/p>\n<p>                                                                                              <img decoding=\"async\" alt=\"ssd\" src=\"https:\/\/images-na.ssl-images-amazon.com\/images\/G\/01\/x-locale\/common\/grey-pixel.gif\" class=\"a-lazy-loaded\" data-src=\"https:\/\/m.media-amazon.com\/images\/S\/aplus-media-library-service-media\/3089e0ed-f543-4a15-a2f2-fb93809cf346.__CR0,0,650,350_PT0_SX650_V1___.jpg\"><img decoding=\"async\" alt=\"ssd\" src=\"https:\/\/m.media-amazon.com\/images\/S\/aplus-media-library-service-media\/3089e0ed-f543-4a15-a2f2-fb93809cf346.__CR0,0,650,350_PT0_SX650_V1___.jpg\">                                            Regulaci\u00f3n inteligente de la temperatura                                          <\/p>\n<p class=\"aplus-p3\"> El controlador niquelado y el algoritmo de control t\u00e9rmico de \u00faltima generaci\u00f3n regulan el calor y permiten un rendimiento sin limitaciones. La etiqueta del difusor t\u00e9rmico integrado controla el calor del chip NAND, mientras que la tecnolog\u00eda Dynamic Thermal Guard regula las temperaturas. <\/p>\n<p>                                              <img decoding=\"async\" alt=\"ssd\" src=\"https:\/\/images-na.ssl-images-amazon.com\/images\/G\/01\/x-locale\/common\/grey-pixel.gif\" class=\"a-lazy-loaded\" data-src=\"https:\/\/m.media-amazon.com\/images\/S\/aplus-media-library-service-media\/ac79cc4d-d651-40a4-8aa1-ae9487f9bd1a.__CR0,0,650,350_PT0_SX650_V1___.jpg\"><img decoding=\"async\" alt=\"ssd\" src=\"https:\/\/m.media-amazon.com\/images\/S\/aplus-media-library-service-media\/ac79cc4d-d651-40a4-8aa1-ae9487f9bd1a.__CR0,0,650,350_PT0_SX650_V1___.jpg\">                                            Software Samsung Magician                                          <\/p>\n<p class=\"aplus-p3\"> Esta soluci\u00f3n de software f\u00e1cil de usar te ayuda a vigilar siempre tu SSD. Con \u00e9l, puedes mantener tu unidad al d\u00eda con actualizaciones, supervisar los par\u00e1metros de estado y la velocidad, e incluso optimizar el rendimiento. <\/p>\n<p class=\"description\"> \u00b9 La mejor velocidad de lectura secuencial te\u00f3rica posible del PCIe 4.0 es de 8000 MB\/s. El 990 PRO alcanza los 7450 MB\/s. <\/p>\n<p class=\"description\"> \u00b2 Rendimiento de escritura secuencial y aleatoria medido con la tecnolog\u00eda inteligente TurboWrite habilitada. Intelligent TurboWrite solo funciona con un determinado tama\u00f1o de transferencia de datos. El rendimiento puede variar seg\u00fan el firmware del SSD, el hardware y la configuraci\u00f3n del sistema y otros factores. Para obtener informaci\u00f3n detallada, ponte en contacto con tu centro de servicio local. <\/p>\n<p class=\"description\"> \u00b3 Configuraci\u00f3n del sistema de prueba: procesador AMD Ryzen 7 5800X de 8 n\u00facleos CPU @ 3.80 GHz, DDR4 3600 MHz 16GB x 2 (PC4-25600 Overclock), sistema operativo Windows 10 Pro de 64 bits, chipset ASRock-X570 Taich. <\/p>\n<p class=\"description\"> \u2074 Para maximizar el rendimiento del 990 PRO, consulta el sitio web de Intel o AMD si tu sistema es compatible con PCIe 4.0. <\/p>\n<p class=\"description\"> \u2075 Velocidad de lectura secuencial del 980 PRO: 1129\/877 MB\/vatio. Velocidad de lectura secuencial del 990 PRO: 1380\/1319 MB\/vatio, seg\u00fan los resultados de las pruebas internas del modelo de 1 TB de capacidad. <\/p>\n<p class=\"description\"> \u2076 Compatible con la funci\u00f3n de almacenamiento directo de Microsoft. <\/p>\n<p class=\"description\"> \u2077 Resultados basados en una comparaci\u00f3n con el Samsung 980 PRO. <\/p>\n<p> Is discontinued by manufacturer                                            \u200f                                            :                                            \u200e                                            No   <br \/> Product Dimensions                                            \u200f                                            :                                            \u200e                                            8 x 2.2 x 0.23 cm; 54 g   <br \/> Manufacturer                                            \u200f                                            :                                            \u200e                                            Samsung   <br \/> ASIN                                            \u200f                                            :                                            \u200e                                            B0B9C3ZVHR   <br \/> Item model number                                            \u200f                                            :                                            \u200e                                            MZ-V9P1T0BW   <br \/> Country of origin                                            \u200f                                            :                                            \u200e                                            Germany   <br \/> Guaranteed software updates until                                            \u200f                                            :                                            \u200e                                            unknown   <br \/>  Customer reviews:                                                                                            4.8               4.8 out of 5 stars                                  (17,419)                                              var dpAcrHasRegisteredArcLinkClickAction;                    P.when(&#8216;A&#8217;, &#8216;ready&#8217;).execute(function(A) {                        if (dpAcrHasRegisteredArcLinkClickAction !== true) {                            dpAcrHasRegisteredArcLinkClickAction = true;                            A.declarative(                                &#8216;acrLink-click-metrics&#8217;, &#8216;click&#8217;,                                { \u00aballowLinkDefault\u00bb: true },                                function (event) {                                    if (window.ue) {                                        ue.count(\u00abacrLinkClickCount\u00bb, (ue.count(\u00abacrLinkClickCount\u00bb) || 0) + 1);                                    }                                }                            );                        }                    });                                             P.when(&#8216;A&#8217;, &#8216;cf&#8217;).execute(function(A) {                A.declarative(&#8216;acrStarsLink-click-metrics&#8217;, &#8216;click&#8217;, { \u00aballowLinkDefault\u00bb : true },  function(event){                    if(window.ue) {                        ue.count(\u00abacrStarsLinkWithPopoverClickCount\u00bb, (ue.count(\u00abacrStarsLinkWithPopoverClickCount\u00bb) || 0) + 1);                    }                });            });                          <\/p>\n<p>Sata Solid State Drive<br \/>Size: 1TB<br \/>Interface: PCIe 4.0<\/p>\n\n","protected":false},"excerpt":{"rendered":"<p> From the manufacturer Velocidad explosiva para un gaming potente Descubre el potente rendimiento con PCIe<\/p>","protected":false},"featured_media":33383,"comment_status":"open","ping_status":"closed","template":"","meta":[],"product_brand":[],"product_cat":[81],"product_tag":[9558,1455,1457,1468,307,795,1401,1461,1119,1459,9560,9561,822,1452,2585,1465,163,249,1463,812,513,1466,813,9559],"class_list":{"0":"post-33382","1":"product","2":"type-product","3":"status-publish","4":"has-post-thumbnail","6":"product_cat-ssd-drive","7":"product_tag-1000gb","8":"product_tag-1tb-ssd","9":"product_tag-512gb-ssd","10":"product_tag-best-ssd","11":"product_tag-black","12":"product_tag-drive","13":"product_tag-express","14":"product_tag-gaming-ssd","15":"product_tag-m-2","16":"product_tag-m-2-ssd","17":"product_tag-mlc","18":"product_tag-mzv9p1t0bw","19":"product_tag-nvme","20":"product_tag-nvme-ssd","21":"product_tag-pci","22":"product_tag-portable-ssd","23":"product_tag-pro","24":"product_tag-samsung","25":"product_tag-sata-ssd","26":"product_tag-solid","27":"product_tag-ssd","28":"product_tag-ssd-price","29":"product_tag-state","30":"product_tag-vnand","32":"first","33":"instock","34":"shipping-taxable","35":"product-type-external"},"_links":{"self":[{"href":"https:\/\/comprasyconsejos.store\/en\/wp-json\/wp\/v2\/product\/33382","targetHints":{"allow":["GET"]}}],"collection":[{"href":"https:\/\/comprasyconsejos.store\/en\/wp-json\/wp\/v2\/product"}],"about":[{"href":"https:\/\/comprasyconsejos.store\/en\/wp-json\/wp\/v2\/types\/product"}],"replies":[{"embeddable":true,"href":"https:\/\/comprasyconsejos.store\/en\/wp-json\/wp\/v2\/comments?post=33382"}],"version-history":[{"count":0,"href":"https:\/\/comprasyconsejos.store\/en\/wp-json\/wp\/v2\/product\/33382\/revisions"}],"wp:featuredmedia":[{"embeddable":true,"href":"https:\/\/comprasyconsejos.store\/en\/wp-json\/wp\/v2\/media\/33383"}],"wp:attachment":[{"href":"https:\/\/comprasyconsejos.store\/en\/wp-json\/wp\/v2\/media?parent=33382"}],"wp:term":[{"taxonomy":"product_brand","embeddable":true,"href":"https:\/\/comprasyconsejos.store\/en\/wp-json\/wp\/v2\/product_brand?post=33382"},{"taxonomy":"product_cat","embeddable":true,"href":"https:\/\/comprasyconsejos.store\/en\/wp-json\/wp\/v2\/product_cat?post=33382"},{"taxonomy":"product_tag","embeddable":true,"href":"https:\/\/comprasyconsejos.store\/en\/wp-json\/wp\/v2\/product_tag?post=33382"}],"curies":[{"name":"wp","href":"https:\/\/api.w.org\/{rel}","templated":true}]}}