{"id":33387,"date":"2026-02-24T04:50:30","date_gmt":"2026-02-24T04:50:30","guid":{"rendered":"https:\/\/comprasyconsejos.store\/product\/small-chassis-power-supply-220w-220v-240v-high-efficiency-performance-for-ps-computer-component-parts-5221-9-06\/"},"modified":"2026-02-24T04:50:35","modified_gmt":"2026-02-24T04:50:35","slug":"small-chassis-power-supply-220w-220v-240v-high-efficiency-performance-for-ps-computer-component-parts-5221-9-06","status":"publish","type":"product","link":"https:\/\/comprasyconsejos.store\/en\/product\/small-chassis-power-supply-220w-220v-240v-high-efficiency-performance-for-ps-computer-component-parts-5221-9-06\/","title":{"rendered":"Small Chassis Power Supply 220W 220V 240V High Efficiency Performance for PS Computer Component Parts 5221 9 06"},"content":{"rendered":"<p>Price: <span style=\"color:#b12704\">\u20ac39.94<\/span><br \/><i><small>(as of Feb 24, 2026 04:50:30 UTC &#8211; <span class=\"wp_automatic_amazon_disclaimer\" title=\"Product prices and availability are accurate as of the date\/time indicated and are subject to change. Any price and availability information displayed on [relevant Amazon Site(s), as applicable] at the time of purchase will apply to the purchase of this product.\">Details<\/span>)<\/small><\/i><\/p>\n<p><a href=\"https:\/\/amazon.es\/dp\/B0DS9V664P?tag=man008-21\"><img decoding=\"async\" src=\"https:\/\/valvepress.s3.amazonaws.com\/imgs\/buy_now.png\"><\/a><br \/>\n<\/p>\n<p>                                             Product Description   <\/p>\n<p>                                                                             <img decoding=\"async\" alt=\"1013200083611-1\" src=\"https:\/\/images-na.ssl-images-amazon.com\/images\/G\/01\/x-locale\/common\/grey-pixel.gif\" class=\"a-spacing-base a-lazy-loaded\" data-src=\"https:\/\/m.media-amazon.com\/images\/S\/aplus-media-library-service-media\/f888be41-30e9-486e-b650-a22f7fcb73c4.__CR0,0,970,600_PT0_SX970_V1___.jpg\"><img decoding=\"async\" alt=\"1013200083611-1\" src=\"https:\/\/m.media-amazon.com\/images\/S\/aplus-media-library-service-media\/f888be41-30e9-486e-b650-a22f7fcb73c4.__CR0,0,970,600_PT0_SX970_V1___.jpg\">                                         <\/p>\n<h3 class=\"a-spacing-mini\"> Fuente de Alimentacin de Chasis Pequeo 220W 220V 240V Rendimiento de Alta Eficiencia para Piezas de Componentes de Computadora PS 5221 9 06 <\/h3>\n<p>                                                  <img decoding=\"async\" alt=\"YT\" src=\"https:\/\/images-na.ssl-images-amazon.com\/images\/G\/01\/x-locale\/common\/grey-pixel.gif\" class=\"a-lazy-loaded\" data-src=\"https:\/\/m.media-amazon.com\/images\/S\/aplus-media-library-service-media\/4404a9d5-4123-49cd-9c89-05e946e41d70.__CR0,0,300,300_PT0_SX300_V1___.jpg\"><img decoding=\"async\" alt=\"YT\" src=\"https:\/\/m.media-amazon.com\/images\/S\/aplus-media-library-service-media\/4404a9d5-4123-49cd-9c89-05e946e41d70.__CR0,0,300,300_PT0_SX300_V1___.jpg\">  <\/p>\n<p>[Control de calidad estricto] Garantiza altos est\u00e1ndares de seguridad para un uso tranquilo <\/p>\n<p>[Carcasa de aleaci\u00f3n resistente] Proporciona mayor seguridad y protecci\u00f3n <\/p>\n<p>[Dise\u00f1o compacto] F\u00e1cil de transportar, almacenar y ofrece un uso conveniente con un rendimiento superior <\/p>\n<p class=\"apm-text-center\">\n                                                      <img decoding=\"async\" alt=\"1\" src=\"https:\/\/images-na.ssl-images-amazon.com\/images\/G\/01\/x-locale\/common\/grey-pixel.gif\" class=\"a-spacing-mini a-lazy-loaded\" data-src=\"https:\/\/m.media-amazon.com\/images\/S\/aplus-media-library-service-media\/c273d279-6e16-41be-89df-8a3053259575.__CR0,0,300,300_PT0_SX300_V1___.jpg\"><img decoding=\"async\" alt=\"1\" src=\"https:\/\/m.media-amazon.com\/images\/S\/aplus-media-library-service-media\/c273d279-6e16-41be-89df-8a3053259575.__CR0,0,300,300_PT0_SX300_V1___.jpg\">  <\/p>\n<p class=\"apm-text-center\">\n                                                      <img decoding=\"async\" alt=\"1013200083611-2\" src=\"https:\/\/images-na.ssl-images-amazon.com\/images\/G\/01\/x-locale\/common\/grey-pixel.gif\" class=\"a-spacing-mini a-lazy-loaded\" data-src=\"https:\/\/m.media-amazon.com\/images\/S\/aplus-media-library-service-media\/5e74e92f-6b49-47ba-a44f-dbcd0d2e971f.__CR0,0,300,300_PT0_SX300_V1___.jpg\"><img decoding=\"async\" alt=\"1013200083611-2\" src=\"https:\/\/m.media-amazon.com\/images\/S\/aplus-media-library-service-media\/5e74e92f-6b49-47ba-a44f-dbcd0d2e971f.__CR0,0,300,300_PT0_SX300_V1___.jpg\">  <\/p>\n<p class=\"apm-text-center\">\n                                                      <img decoding=\"async\" alt=\"1013200083611-3\" src=\"https:\/\/images-na.ssl-images-amazon.com\/images\/G\/01\/x-locale\/common\/grey-pixel.gif\" class=\"a-spacing-mini a-lazy-loaded\" data-src=\"https:\/\/m.media-amazon.com\/images\/S\/aplus-media-library-service-media\/42f5d57b-7bae-4c26-8e02-8a18988c5cf4.__CR0,0,300,300_PT0_SX300_V1___.jpg\"><img decoding=\"async\" alt=\"1013200083611-3\" src=\"https:\/\/m.media-amazon.com\/images\/S\/aplus-media-library-service-media\/42f5d57b-7bae-4c26-8e02-8a18988c5cf4.__CR0,0,300,300_PT0_SX300_V1___.jpg\">  <\/p>\n<p class=\"apm-text-center\">\n                                                      <img decoding=\"async\" alt=\"1\" src=\"https:\/\/images-na.ssl-images-amazon.com\/images\/G\/01\/x-locale\/common\/grey-pixel.gif\" class=\"a-spacing-mini a-lazy-loaded\" data-src=\"https:\/\/m.media-amazon.com\/images\/S\/aplus-media-library-service-media\/ebfbdbb7-6e67-4d31-a300-ea9663343214.__CR0,0,300,300_PT0_SX300_V1___.jpg\"><img decoding=\"async\" alt=\"1\" src=\"https:\/\/m.media-amazon.com\/images\/S\/aplus-media-library-service-media\/ebfbdbb7-6e67-4d31-a300-ea9663343214.__CR0,0,300,300_PT0_SX300_V1___.jpg\">  <\/p>\n<p class=\"apm-text-center\">\n                                                      <img decoding=\"async\" alt=\"1013200083611-2\" src=\"https:\/\/images-na.ssl-images-amazon.com\/images\/G\/01\/x-locale\/common\/grey-pixel.gif\" class=\"a-spacing-mini a-lazy-loaded\" data-src=\"https:\/\/m.media-amazon.com\/images\/S\/aplus-media-library-service-media\/bcad6801-1f54-417c-b5a0-62f3606858cd.__CR0,0,300,300_PT0_SX300_V1___.jpg\"><img decoding=\"async\" alt=\"1013200083611-2\" src=\"https:\/\/m.media-amazon.com\/images\/S\/aplus-media-library-service-media\/bcad6801-1f54-417c-b5a0-62f3606858cd.__CR0,0,300,300_PT0_SX300_V1___.jpg\">  <\/p>\n<p class=\"apm-text-center\">\n                                                      <img decoding=\"async\" alt=\"1013200083611-3\" src=\"https:\/\/images-na.ssl-images-amazon.com\/images\/G\/01\/x-locale\/common\/grey-pixel.gif\" class=\"a-spacing-mini a-lazy-loaded\" data-src=\"https:\/\/m.media-amazon.com\/images\/S\/aplus-media-library-service-media\/2a5c8a4f-ccac-4fa4-95c7-108fefa6c4c4.__CR0,0,300,300_PT0_SX300_V1___.jpg\"><img decoding=\"async\" alt=\"1013200083611-3\" src=\"https:\/\/m.media-amazon.com\/images\/S\/aplus-media-library-service-media\/2a5c8a4f-ccac-4fa4-95c7-108fefa6c4c4.__CR0,0,300,300_PT0_SX300_V1___.jpg\">  <\/p>\n<p>Especificaci\u00f3n: <\/p>\n<p> Tipo de art\u00edculo: Fuente de alimentaci\u00f3n de chasis peque\u00f1o <\/p>\n<p> Modelo general: <\/p>\n<p> L220AS 00, H220AS 00, 01, D220AS 01 <\/p>\n<p> DPS 220UB, CPB09 D220R, PS 5221 6 <\/p>\n<p> Potencia nominal: 220W <\/p>\n<p>  <\/p>\n<p> Lista de embalaje: <\/p>\n<p> 1 x Fuente de alimentaci\u00f3n de chasis peque\u00f1o <\/p>\n<p> Package Dimensions                                            \u200f                                            :                                            \u200e                                            23 x 13 x 8 cm; 761 g   <br \/> Manufacturer                                            \u200f                                            :                                            \u200e                                            Marhynchus   <br \/> ASIN                                            \u200f                                            :                                            \u200e                                            B0DS9V664P   <br \/> Item model number                                            \u200f                                            :                                            \u200e                                            Marhynchusytmz7dvg83   <br \/> Country\/Region of Origin                                            \u200f                                            :                                            \u200e                                            China   <br \/> Guaranteed software updates until                                            \u200f                                            :                                            \u200e                                            unknown   <\/p>\n<p>[Sturdy Alloy Shell] Provides extra safety and protection<br \/>[Cost-effective] Demonstrates exceptional workmanship and value for money<br \/>[Large Heat Dissipation Area] Ensure excellent cooling effect and durability<br \/>[Compact Design] Easy to carry, store and offers convenient use with superior performance<br \/>[Strict Quality Control] Ensures high safety standards for peaceful use<\/p>\n\n","protected":false},"excerpt":{"rendered":"<p> Product Description Fuente de Alimentacin de Chasis Pequeo 220W 220V 240V Rendimiento de Alta Eficiencia<\/p>","protected":false},"featured_media":33388,"comment_status":"open","ping_status":"closed","template":"","meta":[],"product_brand":[],"product_cat":[79],"product_tag":[9562,7461,9563,1488,1490,1495,1499,3958,9277,539,1500,1509,1494,197,1492,2636,1498,1551,143,1485,824,293,1505],"class_list":{"0":"post-33387","1":"product","2":"type-product","3":"status-publish","4":"has-post-thumbnail","6":"product_cat-pc-power-supply-unit","7":"product_tag-220v","8":"product_tag-220w","9":"product_tag-240v","10":"product_tag-650w-psu","11":"product_tag-750w-psu","12":"product_tag-80-plus-gold-psu","13":"product_tag-best-psu","14":"product_tag-chassis","15":"product_tag-component","16":"product_tag-computer","17":"product_tag-computer-power-unit","18":"product_tag-efficiency","19":"product_tag-gaming-power-supply","20":"product_tag-high","21":"product_tag-modular-psu","22":"product_tag-parts","23":"product_tag-pc-power-supply-price","24":"product_tag-performance","25":"product_tag-power","26":"product_tag-power-supply","27":"product_tag-psu","28":"product_tag-small","29":"product_tag-supply","31":"first","32":"instock","33":"shipping-taxable","34":"product-type-external"},"_links":{"self":[{"href":"https:\/\/comprasyconsejos.store\/en\/wp-json\/wp\/v2\/product\/33387","targetHints":{"allow":["GET"]}}],"collection":[{"href":"https:\/\/comprasyconsejos.store\/en\/wp-json\/wp\/v2\/product"}],"about":[{"href":"https:\/\/comprasyconsejos.store\/en\/wp-json\/wp\/v2\/types\/product"}],"replies":[{"embeddable":true,"href":"https:\/\/comprasyconsejos.store\/en\/wp-json\/wp\/v2\/comments?post=33387"}],"version-history":[{"count":0,"href":"https:\/\/comprasyconsejos.store\/en\/wp-json\/wp\/v2\/product\/33387\/revisions"}],"wp:featuredmedia":[{"embeddable":true,"href":"https:\/\/comprasyconsejos.store\/en\/wp-json\/wp\/v2\/media\/33388"}],"wp:attachment":[{"href":"https:\/\/comprasyconsejos.store\/en\/wp-json\/wp\/v2\/media?parent=33387"}],"wp:term":[{"taxonomy":"product_brand","embeddable":true,"href":"https:\/\/comprasyconsejos.store\/en\/wp-json\/wp\/v2\/product_brand?post=33387"},{"taxonomy":"product_cat","embeddable":true,"href":"https:\/\/comprasyconsejos.store\/en\/wp-json\/wp\/v2\/product_cat?post=33387"},{"taxonomy":"product_tag","embeddable":true,"href":"https:\/\/comprasyconsejos.store\/en\/wp-json\/wp\/v2\/product_tag?post=33387"}],"curies":[{"name":"wp","href":"https:\/\/api.w.org\/{rel}","templated":true}]}}