{"id":33418,"date":"2026-02-24T05:34:21","date_gmt":"2026-02-24T05:34:21","guid":{"rendered":"https:\/\/comprasyconsejos.store\/product\/generico-mesa-plegable-paredescritorio-abatible-paredescritorio-plegable-paredinfantil-plegable-estudio-ordenador-armario-pared-computadora-tabla-mesa-escritorio-oficina-blanco-madera-portatil-est\/"},"modified":"2026-02-24T05:34:30","modified_gmt":"2026-02-24T05:34:30","slug":"generico-mesa-plegable-paredescritorio-abatible-paredescritorio-plegable-paredinfantil-plegable-estudio-ordenador-armario-pared-computadora-tabla-mesa-escritorio-oficina-blanco-madera-portatil-est","status":"publish","type":"product","link":"https:\/\/comprasyconsejos.store\/en\/product\/generico-mesa-plegable-paredescritorio-abatible-paredescritorio-plegable-paredinfantil-plegable-estudio-ordenador-armario-pared-computadora-tabla-mesa-escritorio-oficina-blanco-madera-portatil-est\/","title":{"rendered":"Gen\u00e9rico Mesa Plegable Pared,Escritorio abatible Pared,Escritorio Plegable Pared,Infantil Plegable Estudio Ordenador Armario Pared Computadora Tabla Mesa Escritorio Oficina Blanco Madera Port\u00e1til EST"},"content":{"rendered":"<p>Price: <span style=\"color:#b12704\">\u20ac82.99<\/span><br \/><i><small>(as of Feb 24, 2026 05:34:21 UTC &#8211; <span class=\"wp_automatic_amazon_disclaimer\" title=\"Product prices and availability are accurate as of the date\/time indicated and are subject to change. Any price and availability information displayed on [relevant Amazon Site(s), as applicable] at the time of purchase will apply to the purchase of this product.\">Details<\/span>)<\/small><\/i><\/p>\n<p><a href=\"https:\/\/amazon.es\/dp\/B0D6V9PQP4?tag=man008-21\"><img decoding=\"async\" src=\"https:\/\/valvepress.s3.amazonaws.com\/imgs\/buy_now.png\"><\/a><br \/>\n<br \/>\n    <span>Descripci\u00f3n del producto: \u00bfSigues buscando una mesa de comedor sencilla? \u00a1Mira nuestra mesa! Nuestra mesa de comedor es muy pr\u00e1ctica y vers\u00e1til. La mesa del comedor se puede plegar en tres estados diferentes, adecuada para diferentes necesidades y ocasiones. La mesa se puede utilizar como mesa de comedor cuando est\u00e1 completamente desplegada y como estante cuando est\u00e1 completamente plegada. Por eso, nuestro modelo ahorra espacio y es muy adecuado para casas peque\u00f1as. Adem\u00e1s, nuestro ha sido finamente procesado, su superficie es muy lisa e impermeable, puedes limpiarla f\u00e1cilmente. Caracter\u00edstica: Materiales de alta calidad, buena estabilidad Puede soportar un peso de 40 kg Superficie sin rebabas, suave y c\u00f3moda Dise\u00f1o de esquinas redondeadas, m\u00e1s seguro de usar Dise\u00f1o plegable, ahorro de espacio Adecuado para estudio, dormitorio, balc\u00f3n, etc. Escritorio grande, mucho espacio de almacenamiento Instrucciones claras, f\u00e1cil de montar Superficie impermeable, f\u00e1cil de limpiar en: Color: blanco, amarillo, azul, rosa, negro Material: MDF Peso neto: alrededor de 8 kg Dimensiones: como muestra la imagen Capacidad de carga: 70 kg Paquete Incluye: 1 x escritorio plegable 1 x instrucciones<\/span>    <br \/>Mesa de pared plegable: se despliega r\u00e1pida y f\u00e1cilmente cuando es necesario. Proporciona espacio adicional para trabajar o comer y se pliega cuando no est\u00e1 en uso. Adecuado para cocina, dormitorio, estudio o sal\u00f3n.<br \/>Pared: superficie de pintura impermeable respetuosa con el medio ambiente, el soporte de la mesa est\u00e1 conectado con varillas de madera gruesas, formando una estructura triangular, estable y duradera. Soporta unos 70 kg y no se deforma f\u00e1cilmente.<br \/>Ampliamente utilizado: este moderno y sencillo montaje en pared se puede utilizar como mesa para ni\u00f1os, mesa para computadora port\u00e1til, mesa de comedor, escritorio, mesa de trabajo, mesa de caf\u00e9 y bebidas, escritorio privado, etc. Haga su vida y su aprendizaje m\u00e1s f\u00e1ciles.<br \/>Dise\u00f1o bien pensado: su apariencia simple hace que nuestro escritorio plegable para computadora combine muy bien con otros muebles. Los bordes y esquinas redondeados y el dise\u00f1o anticolisi\u00f3n del soporte protegen mejor la seguridad de los miembros de la familia y evitan golpes y magulladuras.<br \/>F\u00e1cil de instalar: \u00a1Cree instant\u00e1neamente una estaci\u00f3n de trabajo completamente nueva en menos de 30 minutos! Para completar el trabajo de montaje, puede consultar las instrucciones de montaje detalladas. Todo lo que necesitas para montar este escritorio de pared plegable est\u00e1 incluido en la caja.<\/p>\n\n","protected":false},"excerpt":{"rendered":"<p> Descripci\u00f3n del producto: \u00bfSigues buscando una mesa de comedor sencilla? \u00a1Mira nuestra mesa! Nuestra mesa<\/p>","protected":false},"featured_media":33419,"comment_status":"open","ping_status":"closed","template":"","meta":[],"product_brand":[],"product_cat":[74],"product_tag":[5586,1370,7045,1364,1371,5121,4042,1367,4303,9582,9580,1363,6547,7047,9576,1365,1369,7048,6108,9581,9578,9579,1362,9577,4217,1366,8978,1368],"class_list":{"0":"post-33418","1":"product","2":"type-product","3":"status-publish","4":"has-post-thumbnail","6":"product_cat-cases","7":"product_tag-abatible","8":"product_tag-airflow-pc-case","9":"product_tag-armario","10":"product_tag-atx-case","11":"product_tag-best-pc-case","12":"product_tag-blanco","13":"product_tag-computadora","14":"product_tag-computer-cabinet","15":"product_tag-escritorio","16":"product_tag-est","17":"product_tag-estudio","18":"product_tag-gaming-pc-case","19":"product_tag-generico","20":"product_tag-madera","21":"product_tag-mesa","22":"product_tag-mid-tower-case","23":"product_tag-mini-itx-case","24":"product_tag-oficina","25":"product_tag-ordenador","26":"product_tag-pared","27":"product_tag-paredescritorio","28":"product_tag-paredinfantil","29":"product_tag-pc-case","30":"product_tag-plegable","31":"product_tag-portatil","32":"product_tag-rgb-pc-case","33":"product_tag-tabla","34":"product_tag-tempered-glass-case","36":"first","37":"instock","38":"shipping-taxable","39":"product-type-external"},"_links":{"self":[{"href":"https:\/\/comprasyconsejos.store\/en\/wp-json\/wp\/v2\/product\/33418","targetHints":{"allow":["GET"]}}],"collection":[{"href":"https:\/\/comprasyconsejos.store\/en\/wp-json\/wp\/v2\/product"}],"about":[{"href":"https:\/\/comprasyconsejos.store\/en\/wp-json\/wp\/v2\/types\/product"}],"replies":[{"embeddable":true,"href":"https:\/\/comprasyconsejos.store\/en\/wp-json\/wp\/v2\/comments?post=33418"}],"version-history":[{"count":0,"href":"https:\/\/comprasyconsejos.store\/en\/wp-json\/wp\/v2\/product\/33418\/revisions"}],"wp:featuredmedia":[{"embeddable":true,"href":"https:\/\/comprasyconsejos.store\/en\/wp-json\/wp\/v2\/media\/33419"}],"wp:attachment":[{"href":"https:\/\/comprasyconsejos.store\/en\/wp-json\/wp\/v2\/media?parent=33418"}],"wp:term":[{"taxonomy":"product_brand","embeddable":true,"href":"https:\/\/comprasyconsejos.store\/en\/wp-json\/wp\/v2\/product_brand?post=33418"},{"taxonomy":"product_cat","embeddable":true,"href":"https:\/\/comprasyconsejos.store\/en\/wp-json\/wp\/v2\/product_cat?post=33418"},{"taxonomy":"product_tag","embeddable":true,"href":"https:\/\/comprasyconsejos.store\/en\/wp-json\/wp\/v2\/product_tag?post=33418"}],"curies":[{"name":"wp","href":"https:\/\/api.w.org\/{rel}","templated":true}]}}