{"id":33438,"date":"2026-02-24T05:42:38","date_gmt":"2026-02-24T05:42:38","guid":{"rendered":"https:\/\/comprasyconsejos.store\/product\/logitech-g-g735-wireless-gaming-headphones-lightsync-rgb-customisable-lightspeed-bluetooth-detachable-microphone-for-pc-mac-white\/"},"modified":"2026-02-24T05:42:45","modified_gmt":"2026-02-24T05:42:45","slug":"logitech-g-g735-wireless-gaming-headphones-lightsync-rgb-customisable-lightspeed-bluetooth-detachable-microphone-for-pc-mac-white","status":"publish","type":"product","link":"https:\/\/comprasyconsejos.store\/en\/product\/logitech-g-g735-wireless-gaming-headphones-lightsync-rgb-customisable-lightspeed-bluetooth-detachable-microphone-for-pc-mac-white\/","title":{"rendered":"Logitech G G735 Wireless Gaming Headphones, LIGHTSYNC RGB Customisable, Lightspeed, Bluetooth, Detachable Microphone, for PC &#038; Mac &#8211; White"},"content":{"rendered":"<p>Price: <span style=\"color:#b12704\">\u20ac130.59<\/span><br \/><i><small>(as of Feb 24, 2026 05:42:38 UTC &#8211; <span class=\"wp_automatic_amazon_disclaimer\" title=\"Product prices and availability are accurate as of the date\/time indicated and are subject to change. Any price and availability information displayed on [relevant Amazon Site(s), as applicable] at the time of purchase will apply to the purchase of this product.\">Details<\/span>)<\/small><\/i><\/p>\n<p><a href=\"https:\/\/amazon.es\/dp\/B07W4DJF29?tag=man008-21\"><img decoding=\"async\" src=\"https:\/\/valvepress.s3.amazonaws.com\/imgs\/buy_now.png\"><\/a><br \/>\n<\/p>\n<p>                                             From the manufacturer   <\/p>\n<p>                                                                                                       <img decoding=\"async\" alt=\"Logitech G735 Wireless Gaming Headset\" src=\"https:\/\/images-na.ssl-images-amazon.com\/images\/G\/01\/x-locale\/common\/grey-pixel.gif\" class=\"a-lazy-loaded\" data-src=\"https:\/\/m.media-amazon.com\/images\/S\/aplus-media-library-service-media\/0003ab93-0a98-43fe-b6e3-bc4ff4b3f654.__CR0,0,1464,600_PT0_SX1464_V1___.jpg\"><img decoding=\"async\" alt=\"Logitech G735 Wireless Gaming Headset\" src=\"https:\/\/m.media-amazon.com\/images\/S\/aplus-media-library-service-media\/0003ab93-0a98-43fe-b6e3-bc4ff4b3f654.__CR0,0,1464,600_PT0_SX1464_V1___.jpg\">                                               <\/p>\n<p>                                                                                                       <img decoding=\"async\" alt=\"Logitech G735 Wireless Gaming Headset\" src=\"https:\/\/images-na.ssl-images-amazon.com\/images\/G\/01\/x-locale\/common\/grey-pixel.gif\" class=\"a-lazy-loaded\" data-src=\"https:\/\/m.media-amazon.com\/images\/S\/aplus-media-library-service-media\/3d9f0445-19fb-4f8b-ae09-a0114f469db5.__CR0,0,1464,600_PT0_SX1464_V1___.jpg\"><img decoding=\"async\" alt=\"Logitech G735 Wireless Gaming Headset\" src=\"https:\/\/m.media-amazon.com\/images\/S\/aplus-media-library-service-media\/3d9f0445-19fb-4f8b-ae09-a0114f469db5.__CR0,0,1464,600_PT0_SX1464_V1___.jpg\">                                                                                    PRESENTAMOS G735                                        <\/p>\n<p class=\"aplus-p2 aplus-module-2-description\"> Los auriculares inal\u00e1mbricos con micr\u00f3fono G735 para gaming aportan un ajuste innovador, est\u00e9tica de ensue\u00f1o y rendimiento de gaming avanzado. As\u00ed que llamar la atenci\u00f3n en extra\u00f1os y nuevos mundos nunca ha sido tan divertido. <\/p>\n<p>                                                                                                       <img decoding=\"async\" alt=\"Logitech G735 Wireless Gaming Headset\" src=\"https:\/\/images-na.ssl-images-amazon.com\/images\/G\/01\/x-locale\/common\/grey-pixel.gif\" class=\"a-lazy-loaded\" data-src=\"https:\/\/m.media-amazon.com\/images\/S\/aplus-media-library-service-media\/6421a94c-3390-4791-aae5-801dfed34456.__CR0,0,1464,600_PT0_SX1464_V1___.jpg\"><img decoding=\"async\" alt=\"Logitech G735 Wireless Gaming Headset\" src=\"https:\/\/m.media-amazon.com\/images\/S\/aplus-media-library-service-media\/6421a94c-3390-4791-aae5-801dfed34456.__CR0,0,1464,600_PT0_SX1464_V1___.jpg\">                                                                                    AJUSTE C\u00d3MODO, INCLUSIVO                                        <\/p>\n<p class=\"aplus-p2 aplus-module-2-description\"> Los G735 se han dise\u00f1ado intencionadamente para ofrecer comodidad prolongada para todos los tipos de jugadores, incluso quienes tienen la cabeza peque\u00f1a y llevan gafas o pendientes peque\u00f1os. Juega con m\u00e1xima comodidad gracias a la diadema acolchada ajustable. <\/p>\n<p>                                                                                                       <img decoding=\"async\" alt=\"Logitech G735 Wireless Gaming Headset\" src=\"https:\/\/images-na.ssl-images-amazon.com\/images\/G\/01\/x-locale\/common\/grey-pixel.gif\" class=\"a-lazy-loaded\" data-src=\"https:\/\/m.media-amazon.com\/images\/S\/aplus-media-library-service-media\/2027959f-f623-4b9f-b90a-b48606d6f39f.__CR0,0,1464,600_PT0_SX1464_V1___.jpg\"><img decoding=\"async\" alt=\"Logitech G735 Wireless Gaming Headset\" src=\"https:\/\/m.media-amazon.com\/images\/S\/aplus-media-library-service-media\/2027959f-f623-4b9f-b90a-b48606d6f39f.__CR0,0,1464,600_PT0_SX1464_V1___.jpg\">                                                                                    JUEGA SIN CABLES                                        <\/p>\n<p class=\"aplus-p2 aplus-module-2-description\"> Vuela por mundos de juegos con tecnolog\u00eda inal\u00e1mbrica LIGHTSPEED para juego en PC con extraordinaria capacidad de respuesta y Bluetooth para dispositivos m\u00f3viles. Una bater\u00eda recargable proporciona m\u00e1s de 16 horas de uso inal\u00e1mbrico (con iluminaci\u00f3n plena y volumen al 50%. <\/p>\n<p>                                                                                              <img decoding=\"async\" alt=\"Logitech G735 Wireless Gaming Headset\" src=\"https:\/\/images-na.ssl-images-amazon.com\/images\/G\/01\/x-locale\/common\/grey-pixel.gif\" class=\"a-lazy-loaded\" data-src=\"https:\/\/m.media-amazon.com\/images\/S\/aplus-media-library-service-media\/cd413f34-e089-40a9-8616-daf8183cd5e5.__CR0,0,650,350_PT0_SX650_V1___.jpg\"><img decoding=\"async\" alt=\"Logitech G735 Wireless Gaming Headset\" src=\"https:\/\/m.media-amazon.com\/images\/S\/aplus-media-library-service-media\/cd413f34-e089-40a9-8616-daf8183cd5e5.__CR0,0,650,350_PT0_SX650_V1___.jpg\">                                            F\u00c1CIL CONTROL DE AUDIO                                         <\/p>\n<p class=\"aplus-p3\"> Sonido excepcional. Incluye micr\u00f3fono de varilla extra\u00edble con filtros Blue VO!CE. Mezcla dos dispositivos. Silencia el micr\u00f3fono r\u00e1pidamente. Hazlo todo con intuitivos botones integrados en el auricular. Accesorios de colores a  por separado. <\/p>\n<p>                                           <img decoding=\"async\" alt=\"Logitech G735 Wireless Gaming Headset\" src=\"https:\/\/images-na.ssl-images-amazon.com\/images\/G\/01\/x-locale\/common\/grey-pixel.gif\" class=\"a-lazy-loaded\" data-src=\"https:\/\/m.media-amazon.com\/images\/S\/aplus-media-library-service-media\/b3715f3b-8bd4-41cb-a7cc-9a50362fd9e4.__CR0,0,650,350_PT0_SX650_V1___.jpg\"><img decoding=\"async\" alt=\"Logitech G735 Wireless Gaming Headset\" src=\"https:\/\/m.media-amazon.com\/images\/S\/aplus-media-library-service-media\/b3715f3b-8bd4-41cb-a7cc-9a50362fd9e4.__CR0,0,650,350_PT0_SX650_V1___.jpg\">                                            RGB LIGHTSYNC                                         <\/p>\n<p class=\"aplus-p3\"> Presume de estilo al instante con cuatro animaciones inmersivas de ambientes de juego, la caracter\u00edstica iluminaci\u00f3n de The Aurora Collection. Tambi\u00e9n puedes personalizar tu RGB con G HUB para que te represente a la perfecci\u00f3n. <\/p>\n<p>                                                                                     <img decoding=\"async\" alt=\"Logitech G735 Wireless Gaming Headset\" src=\"https:\/\/m.media-amazon.com\/images\/S\/aplus-media-library-service-media\/ed8ae24d-7d54-4c8a-a5d7-2df8b530c348.__CR0,0,1464,600_PT0_SX1464_V1___.jpg\">                                                    PRESENTAMOS THE AURORA COLLECTION                                         <\/p>\n<p class=\"aplus-p3\"> Descubre el equipo para gaming completo que da mejor juego. <\/p>\n<p>                                                                                     <img decoding=\"async\" alt=\"Logitech G735 Wireless Gaming Headset\" src=\"https:\/\/m.media-amazon.com\/images\/S\/aplus-media-library-service-media\/6a93ddce-d780-4d9f-91b4-89174b38f1b3.__CR0,0,1464,600_PT0_SX1464_V1___.jpg\">                                                    RAT\u00d3N INAL\u00c1MBRICO G705 PARA GAMING                                         <\/p>\n<p class=\"aplus-p3\"> Nuevo dise\u00f1o de ensue\u00f1o con forma para manos peque\u00f1as, contorneado para comodidad y completamente equipado para tu mejor experiencia de juego. <\/p>\n<p>                                                                                     <img decoding=\"async\" alt=\"Logitech G735 Wireless Gaming Headset\" src=\"https:\/\/m.media-amazon.com\/images\/S\/aplus-media-library-service-media\/fa8457d1-611b-4b4f-8901-dab051cf8ce5.__CR0,0,1464,600_PT0_SX1464_V1___.jpg\">                                                    TECLADO INAL\u00c1MBRICO G715 PARA GAMING                                         <\/p>\n<p class=\"aplus-p3\"> Deja que las sensaciones discretas y el alto rendimiento de las teclas te metan de lleno en el juego mientras juegas sin parar y sin cables que te estorben. <\/p>\n<p>                                                                                     <img decoding=\"async\" alt=\"Blue Yeti USB Mic - B07W5JKPK6\" src=\"https:\/\/m.media-amazon.com\/images\/S\/aplus-media-library-service-media\/e2f97903-a24d-441a-8969-084909c4fab6.__CR0,0,1464,600_PT0_SX1464_V1___.jpg\">                                                    BLUE YETI A JUEGO                                         <\/p>\n<p class=\"aplus-p3\"> Complementa tu equipo Aurora Collection con el atractivo micr\u00f3fono Yeti Blue de sonido profesional en Blanco Mist y Rosa Dawn. <\/p>\n<p> Batteries                                            \u200f                                            :                                            \u200e                                            1 Lithium Polymer batteries required. (included)   <br \/> Is discontinued by manufacturer                                            \u200f                                            :                                            \u200e                                            No   <br \/> Language                                            \u200f                                            :                                            \u200e                                            English   <br \/> Product Dimensions                                            \u200f                                            :                                            \u200e                                            50 x 50 x 28 cm; 660 g   <br \/> Manufacturer                                            \u200f                                            :                                            \u200e                                            Logitech   <br \/> ASIN                                            \u200f                                            :                                            \u200e                                            B07W4DJF29   <br \/> Item model number                                            \u200f                                            :                                            \u200e                                            981-001083   <br \/> Country of origin                                            \u200f                                            :                                            \u200e                                            China   <br \/> Guaranteed software updates until                                            \u200f                                            :                                            \u200e                                            unknown   <br \/>  Customer reviews:                                                                                            4.2               4.2 out of 5 stars                                  (854)                                              var dpAcrHasRegisteredArcLinkClickAction;                    P.when(&#8216;A&#8217;, &#8216;ready&#8217;).execute(function(A) {                        if (dpAcrHasRegisteredArcLinkClickAction !== true) {                            dpAcrHasRegisteredArcLinkClickAction = true;                            A.declarative(                                &#8216;acrLink-click-metrics&#8217;, &#8216;click&#8217;,                                { \u00aballowLinkDefault\u00bb: true },                                function (event) {                                    if (window.ue) {                                        ue.count(\u00abacrLinkClickCount\u00bb, (ue.count(\u00abacrLinkClickCount\u00bb) || 0) + 1);                                    }                                }                            );                        }                    });                                             P.when(&#8216;A&#8217;, &#8216;cf&#8217;).execute(function(A) {                A.declarative(&#8216;acrStarsLink-click-metrics&#8217;, &#8216;click&#8217;, { \u00aballowLinkDefault\u00bb : true },  function(event){                    if(window.ue) {                        ue.count(\u00abacrStarsLinkWithPopoverClickCount\u00bb, (ue.count(\u00abacrStarsLinkWithPopoverClickCount\u00bb) || 0) + 1);                    }                });            });                          <\/p>\n<p>PC &#038; Mac Compatibility + Devices with Bluetooth Audio Connectivity<br \/>UNMATCHED FIT: Wireless gaming headset designed to fit all gamers, including those with smaller heads or wearing glasses or small earrings<br \/>COOL &#038; COMFORTABLE &#8211; Play all day long with these comfortable lightweight gaming headset that feature rotatable pavilions, breathable and soft; light weight only 273g<br \/>PLAY ON ALL SCREENS &#8211; Multi-device gaming headsets; connect to PC, mobile, and aux in with the professional flexibility of Logitech LIGHTSPEED, Bluetooth, or 3.5mm cable<br \/>Dual Audio Mix: Listen to 2 devices with Logitech Wireless Gaming Headphones, 1 Bluetooth and 1 with LIGHTSPEED or 3.5mm; Mix and change game audio, voice chat, and more<br \/>SOUND WITH COLOR &#8211; Smooth dual-zone LIGHTSYNC RGB lighting with preloaded game mode animations; customize your unique design on Logitech G HUB for your RGB gamer headset with light<br \/>Hey and make yourself heard: Enjoy these gaming headset with detachable microphone with Blue VO!CE filters to make you hear like never before and Logitech in-ear multimedia controls<br \/>Customize it: modify your gaming gear with pads and microphones available in multiple colors, including Pink Dawn and Green Flash; gaming accessories sold separately<br \/>From the Aurora Collection: Better combined gaming equipment; Logitech G735 Bluetooth headphones, G705 mouse and Logitech G715 keyboard share inclusive and aesthetic design; sold separately<\/p>\n\n","protected":false},"excerpt":{"rendered":"<p> From the manufacturer PRESENTAMOS G735 Los auriculares inal\u00e1mbricos con micr\u00f3fono G735 para gaming aportan un<\/p>","protected":false},"featured_media":33439,"comment_status":"open","ping_status":"closed","template":"","meta":[],"product_brand":[],"product_cat":[48],"product_tag":[720,726,714,9587,1091,9586,617,712,928,711,717,859,1759,748,774,1071,715,719,716,885,718,205,226,713],"class_list":{"0":"post-33438","1":"product","2":"type-product","3":"status-publish","4":"has-post-thumbnail","6":"product_cat-headsets","7":"product_tag-best-headset","8":"product_tag-bluetooth","9":"product_tag-bluetooth-headset","10":"product_tag-customisable","11":"product_tag-detachable","12":"product_tag-g735","13":"product_tag-gaming","14":"product_tag-gaming-headset","15":"product_tag-headphones","16":"product_tag-headset","17":"product_tag-headset-with-mic","18":"product_tag-lightspeed","19":"product_tag-lightsync","20":"product_tag-logitech","21":"product_tag-mac","22":"product_tag-microphone","23":"product_tag-noise-cancelling-headset","24":"product_tag-over-ear-headset","25":"product_tag-pc-headset","26":"product_tag-rgb","27":"product_tag-rgb-gaming-headset","28":"product_tag-white","29":"product_tag-wireless","30":"product_tag-wireless-headset","32":"first","33":"instock","34":"shipping-taxable","35":"product-type-external"},"_links":{"self":[{"href":"https:\/\/comprasyconsejos.store\/en\/wp-json\/wp\/v2\/product\/33438","targetHints":{"allow":["GET"]}}],"collection":[{"href":"https:\/\/comprasyconsejos.store\/en\/wp-json\/wp\/v2\/product"}],"about":[{"href":"https:\/\/comprasyconsejos.store\/en\/wp-json\/wp\/v2\/types\/product"}],"replies":[{"embeddable":true,"href":"https:\/\/comprasyconsejos.store\/en\/wp-json\/wp\/v2\/comments?post=33438"}],"version-history":[{"count":0,"href":"https:\/\/comprasyconsejos.store\/en\/wp-json\/wp\/v2\/product\/33438\/revisions"}],"wp:featuredmedia":[{"embeddable":true,"href":"https:\/\/comprasyconsejos.store\/en\/wp-json\/wp\/v2\/media\/33439"}],"wp:attachment":[{"href":"https:\/\/comprasyconsejos.store\/en\/wp-json\/wp\/v2\/media?parent=33438"}],"wp:term":[{"taxonomy":"product_brand","embeddable":true,"href":"https:\/\/comprasyconsejos.store\/en\/wp-json\/wp\/v2\/product_brand?post=33438"},{"taxonomy":"product_cat","embeddable":true,"href":"https:\/\/comprasyconsejos.store\/en\/wp-json\/wp\/v2\/product_cat?post=33438"},{"taxonomy":"product_tag","embeddable":true,"href":"https:\/\/comprasyconsejos.store\/en\/wp-json\/wp\/v2\/product_tag?post=33438"}],"curies":[{"name":"wp","href":"https:\/\/api.w.org\/{rel}","templated":true}]}}