{"id":33455,"date":"2026-02-24T05:57:49","date_gmt":"2026-02-24T05:57:49","guid":{"rendered":"https:\/\/comprasyconsejos.store\/product\/cherry-mw-9100-wireless-mouse-optional-connection-via-bluetooth-or-2-4-ghz-radio-resolution-adjustable-in-3-levels-up-to-2400-dpi-rechargeable-black\/"},"modified":"2026-02-24T05:57:53","modified_gmt":"2026-02-24T05:57:53","slug":"cherry-mw-9100-wireless-mouse-optional-connection-via-bluetooth-or-2-4-ghz-radio-resolution-adjustable-in-3-levels-up-to-2400-dpi-rechargeable-black","status":"publish","type":"product","link":"https:\/\/comprasyconsejos.store\/en\/product\/cherry-mw-9100-wireless-mouse-optional-connection-via-bluetooth-or-2-4-ghz-radio-resolution-adjustable-in-3-levels-up-to-2400-dpi-rechargeable-black\/","title":{"rendered":"Cherry MW 9100, Wireless Mouse, Optional Connection via Bluetooth or 2.4 GHz Radio, Resolution Adjustable in 3 Levels up to 2400 dpi, Rechargeable, Black"},"content":{"rendered":"<p>Price: <span style=\"color:#b12704\"><del>\u20ac44.99<\/del> - \u20ac39.35<\/span><br \/><i><small>(as of Feb 24, 2026 05:57:49 UTC &#8211; <span class=\"wp_automatic_amazon_disclaimer\" title=\"Product prices and availability are accurate as of the date\/time indicated and are subject to change. Any price and availability information displayed on [relevant Amazon Site(s), as applicable] at the time of purchase will apply to the purchase of this product.\">Details<\/span>)<\/small><\/i><\/p>\n<p><a href=\"https:\/\/amazon.es\/dp\/B09Q92N3VJ?tag=man008-21\"><img decoding=\"async\" src=\"https:\/\/valvepress.s3.amazonaws.com\/imgs\/buy_now.png\"><\/a><br \/>\n<\/p>\n<p>                                             From the brand   <\/p>\n<p>                                              <img decoding=\"async\" alt=\"cherry brand story\" src=\"https:\/\/images-na.ssl-images-amazon.com\/images\/G\/01\/x-locale\/common\/grey-pixel.gif\" class=\"a-lazy-loaded\" data-src=\"https:\/\/m.media-amazon.com\/images\/S\/aplus-media-library-service-media\/3b51c8e1-7879-4502-b2dc-91d1ce17513e.__CR0,0,1464,625_PT0_SX1464_V1___.jpg\"><img decoding=\"async\" alt=\"cherry brand story\" src=\"https:\/\/m.media-amazon.com\/images\/S\/aplus-media-library-service-media\/3b51c8e1-7879-4502-b2dc-91d1ce17513e.__CR0,0,1464,625_PT0_SX1464_V1___.jpg\">  <\/p>\n<p>                                              <img decoding=\"async\" alt=\"\" src=\"https:\/\/images-na.ssl-images-amazon.com\/images\/G\/01\/x-locale\/common\/grey-pixel.gif\" class=\"a-lazy-loaded\" data-src=\"https:\/\/m.media-amazon.com\/images\/S\/aplus-media-library-service-media\/ed2056af-8481-439f-ab51-8b751611ddf9.__CR0,0,315,145_PT0_SX315_V1___.png\"><img decoding=\"async\" alt=\"\" src=\"https:\/\/m.media-amazon.com\/images\/S\/aplus-media-library-service-media\/ed2056af-8481-439f-ab51-8b751611ddf9.__CR0,0,315,145_PT0_SX315_V1___.png\">  <\/p>\n<p> CHERRY &#8211; Una empresa con tradici\u00f3n <\/p>\n<p> Ya en 1953, Walter L. Cherry empez\u00f3 a fabricar los primeros microinterruptores en el s\u00f3tano de un restaurante en Illinois. 20 a\u00f1os m\u00e1s tarde, se construyeron los primeros teclados, lo que convierte a CHERRY en el fabricante m\u00e1s antiguo de teclados para ordenador. En 1983 comenz\u00f3 la producci\u00f3n de los interruptores MX, que hoy se utilizan en teclados mec\u00e1nicos en todo el mundo. <\/p>\n<p>                                                         Sobre nosotros                                       <\/p>\n<p> CHERRY SE, con sede en Alemania, es un fabricante mundial de dispositivos de entrada para ordenador, con especial atenci\u00f3n a la oficina, los juegos y los interruptores para teclados mec\u00e1nicos. <\/p>\n<p>                                                         Nuestros productos                                       <\/p>\n<p> Ingenier\u00eda alemana de alta calidad se une a un dise\u00f1o impresionante: nuestros productos combinan calidad y est\u00e9tica con m\u00e1xima precisi\u00f3n y durabilidad. <\/p>\n<p>                                                         \u00bfQu\u00e9 representa CHERRY?                                       <\/p>\n<p> CHERRY representa productos de calidad dirigidos a todos aquellos que tienen grandes exigencias en cuanto a rendimiento, dise\u00f1o y funcionalidad de sus dispositivos de entrada. <\/p>\n<h3> TECLADOS <\/h3>\n<p class=\"apm-brand-story-stores-link\">\n<h3> RATONES <\/h3>\n<p class=\"apm-brand-story-stores-link\">\n<h3> PACKS DE TECLADO Y RAT\u00d3N <\/h3>\n<p class=\"apm-brand-story-stores-link\">\n<h3> MICR\u00d3FONOS <\/h3>\n<p class=\"apm-brand-story-stores-link\">\n<h3> OFICINA &amp; TELETRABAJO <\/h3>\n<p class=\"apm-brand-story-stores-link\">\n<h3> GAMING <\/h3>\n<p class=\"apm-brand-story-stores-link\">\n<p> Batteries                                            \u200f                                            :                                            \u200e                                            1 Lithium Polymer batteries required. (included)   <br \/> Product Dimensions                                            \u200f                                            :                                            \u200e                                            9.9 x 6.25 x 3.35 cm; 92 g   <br \/> Manufacturer                                            \u200f                                            :                                            \u200e                                            Cherry Europe GmbH   <br \/> ASIN                                            \u200f                                            :                                            \u200e                                            B09Q92N3VJ   <br \/> Item model number                                            \u200f                                            :                                            \u200e                                            JW-9100-2   <br \/> Country\/Region of Origin                                            \u200f                                            :                                            \u200e                                            Spain   <br \/> Guaranteed software updates until                                            \u200f                                            :                                            \u200e                                            unknown   <br \/>  Customer reviews:                                                                                            4.4               4.4 out of 5 stars                                  (217)                                              var dpAcrHasRegisteredArcLinkClickAction;                    P.when(&#8216;A&#8217;, &#8216;ready&#8217;).execute(function(A) {                        if (dpAcrHasRegisteredArcLinkClickAction !== true) {                            dpAcrHasRegisteredArcLinkClickAction = true;                            A.declarative(                                &#8216;acrLink-click-metrics&#8217;, &#8216;click&#8217;,                                { \u00aballowLinkDefault\u00bb: true },                                function (event) {                                    if (window.ue) {                                        ue.count(\u00abacrLinkClickCount\u00bb, (ue.count(\u00abacrLinkClickCount\u00bb) || 0) + 1);                                    }                                }                            );                        }                    });                                             P.when(&#8216;A&#8217;, &#8216;cf&#8217;).execute(function(A) {                A.declarative(&#8216;acrStarsLink-click-metrics&#8217;, &#8216;click&#8217;, { \u00aballowLinkDefault\u00bb : true },  function(event){                    if(window.ue) {                        ue.count(\u00abacrStarsLinkWithPopoverClickCount\u00bb, (ue.count(\u00abacrStarsLinkWithPopoverClickCount\u00bb) || 0) + 1);                    }                });            });                          <\/p>\n<p>Compact wireless mouse with 6 buttons: thanks to the rubber sides and its compact design, it fits perfectly in the hand and allows you to work comfortably<br \/>Choice of Bluetooth or 2.4 GHz radio: Choose between 2 types of connection and switch from one to the other using the slide switch. How to handle different devices with the same mouse<br \/>Precise sensor with 3-level adjustable resolution: switch between 1,000, 1,600 and 2,400 dpi with the push of a button thanks to the convenient DPI button<br \/>Rechargeable: Battery lasts for weeks and can be recharged during use via USB-C cable &#8211; a status LED provides information on low battery, charging status and resolution<br \/>Practical: Store the CHERRY MW 9100 in the attached carrying bag during transport. Nano USB dongle can be stored magnetically on the mouse<\/p>\n\n","protected":false},"excerpt":{"rendered":"<p> From the brand CHERRY &#8211; Una empresa con tradici\u00f3n Ya en 1953, Walter L. Cherry<\/p>","protected":false},"featured_media":33456,"comment_status":"open","ping_status":"closed","template":"","meta":[],"product_brand":[],"product_cat":[50],"product_tag":[876,765,307,726,759,6093,756,2203,775,761,758,818,2627,767,9461,5494,1149,763,2196,760,764,762,226,757],"class_list":{"0":"post-33455","1":"product","2":"type-product","3":"status-publish","4":"has-post-thumbnail","6":"product_cat-mouse","7":"product_tag-adjustable","8":"product_tag-best-gaming-mouse","9":"product_tag-black","10":"product_tag-bluetooth","11":"product_tag-bluetooth-mouse","12":"product_tag-cherry","13":"product_tag-computer-mouse","14":"product_tag-connection","15":"product_tag-dpi","16":"product_tag-ergonomic-mouse","17":"product_tag-gaming-mouse","18":"product_tag-ghz","19":"product_tag-levels","20":"product_tag-mouse","21":"product_tag-optional","22":"product_tag-radio","23":"product_tag-rechargeable","24":"product_tag-rechargeable-mouse","25":"product_tag-resolution","26":"product_tag-rgb-mouse","27":"product_tag-silent-mouse","28":"product_tag-usb-mouse","29":"product_tag-wireless","30":"product_tag-wireless-mouse","32":"first","33":"instock","34":"sale","35":"shipping-taxable","36":"product-type-external"},"_links":{"self":[{"href":"https:\/\/comprasyconsejos.store\/en\/wp-json\/wp\/v2\/product\/33455","targetHints":{"allow":["GET"]}}],"collection":[{"href":"https:\/\/comprasyconsejos.store\/en\/wp-json\/wp\/v2\/product"}],"about":[{"href":"https:\/\/comprasyconsejos.store\/en\/wp-json\/wp\/v2\/types\/product"}],"replies":[{"embeddable":true,"href":"https:\/\/comprasyconsejos.store\/en\/wp-json\/wp\/v2\/comments?post=33455"}],"version-history":[{"count":0,"href":"https:\/\/comprasyconsejos.store\/en\/wp-json\/wp\/v2\/product\/33455\/revisions"}],"wp:featuredmedia":[{"embeddable":true,"href":"https:\/\/comprasyconsejos.store\/en\/wp-json\/wp\/v2\/media\/33456"}],"wp:attachment":[{"href":"https:\/\/comprasyconsejos.store\/en\/wp-json\/wp\/v2\/media?parent=33455"}],"wp:term":[{"taxonomy":"product_brand","embeddable":true,"href":"https:\/\/comprasyconsejos.store\/en\/wp-json\/wp\/v2\/product_brand?post=33455"},{"taxonomy":"product_cat","embeddable":true,"href":"https:\/\/comprasyconsejos.store\/en\/wp-json\/wp\/v2\/product_cat?post=33455"},{"taxonomy":"product_tag","embeddable":true,"href":"https:\/\/comprasyconsejos.store\/en\/wp-json\/wp\/v2\/product_tag?post=33455"}],"curies":[{"name":"wp","href":"https:\/\/api.w.org\/{rel}","templated":true}]}}