{"id":33466,"date":"2026-02-24T06:02:49","date_gmt":"2026-02-24T06:02:49","guid":{"rendered":"https:\/\/comprasyconsejos.store\/product\/geekom-a5-mini-pc-with-amd-ryzen-5-7430u-16gb-ram-ddr-expandable-no-lpddr-locked-and-512gb-ssd-windows-11-pro-mini-computer-quiet-and-compact-dual-hdmi-sd-reader-ideal-for-office-and-home\/"},"modified":"2026-02-24T06:02:52","modified_gmt":"2026-02-24T06:02:52","slug":"geekom-a5-mini-pc-with-amd-ryzen-5-7430u-16gb-ram-ddr-expandable-no-lpddr-locked-and-512gb-ssd-windows-11-pro-mini-computer-quiet-and-compact-dual-hdmi-sd-reader-ideal-for-office-and-home","status":"publish","type":"product","link":"https:\/\/comprasyconsejos.store\/en\/product\/geekom-a5-mini-pc-with-amd-ryzen-5-7430u-16gb-ram-ddr-expandable-no-lpddr-locked-and-512gb-ssd-windows-11-pro-mini-computer-quiet-and-compact-dual-hdmi-sd-reader-ideal-for-office-and-home\/","title":{"rendered":"GEEKOM A5 Mini PC with AMD Ryzen 5 7430U, 16GB RAM (DDR Expandable, No LPDDR Locked) and 512GB SSD, Windows 11 Pro, Mini Computer Quiet and Compact, Dual HDMI, SD Reader, Ideal for Office and Home"},"content":{"rendered":"<p>Price: <span style=\"color:#b12704\">\u20ac489.00<\/span><br \/><i><small>(as of Feb 24, 2026 06:02:50 UTC &#8211; <span class=\"wp_automatic_amazon_disclaimer\" title=\"Product prices and availability are accurate as of the date\/time indicated and are subject to change. Any price and availability information displayed on [relevant Amazon Site(s), as applicable] at the time of purchase will apply to the purchase of this product.\">Details<\/span>)<\/small><\/i><\/p>\n<p><a href=\"https:\/\/amazon.es\/dp\/B0F32NYQMF?tag=man008-21\"><img decoding=\"async\" src=\"https:\/\/valvepress.s3.amazonaws.com\/imgs\/buy_now.png\"><\/a><br \/>\n<\/p>\n<p>                                             From the brand   <\/p>\n<p>                                              <img decoding=\"async\" alt=\"El texto dice \u00abNO.1\u00bb. Ilustraci\u00f3n minimalista de tem\u00e1tica invernal que muestra una escena te\u00f1ida de azul con figuras simplificadas y formas geom\u00e9tricas sobre un fondo nevado.\" src=\"https:\/\/images-na.ssl-images-amazon.com\/images\/G\/01\/x-locale\/common\/grey-pixel.gif\" class=\"a-lazy-loaded\" data-src=\"https:\/\/m.media-amazon.com\/images\/S\/aplus-media-library-service-media\/08d045c2-d4fc-47ff-b7c1-244abc09e2b8.__CR0,0,4392,1875_PT0_SX1464_V1___.jpg\"><img decoding=\"async\" alt=\"El texto dice \u00abNO.1\u00bb. Ilustraci\u00f3n minimalista de tem\u00e1tica invernal que muestra una escena te\u00f1ida de azul con figuras simplificadas y formas geom\u00e9tricas sobre un fondo nevado.\" src=\"https:\/\/m.media-amazon.com\/images\/S\/aplus-media-library-service-media\/08d045c2-d4fc-47ff-b7c1-244abc09e2b8.__CR0,0,4392,1875_PT0_SX1464_V1___.jpg\">  <\/p>\n<p>                                              <img decoding=\"async\" alt=\"El texto dice \u00abMini PC = GEEKOM\u00bb, \u00abWelt-Nr. 1\u00bb y varias frases en alem\u00e1n sobre miniPC. Imagen promocional de color azul para los miniordenadores GEEKOM que muestra el cronograma de desarrollo del producto.\" src=\"https:\/\/images-na.ssl-images-amazon.com\/images\/G\/01\/x-locale\/common\/grey-pixel.gif\" class=\"a-lazy-loaded\" data-src=\"https:\/\/m.media-amazon.com\/images\/S\/aplus-media-library-service-media\/4bef305f-439e-40f6-a3a3-3afd23fb2882.__CR0,0,1086,1359_PT0_SX362_V1___.jpg\"><img decoding=\"async\" alt=\"El texto dice \u00abMini PC = GEEKOM\u00bb, \u00abWelt-Nr. 1\u00bb y varias frases en alem\u00e1n sobre miniPC. Imagen promocional de color azul para los miniordenadores GEEKOM que muestra el cronograma de desarrollo del producto.\" src=\"https:\/\/m.media-amazon.com\/images\/S\/aplus-media-library-service-media\/4bef305f-439e-40f6-a3a3-3afd23fb2882.__CR0,0,1086,1359_PT0_SX362_V1___.jpg\">  <\/p>\n<p>                                              <img decoding=\"async\" alt=\"aplus content image\" src=\"https:\/\/images-na.ssl-images-amazon.com\/images\/G\/01\/x-locale\/common\/grey-pixel.gif\" class=\"a-lazy-loaded\" data-src=\"https:\/\/m.media-amazon.com\/images\/S\/aplus-media-library-service-media\/83184063-3a4c-46ce-8cfa-205c0faecf3a.__CR0,0,1086,1359_PT0_SX362_V1___.jpg\"><img decoding=\"async\" alt=\"aplus content image\" src=\"https:\/\/m.media-amazon.com\/images\/S\/aplus-media-library-service-media\/83184063-3a4c-46ce-8cfa-205c0faecf3a.__CR0,0,1086,1359_PT0_SX362_V1___.jpg\">  <\/p>\n<p>                                              <img decoding=\"async\" alt=\"El texto dice: \u00abEUROPEAN HARDWARE AWARDS 2025 BEST VALUE DESKTOP SYSTEM GEEKOM A6\u00bb con el lema \u00abGew\u00e4hlt von der Fachjury der European Hardware Association\u00bb en color azul con estrellas doradas.\" src=\"https:\/\/images-na.ssl-images-amazon.com\/images\/G\/01\/x-locale\/common\/grey-pixel.gif\" class=\"a-lazy-loaded\" data-src=\"https:\/\/m.media-amazon.com\/images\/S\/aplus-media-library-service-media\/ec923172-3641-42ef-9a37-2865dcdb4b98.__CR0,0,1086,1359_PT0_SX362_V1___.jpg\"><img decoding=\"async\" alt=\"El texto dice: \u00abEUROPEAN HARDWARE AWARDS 2025 BEST VALUE DESKTOP SYSTEM GEEKOM A6\u00bb con el lema \u00abGew\u00e4hlt von der Fachjury der European Hardware Association\u00bb en color azul con estrellas doradas.\" src=\"https:\/\/m.media-amazon.com\/images\/S\/aplus-media-library-service-media\/ec923172-3641-42ef-9a37-2865dcdb4b98.__CR0,0,1086,1359_PT0_SX362_V1___.jpg\">  <\/p>\n<p>                                              <img decoding=\"async\" alt=\"El texto dice \u00abM\u00e1s de 10 millones\u00bb y \u00abM\u00e1s de 80 estados\u00bb con el gr\u00e1fico del mapa mundial en azul claro. Infograf\u00eda de marketing que muestra las estad\u00edsticas de alcance global.\" src=\"https:\/\/images-na.ssl-images-amazon.com\/images\/G\/01\/x-locale\/common\/grey-pixel.gif\" class=\"a-lazy-loaded\" data-src=\"https:\/\/m.media-amazon.com\/images\/S\/aplus-media-library-service-media\/f6582674-4a0a-46d6-aa59-fe8aa602126e.__CR0,0,1086,1359_PT0_SX362_V1___.jpg\"><img decoding=\"async\" alt=\"El texto dice \u00abM\u00e1s de 10 millones\u00bb y \u00abM\u00e1s de 80 estados\u00bb con el gr\u00e1fico del mapa mundial en azul claro. Infograf\u00eda de marketing que muestra las estad\u00edsticas de alcance global.\" src=\"https:\/\/m.media-amazon.com\/images\/S\/aplus-media-library-service-media\/f6582674-4a0a-46d6-aa59-fe8aa602126e.__CR0,0,1086,1359_PT0_SX362_V1___.jpg\">  <\/p>\n<p>                                              <img decoding=\"async\" alt=\"aplus content image\" src=\"https:\/\/images-na.ssl-images-amazon.com\/images\/G\/01\/x-locale\/common\/grey-pixel.gif\" class=\"a-lazy-loaded\" data-src=\"https:\/\/m.media-amazon.com\/images\/S\/aplus-media-library-service-media\/c9dbd889-3650-451f-b782-998a5da4e57b.__CR0,0,1086,1359_PT0_SX362_V1___.jpg\"><img decoding=\"async\" alt=\"aplus content image\" src=\"https:\/\/m.media-amazon.com\/images\/S\/aplus-media-library-service-media\/c9dbd889-3650-451f-b782-998a5da4e57b.__CR0,0,1086,1359_PT0_SX362_V1___.jpg\">  <\/p>\n<p>                                              <img decoding=\"async\" alt=\"Colecci\u00f3n de logotipos de empresas de medios y tecnolog\u00eda, como Forbes, TechRadar y otras, organizados en forma de cuadr\u00edcula\" src=\"https:\/\/images-na.ssl-images-amazon.com\/images\/G\/01\/x-locale\/common\/grey-pixel.gif\" class=\"a-lazy-loaded\" data-src=\"https:\/\/m.media-amazon.com\/images\/S\/aplus-media-library-service-media\/2c6173cc-07a9-4eef-a801-d42dcae7f419.__CR0,0,1086,1359_PT0_SX362_V1___.jpg\"><img decoding=\"async\" alt=\"Colecci\u00f3n de logotipos de empresas de medios y tecnolog\u00eda, como Forbes, TechRadar y otras, organizados en forma de cuadr\u00edcula\" src=\"https:\/\/m.media-amazon.com\/images\/S\/aplus-media-library-service-media\/2c6173cc-07a9-4eef-a801-d42dcae7f419.__CR0,0,1086,1359_PT0_SX362_V1___.jpg\">  <\/p>\n<p>                                              <img decoding=\"async\" alt=\"Mini PC Geekom\" src=\"https:\/\/images-na.ssl-images-amazon.com\/images\/G\/01\/x-locale\/common\/grey-pixel.gif\" class=\"a-lazy-loaded\" data-src=\"https:\/\/m.media-amazon.com\/images\/S\/aplus-media-library-service-media\/3b6d2e2f-7a89-4a22-99a3-40752ef30edd.__CR0,0,1086,1359_PT0_SX362_V1___.jpg\"><img decoding=\"async\" alt=\"Mini PC Geekom\" src=\"https:\/\/m.media-amazon.com\/images\/S\/aplus-media-library-service-media\/3b6d2e2f-7a89-4a22-99a3-40752ef30edd.__CR0,0,1086,1359_PT0_SX362_V1___.jpg\">  <\/p>\n<p> Package Dimensions                                            \u200f                                            :                                            \u200e                                            22.7 x 17.5 x 13.7 cm; 1.6 kg   <br \/> Manufacturer                                            \u200f                                            :                                            \u200e                                            GEEKOM   <br \/> ASIN                                            \u200f                                            :                                            \u200e                                            B0F32NYQMF   <br \/> Item model number                                            \u200f                                            :                                            \u200e                                            A5   <br \/> Guaranteed software updates until                                            \u200f                                            :                                            \u200e                                            unknown   <br \/>  Customer reviews:                                                                                            4.6               4.6 out of 5 stars                                  (598)                                              var dpAcrHasRegisteredArcLinkClickAction;                    P.when(&#8216;A&#8217;, &#8216;ready&#8217;).execute(function(A) {                        if (dpAcrHasRegisteredArcLinkClickAction !== true) {                            dpAcrHasRegisteredArcLinkClickAction = true;                            A.declarative(                                &#8216;acrLink-click-metrics&#8217;, &#8216;click&#8217;,                                { \u00aballowLinkDefault\u00bb: true },                                function (event) {                                    if (window.ue) {                                        ue.count(\u00abacrLinkClickCount\u00bb, (ue.count(\u00abacrLinkClickCount\u00bb) || 0) + 1);                                    }                                }                            );                        }                    });                                             P.when(&#8216;A&#8217;, &#8216;cf&#8217;).execute(function(A) {                A.declarative(&#8216;acrStarsLink-click-metrics&#8217;, &#8216;click&#8217;, { \u00aballowLinkDefault\u00bb : true },  function(event){                    if(window.ue) {                        ue.count(\u00abacrStarsLinkWithPopoverClickCount\u00bb, (ue.count(\u00abacrStarsLinkWithPopoverClickCount\u00bb) || 0) + 1);                    }                });            });                          <\/p>\n<p>\ufe0f\u3010High Performance with AMD Ryzen 5 7430U\u3011 \u2013 Power for everything: The Mini PC is a powerful processor with AMD Ryzen 5 7430U (6 cores, 12 threads, up to 4.3 GHz). Smoothly handle demanding multitasking, office work, scheduling and multimedia editing. Despite its ultra-compact size, it offers desktop performance with just 20W TDP. Ideal for professionals, students, and creators who need reliable power anywhere.<br \/>\ufe0f\u3010 NEW AND WORKING LIFE \u3011 While other mini PCs use soldered LPDDR (recycled, non-expandable and less stable and useful life), the GEEKOM A5 with new materials and standard processes. Equipped with 16GB RAM and expandable up to 64GB and uses high-quality components for stable and long-lasting performance. It has 2 memory slots: 1\u00d716GB factory installed and 1 free slot for future expansion. Includes a fast 512GB M.2 2280 SSD (up to 4TB). And with M.2 2242 SSD slot (up to 2TB) and 2.5&#8243; SATA HDD (up to 4TB) for maximum flexibility and long-lasting performance.<br \/>\ufe0f\u3010HD Graphics with AMD Radeon\u3011\u2013 Crisp, multi-screen 4K@60Hz visuals: Enjoy ultra-clear 4K playback thanks to AMD Radeon-integrated graphics. Supports multiple simultaneous displays via its HDMI 2.0 and Mini DisplayPort outputs, enhancing your productivity or multimedia experience. Perfect for visual work, HD entertainment or light gaming. Expand your workspace with up to two external monitors.<br \/>\ufe0f\u3010Ultra Compact and Quiet\u3011\u2013 Discreet design, maximum performance: With a minimum dimensions of only 117 x 112 x 38 mm, the A5 Mini PC integrates seamlessly into any space, whether in your office, study or lounge. Its advanced IceBlast 2.0 cooling system maintains cool and remarkably quiet operation, even under intense workloads. A minimalist design that matches any modern setting. Desktop power without taking up space and no noise.<br \/>\ufe0f\u3010Complete Modern Connectivity\u3011\u2013 Connected to everything, at maximum speed: The A5 includes the latest in connectivity: high-speed, low-latency Wi-Fi, Bluetooth for peripherals, USB 3.2 (Type-A and Type-C) ports for fast transfers, HDMI 2.0, Mini DisplayPort, Gigabit LAN and more. Fast, stable and ready connections for any device or task. Versatile and easy to upgrade, it&#8217;s the ideal solution for productivity, multimedia or creation in any scenario.<br \/>\ufe0f\u3010Eco-friendly and Energy Efficient\u3011- With its mini format in aircraft aluminum alloy, the GEEKOM A5 Mini PC integrates into any space. Precision CNC machining ensures superior texture and flawless finishes. With a power consumption \u226415W, recyclable materials, it is a powerful, reliable and eco-friendly Mini PC for home, office or business.<br \/>\ufe0f\u30103-Year Warranty &#038; Customer Support in Spain 24\/7\u3011- Enjoy a leading 3-year warranty, 7-day risk free trial and the best possible experience. Ideal for professionals and individuals looking for a powerful, compact and reliable Mini PC.<br \/>\ufe0f\u3010Flexible Operating System\u3011- GEEKOM A5 Mini PC comes with Windows 11 Pro pre-installed and can be adjusted to Windows 10 or Windows 11 according to user needs. It also supports Linux, so it adapts to different work environments and usage habits. This compatibility offers greater freedom of customization and the quality of the product is suitable for any occasion.<\/p>\n\n","protected":false},"excerpt":{"rendered":"<p> From the brand Package Dimensions \u200f : \u200e 22.7 x 17.5 x 13.7 cm; 1.6<\/p>","protected":false},"featured_media":33467,"comment_status":"open","ping_status":"closed","template":"","meta":[],"product_brand":[],"product_cat":[91],"product_tag":[509,536,640,530,803,801,1004,805,539,7407,800,298,1248,7403,544,626,1093,7409,7408,215,585,808,799,806,163,769,587,1421,807,531,802,513,537,804],"class_list":{"0":"post-33466","1":"product","2":"type-product","3":"status-publish","4":"has-post-thumbnail","6":"product_cat-office-pcs","7":"product_tag-16gb","8":"product_tag-512gb","9":"product_tag-7430u","10":"product_tag-amd","11":"product_tag-budget-office-pc","12":"product_tag-business-desktop-pc","13":"product_tag-compact","14":"product_tag-compact-desktop-pc","15":"product_tag-computer","16":"product_tag-ddr","17":"product_tag-desktop-computer-for-office","18":"product_tag-dual","19":"product_tag-expandable","20":"product_tag-geekom","21":"product_tag-hdmi","22":"product_tag-home","23":"product_tag-ideal","24":"product_tag-locked","25":"product_tag-lpddr","26":"product_tag-mini","27":"product_tag-office","28":"product_tag-office-computer-setup","29":"product_tag-office-pc","30":"product_tag-office-pc-ssd","31":"product_tag-pro","32":"product_tag-quiet","33":"product_tag-ram","34":"product_tag-reader","35":"product_tag-reliable-office-pc","36":"product_tag-ryzen","37":"product_tag-small-office-pc","38":"product_tag-ssd","39":"product_tag-windows","40":"product_tag-windows-office-pc","42":"first","43":"instock","44":"shipping-taxable","45":"product-type-external"},"_links":{"self":[{"href":"https:\/\/comprasyconsejos.store\/en\/wp-json\/wp\/v2\/product\/33466","targetHints":{"allow":["GET"]}}],"collection":[{"href":"https:\/\/comprasyconsejos.store\/en\/wp-json\/wp\/v2\/product"}],"about":[{"href":"https:\/\/comprasyconsejos.store\/en\/wp-json\/wp\/v2\/types\/product"}],"replies":[{"embeddable":true,"href":"https:\/\/comprasyconsejos.store\/en\/wp-json\/wp\/v2\/comments?post=33466"}],"version-history":[{"count":0,"href":"https:\/\/comprasyconsejos.store\/en\/wp-json\/wp\/v2\/product\/33466\/revisions"}],"wp:featuredmedia":[{"embeddable":true,"href":"https:\/\/comprasyconsejos.store\/en\/wp-json\/wp\/v2\/media\/33467"}],"wp:attachment":[{"href":"https:\/\/comprasyconsejos.store\/en\/wp-json\/wp\/v2\/media?parent=33466"}],"wp:term":[{"taxonomy":"product_brand","embeddable":true,"href":"https:\/\/comprasyconsejos.store\/en\/wp-json\/wp\/v2\/product_brand?post=33466"},{"taxonomy":"product_cat","embeddable":true,"href":"https:\/\/comprasyconsejos.store\/en\/wp-json\/wp\/v2\/product_cat?post=33466"},{"taxonomy":"product_tag","embeddable":true,"href":"https:\/\/comprasyconsejos.store\/en\/wp-json\/wp\/v2\/product_tag?post=33466"}],"curies":[{"name":"wp","href":"https:\/\/api.w.org\/{rel}","templated":true}]}}