{"id":33522,"date":"2026-02-24T06:57:51","date_gmt":"2026-02-24T06:57:51","guid":{"rendered":"https:\/\/comprasyconsejos.store\/product\/amazon-basics-wall-charger-with-20w-usb-c-1-port-non-gan-eu-plug-white-2-8-x-8-5-x-4-2-cm\/"},"modified":"2026-02-24T06:57:57","modified_gmt":"2026-02-24T06:57:57","slug":"amazon-basics-wall-charger-with-20w-usb-c-1-port-non-gan-eu-plug-white-2-8-x-8-5-x-4-2-cm","status":"publish","type":"product","link":"https:\/\/comprasyconsejos.store\/en\/product\/amazon-basics-wall-charger-with-20w-usb-c-1-port-non-gan-eu-plug-white-2-8-x-8-5-x-4-2-cm\/","title":{"rendered":"Amazon Basics Wall Charger with 20W USB-C 1-Port, Non-GaN, EU Plug, White, 2.8 x 8.5 x 4.2 cm"},"content":{"rendered":"<p>Price: <span style=\"color:#b12704\">\u20ac9.99<\/span><br \/><i><small>(as of Feb 24, 2026 06:57:51 UTC &#8211; <span class=\"wp_automatic_amazon_disclaimer\" title=\"Product prices and availability are accurate as of the date\/time indicated and are subject to change. Any price and availability information displayed on [relevant Amazon Site(s), as applicable] at the time of purchase will apply to the purchase of this product.\">Details<\/span>)<\/small><\/i><\/p>\n<p><a href=\"https:\/\/amazon.es\/dp\/B08NFLPRVH?tag=man008-21\"><img decoding=\"async\" src=\"https:\/\/valvepress.s3.amazonaws.com\/imgs\/buy_now.png\"><\/a><br \/>\n<\/p>\n<p>                                             From the manufacturer   <\/p>\n<p>                                                                                                       <img decoding=\"async\" alt=\" \" src=\"https:\/\/images-na.ssl-images-amazon.com\/images\/G\/01\/x-locale\/common\/grey-pixel.gif\" class=\"a-lazy-loaded\" data-src=\"https:\/\/m.media-amazon.com\/images\/S\/aplus-media\/sota\/dbbee7f6-feb6-4ce7-896c-cb3df562bc96.__CR0,0,1464,600_PT0_SX1464_V1___.jpg\"><img decoding=\"async\" alt=\" \" src=\"https:\/\/m.media-amazon.com\/images\/S\/aplus-media\/sota\/dbbee7f6-feb6-4ce7-896c-cb3df562bc96.__CR0,0,1464,600_PT0_SX1464_V1___.jpg\">                                               <\/p>\n<p>                                                                                              <img decoding=\"async\" alt=\" \" src=\"https:\/\/images-na.ssl-images-amazon.com\/images\/G\/01\/x-locale\/common\/grey-pixel.gif\" class=\"a-lazy-loaded\" data-src=\"https:\/\/m.media-amazon.com\/images\/S\/aplus-media\/sota\/a7457631-9721-408a-bc3d-d74b4fba00b1.__CR0,254,2035,1526_PT0_SX300_V1___.jpg\"><img decoding=\"async\" alt=\" \" src=\"https:\/\/m.media-amazon.com\/images\/S\/aplus-media\/sota\/a7457631-9721-408a-bc3d-d74b4fba00b1.__CR0,254,2035,1526_PT0_SX300_V1___.jpg\">                                            Cargador de pared de 1 puerto                                         <\/p>\n<p class=\"aplus-p3\"> Carga tu dispositivo   all\u00e1 donde vayas con el cargador de pared de gran velocidad de Amazon Basics.   Perfecto para casa, el trabajo, viajes y mucho m\u00e1s <\/p>\n<p>                                           <img decoding=\"async\" alt=\" \" src=\"https:\/\/images-na.ssl-images-amazon.com\/images\/G\/01\/x-locale\/common\/grey-pixel.gif\" class=\"a-lazy-loaded\" data-src=\"https:\/\/m.media-amazon.com\/images\/S\/aplus-media\/sota\/b700c070-eaa9-471c-86cd-dc67ad8e1d00.__CR0,279,2232,1674_PT0_SX300_V1___.jpg\"><img decoding=\"async\" alt=\" \" src=\"https:\/\/m.media-amazon.com\/images\/S\/aplus-media\/sota\/b700c070-eaa9-471c-86cd-dc67ad8e1d00.__CR0,279,2232,1674_PT0_SX300_V1___.jpg\">                                            Carga r\u00e1pida                                         <\/p>\n<p class=\"aplus-p3\"> Es compatible con   carga r\u00e1pida de 20 vatios para tel\u00e9fonos inteligentes, tabletas, iPods, iPads   y Kindle alimentados por USB y mucho m\u00e1s. <\/p>\n<p>                                           <img decoding=\"async\" alt=\" \" src=\"https:\/\/images-na.ssl-images-amazon.com\/images\/G\/01\/x-locale\/common\/grey-pixel.gif\" class=\"a-lazy-loaded\" data-src=\"https:\/\/m.media-amazon.com\/images\/S\/aplus-media\/sota\/45a9643c-59ae-49c5-9884-799a6210155a.__CR0,63,500,375_PT0_SX300_V1___.jpg\"><img decoding=\"async\" alt=\" \" src=\"https:\/\/m.media-amazon.com\/images\/S\/aplus-media\/sota\/45a9643c-59ae-49c5-9884-799a6210155a.__CR0,63,500,375_PT0_SX300_V1___.jpg\">                                            Caracter\u00edsticas de seguridad                                         <\/p>\n<p class=\"aplus-p3\"> Disfruta de la   tranquilidad que ofrecen las caracter\u00edsticas de seguridad que incluyen   protecci\u00f3n contra sobrecalentamiento, sobrecorriente, sobretensi\u00f3n y   cortocircuito. <\/p>\n<p>                                           <img decoding=\"async\" alt=\" \" src=\"https:\/\/images-na.ssl-images-amazon.com\/images\/G\/01\/x-locale\/common\/grey-pixel.gif\" class=\"a-lazy-loaded\" data-src=\"https:\/\/m.media-amazon.com\/images\/S\/aplus-media\/sota\/209d3675-9be4-4faf-9c2e-ae9e2a0c2666.__CR0,254,2031,1523_PT0_SX300_V1___.jpg\"><img decoding=\"async\" alt=\" \" src=\"https:\/\/m.media-amazon.com\/images\/S\/aplus-media\/sota\/209d3675-9be4-4faf-9c2e-ae9e2a0c2666.__CR0,254,2031,1523_PT0_SX300_V1___.jpg\">                                            Especificaciones adicionales                                         <\/p>\n<p class=\"aplus-p3\"> Dise\u00f1o compacto con   un enchufe plegable pr\u00e1ctico y un indicador led azul. Cables de carga no   incluidos. <\/p>\n<p>                                                                                                       <img decoding=\"async\" alt=\" \" src=\"https:\/\/images-na.ssl-images-amazon.com\/images\/G\/01\/x-locale\/common\/grey-pixel.gif\" class=\"a-lazy-loaded\" data-src=\"https:\/\/m.media-amazon.com\/images\/S\/aplus-media\/sota\/f9426c97-9b9c-4be5-ada5-a453b5383dcb.__CR0,0,1464,600_PT0_SX1464_V1___.jpg\"><img decoding=\"async\" alt=\" \" src=\"https:\/\/m.media-amazon.com\/images\/S\/aplus-media\/sota\/f9426c97-9b9c-4be5-ada5-a453b5383dcb.__CR0,0,1464,600_PT0_SX1464_V1___.jpg\">                                               <\/p>\n<p>                                                                                                       <img decoding=\"async\" alt=\" \" src=\"https:\/\/images-na.ssl-images-amazon.com\/images\/G\/01\/x-locale\/common\/grey-pixel.gif\" class=\"a-lazy-loaded\" data-src=\"https:\/\/m.media-amazon.com\/images\/S\/aplus-media\/sota\/99904a7a-4e96-46c2-a546-e11bb32e5e22.__CR0,0,1464,600_PT0_SX1464_V1___.jpg\"><img decoding=\"async\" alt=\" \" src=\"https:\/\/m.media-amazon.com\/images\/S\/aplus-media\/sota\/99904a7a-4e96-46c2-a546-e11bb32e5e22.__CR0,0,1464,600_PT0_SX1464_V1___.jpg\">                                               <\/p>\n<p> Product Dimensions                                            \u200f                                            :                                            \u200e                                            1.81 x 1.73 x 1.09 cm; 60 g   <br \/> Manufacturer                                            \u200f                                            :                                            \u200e                                            Amazon   <br \/> ASIN                                            \u200f                                            :                                            \u200e                                            B08NFLPRVH   <br \/> Item model number                                            \u200f                                            :                                            \u200e                                            PD20U-1TGA-N-EU   <br \/> Country\/Region of Origin                                            \u200f                                            :                                            \u200e                                            Vietnam   <br \/> Guaranteed software updates until                                            \u200f                                            :                                            \u200e                                            unknown   <br \/>  Customer reviews:                                                                                            4.5               4.5 out of 5 stars                                  (1,965)                                              var dpAcrHasRegisteredArcLinkClickAction;                    P.when(&#8216;A&#8217;, &#8216;ready&#8217;).execute(function(A) {                        if (dpAcrHasRegisteredArcLinkClickAction !== true) {                            dpAcrHasRegisteredArcLinkClickAction = true;                            A.declarative(                                &#8216;acrLink-click-metrics&#8217;, &#8216;click&#8217;,                                { \u00aballowLinkDefault\u00bb: true },                                function (event) {                                    if (window.ue) {                                        ue.count(\u00abacrLinkClickCount\u00bb, (ue.count(\u00abacrLinkClickCount\u00bb) || 0) + 1);                                    }                                }                            );                        }                    });                                             P.when(&#8216;A&#8217;, &#8216;cf&#8217;).execute(function(A) {                A.declarative(&#8216;acrStarsLink-click-metrics&#8217;, &#8216;click&#8217;, { \u00aballowLinkDefault\u00bb : true },  function(event){                    if(window.ue) {                        ue.count(\u00abacrStarsLinkWithPopoverClickCount\u00bb, (ue.count(\u00abacrStarsLinkWithPopoverClickCount\u00bb) || 0) + 1);                    }                });            });                          <\/p>\n<p>20W Single Port USB-C Wall Charger for Fast Charging Devices<br \/>Compatible with smartphones, tablets, iPods, iPads, Kindle and other devices that charge with USB; USB-C cable is not included<br \/>Safety features include over-current, over-heating, over-voltage and short-circuit protection<br \/>Blue LED light; Compact travel design with foldable plug<br \/>Product Dimensions: 2.8 x 8.5 x 4.2 cm<\/p>\n\n","protected":false},"excerpt":{"rendered":"<p> From the manufacturer Cargador de pared de 1 puerto Carga tu dispositivo all\u00e1 donde vayas<\/p>","protected":false},"featured_media":33523,"comment_status":"open","ping_status":"closed","template":"","meta":[],"product_brand":[],"product_cat":[104],"product_tag":[9598,207,397,398,152,147,3004,3003,3015,3008,3007,3010,3011,3000,3001,3013,3016,3014,3005,3002,3009,3017,3006,9599,324,3012,188,134,205],"class_list":{"0":"post-33522","1":"product","2":"type-product","3":"status-publish","4":"has-post-thumbnail","6":"product_cat-apple-iphone","7":"product_tag-1port","8":"product_tag-20w","9":"product_tag-amazon","10":"product_tag-basics","11":"product_tag-charger","12":"product_tag-iphone","13":"product_tag-iphone-13-accessories","14":"product_tag-iphone-14-case","15":"product_tag-iphone-adapter","16":"product_tag-iphone-battery-pack","17":"product_tag-iphone-cable","18":"product_tag-iphone-camera-lens","19":"product_tag-iphone-car-mount","20":"product_tag-iphone-case","21":"product_tag-iphone-charger","22":"product_tag-iphone-earbuds","23":"product_tag-iphone-gaming-controller","24":"product_tag-iphone-magsafe","25":"product_tag-iphone-pro-max-case","26":"product_tag-iphone-screen-protector","27":"product_tag-iphone-tempered-glass","28":"product_tag-iphone-tripod","29":"product_tag-iphone-wireless-charger","30":"product_tag-nongan","31":"product_tag-plug","32":"product_tag-refurbished-iphone","33":"product_tag-usbc","34":"product_tag-wall","35":"product_tag-white","37":"first","38":"instock","39":"shipping-taxable","40":"product-type-external"},"_links":{"self":[{"href":"https:\/\/comprasyconsejos.store\/en\/wp-json\/wp\/v2\/product\/33522","targetHints":{"allow":["GET"]}}],"collection":[{"href":"https:\/\/comprasyconsejos.store\/en\/wp-json\/wp\/v2\/product"}],"about":[{"href":"https:\/\/comprasyconsejos.store\/en\/wp-json\/wp\/v2\/types\/product"}],"replies":[{"embeddable":true,"href":"https:\/\/comprasyconsejos.store\/en\/wp-json\/wp\/v2\/comments?post=33522"}],"version-history":[{"count":0,"href":"https:\/\/comprasyconsejos.store\/en\/wp-json\/wp\/v2\/product\/33522\/revisions"}],"wp:featuredmedia":[{"embeddable":true,"href":"https:\/\/comprasyconsejos.store\/en\/wp-json\/wp\/v2\/media\/33523"}],"wp:attachment":[{"href":"https:\/\/comprasyconsejos.store\/en\/wp-json\/wp\/v2\/media?parent=33522"}],"wp:term":[{"taxonomy":"product_brand","embeddable":true,"href":"https:\/\/comprasyconsejos.store\/en\/wp-json\/wp\/v2\/product_brand?post=33522"},{"taxonomy":"product_cat","embeddable":true,"href":"https:\/\/comprasyconsejos.store\/en\/wp-json\/wp\/v2\/product_cat?post=33522"},{"taxonomy":"product_tag","embeddable":true,"href":"https:\/\/comprasyconsejos.store\/en\/wp-json\/wp\/v2\/product_tag?post=33522"}],"curies":[{"name":"wp","href":"https:\/\/api.w.org\/{rel}","templated":true}]}}