{"id":33541,"date":"2026-02-24T07:11:31","date_gmt":"2026-02-24T07:11:31","guid":{"rendered":"https:\/\/comprasyconsejos.store\/product\/silent-flight-propellers-set-mini-propellers-12-screws-1-screwdriver-8-blades-propeller-blade-spare-parts-propellers-accessories-for-drone-replacement-black-with-silver-edge\/"},"modified":"2026-02-24T07:11:34","modified_gmt":"2026-02-24T07:11:34","slug":"silent-flight-propellers-set-mini-propellers-12-screws-1-screwdriver-8-blades-propeller-blade-spare-parts-propellers-accessories-for-drone-replacement-black-with-silver-edge","status":"publish","type":"product","link":"https:\/\/comprasyconsejos.store\/en\/product\/silent-flight-propellers-set-mini-propellers-12-screws-1-screwdriver-8-blades-propeller-blade-spare-parts-propellers-accessories-for-drone-replacement-black-with-silver-edge\/","title":{"rendered":"Silent Flight Propellers Set, Mini Propellers, 12 Screws + 1 Screwdriver + 8 Blades, Propeller Blade Spare Parts, Propellers Accessories for Drone Replacement (Black with Silver Edge)"},"content":{"rendered":"<p>Price: <span style=\"color:#b12704\">\u20ac8.59<\/span><br \/><i><small>(as of Feb 24, 2026 07:11:31 UTC &#8211; <span class=\"wp_automatic_amazon_disclaimer\" title=\"Product prices and availability are accurate as of the date\/time indicated and are subject to change. Any price and availability information displayed on [relevant Amazon Site(s), as applicable] at the time of purchase will apply to the purchase of this product.\">Details<\/span>)<\/small><\/i><\/p>\n<p><a href=\"https:\/\/amazon.es\/dp\/B0D6W61T4Z?tag=man008-21\"><img decoding=\"async\" src=\"https:\/\/valvepress.s3.amazonaws.com\/imgs\/buy_now.png\"><\/a><br \/>\n<\/p>\n<p>                                             Product Description   <\/p>\n<p>                                                         <img decoding=\"async\" alt=\"el nuevo dron que se utilizar\u00e1 en el videojuego\" src=\"https:\/\/images-na.ssl-images-amazon.com\/images\/G\/01\/x-locale\/common\/grey-pixel.gif\" class=\"a-lazy-loaded\" data-src=\"https:\/\/m.media-amazon.com\/images\/S\/aplus-media-library-service-media\/59712166-577e-4156-8806-7ca1adaccf09.__CR0,0,600,180_PT0_SX600_V1___.jpg\"><img decoding=\"async\" alt=\"el nuevo dron que se utilizar\u00e1 en el videojuego\" src=\"https:\/\/m.media-amazon.com\/images\/S\/aplus-media-library-service-media\/59712166-577e-4156-8806-7ca1adaccf09.__CR0,0,600,180_PT0_SX600_V1___.jpg\">      <\/p>\n<p>                                                                             <img decoding=\"async\" alt=\"1\" src=\"https:\/\/images-na.ssl-images-amazon.com\/images\/G\/01\/x-locale\/common\/grey-pixel.gif\" class=\"a-spacing-base a-lazy-loaded\" data-src=\"https:\/\/m.media-amazon.com\/images\/S\/aplus-media-library-service-media\/938163f4-6759-4381-b330-e894e61320d1.__CR0,0,970,600_PT0_SX970_V1___.jpg\"><img decoding=\"async\" alt=\"1\" src=\"https:\/\/m.media-amazon.com\/images\/S\/aplus-media-library-service-media\/938163f4-6759-4381-b330-e894e61320d1.__CR0,0,970,600_PT0_SX970_V1___.jpg\">                                                                     <\/p>\n<p class=\"a-spacing-base\"> El dise\u00f1o silencioso ayuda a reducir el ruido general de la h\u00e9lice, especialmente durante el despegue y el aterrizaje. <\/p>\n<p>                                                                             <img decoding=\"async\" alt=\"el mejor dron para volar\" src=\"https:\/\/images-na.ssl-images-amazon.com\/images\/G\/01\/x-locale\/common\/grey-pixel.gif\" class=\"a-spacing-base a-lazy-loaded\" data-src=\"https:\/\/m.media-amazon.com\/images\/S\/aplus-media-library-service-media\/6a445f56-356e-4dd0-ac56-3e8d1caa0dbc.__CR0,0,970,600_PT0_SX970_V1___.jpg\"><img decoding=\"async\" alt=\"el mejor dron para volar\" src=\"https:\/\/m.media-amazon.com\/images\/S\/aplus-media-library-service-media\/6a445f56-356e-4dd0-ac56-3e8d1caa0dbc.__CR0,0,970,600_PT0_SX970_V1___.jpg\">                                                                     <\/p>\n<p class=\"a-spacing-base\"> Material: pl\u00e1stico. <\/p>\n<p class=\"a-spacing-base\"> Cantidad: 8 piezas de h\u00e9lices, 1 mini destornillador y 12 tornillos. <\/p>\n<p class=\"a-spacing-base\"> Tama\u00f1o del producto: 11.938 \u00d7 6.604cm (di\u00e1metro \u00d7 paso) <\/p>\n<p>                                                                             <img decoding=\"async\" alt=\"el dron es compacto, compacto y compacto.\" src=\"https:\/\/images-na.ssl-images-amazon.com\/images\/G\/01\/x-locale\/common\/grey-pixel.gif\" class=\"a-spacing-base a-lazy-loaded\" data-src=\"https:\/\/m.media-amazon.com\/images\/S\/aplus-media-library-service-media\/0b0d4245-f6d2-4a95-9f5d-a5c2c055e5ba.__CR0,0,970,600_PT0_SX970_V1___.jpg\"><img decoding=\"async\" alt=\"el dron es compacto, compacto y compacto.\" src=\"https:\/\/m.media-amazon.com\/images\/S\/aplus-media-library-service-media\/0b0d4245-f6d2-4a95-9f5d-a5c2c055e5ba.__CR0,0,970,600_PT0_SX970_V1___.jpg\">                                                                     <\/p>\n<p class=\"a-spacing-base\"> Utilice h\u00e9lices de repuesto para reemplazar piezas viejas y hacer que su dron vuele de manera flexible y estable, lo cual es econ\u00f3mico. <\/p>\n<p>                                                                             <img decoding=\"async\" alt=\"el dron es un dron que se puede usar para volar\" src=\"https:\/\/images-na.ssl-images-amazon.com\/images\/G\/01\/x-locale\/common\/grey-pixel.gif\" class=\"a-spacing-base a-lazy-loaded\" data-src=\"https:\/\/m.media-amazon.com\/images\/S\/aplus-media-library-service-media\/58695081-f8c1-4768-afed-367b0d116aa0.__CR0,0,970,600_PT0_SX970_V1___.jpg\"><img decoding=\"async\" alt=\"el dron es un dron que se puede usar para volar\" src=\"https:\/\/m.media-amazon.com\/images\/S\/aplus-media-library-service-media\/58695081-f8c1-4768-afed-367b0d116aa0.__CR0,0,970,600_PT0_SX970_V1___.jpg\">                                         <\/p>\n<h3 class=\"a-spacing-mini\"> F\u00e1cil de instalar <\/h3>\n<p class=\"a-spacing-base\"> Simplemente alinee los agujeros, coloque los tornillos, gire el destornillador y repita la secuencia. <\/p>\n<p>                                                                             <img decoding=\"async\" alt=\"el dron m\u00e1s popular del mundo\" src=\"https:\/\/images-na.ssl-images-amazon.com\/images\/G\/01\/x-locale\/common\/grey-pixel.gif\" class=\"a-spacing-base a-lazy-loaded\" data-src=\"https:\/\/m.media-amazon.com\/images\/S\/aplus-media-library-service-media\/d3647b64-149d-49bd-a6fa-7acb81eb5555.__CR0,0,970,600_PT0_SX970_V1___.jpg\"><img decoding=\"async\" alt=\"el dron m\u00e1s popular del mundo\" src=\"https:\/\/m.media-amazon.com\/images\/S\/aplus-media-library-service-media\/d3647b64-149d-49bd-a6fa-7acb81eb5555.__CR0,0,970,600_PT0_SX970_V1___.jpg\">                                         <\/p>\n<h3 class=\"a-spacing-mini\"> Nota: <\/h3>\n<p class=\"a-spacing-base\"> 1. Permita una desviaci\u00f3n de tama\u00f1o de 1-2 mm debido a la medici\u00f3n manual. <\/p>\n<p class=\"a-spacing-base\"> 2. Los drones no est\u00e1n incluidos. <\/p>\n<p> Product Dimensions                                            \u200f                                            :                                            \u200e                                            2 x 1 x 1 cm; 10 g   <br \/> Date First Available                                            \u200f                                            :                                            \u200e                                            12 Jun. 2024   <br \/> Manufacturer                                            \u200f                                            :                                            \u200e                                            Comioke   <br \/> ASIN                                            \u200f                                            :                                            \u200e                                            B0D6W61T4Z   <br \/> Item model number                                            \u200f                                            :                                            \u200e                                            Q01   <br \/> Country of origin                                            \u200f                                            :                                            \u200e                                            China   <br \/>       Best Sellers Rank:  24,317 in Toys &#038; Games (See Top 100 in Toys &#038; Games)    117 in Remote &#038; App-Controlled Drones      <br \/>  Customer reviews:                                                                                            3.9               3.9 out of 5 stars                                  (29)                                              var dpAcrHasRegisteredArcLinkClickAction;                    P.when(&#8216;A&#8217;, &#8216;ready&#8217;).execute(function(A) {                        if (dpAcrHasRegisteredArcLinkClickAction !== true) {                            dpAcrHasRegisteredArcLinkClickAction = true;                            A.declarative(                                &#8216;acrLink-click-metrics&#8217;, &#8216;click&#8217;,                                { \u00aballowLinkDefault\u00bb: true },                                function (event) {                                    if (window.ue) {                                        ue.count(\u00abacrLinkClickCount\u00bb, (ue.count(\u00abacrLinkClickCount\u00bb) || 0) + 1);                                    }                                }                            );                        }                    });                                             P.when(&#8216;A&#8217;, &#8216;cf&#8217;).execute(function(A) {                A.declarative(&#8216;acrStarsLink-click-metrics&#8217;, &#8216;click&#8217;, { \u00aballowLinkDefault\u00bb : true },  function(event){                    if(window.ue) {                        ue.count(\u00abacrStarsLinkWithPopoverClickCount\u00bb, (ue.count(\u00abacrStarsLinkWithPopoverClickCount\u00bb) || 0) + 1);                    }                });            });                          <\/p>\n<p>\u3010Propellers Replacement\u30118 black propellers with silver edges (4 clockwise and 4 counterclockwise), a mini screwdriver and 12 screws. (Note: Drones are not included)<br \/>\u3010Propellers\u3011The drone blade provides smooth flight and strong thrust for the aircraft, which is more reliable and practical and provides stable flight.<br \/>\u3010Blade Propellers\u3011The drone blade has a small size and lightweight design for professionals and provides excellent performance.<br \/>\u3010Drone Propellers\u3011The drone blade is lightweight and easy to replace, which offers you more convenience during operation.<br \/>\u3010Drone Propeller Set\u3011Mini screwdrivers and screws help you quickly remove and install the propeller. Periodically replacing propellers can improve the flight flexibility of your drone and give you a good flight experience.<\/p>\n\n","protected":false},"excerpt":{"rendered":"<p> Product Description El dise\u00f1o silencioso ayuda a reducir el ruido general de la h\u00e9lice, especialmente<\/p>","protected":false},"featured_media":33542,"comment_status":"open","ping_status":"closed","template":"","meta":[],"product_brand":[],"product_cat":[98],"product_tag":[2681,2845,307,2659,3976,2854,2852,2855,2853,2842,2844,2848,2846,2850,2838,2849,5247,3044,2839,2840,2843,215,2851,2636,2863,3573,2841,2847,2878,9601,7815,1265,1010,366,7972],"class_list":{"0":"post-33541","1":"product","2":"type-product","3":"status-publish","4":"has-post-thumbnail","6":"product_cat-drones","7":"product_tag-accessories","8":"product_tag-beginner-drone","9":"product_tag-black","10":"product_tag-blade","11":"product_tag-blades","12":"product_tag-dji-drone","13":"product_tag-dji-mavic","14":"product_tag-dji-mini-2","15":"product_tag-drone","16":"product_tag-drone-accessories","17":"product_tag-drone-battery","18":"product_tag-drone-gimbal","19":"product_tag-drone-propellers","20":"product_tag-drone-spare-parts","21":"product_tag-drone-with-camera","22":"product_tag-drones-under-200","23":"product_tag-edge","24":"product_tag-flight","25":"product_tag-foldable-drone","26":"product_tag-fpv-drone","27":"product_tag-hd-drone","28":"product_tag-mini","29":"product_tag-mini-drone","30":"product_tag-parts","31":"product_tag-propeller","32":"product_tag-propellers","33":"product_tag-quadcopter","34":"product_tag-remote-control-drone","35":"product_tag-replacement","36":"product_tag-screwdriver","37":"product_tag-screws","38":"product_tag-set","39":"product_tag-silent","40":"product_tag-silver","41":"product_tag-spare","43":"first","44":"instock","45":"shipping-taxable","46":"product-type-external"},"_links":{"self":[{"href":"https:\/\/comprasyconsejos.store\/en\/wp-json\/wp\/v2\/product\/33541","targetHints":{"allow":["GET"]}}],"collection":[{"href":"https:\/\/comprasyconsejos.store\/en\/wp-json\/wp\/v2\/product"}],"about":[{"href":"https:\/\/comprasyconsejos.store\/en\/wp-json\/wp\/v2\/types\/product"}],"replies":[{"embeddable":true,"href":"https:\/\/comprasyconsejos.store\/en\/wp-json\/wp\/v2\/comments?post=33541"}],"version-history":[{"count":0,"href":"https:\/\/comprasyconsejos.store\/en\/wp-json\/wp\/v2\/product\/33541\/revisions"}],"wp:featuredmedia":[{"embeddable":true,"href":"https:\/\/comprasyconsejos.store\/en\/wp-json\/wp\/v2\/media\/33542"}],"wp:attachment":[{"href":"https:\/\/comprasyconsejos.store\/en\/wp-json\/wp\/v2\/media?parent=33541"}],"wp:term":[{"taxonomy":"product_brand","embeddable":true,"href":"https:\/\/comprasyconsejos.store\/en\/wp-json\/wp\/v2\/product_brand?post=33541"},{"taxonomy":"product_cat","embeddable":true,"href":"https:\/\/comprasyconsejos.store\/en\/wp-json\/wp\/v2\/product_cat?post=33541"},{"taxonomy":"product_tag","embeddable":true,"href":"https:\/\/comprasyconsejos.store\/en\/wp-json\/wp\/v2\/product_tag?post=33541"}],"curies":[{"name":"wp","href":"https:\/\/api.w.org\/{rel}","templated":true}]}}