{"id":33549,"date":"2026-02-24T07:21:41","date_gmt":"2026-02-24T07:21:41","guid":{"rendered":"https:\/\/comprasyconsejos.store\/product\/topiky-wifi-adapter-usb-3-0-wifi-6e-ax5400m-for-pc-802-11ax-3-bands-6g-5g-2-4g-dual-antennas-6dbi-network-adapter-usb-wifi-dongle-for-pc-desktop-laptop-for11-10\/"},"modified":"2026-02-24T07:21:54","modified_gmt":"2026-02-24T07:21:54","slug":"topiky-wifi-adapter-usb-3-0-wifi-6e-ax5400m-for-pc-802-11ax-3-bands-6g-5g-2-4g-dual-antennas-6dbi-network-adapter-usb-wifi-dongle-for-pc-desktop-laptop-for11-10","status":"publish","type":"product","link":"https:\/\/comprasyconsejos.store\/en\/product\/topiky-wifi-adapter-usb-3-0-wifi-6e-ax5400m-for-pc-802-11ax-3-bands-6g-5g-2-4g-dual-antennas-6dbi-network-adapter-usb-wifi-dongle-for-pc-desktop-laptop-for11-10\/","title":{"rendered":"Topiky WiFi Adapter USB 3.0 WiFi 6E AX5400M for PC, 802.11AX 3 Bands 6G 5G 2.4G Dual Antennas 6dBi Network Adapter USB WiFi Dongle for PC Desktop Laptop for11 10"},"content":{"rendered":"<p>Price: <span style=\"color:#b12704\">\u20ac45.91<\/span><br \/><i><small>(as of Feb 24, 2026 07:21:41 UTC &#8211; <span class=\"wp_automatic_amazon_disclaimer\" title=\"Product prices and availability are accurate as of the date\/time indicated and are subject to change. Any price and availability information displayed on [relevant Amazon Site(s), as applicable] at the time of purchase will apply to the purchase of this product.\">Details<\/span>)<\/small><\/i><\/p>\n<p><a href=\"https:\/\/amazon.es\/dp\/B0CJ2TF273?tag=man008-21\"><img decoding=\"async\" src=\"https:\/\/valvepress.s3.amazonaws.com\/imgs\/buy_now.png\"><\/a><br \/>\n<\/p>\n<p>                                             Product Description   <\/p>\n<p>                                                                             <img decoding=\"async\" alt=\"2612230285311-1\" src=\"https:\/\/images-na.ssl-images-amazon.com\/images\/G\/01\/x-locale\/common\/grey-pixel.gif\" class=\"a-spacing-base a-lazy-loaded\" data-src=\"https:\/\/m.media-amazon.com\/images\/S\/aplus-media\/sc\/ed435043-d8f9-435b-aa16-92b9631ad078.__CR0,0,970,600_PT0_SX970_V1___.jpg\"><img decoding=\"async\" alt=\"2612230285311-1\" src=\"https:\/\/m.media-amazon.com\/images\/S\/aplus-media\/sc\/ed435043-d8f9-435b-aa16-92b9631ad078.__CR0,0,970,600_PT0_SX970_V1___.jpg\">                                         <\/p>\n<h3 class=\"a-spacing-mini\"> Topiky Adaptador WiFi USB 3.0 WiFi 6E AX5400M para PC, 802.11AX 3 Bandas 6G 5G 2.4G Antenas Duales 6dBi Adaptador de Red USB WiFi Dongle para PC de Escritorio Porttil para11 10 <\/h3>\n<p>                                                  <img decoding=\"async\" alt=\"YT\" src=\"https:\/\/images-na.ssl-images-amazon.com\/images\/G\/01\/x-locale\/common\/grey-pixel.gif\" class=\"a-lazy-loaded\" data-src=\"https:\/\/m.media-amazon.com\/images\/S\/aplus-media\/sc\/75b45636-c8ba-4135-a591-18af5f550bc7.__CR0,0,300,300_PT0_SX300_V1___.jpg\"><img decoding=\"async\" alt=\"YT\" src=\"https:\/\/m.media-amazon.com\/images\/S\/aplus-media\/sc\/75b45636-c8ba-4135-a591-18af5f550bc7.__CR0,0,300,300_PT0_SX300_V1___.jpg\">  <\/p>\n<p>SOPORTE DE TRIPLE BANDA: Experimente la flexibilidad de la conectividad de triple banda con soporte para bandas de frecuencia de 6 GHz, 5 GHz y 2,4 GHz. El Adaptador WiFi le permite conectarse a diferentes redes WiFi y elegir la mejor banda disponible para un rendimiento \u00f3ptimo y una interferencia reducida. (6Ghz hasta 2400Mbps\/ 5Ghz hasta 2400Mbps \/2,4Ghz hasta 600Mbps) <\/p>\n<p>CONECTOR USB 3.0 DE ALTA VELOCIDAD: El adaptador WiFi USB 3.0 ofrece velocidades de transferencia hasta 10 veces m\u00e1s r\u00e1pidas en comparaci\u00f3n con el USB 2.0. Disfrute de navegaci\u00f3n, transmisi\u00f3n y juegos fluidos, sin demoras ni almacenamiento en b\u00fafer, brindando una experiencia en l\u00ednea mejorada. <\/p>\n<p>SE\u00d1AL M\u00c1S FUERTE: El adaptador WiFi AX 5400Mbps cuenta con antenas duales de 6dBi que brindan una mejora s\u00f3lida de la se\u00f1al, ampliando el alcance y la estabilidad de su conexi\u00f3n inal\u00e1mbrica para una experiencia m\u00e1s confiable e ininterrumpida. Ya sea que est\u00e9 participando en reuniones en tiempo real, transmitiendo sus programas favoritos o jugando, puede disfrutar de una conectividad perfecta y sin interferencias. <\/p>\n<p class=\"apm-text-center\">\n                                                      <img decoding=\"async\" alt=\"1\" src=\"https:\/\/images-na.ssl-images-amazon.com\/images\/G\/01\/x-locale\/common\/grey-pixel.gif\" class=\"a-spacing-mini a-lazy-loaded\" data-src=\"https:\/\/m.media-amazon.com\/images\/S\/aplus-media\/sc\/3f324167-7c6a-4e27-ae81-aba1e23120f1.__CR0,0,300,300_PT0_SX300_V1___.jpg\"><img decoding=\"async\" alt=\"1\" src=\"https:\/\/m.media-amazon.com\/images\/S\/aplus-media\/sc\/3f324167-7c6a-4e27-ae81-aba1e23120f1.__CR0,0,300,300_PT0_SX300_V1___.jpg\">  <\/p>\n<p class=\"apm-text-center\">\n                                                      <img decoding=\"async\" alt=\"2612230285311-2\" src=\"https:\/\/images-na.ssl-images-amazon.com\/images\/G\/01\/x-locale\/common\/grey-pixel.gif\" class=\"a-spacing-mini a-lazy-loaded\" data-src=\"https:\/\/m.media-amazon.com\/images\/S\/aplus-media\/sc\/ab250f5d-bc56-4a38-b10e-b0b6d7e5cdf7.__CR0,0,300,300_PT0_SX300_V1___.jpg\"><img decoding=\"async\" alt=\"2612230285311-2\" src=\"https:\/\/m.media-amazon.com\/images\/S\/aplus-media\/sc\/ab250f5d-bc56-4a38-b10e-b0b6d7e5cdf7.__CR0,0,300,300_PT0_SX300_V1___.jpg\">  <\/p>\n<p class=\"apm-text-center\">\n                                                      <img decoding=\"async\" alt=\"2612230285311-3\" src=\"https:\/\/images-na.ssl-images-amazon.com\/images\/G\/01\/x-locale\/common\/grey-pixel.gif\" class=\"a-spacing-mini a-lazy-loaded\" data-src=\"https:\/\/m.media-amazon.com\/images\/S\/aplus-media\/sc\/7405bf83-bb07-43c6-96c6-884fe2eaf4b3.__CR0,0,300,300_PT0_SX300_V1___.jpg\"><img decoding=\"async\" alt=\"2612230285311-3\" src=\"https:\/\/m.media-amazon.com\/images\/S\/aplus-media\/sc\/7405bf83-bb07-43c6-96c6-884fe2eaf4b3.__CR0,0,300,300_PT0_SX300_V1___.jpg\">  <\/p>\n<p class=\"apm-text-center\">\n                                                      <img decoding=\"async\" alt=\"1\" src=\"https:\/\/images-na.ssl-images-amazon.com\/images\/G\/01\/x-locale\/common\/grey-pixel.gif\" class=\"a-spacing-mini a-lazy-loaded\" data-src=\"https:\/\/m.media-amazon.com\/images\/S\/aplus-media\/sc\/85a48765-1ac5-40c3-b741-44a3f01e1712.__CR0,0,300,300_PT0_SX300_V1___.jpg\"><img decoding=\"async\" alt=\"1\" src=\"https:\/\/m.media-amazon.com\/images\/S\/aplus-media\/sc\/85a48765-1ac5-40c3-b741-44a3f01e1712.__CR0,0,300,300_PT0_SX300_V1___.jpg\">  <\/p>\n<p class=\"apm-text-center\">\n                                                      <img decoding=\"async\" alt=\"2612230285311-2\" src=\"https:\/\/images-na.ssl-images-amazon.com\/images\/G\/01\/x-locale\/common\/grey-pixel.gif\" class=\"a-spacing-mini a-lazy-loaded\" data-src=\"https:\/\/m.media-amazon.com\/images\/S\/aplus-media\/sc\/1cd89817-5788-43eb-9c64-9dc02d4b10b7.__CR0,0,300,300_PT0_SX300_V1___.jpg\"><img decoding=\"async\" alt=\"2612230285311-2\" src=\"https:\/\/m.media-amazon.com\/images\/S\/aplus-media\/sc\/1cd89817-5788-43eb-9c64-9dc02d4b10b7.__CR0,0,300,300_PT0_SX300_V1___.jpg\">  <\/p>\n<p class=\"apm-text-center\">\n                                                      <img decoding=\"async\" alt=\"2612230285311-3\" src=\"https:\/\/images-na.ssl-images-amazon.com\/images\/G\/01\/x-locale\/common\/grey-pixel.gif\" class=\"a-spacing-mini a-lazy-loaded\" data-src=\"https:\/\/m.media-amazon.com\/images\/S\/aplus-media\/sc\/222d801d-86ec-4096-b1f8-d8f6ca3c965f.__CR0,0,300,300_PT0_SX300_V1___.jpg\"><img decoding=\"async\" alt=\"2612230285311-3\" src=\"https:\/\/m.media-amazon.com\/images\/S\/aplus-media\/sc\/222d801d-86ec-4096-b1f8-d8f6ca3c965f.__CR0,0,300,300_PT0_SX300_V1___.jpg\">  <\/p>\n<p>Especificaci\u00f3n: <\/p>\n<p>Tipo de art\u00edculo: Adaptador de red inal\u00e1mbrica <\/p>\n<p>Material: ABS <\/p>\n<p>Chip: para RTL8832CU <\/p>\n<p>Est\u00e1ndar: IEEE802.11a\/b\/g\/n\/ac\/ax <\/p>\n<p>Banda de frecuencia de trabajo: 2,4 GHz, 5 GHz, 6 GHz <\/p>\n<p>Velocidad de funcionamiento: 2,4 GHz: 574 Mbps, 5 GHz: 2400 Mbps, 6 GHz: 2400 MHz <\/p>\n<p>Interfaz: USB3.0 <\/p>\n<p>Ganancia de antena: 2 x 6dBi <\/p>\n<p>Sistemas compatibles: para11\/ 10 <\/p>\n<p>  <\/p>\n<p>C\u00f3mo utilizar: <\/p>\n<p>Plug and Play <\/p>\n<p>  <\/p>\n<p>Lista de empaque: <\/p>\n<p>1 x inal\u00e1mbrico Adaptador de red <\/p>\n<p>2 x Antena Gainer <\/p>\n<p>1 x Manual de instalaci\u00f3n <\/p>\n<p>&gt; <\/p>\n<p>  <\/p>\n<p> Package Dimensions                                            \u200f                                            :                                            \u200e                                            18 x 10.6 x 2.3 cm; 70 g   <br \/> Manufacturer                                            \u200f                                            :                                            \u200e                                            Topiky   <br \/> ASIN                                            \u200f                                            :                                            \u200e                                            B0CJ2TF273   <br \/> Item model number                                            \u200f                                            :                                            \u200e                                            Topiky05sghtfvu8   <br \/> Country\/Region of Origin                                            \u200f                                            :                                            \u200e                                            China   <br \/> Guaranteed software updates until                                            \u200f                                            :                                            \u200e                                            unknown   <br \/>  Customer reviews:                                                                                            4.6               4.6 out of 5 stars                                  (6)                                              var dpAcrHasRegisteredArcLinkClickAction;                    P.when(&#8216;A&#8217;, &#8216;ready&#8217;).execute(function(A) {                        if (dpAcrHasRegisteredArcLinkClickAction !== true) {                            dpAcrHasRegisteredArcLinkClickAction = true;                            A.declarative(                                &#8216;acrLink-click-metrics&#8217;, &#8216;click&#8217;,                                { \u00aballowLinkDefault\u00bb: true },                                function (event) {                                    if (window.ue) {                                        ue.count(\u00abacrLinkClickCount\u00bb, (ue.count(\u00abacrLinkClickCount\u00bb) || 0) + 1);                                    }                                }                            );                        }                    });                                             P.when(&#8216;A&#8217;, &#8216;cf&#8217;).execute(function(A) {                A.declarative(&#8216;acrStarsLink-click-metrics&#8217;, &#8216;click&#8217;, { \u00aballowLinkDefault\u00bb : true },  function(event){                    if(window.ue) {                        ue.count(\u00abacrStarsLinkWithPopoverClickCount\u00bb, (ue.count(\u00abacrStarsLinkWithPopoverClickCount\u00bb) || 0) + 1);                    }                });            });                          <\/p>\n<p>STRONGER SIGNAL: The AX 5400Mbps WiFi adapter features dual 6dBi antennas that provide solid signal enhancement, extending the range and stability of your wireless connection for a more reliable and uninterrupted experience. Whether you&#8217;re participating in real-time meetings, streaming your favorite shows, or playing games, you can enjoy seamless connectivity, without interference.<br \/>TRIPLE BAND SUPPORT: Experience the flexibility of triple-band connectivity with support for 6GHz, 5GHz and 2.4GHz frequency bands. The WiFi Adapter allows you to connect to different WiFi networks and choose the best available band for optimal performance and reduced interference. (6Ghz up to 2400Mbps\/ 5Ghz up to 2400Mbps \/2.4Ghz up to 600Mbps)<br \/>PROFESSIONAL CHIP, EXCELLENT PERFORMANCE: High performance for the original RTL8832CU chip, greatly improved network utilization, the attributes of the overall growth of the support.<br \/>WIDE COMPATIBILITY: The AX 5400Mbps WiFi adapter is highly compatible, making it suitable for various devices. Works perfectly with desktops and laptops running 11 10, 802.11 ax\/ac\/a\/b\/g\/n devices, ensuring hassle-free setup and reliable wireless connectivity.<br \/>HIGH SPEED USB 3.0 CONNECTOR: The USB 3.0 WiFi adapter offers up to 10x faster transfer speeds compared to USB 2.0. Enjoy smooth browsing, streaming and gaming, without delays or buffering, delivering an enhanced online experience.<\/p>\n\n","protected":false},"excerpt":{"rendered":"<p> Product Description Topiky Adaptador WiFi USB 3.0 WiFi 6E AX5400M para PC, 802.11AX 3 Bandas<\/p>","protected":false},"featured_media":33550,"comment_status":"open","ping_status":"closed","template":"","meta":[],"product_brand":[],"product_cat":[72],"product_tag":[768,4150,2220,144,2093,9607,2454,787,2127,298,2110,9608,2116,159,2114,2118,1719,2112,9606,133,2108,543,2104,2120,2102,2106],"class_list":{"0":"post-33549","1":"product","2":"type-product","3":"status-publish","4":"has-post-thumbnail","6":"product_cat-wifi-sticks","7":"product_tag-2-4g","8":"product_tag-6dbi","9":"product_tag-802-11ax","10":"product_tag-adapter","11":"product_tag-antennas","12":"product_tag-ax5400m","13":"product_tag-bands","14":"product_tag-desktop","15":"product_tag-dongle","16":"product_tag-dual","17":"product_tag-dual-band-wifi-adapter","18":"product_tag-for11","19":"product_tag-high-speed-wifi-usb","20":"product_tag-laptop","21":"product_tag-laptop-wifi-adapter","22":"product_tag-mini-wifi-adapter","23":"product_tag-network","24":"product_tag-pc-wifi-adapter","25":"product_tag-topiky","26":"product_tag-usb","27":"product_tag-usb-wifi-dongle","28":"product_tag-wifi","29":"product_tag-wifi-stick","30":"product_tag-wifi-stick-price","31":"product_tag-wifi-usb-adapter","32":"product_tag-wireless-usb-adapter","34":"first","35":"instock","36":"shipping-taxable","37":"product-type-external"},"_links":{"self":[{"href":"https:\/\/comprasyconsejos.store\/en\/wp-json\/wp\/v2\/product\/33549","targetHints":{"allow":["GET"]}}],"collection":[{"href":"https:\/\/comprasyconsejos.store\/en\/wp-json\/wp\/v2\/product"}],"about":[{"href":"https:\/\/comprasyconsejos.store\/en\/wp-json\/wp\/v2\/types\/product"}],"replies":[{"embeddable":true,"href":"https:\/\/comprasyconsejos.store\/en\/wp-json\/wp\/v2\/comments?post=33549"}],"version-history":[{"count":0,"href":"https:\/\/comprasyconsejos.store\/en\/wp-json\/wp\/v2\/product\/33549\/revisions"}],"wp:featuredmedia":[{"embeddable":true,"href":"https:\/\/comprasyconsejos.store\/en\/wp-json\/wp\/v2\/media\/33550"}],"wp:attachment":[{"href":"https:\/\/comprasyconsejos.store\/en\/wp-json\/wp\/v2\/media?parent=33549"}],"wp:term":[{"taxonomy":"product_brand","embeddable":true,"href":"https:\/\/comprasyconsejos.store\/en\/wp-json\/wp\/v2\/product_brand?post=33549"},{"taxonomy":"product_cat","embeddable":true,"href":"https:\/\/comprasyconsejos.store\/en\/wp-json\/wp\/v2\/product_cat?post=33549"},{"taxonomy":"product_tag","embeddable":true,"href":"https:\/\/comprasyconsejos.store\/en\/wp-json\/wp\/v2\/product_tag?post=33549"}],"curies":[{"name":"wp","href":"https:\/\/api.w.org\/{rel}","templated":true}]}}