{"id":33560,"date":"2026-02-24T07:30:41","date_gmt":"2026-02-24T07:30:41","guid":{"rendered":"https:\/\/comprasyconsejos.store\/product\/cudy-4g-lte-cat-6-wifi-router-dual-sim-4g-cellular-router-qualcomm-chipset-ac1200-dual-band-wifi-4-gigabit-ports-openvpn-wireguard-band-lock-ttl-at-command-lt700\/"},"modified":"2026-02-24T07:30:44","modified_gmt":"2026-02-24T07:30:44","slug":"cudy-4g-lte-cat-6-wifi-router-dual-sim-4g-cellular-router-qualcomm-chipset-ac1200-dual-band-wifi-4-gigabit-ports-openvpn-wireguard-band-lock-ttl-at-command-lt700","status":"publish","type":"product","link":"https:\/\/comprasyconsejos.store\/en\/product\/cudy-4g-lte-cat-6-wifi-router-dual-sim-4g-cellular-router-qualcomm-chipset-ac1200-dual-band-wifi-4-gigabit-ports-openvpn-wireguard-band-lock-ttl-at-command-lt700\/","title":{"rendered":"Cudy 4G LTE Cat 6 WiFi Router, Dual SIM 4G Cellular Router, Qualcomm Chipset, AC1200 Dual Band WiFi, 4 Gigabit Ports, OpenVPN, WireGuard, Band Lock, TTL, at Command LT700"},"content":{"rendered":"<p>Price: <span style=\"color:#b12704\"><del>\u20ac94.00<\/del> - \u20ac89.30<\/span><br \/><i><small>(as of Feb 24, 2026 07:30:42 UTC &#8211; <span class=\"wp_automatic_amazon_disclaimer\" title=\"Product prices and availability are accurate as of the date\/time indicated and are subject to change. Any price and availability information displayed on [relevant Amazon Site(s), as applicable] at the time of purchase will apply to the purchase of this product.\">Details<\/span>)<\/small><\/i><\/p>\n<p><a href=\"https:\/\/amazon.es\/dp\/B0BN2VHZV2?tag=man008-21\"><img decoding=\"async\" src=\"https:\/\/valvepress.s3.amazonaws.com\/imgs\/buy_now.png\"><\/a><br \/>\n<\/p>\n<p>                                             From the brand   <\/p>\n<p>                                              <img decoding=\"async\" alt=\"1\" src=\"https:\/\/images-na.ssl-images-amazon.com\/images\/G\/01\/x-locale\/common\/grey-pixel.gif\" class=\"a-lazy-loaded\" data-src=\"https:\/\/m.media-amazon.com\/images\/S\/aplus-media-library-service-media\/520a7b0b-1102-40fb-b55c-0bcbe95be90b.__CR0,0,1464,625_PT0_SX1464_V1___.jpg\"><img decoding=\"async\" alt=\"1\" src=\"https:\/\/m.media-amazon.com\/images\/S\/aplus-media-library-service-media\/520a7b0b-1102-40fb-b55c-0bcbe95be90b.__CR0,0,1464,625_PT0_SX1464_V1___.jpg\">  <\/p>\n<p>                                              <img decoding=\"async\" alt=\"\" src=\"https:\/\/images-na.ssl-images-amazon.com\/images\/G\/01\/x-locale\/common\/grey-pixel.gif\" class=\"a-lazy-loaded\" data-src=\"https:\/\/m.media-amazon.com\/images\/S\/aplus-media-library-service-media\/4cb9ed8a-8d8e-4854-9bcb-82bf51fed1fd.__CR0,0,315,145_PT0_SX315_V1___.jpg\"><img decoding=\"async\" alt=\"\" src=\"https:\/\/m.media-amazon.com\/images\/S\/aplus-media-library-service-media\/4cb9ed8a-8d8e-4854-9bcb-82bf51fed1fd.__CR0,0,315,145_PT0_SX315_V1___.jpg\">  <\/p>\n<p> Cree cada d\u00eda algo \u00fanico <\/p>\n<p> Cudy suministra routers Wi-Fi, routers 4G\/5G, gateways, switches, dispositivos PoE y equipos de fibra a m\u00e1s de 80 pa\u00edses de todo el mundo. <\/p>\n<p> Cudy se compromete a ofrecer tecnolog\u00eda de comunicaci\u00f3n de alto rendimiento y f\u00e1cil uso que mejore la vida cotidiana con prop\u00f3sito y facilidad. <\/p>\n<h3> Routers Wi-Fi 7 <\/h3>\n<h3> Routers 4G\/5G <\/h3>\n<h3> AP\/4G exterior <\/h3>\n<h3> Puertos de 2,5 Gbps <\/h3>\n<p>                                              <img decoding=\"async\" alt=\"Maqueta de interfaz de la aplicaci\u00f3n Cudy que muestra varias pantallas de tel\u00e9fonos inteligentes con dise\u00f1os de men\u00fa y texto en espa\u00f1ol sobre configuraci\u00f3n y administraci\u00f3n\" src=\"https:\/\/images-na.ssl-images-amazon.com\/images\/G\/01\/x-locale\/common\/grey-pixel.gif\" class=\"a-lazy-loaded\" data-src=\"https:\/\/m.media-amazon.com\/images\/S\/aplus-media-library-service-media\/5a6d0a6d-7da6-421b-96b1-b836689b6f12.__CR0,0,362,453_PT0_SX362_V1___.jpg\"><img decoding=\"async\" alt=\"Maqueta de interfaz de la aplicaci\u00f3n Cudy que muestra varias pantallas de tel\u00e9fonos inteligentes con dise\u00f1os de men\u00fa y texto en espa\u00f1ol sobre configuraci\u00f3n y administraci\u00f3n\" src=\"https:\/\/m.media-amazon.com\/images\/S\/aplus-media-library-service-media\/5a6d0a6d-7da6-421b-96b1-b836689b6f12.__CR0,0,362,453_PT0_SX362_V1___.jpg\">  <\/p>\n<p>                                              <img decoding=\"async\" alt=\"Diagrama 3D del sistema WiFi Cudy Mesh que muestra la cobertura de la red inal\u00e1mbrica en toda la casa, con texto en espa\u00f1ol que explica la compatibilidad del dispositivo\" src=\"https:\/\/images-na.ssl-images-amazon.com\/images\/G\/01\/x-locale\/common\/grey-pixel.gif\" class=\"a-lazy-loaded\" data-src=\"https:\/\/m.media-amazon.com\/images\/S\/aplus-media-library-service-media\/e7136e15-6fb5-4a34-9f71-66df8a644185.__CR0,0,362,453_PT0_SX362_V1___.jpg\"><img decoding=\"async\" alt=\"Diagrama 3D del sistema WiFi Cudy Mesh que muestra la cobertura de la red inal\u00e1mbrica en toda la casa, con texto en espa\u00f1ol que explica la compatibilidad del dispositivo\" src=\"https:\/\/m.media-amazon.com\/images\/S\/aplus-media-library-service-media\/e7136e15-6fb5-4a34-9f71-66df8a644185.__CR0,0,362,453_PT0_SX362_V1___.jpg\">  <\/p>\n<p>                                              <img decoding=\"async\" alt=\", incluidos WireGuard y OpenVPN. Iconos para varios protocolos de VPN: IKEv2, L2TP, PPTP. Escriba el texto \u00abVPN segura\" src=\"https:\/\/images-na.ssl-images-amazon.com\/images\/G\/01\/x-locale\/common\/grey-pixel.gif\" class=\"a-lazy-loaded\" data-src=\"https:\/\/m.media-amazon.com\/images\/S\/aplus-media-library-service-media\/6638f843-beac-416e-b2dc-2aa0b705fe6a.__CR0,0,362,453_PT0_SX362_V1___.jpg\"><img decoding=\"async\" alt=\", incluidos WireGuard y OpenVPN. Iconos para varios protocolos de VPN: IKEv2, L2TP, PPTP. Escriba el texto \u00abVPN segura\" src=\"https:\/\/m.media-amazon.com\/images\/S\/aplus-media-library-service-media\/6638f843-beac-416e-b2dc-2aa0b705fe6a.__CR0,0,362,453_PT0_SX362_V1___.jpg\">  <\/p>\n<p>                                                         \u00bfEs f\u00e1cil configurar un router Cudy?                                       <\/p>\n<p> Los productos Cudy son f\u00e1ciles de configurar. Los v\u00eddeos oficiales de Cudy te gu\u00edan paso a paso durante la configuraci\u00f3n, y la mayor\u00eda de los dispositivos dom\u00e9sticos de Cudy son compatibles con la app de Cudy <\/p>\n<p>                                                         \u00bfPor qu\u00e9 necesito una conexi\u00f3n Wi-Fi m\u00e1s r\u00e1pida que mi banda ancha?                                       <\/p>\n<p> La velocidad Wi-Fi no s\u00f3lo afecta a la velocidad de transmisi\u00f3n de los datos, sino tambi\u00e9n a su alcance. Un router de mayor velocidad permite una mayor degradaci\u00f3n antes de la desconexi\u00f3n a medida que te alejas del router. <\/p>\n<p> Is discontinued by manufacturer                                            \u200f                                            :                                            \u200e                                            No   <br \/> Product Dimensions                                            \u200f                                            :                                            \u200e                                            25.25 x 16.1 x 4.83 cm; 400 g   <br \/> Manufacturer                                            \u200f                                            :                                            \u200e                                            Shenzhen Cudy Technology Co., Ltd.   <br \/> ASIN                                            \u200f                                            :                                            \u200e                                            B0BN2VHZV2   <br \/> Item model number                                            \u200f                                            :                                            \u200e                                            LT700   <br \/> Country of origin                                            \u200f                                            :                                            \u200e                                            China   <br \/> Guaranteed software updates until                                            \u200f                                            :                                            \u200e                                            unknown   <br \/>  Customer reviews:                                                                                            4.3               4.3 out of 5 stars                                  (549)                                              var dpAcrHasRegisteredArcLinkClickAction;                    P.when(&#8216;A&#8217;, &#8216;ready&#8217;).execute(function(A) {                        if (dpAcrHasRegisteredArcLinkClickAction !== true) {                            dpAcrHasRegisteredArcLinkClickAction = true;                            A.declarative(                                &#8216;acrLink-click-metrics&#8217;, &#8216;click&#8217;,                                { \u00aballowLinkDefault\u00bb: true },                                function (event) {                                    if (window.ue) {                                        ue.count(\u00abacrLinkClickCount\u00bb, (ue.count(\u00abacrLinkClickCount\u00bb) || 0) + 1);                                    }                                }                            );                        }                    });                                             P.when(&#8216;A&#8217;, &#8216;cf&#8217;).execute(function(A) {                A.declarative(&#8216;acrStarsLink-click-metrics&#8217;, &#8216;click&#8217;, { \u00aballowLinkDefault\u00bb : true },  function(event){                    if(window.ue) {                        ue.count(\u00abacrStarsLinkWithPopoverClickCount\u00bb, (ue.count(\u00abacrStarsLinkWithPopoverClickCount\u00bb) || 0) + 1);                    }                });            });                          <\/p>\n<p>Fast 4G LTE Cat.6 connectivity. Cudy LT700 employs 3GPP UE downlink Category 6: LTE-A technology with data rates up to 300\/50 Mbps. Built-in high-performance 4&#215;4 MIMO antennas increase your serviceability and expand internet coverage for your subscribers.<br \/>Replaceable cellular antenna interface provides a variety of installation possibilities. 4 x 5dBi cellular antennas and 2x5dBi WiFi antenna improve the sensitivity of the router and improve the signal quality of 4G LTE and Wi-Fi. At the same time, the cellular antenna is a detachable design. If you want to use an outdoor cellular antenna, the SMA connector also provides the possibility of an external cellular antenna.<br \/>Dual SIM and WAN Failover keep you always on the internet. Dual SIM slots provide redundancy and keep the device always online. Both SIM slots can be filled, you can choose whether to use SIM card 1 or SIM card 2, or select automatically by Cudy. Set the WAN\/LAN port as a WAN to allow Cudy to use the fixed Internet from WAN, and the 3G\/4G connection works as a backup to provide a sustained and reliable internet connection for you.<br \/>Multiple VPN clients. With PPTP\/ L2TP \/ OpenVPN \/ WireGuard \/ IPsec \/ Zerotier VPN built-in, this 4G router can easily establish a connection to the VPN server to carry all your data and traffic online, securing it with its encryption at the same time. Support 20 providers plus DDNS, convenient to manage your remote cameras.<br \/>IMPORTANT NOTES &#8211; The product&#8217;s compatible frequency band is different from the region, so please purchase the product through your local Amazon website. For example, if you live in the United States, please buy the product on Amazon US, if you live in Europe, Africa, Asia, Middle East, then buy the product on Amazon Europe.<\/p>\n\n","protected":false},"excerpt":{"rendered":"<p> From the brand Cree cada d\u00eda algo \u00fanico Cudy suministra routers Wi-Fi, routers 4G\/5G, gateways,<\/p>","protected":false},"featured_media":33561,"comment_status":"open","ping_status":"closed","template":"","meta":[],"product_brand":[],"product_cat":[71],"product_tag":[2080,2435,2217,2084,3606,2834,2401,945,5502,298,2078,2079,1092,2081,2083,2486,9610,1043,2082,3945,382,6971,2088,2085,2827,9609,543,2076,3946,2077],"class_list":{"0":"post-33560","1":"product","2":"type-product","3":"status-publish","4":"has-post-thumbnail","6":"product_cat-wifi-routers","7":"product_tag-5ghz-router","8":"product_tag-ac1200","9":"product_tag-band","10":"product_tag-best-wifi-router","11":"product_tag-cat","12":"product_tag-cellular","13":"product_tag-chipset","14":"product_tag-command","15":"product_tag-cudy","16":"product_tag-dual","17":"product_tag-dual-band-router","18":"product_tag-gaming-wifi-router","19":"product_tag-gigabit","20":"product_tag-high-speed-router","21":"product_tag-home-wifi-router","22":"product_tag-lock","23":"product_tag-lt700","24":"product_tag-lte","25":"product_tag-mesh-wifi-router","26":"product_tag-openvpn","27":"product_tag-ports","28":"product_tag-qualcomm","29":"product_tag-router","30":"product_tag-router-price","31":"product_tag-sim","32":"product_tag-ttl","33":"product_tag-wifi","34":"product_tag-wifi-router","35":"product_tag-wireguard","36":"product_tag-wireless-router","38":"first","39":"instock","40":"sale","41":"shipping-taxable","42":"product-type-external"},"_links":{"self":[{"href":"https:\/\/comprasyconsejos.store\/en\/wp-json\/wp\/v2\/product\/33560","targetHints":{"allow":["GET"]}}],"collection":[{"href":"https:\/\/comprasyconsejos.store\/en\/wp-json\/wp\/v2\/product"}],"about":[{"href":"https:\/\/comprasyconsejos.store\/en\/wp-json\/wp\/v2\/types\/product"}],"replies":[{"embeddable":true,"href":"https:\/\/comprasyconsejos.store\/en\/wp-json\/wp\/v2\/comments?post=33560"}],"version-history":[{"count":0,"href":"https:\/\/comprasyconsejos.store\/en\/wp-json\/wp\/v2\/product\/33560\/revisions"}],"wp:featuredmedia":[{"embeddable":true,"href":"https:\/\/comprasyconsejos.store\/en\/wp-json\/wp\/v2\/media\/33561"}],"wp:attachment":[{"href":"https:\/\/comprasyconsejos.store\/en\/wp-json\/wp\/v2\/media?parent=33560"}],"wp:term":[{"taxonomy":"product_brand","embeddable":true,"href":"https:\/\/comprasyconsejos.store\/en\/wp-json\/wp\/v2\/product_brand?post=33560"},{"taxonomy":"product_cat","embeddable":true,"href":"https:\/\/comprasyconsejos.store\/en\/wp-json\/wp\/v2\/product_cat?post=33560"},{"taxonomy":"product_tag","embeddable":true,"href":"https:\/\/comprasyconsejos.store\/en\/wp-json\/wp\/v2\/product_tag?post=33560"}],"curies":[{"name":"wp","href":"https:\/\/api.w.org\/{rel}","templated":true}]}}