{"id":33571,"date":"2026-02-24T08:05:08","date_gmt":"2026-02-24T08:05:08","guid":{"rendered":"https:\/\/comprasyconsejos.store\/product\/pasta-termica-tf4-9-5-w-mk-alto-rendimiento-a-base-de-carbono-pasta-de-disipador-termico-cpu-para-todos-los-enfriadores-1-5-g\/"},"modified":"2026-02-24T08:05:10","modified_gmt":"2026-02-24T08:05:10","slug":"pasta-termica-tf4-9-5-w-mk-alto-rendimiento-a-base-de-carbono-pasta-de-disipador-termico-cpu-para-todos-los-enfriadores-1-5-g","status":"publish","type":"product","link":"https:\/\/comprasyconsejos.store\/en\/product\/pasta-termica-tf4-9-5-w-mk-alto-rendimiento-a-base-de-carbono-pasta-de-disipador-termico-cpu-para-todos-los-enfriadores-1-5-g\/","title":{"rendered":"Pasta t\u00e9rmica TF4 9.5 W\/mK, alto rendimiento a base de carbono, pasta de disipador t\u00e9rmico, CPU para todos los enfriadores, 1.5 g"},"content":{"rendered":"<p>Price: <span style=\"color:#b12704\">\u20ac8.65<\/span><br \/><i><small>(as of Feb 24, 2026 08:05:09 UTC &#8211; <span class=\"wp_automatic_amazon_disclaimer\" title=\"Product prices and availability are accurate as of the date\/time indicated and are subject to change. Any price and availability information displayed on [relevant Amazon Site(s), as applicable] at the time of purchase will apply to the purchase of this product.\">Details<\/span>)<\/small><\/i><\/p>\n<p><a href=\"https:\/\/amazon.es\/dp\/B07K46P757?tag=man008-21\"><img decoding=\"async\" src=\"https:\/\/valvepress.s3.amazonaws.com\/imgs\/buy_now.png\"><\/a><br \/>\n<\/p>\n<p>                                             Product Description   <\/p>\n<p>                         Add To Basket  <\/p>\n<p>                             Customer Reviews  <\/p>\n<p>                    4.1 out of 5 stars  186  <\/p>\n<p>                    4.5 out of 5 stars  134  <\/p>\n<p>                    4.6 out of 5 stars  3,328  <\/p>\n<p>                    4.2 out of 5 stars  844  <\/p>\n<p>                    4.5 out of 5 stars  943  <\/p>\n<p>                    4.3 out of 5 stars  991  <\/p>\n<p>                             Price  <\/p>\n<p>                                            \u2014 no data<\/p>\n<p>                                            \u2014 no data<\/p>\n<p>                                            \u2014 no data<\/p>\n<p>                                            \u2014 no data<br \/>\n                                                       \u20ac12.29\u20ac12.29<br \/>\n                                            \u2014 no data<\/p>\n<p>                             Peso<br \/>\n                                1.5 g               2 g               2 g               2 g               85x45x1mm               30 CM        <\/p>\n<p>                             Pasta t\u00e9rmica<br \/>\n                                9.5 W\/mk               12.8 W\/mk               13.8 W\/mk               14.3 W\/mk               12.8 W\/mk               Sleeved Cables        <\/p>\n<p> Is discontinued by manufacturer                                            \u200f                                            :                                            \u200e                                            No   <br \/> Product Dimensions                                            \u200f                                            :                                            \u200e                                            3.05 x 14.99 x 7.11 cm; 1.5 g   <br \/> Manufacturer                                            \u200f                                            :                                            \u200e                                            CCK (HK) Co.,Ltd.-FOB CNYTN   <br \/> ASIN                                            \u200f                                            :                                            \u200e                                            B07K46P757   <br \/> Item model number                                            \u200f                                            :                                            \u200e                                            TF4   <br \/> Guaranteed software updates until                                            \u200f                                            :                                            \u200e                                            unknown   <br \/>  Customer reviews:                                                                                            4.1               4.1 out of 5 stars                                  (186)                                              var dpAcrHasRegisteredArcLinkClickAction;                    P.when(&#8216;A&#8217;, &#8216;ready&#8217;).execute(function(A) {                        if (dpAcrHasRegisteredArcLinkClickAction !== true) {                            dpAcrHasRegisteredArcLinkClickAction = true;                            A.declarative(                                &#8216;acrLink-click-metrics&#8217;, &#8216;click&#8217;,                                { \u00aballowLinkDefault\u00bb: true },                                function (event) {                                    if (window.ue) {                                        ue.count(\u00abacrLinkClickCount\u00bb, (ue.count(\u00abacrLinkClickCount\u00bb) || 0) + 1);                                    }                                }                            );                        }                    });                                             P.when(&#8216;A&#8217;, &#8216;cf&#8217;).execute(function(A) {                A.declarative(&#8216;acrStarsLink-click-metrics&#8217;, &#8216;click&#8217;, { \u00aballowLinkDefault\u00bb : true },  function(event){                    if(window.ue) {                        ue.count(\u00abacrStarsLinkWithPopoverClickCount\u00bb, (ue.count(\u00abacrStarsLinkWithPopoverClickCount\u00bb) || 0) + 1);                    }                });            });                          <\/p>\n<p>[Alta conductividad t\u00e9rmica]: compuesta de micropart\u00edculas de carbono que conducen a una conductividad t\u00e9rmica extremadamente alta. Garantiza que el calor generado por la CPU o GPU se disipe de manera eficiente.<br \/>[Aplicaci\u00f3n segura]: el TF4 no contiene metal y no es conductor de electricidad, lo que elimina cualquier riesgo de causar cortocircuito y agrega m\u00e1s protecci\u00f3n a la CPU y las tarjetas VGA.<br \/>[Alta durabilidad]: en contraste con el compuesto t\u00e9rmico de metal y silicio, el TF4 no se compromete con el tiempo. Una vez aplicado, no necesita volver a aplicarlo, ya que durar\u00e1 al menos 8 a\u00f1os.<br \/>[F\u00e1cil de aplicar]: con una consistencia ideal, el TF4 es muy f\u00e1cil de usar, incluso para principiantes.<br \/>[Compuesto t\u00e9rmico]: f\u00f3rmula, el TF4 garantiza una disipaci\u00f3n de calor excepcional de los componentes y respalda la estabilidad necesaria para llevar su sistema al l\u00edmite.<\/p>\n\n","protected":false},"excerpt":{"rendered":"<p> Product Description Add To Basket Customer Reviews 4.1 out of 5 stars 186 4.5 out<\/p>","protected":false},"featured_media":33572,"comment_status":"open","ping_status":"closed","template":"","meta":[],"product_brand":[],"product_cat":[67],"product_tag":[7253,4186,2039,9612,598,2045,2034,6671,9117,2043,2038,4697,3954,4694,7254,4695,8572,9611,2035,2036,2033,2041,2048,4696,4961],"class_list":{"0":"post-33571","1":"product","2":"type-product","3":"status-publish","4":"has-post-thumbnail","6":"product_cat-thermal-paste","7":"product_tag-alto","8":"product_tag-base","9":"product_tag-best-thermal-paste","10":"product_tag-carbono","11":"product_tag-cpu","12":"product_tag-cpu-cooling-paste","13":"product_tag-cpu-thermal-paste","14":"product_tag-disipador","15":"product_tag-enfriadores","16":"product_tag-heat-sink-paste","17":"product_tag-high-performance-thermal-paste","18":"product_tag-los","19":"product_tag-para","20":"product_tag-pasta","21":"product_tag-rendimiento","22":"product_tag-termica","23":"product_tag-termico","24":"product_tag-tf4","25":"product_tag-thermal-compound","26":"product_tag-thermal-grease","27":"product_tag-thermal-paste","28":"product_tag-thermal-paste-for-gaming-pc","29":"product_tag-thermal-paste-price","30":"product_tag-todos","31":"product_tag-wmk","33":"first","34":"instock","35":"shipping-taxable","36":"product-type-external"},"_links":{"self":[{"href":"https:\/\/comprasyconsejos.store\/en\/wp-json\/wp\/v2\/product\/33571","targetHints":{"allow":["GET"]}}],"collection":[{"href":"https:\/\/comprasyconsejos.store\/en\/wp-json\/wp\/v2\/product"}],"about":[{"href":"https:\/\/comprasyconsejos.store\/en\/wp-json\/wp\/v2\/types\/product"}],"replies":[{"embeddable":true,"href":"https:\/\/comprasyconsejos.store\/en\/wp-json\/wp\/v2\/comments?post=33571"}],"version-history":[{"count":0,"href":"https:\/\/comprasyconsejos.store\/en\/wp-json\/wp\/v2\/product\/33571\/revisions"}],"wp:featuredmedia":[{"embeddable":true,"href":"https:\/\/comprasyconsejos.store\/en\/wp-json\/wp\/v2\/media\/33572"}],"wp:attachment":[{"href":"https:\/\/comprasyconsejos.store\/en\/wp-json\/wp\/v2\/media?parent=33571"}],"wp:term":[{"taxonomy":"product_brand","embeddable":true,"href":"https:\/\/comprasyconsejos.store\/en\/wp-json\/wp\/v2\/product_brand?post=33571"},{"taxonomy":"product_cat","embeddable":true,"href":"https:\/\/comprasyconsejos.store\/en\/wp-json\/wp\/v2\/product_cat?post=33571"},{"taxonomy":"product_tag","embeddable":true,"href":"https:\/\/comprasyconsejos.store\/en\/wp-json\/wp\/v2\/product_tag?post=33571"}],"curies":[{"name":"wp","href":"https:\/\/api.w.org\/{rel}","templated":true}]}}