{"id":33617,"date":"2026-02-24T09:11:24","date_gmt":"2026-02-24T09:11:24","guid":{"rendered":"https:\/\/comprasyconsejos.store\/product\/idprt-mt610pro-a4-portable-thermal-printers-300dpi-bluetooth-portable-printer-for-vehicles-office-and-home-compatible-with-android-ios-phones-and-laptops-black\/"},"modified":"2026-02-24T09:11:26","modified_gmt":"2026-02-24T09:11:26","slug":"idprt-mt610pro-a4-portable-thermal-printers-300dpi-bluetooth-portable-printer-for-vehicles-office-and-home-compatible-with-android-ios-phones-and-laptops-black","status":"publish","type":"product","link":"https:\/\/comprasyconsejos.store\/en\/product\/idprt-mt610pro-a4-portable-thermal-printers-300dpi-bluetooth-portable-printer-for-vehicles-office-and-home-compatible-with-android-ios-phones-and-laptops-black\/","title":{"rendered":"iDPRT MT610pro A4 Portable Thermal Printers, 300dpi Bluetooth Portable Printer for Vehicles, Office and Home, Compatible with Android\/iOS Phones and Laptops, Black"},"content":{"rendered":"<p>Price: <span style=\"color:#b12704\">\u20ac69.99<\/span><br \/><i><small>(as of Feb 24, 2026 09:11:24 UTC &#8211; <span class=\"wp_automatic_amazon_disclaimer\" title=\"Product prices and availability are accurate as of the date\/time indicated and are subject to change. Any price and availability information displayed on [relevant Amazon Site(s), as applicable] at the time of purchase will apply to the purchase of this product.\">Details<\/span>)<\/small><\/i><\/p>\n<p><a href=\"https:\/\/amazon.es\/dp\/B0DR2FKH1K?tag=man008-21\"><img decoding=\"async\" src=\"https:\/\/valvepress.s3.amazonaws.com\/imgs\/buy_now.png\"><\/a><br \/>\n<\/p>\n<p>                                             Product Description   <\/p>\n<p>The video showcases the product in use.The video guides you through product setup.The video compares multiple products.The video shows the product being unpacked. MT610 Thermal Printer  Merchant video<\/p>\n<p>                                                                              <img decoding=\"async\" alt=\"El texto dice: \u00abCompatible con Mobile Print y Computer Print\u00bb. Maqueta de interfaz que muestra las opciones de impresi\u00f3n m\u00f3vil y de escritorio con c\u00f3digos QR e \u00edconos.\" src=\"https:\/\/m.media-amazon.com\/images\/S\/aplus-media-library-service-media\/a8ee3045-8c3e-4df3-ae58-8f85607792cd.__CR0,0,1464,600_PT0_SX1464_V1___.jpg\">                                                    <img decoding=\"async\" alt=\"El texto dice \u00abConexi\u00f3n Bluetooth al tel\u00e9fono y a la tableta\u00bb. Muestra un diagrama que muestra el proceso de conexi\u00f3n Bluetooth entre los dispositivos y una barra de sonido o un dispositivo con altavoz negros.\" src=\"https:\/\/m.media-amazon.com\/images\/S\/aplus-media-library-service-media\/c825cca1-b277-49e1-b10d-0568467ee5f6.__CR0,0,1464,600_PT0_SX1464_V1___.jpg\">                                                    <img decoding=\"async\" alt=\"El texto dice: \u00abConexi\u00f3n USB al ordenador\u00bb. Diagrama t\u00e9cnico que muestra la interfaz de conexi\u00f3n USB y el dise\u00f1o de los componentes del dispositivo electr\u00f3nico.\" src=\"https:\/\/m.media-amazon.com\/images\/S\/aplus-media-library-service-media\/71be54ed-ffa0-499f-a77c-d4789e4eaf22.__CR0,0,1464,600_PT0_SX1464_V1___.jpg\">                       <\/p>\n<p>                       1 Compatibilidad          2 Conexi\u00f3n Bluetooth          3 Conexi\u00f3n USB                       <\/p>\n<p>                                                                                                       <img decoding=\"async\" alt=\"aplus content image\" src=\"https:\/\/images-na.ssl-images-amazon.com\/images\/G\/01\/x-locale\/common\/grey-pixel.gif\" class=\"a-lazy-loaded\" data-src=\"https:\/\/m.media-amazon.com\/images\/S\/aplus-media-library-service-media\/323d3cd7-9fb9-4ad2-82b5-c6a7406a5bf6.__CR0,0,1464,600_PT0_SX1464_V1___.jpg\"><img decoding=\"async\" alt=\"aplus content image\" src=\"https:\/\/m.media-amazon.com\/images\/S\/aplus-media-library-service-media\/323d3cd7-9fb9-4ad2-82b5-c6a7406a5bf6.__CR0,0,1464,600_PT0_SX1464_V1___.jpg\">                                               <\/p>\n<p>                                                                                  <img decoding=\"async\" alt=\"El texto dice \u00ab\u00a1En cualquier momento y en cualquier lugar!\u00bb Collage de personas que usan computadoras port\u00e1tiles en varios entornos, interiores y exteriores.\" src=\"https:\/\/m.media-amazon.com\/images\/S\/aplus-media-library-service-media\/9855c1bf-d3cd-452f-bafb-0a49e4f0e5cc.__CR0,0,1464,600_PT0_SX1464_V1___.jpg\">       <\/p>\n<p>                                                                                  <img decoding=\"async\" alt=\"que usa una computadora port\u00e1til que muestra gr\u00e1ficos circulares y visualizaciones de datos en un escritorio de oficina moderno\" src=\"https:\/\/m.media-amazon.com\/images\/S\/aplus-media-library-service-media\/d4f25410-5611-46cc-a79d-8f800bca172e.__CR0,0,1464,600_PT0_SX1464_V1___.jpg\">       <\/p>\n<p>                                                                                  <img decoding=\"async\" alt=\"Persona que usa una computadora port\u00e1til mientras sostiene papeles, sentada junto a una ventana. Sobre la mesa se ve un dispositivo rectangular negro, posiblemente un cargador port\u00e1til o un disco duro externo.\" src=\"https:\/\/m.media-amazon.com\/images\/S\/aplus-media-library-service-media\/c76c12d3-f667-42c7-b530-6eac2e7b0941.__CR0,0,1464,600_PT0_SX1464_V1___.jpg\">       <\/p>\n<p>                                                                                  <img decoding=\"async\" alt=\"Peque\u00f1o dispositivo electr\u00f3nico sobre la mesa utilizado por el ni\u00f1o para aprender, con la supervisi\u00f3n de un adulto. El dispositivo tiene teclado y parece ser una herramienta educativa.\" src=\"https:\/\/m.media-amazon.com\/images\/S\/aplus-media-library-service-media\/8fe67026-7d9f-4a9d-a1de-f832b7fe9748.__CR0,0,1464,600_PT0_SX1464_V1___.jpg\">       <\/p>\n<p>                                                                                  <img decoding=\"async\" alt=\"sobre una mesa de madera cerca de la tienda de campa\u00f1a, con el lago de fondo. Persona con camisa a cuadros con sombrero de paja que usa la computadora al aire\" src=\"https:\/\/m.media-amazon.com\/images\/S\/aplus-media-library-service-media\/54813cf2-e37c-4469-b4eb-27e306258f7e.__CR0,0,1464,600_PT0_SX1464_V1___.jpg\">       <\/p>\n<p>                                                                                  <img decoding=\"async\" alt=\"El texto dice \u00abVarios papeles para elegir\u00bb. La imagen muestra varias opciones de tama\u00f1o de papel, incluidas las cartas estadounidenses y A3, y se muestran junto a un esc\u00e1ner port\u00e1til sobre un fondo azul.\" src=\"https:\/\/m.media-amazon.com\/images\/S\/aplus-media-library-service-media\/585f2a6e-e049-4eaa-8b4d-fd84e97cca38.__CR0,0,1464,600_PT0_SX1464_V1___.jpg\">       <\/p>\n<p>                                                                                  <img decoding=\"async\" alt=\"El texto dice \u00abImpresora t\u00e9rmica sin tinta\u00bb, \u00abSin tinta\u00bb, \u00abSin t\u00f3ner\u00bb. Muestra una impresora t\u00e9rmica negra con luz de escaneo roja, junto con iconos que indican que no se requiere tinta ni t\u00f3ner.\" src=\"https:\/\/m.media-amazon.com\/images\/S\/aplus-media-library-service-media\/c0b42354-a71a-4874-be6d-6c21a643c278.__CR0,0,1464,600_PT0_SX1464_V1___.jpg\">       <\/p>\n<p>                                                                                  <img decoding=\"async\" alt=\"El texto dice: \u00abBater\u00eda de muy alta capacidad 2000mah, USB-C, 720 Horas, 240 Sabanas\u00bb. La imagen del producto muestra un elegante cargador port\u00e1til o dispositivo de bater\u00eda con conectividad USB-C.\" src=\"https:\/\/m.media-amazon.com\/images\/S\/aplus-media-library-service-media\/228aed52-66fa-4b71-adae-023b2fda19e5.__CR0,0,1464,600_PT0_SX1464_V1___.jpg\">       <\/p>\n<h3>\n<p class=\"aplus-question aplus-p1\"> \u00bfC\u00f3mo conecto mi tel\u00e9fono m\u00f3vil para imprimir? <\/p>\n<\/h3>\n<p class=\"aplus-answer aplus-p2\"> Paso 1: Descarga la aplicaci\u00f3n \u00abHerePrint\u00bb <\/p>\n<p class=\"aplus-answer aplus-p2\"> Paso 2: Enciende el MT610, activa el Bluetooth del tel\u00e9fono y con\u00e9ctalo a la aplicaci\u00f3n. <\/p>\n<h3>\n<p class=\"aplus-question aplus-p1\"> \u00bfC\u00f3mo imprimo desde la computadora? <\/p>\n<\/h3>\n<p class=\"aplus-answer aplus-p2\"> Paso 1: Descargue e instale el controlador desde el sitio web. <\/p>\n<p class=\"aplus-answer aplus-p2\"> Paso 2: Encienda la MT610 y con\u00e9ctela a su computadora mediante el cable USB. <\/p>\n<h3>\n<p class=\"aplus-question aplus-p1\"> \u00bfLa impresora MT610 Pro viene con papel original? <\/p>\n<\/h3>\n<p class=\"aplus-answer aplus-p2\"> S\u00ed, el albar\u00e1n de entrega contiene 10 hojas de papel A4 <\/p>\n<h3>\n<p class=\"aplus-question aplus-p1\"> \u00bfQu\u00e9 puedes hacer con el MT610 Pro? <\/p>\n<\/h3>\n<p class=\"aplus-answer aplus-p2\"> La impresora port\u00e1til MT610 tiene una resoluci\u00f3n de 300 DPI y puede imprimir patrones, texto, formularios, etc., con alta calidad en papel t\u00e9rmico. Se puede usar en casa, la oficina, en viajes, en el coche y en la escuela. <\/p>\n<h3 class=\"a-text-center aplus-h1 a-text-bold\"> M\u00e1s opciones de impresoras t\u00e9rmicas port\u00e1tiles <\/h3>\n<p>                         Add To Basket  <\/p>\n<p>                         Add To Basket  <\/p>\n<p>                         Add To Basket  <\/p>\n<p>                         Add To Basket  <\/p>\n<p>                                     Customer Reviews  <\/p>\n<p>                    4.3 out of 5 stars  296  <\/p>\n<p>                    4.3 out of 5 stars  296  <\/p>\n<p>                    4.6 out of 5 stars  61  <\/p>\n<p>                    4.6 out of 5 stars  61  <\/p>\n<p>                                     Price  <\/p>\n<p>                                                        \u20ac69.99\u20ac69.99     <\/p>\n<p>                                                        \u20ac75.99\u20ac75.99     <\/p>\n<p>                                                        \u20ac30.09\u20ac30.09     <\/p>\n<p>                                                        \u20ac30.09\u20ac30.09     <\/p>\n<p>                                     Aplicaci\u00f3n de tel\u00e9fono  <\/p>\n<p>                                                Hereprint    <\/p>\n<p>                                                Hereprint    <\/p>\n<p>                                                Hereprint    <\/p>\n<p>                                                Hereprint    <\/p>\n<p>                                     Conexi\u00f3n Bluetooth  <\/p>\n<p>                                                Andriod, iOS    <\/p>\n<p>                                                Andriod, iOS    <\/p>\n<p>                                                Andriod, iOS    <\/p>\n<p>                                                Andriod, iOS    <\/p>\n<p>                                     Conexi\u00f3n USB  <\/p>\n<p>                                                Mac, Windows, Linux, Chrome OS    <\/p>\n<p>                                                Mac, Windows, Linux, Chrome OS    <\/p>\n<p>                                                Mac, Windows, Linux, Chrome OS    <\/p>\n<p>                                                Mac, Windows, Linux, Chrome OS    <\/p>\n<p>                                     Tecnolog\u00eda  <\/p>\n<p>                                                T\u00e9rmica\/Sin tinta    <\/p>\n<p>                                                T\u00e9rmica\/Sin tinta    <\/p>\n<p>                                                T\u00e9rmica\/Sin tinta    <\/p>\n<p>                                                T\u00e9rmica\/Sin tinta    <\/p>\n<p>                                     Densidad de impresi\u00f3n  <\/p>\n<p>                                                300 DPI    <\/p>\n<p>                                                300 DPI    <\/p>\n<p>                                                300 DPI    <\/p>\n<p>                                                300 DPI    <\/p>\n<p> Batteries                                            \u200f                                            :                                            \u200e                                            1 9V batteries required.   <br \/> Language                                            \u200f                                            :                                            \u200e                                            English   <br \/> Product Dimensions                                            \u200f                                            :                                            \u200e                                            30 x 8 x 7 cm; 730 g   <br \/> Manufacturer                                            \u200f                                            :                                            \u200e                                            iDPRT   <br \/> ASIN                                            \u200f                                            :                                            \u200e                                            B0DR2FKH1K   <br \/> Item model number                                            \u200f                                            :                                            \u200e                                            MT610 Pro   <br \/> Country\/Region of Origin                                            \u200f                                            :                                            \u200e                                            China   <br \/> Guaranteed software updates until                                            \u200f                                            :                                            \u200e                                            unknown   <br \/>  Customer reviews:                                                                                            4.3               4.3 out of 5 stars                                  (296)                                              var dpAcrHasRegisteredArcLinkClickAction;                    P.when(&#8216;A&#8217;, &#8216;ready&#8217;).execute(function(A) {                        if (dpAcrHasRegisteredArcLinkClickAction !== true) {                            dpAcrHasRegisteredArcLinkClickAction = true;                            A.declarative(                                &#8216;acrLink-click-metrics&#8217;, &#8216;click&#8217;,                                { \u00aballowLinkDefault\u00bb: true },                                function (event) {                                    if (window.ue) {                                        ue.count(\u00abacrLinkClickCount\u00bb, (ue.count(\u00abacrLinkClickCount\u00bb) || 0) + 1);                                    }                                }                            );                        }                    });                                             P.when(&#8216;A&#8217;, &#8216;cf&#8217;).execute(function(A) {                A.declarative(&#8216;acrStarsLink-click-metrics&#8217;, &#8216;click&#8217;, { \u00aballowLinkDefault\u00bb : true },  function(event){                    if(window.ue) {                        ue.count(\u00abacrStarsLinkWithPopoverClickCount\u00bb, (ue.count(\u00abacrStarsLinkWithPopoverClickCount\u00bb) || 0) + 1);                    }                });            });                          <\/p>\n<p>HIGH QUALITY PRINTING &#038; DURABLE BATTERY &#8211; MT610pro 300 DPI travel portable printer is equipped with 2000mAh batteries and offers up to 4 hours of continuous printing and 360 sheets on a single charge. It can print contracts, receipts, photos, pictures, DIY projects, greeting cards, notes, to-do lists and more. (Note: Print on thermal paper only)<br \/>Ultra-portable design: it is a good helper for your study and office anywhere. At just 498 grams and a box size of 26 x 5.5 x 4.5 cm, this lightweight and compact printer is ideal for travel and travel and fits easily in backpacks or briefcases<br \/>VERSATILE COMPATIBILITY: Supports a wide range of devices, including laptops (Mac, Windows, Linux), Chrome OS, and mobile phones. The free \u00abHerePrint\u00bb app offers extensive features for creative printing<br \/>START PHONE PRINTING: Step 1: Download the \u00abHerePrint\u00bb App; Step 2: Turn on the MT610 and set up a Bluetooth connection in the app; Step 3: Click the \u00ab+\u00bb sign to complete the device connection and select the file type to start printing<br \/>PC Start Printing: Step 1: Download and install MT610 driver from iDPRT website. Step 2: Connect MT610 printer to your computer via USB cable. Step 3: Select your document, open it and select iDPRT MT610 Pro-xxx from the printer list<\/p>\n\n","protected":false},"excerpt":{"rendered":"<p> Product Description The video showcases the product in use.The video guides you through product setup.The<\/p>","protected":false},"featured_media":33618,"comment_status":"open","ping_status":"closed","template":"","meta":[],"product_brand":[],"product_cat":[59],"product_tag":[4972,1946,9627,1954,307,726,201,626,1951,9624,1953,534,9625,1948,585,1950,392,290,1962,1955,1949,2906,2053,9626,1952,1947],"class_list":{"0":"post-33617","1":"product","2":"type-product","3":"status-publish","4":"has-post-thumbnail","6":"product_cat-printers-all-in-one","7":"product_tag-300dpi","8":"product_tag-all-in-one-printer","9":"product_tag-androidios","10":"product_tag-best-all-in-one-printer","11":"product_tag-black","12":"product_tag-bluetooth","13":"product_tag-compatible","14":"product_tag-home","15":"product_tag-home-printer","16":"product_tag-idprt","17":"product_tag-ink-tank-printer","18":"product_tag-laptops","19":"product_tag-mt610pro","20":"product_tag-multifunction-printer","21":"product_tag-office","22":"product_tag-office-printer","23":"product_tag-phones","24":"product_tag-portable","25":"product_tag-printer","26":"product_tag-printer-price","27":"product_tag-printer-scanner-copier","28":"product_tag-printers","29":"product_tag-thermal","30":"product_tag-vehicles","31":"product_tag-wifi-printer","32":"product_tag-wireless-printer","34":"first","35":"instock","36":"shipping-taxable","37":"product-type-external"},"_links":{"self":[{"href":"https:\/\/comprasyconsejos.store\/en\/wp-json\/wp\/v2\/product\/33617","targetHints":{"allow":["GET"]}}],"collection":[{"href":"https:\/\/comprasyconsejos.store\/en\/wp-json\/wp\/v2\/product"}],"about":[{"href":"https:\/\/comprasyconsejos.store\/en\/wp-json\/wp\/v2\/types\/product"}],"replies":[{"embeddable":true,"href":"https:\/\/comprasyconsejos.store\/en\/wp-json\/wp\/v2\/comments?post=33617"}],"version-history":[{"count":0,"href":"https:\/\/comprasyconsejos.store\/en\/wp-json\/wp\/v2\/product\/33617\/revisions"}],"wp:featuredmedia":[{"embeddable":true,"href":"https:\/\/comprasyconsejos.store\/en\/wp-json\/wp\/v2\/media\/33618"}],"wp:attachment":[{"href":"https:\/\/comprasyconsejos.store\/en\/wp-json\/wp\/v2\/media?parent=33617"}],"wp:term":[{"taxonomy":"product_brand","embeddable":true,"href":"https:\/\/comprasyconsejos.store\/en\/wp-json\/wp\/v2\/product_brand?post=33617"},{"taxonomy":"product_cat","embeddable":true,"href":"https:\/\/comprasyconsejos.store\/en\/wp-json\/wp\/v2\/product_cat?post=33617"},{"taxonomy":"product_tag","embeddable":true,"href":"https:\/\/comprasyconsejos.store\/en\/wp-json\/wp\/v2\/product_tag?post=33617"}],"curies":[{"name":"wp","href":"https:\/\/api.w.org\/{rel}","templated":true}]}}