{"id":33630,"date":"2026-02-24T09:21:40","date_gmt":"2026-02-24T09:21:40","guid":{"rendered":"https:\/\/comprasyconsejos.store\/product\/nivel-laser-autonivelante-360-grados-nivel-laser-verde-16-lineas-2-x-360-horizontal-y-2-x-360-verticales-2-x-bateria-montaje-en-pared-control-remoto-base-magnetica-soporte-giratorio\/"},"modified":"2026-02-24T09:21:40","modified_gmt":"2026-02-24T09:21:40","slug":"nivel-laser-autonivelante-360-grados-nivel-laser-verde-16-lineas-2-x-360-horizontal-y-2-x-360-verticales-2-x-bateria-montaje-en-pared-control-remoto-base-magnetica-soporte-giratorio","status":"publish","type":"product","link":"https:\/\/comprasyconsejos.store\/en\/product\/nivel-laser-autonivelante-360-grados-nivel-laser-verde-16-lineas-2-x-360-horizontal-y-2-x-360-verticales-2-x-bateria-montaje-en-pared-control-remoto-base-magnetica-soporte-giratorio\/","title":{"rendered":"Nivel Laser Autonivelante 360 Grados, Nivel L\u00e1ser Verde 16 L\u00edneas, 2 x 360 Horizontal y 2 x 360 Verticales, 2 x Bater\u00eda, Montaje en Pared, Control Remoto, Base Magn\u00e9tica, Soporte Giratorio"},"content":{"rendered":"<p>&#8211; \u3010Alta Visibilidad y Alta Precisi\u00f3n\u3011Nuestro nivel laser autonivelante 360 grados 16 L\u00edneas ofrece la \u00faltima tecnolog\u00eda de diodo, que es 4 veces m\u00e1s brillante que el rayo rojo y una mayor precisi\u00f3n. El nivel l\u00e1ser autonivelante 4D proporciona una cobertura de nivelaci\u00f3n completa con una precisi\u00f3n de \u00b11\/10 pulgadas a 8 pies y un rango de trabajo m\u00e1ximo de 100 pies. El brillo se puede ajustar del 1% al 100%. Nivel de seguridad Clase II, &lt;1mW de potencia de salida, adecuado para interiores y exteriores.<br \/>\n&#8211; \u3010Upgraded 4x 360 \u00b0Laser Level\u30114D Nivel l\u00e1ser autonivelante con 2&#215;360 \u00b0 L\u00cdNEA HORIZONTAL y 2&#215;360 \u00b0 L\u00cdNEAS VERTICALES cubrir el suelo, pared, techo alrededor de la habitaci\u00f3n. El nivel de nivel laser autonivelante 360 grados permite una cobertura completa de toda la habitaci\u00f3n y completar el dise\u00f1o cuadrado visualizar. con 2 bater\u00edas recargables 2400mAh, trabajar hasta 8 horas.<br \/>\n&#8211; &quot;\u3010Self Leveling &amp; Manual Mode\u3011Si el \u00e1ngulo de inclinaci\u00f3n \u22644\u00b0, la nivel laser autonivelantde pared se nivela autom\u00e1ticamente, de lo contrario emitir\u00e1 un pitido continuo con alarma sonora. Una vez bloqueado el p\u00e9ndulo, mantenga pulsado el bot\u00f3n &#039;&#039;OUTDOOR&#039;&#039; durante 3 segundos podr\u00eda activar el modo manual, puede proyectar l\u00edneas l\u00e1ser en cualquier \u00e1ngulo. Satisface sus necesidades de alineaci\u00f3n desde diferentes \u00e1ngulos.&quot;<br \/>\n&#8211; \u3010Amplia Aplicaci\u00f3n\u3011El nivel laser autonivelante 360 grados se puede cambiar individualmente a trav\u00e9s de un bot\u00f3n o mando a distancia. El nivel l\u00e1ser 360 autonivelante equipado con soporte magn\u00e9tico, mini tr\u00edpode, base de elevaci\u00f3n y adaptador de 3\/8&#039;&#039;, que ampl\u00eda el uso de la herramienta. Puede fijarse a tr\u00edpodes, baldosas, adhesivos de pared y techos.<br \/>\n&#8211; \u3010Dise\u00f1o Duradero\/Lista de Empaque\u3011IP54 a prueba de agua\/dusterproof para asegurar que usted pueda trabajar normalmente y establemente bajo condiciones de trabajo complejas. 1x Nivel L\u00e1ser 4D 16 L\u00edneas, 1x Bolsa de Transporte, 1x Cargador de Corriente, 1x 1\/4 \u00abTread Mount, 1x 5\/8-20\u00bb Tread Mount, 1x Plancha de Pared, 1x Manual de Usuario, 1x Mando a Distancia, 1x Placa de Punter\u00eda Verde, 1x Soporte de Pared, 1x Plataforma Elevadora, 2x Bater\u00edas 2400mAH.<\/p>","protected":false},"excerpt":{"rendered":"<p>&#8211; \u3010Alta Visibilidad y Alta Precisi\u00f3n\u3011Nuestro nivel laser autonivelante 360 grados 16 L\u00edneas ofrece la \u00faltima tecnolog\u00eda de diodo, que<\/p>","protected":false},"featured_media":33629,"comment_status":"open","ping_status":"closed","template":"","meta":[],"product_brand":[],"product_cat":[101],"product_tag":[],"class_list":{"0":"post-33630","1":"product","2":"type-product","3":"status-publish","4":"has-post-thumbnail","6":"product_cat-accessories","8":"first","9":"instock","10":"sale","11":"shipping-taxable","12":"product-type-external"},"_links":{"self":[{"href":"https:\/\/comprasyconsejos.store\/en\/wp-json\/wp\/v2\/product\/33630","targetHints":{"allow":["GET"]}}],"collection":[{"href":"https:\/\/comprasyconsejos.store\/en\/wp-json\/wp\/v2\/product"}],"about":[{"href":"https:\/\/comprasyconsejos.store\/en\/wp-json\/wp\/v2\/types\/product"}],"replies":[{"embeddable":true,"href":"https:\/\/comprasyconsejos.store\/en\/wp-json\/wp\/v2\/comments?post=33630"}],"version-history":[{"count":0,"href":"https:\/\/comprasyconsejos.store\/en\/wp-json\/wp\/v2\/product\/33630\/revisions"}],"wp:featuredmedia":[{"embeddable":true,"href":"https:\/\/comprasyconsejos.store\/en\/wp-json\/wp\/v2\/media\/33629"}],"wp:attachment":[{"href":"https:\/\/comprasyconsejos.store\/en\/wp-json\/wp\/v2\/media?parent=33630"}],"wp:term":[{"taxonomy":"product_brand","embeddable":true,"href":"https:\/\/comprasyconsejos.store\/en\/wp-json\/wp\/v2\/product_brand?post=33630"},{"taxonomy":"product_cat","embeddable":true,"href":"https:\/\/comprasyconsejos.store\/en\/wp-json\/wp\/v2\/product_cat?post=33630"},{"taxonomy":"product_tag","embeddable":true,"href":"https:\/\/comprasyconsejos.store\/en\/wp-json\/wp\/v2\/product_tag?post=33630"}],"curies":[{"name":"wp","href":"https:\/\/api.w.org\/{rel}","templated":true}]}}