{"id":33631,"date":"2026-02-24T09:21:43","date_gmt":"2026-02-24T09:21:43","guid":{"rendered":"https:\/\/comprasyconsejos.store\/product\/amzfast-curved-gaming-monitor-27-240hz-1ms-mprt-adaptive-sync-hdr10-dci-p3-95-anti-flicker-glare-low-blue-light-1500r-vesa-mount-hdmi-2-0-displayport-mit-dp-kabel-amzg27c1-pro\/"},"modified":"2026-02-24T09:21:51","modified_gmt":"2026-02-24T09:21:51","slug":"amzfast-curved-gaming-monitor-27-240hz-1ms-mprt-adaptive-sync-hdr10-dci-p3-95-anti-flicker-glare-low-blue-light-1500r-vesa-mount-hdmi-2-0-displayport-mit-dp-kabel-amzg27c1-pro","status":"publish","type":"product","link":"https:\/\/comprasyconsejos.store\/en\/product\/amzfast-curved-gaming-monitor-27-240hz-1ms-mprt-adaptive-sync-hdr10-dci-p3-95-anti-flicker-glare-low-blue-light-1500r-vesa-mount-hdmi-2-0-displayport-mit-dp-kabel-amzg27c1-pro\/","title":{"rendered":"Amzfast Curved Gaming Monitor 27\u00bb &#8211; 240Hz, 1ms MPRT, Adaptive Sync, HDR10, DCI-P3 95%, Anti-Flicker\/Glare, Low Blue Light, 1500R, VESA Mount, HDMI 2.0\/DisplayPort, mit DP-Kabel, AMZG27C1 Pro"},"content":{"rendered":"<p>Price: <span style=\"color:#b12704\"><del>\u20ac166.99<\/del> - \u20ac159.99<\/span><br \/><i><small>(as of Feb 24, 2026 09:21:44 UTC &#8211; <span class=\"wp_automatic_amazon_disclaimer\" title=\"Product prices and availability are accurate as of the date\/time indicated and are subject to change. Any price and availability information displayed on [relevant Amazon Site(s), as applicable] at the time of purchase will apply to the purchase of this product.\">Details<\/span>)<\/small><\/i><\/p>\n<p><a href=\"https:\/\/amazon.es\/dp\/B0DYJZZ69F?tag=man008-21\"><img decoding=\"async\" src=\"https:\/\/valvepress.s3.amazonaws.com\/imgs\/buy_now.png\"><\/a><br \/>\n<\/p>\n<p>                                             Product Description   <\/p>\n<p>                                                                                                       <img decoding=\"async\" alt=\"El texto dice \u00ab27 Pulgadas\u00bb y \u00ab240 Hz\u00bb. Imagen promocional del monitor para videojuegos que muestra las especificaciones t\u00e9cnicas con fondo oscuro y efectos de iluminaci\u00f3n RGB.\" src=\"https:\/\/images-na.ssl-images-amazon.com\/images\/G\/01\/x-locale\/common\/grey-pixel.gif\" class=\"a-lazy-loaded\" data-src=\"https:\/\/m.media-amazon.com\/images\/S\/aplus-media-library-service-media\/c322c255-125f-4616-a310-0ad935efaac1.__CR0,0,1464,600_PT0_SX1464_V1___.jpg\"><img decoding=\"async\" alt=\"El texto dice \u00ab27 Pulgadas\u00bb y \u00ab240 Hz\u00bb. Imagen promocional del monitor para videojuegos que muestra las especificaciones t\u00e9cnicas con fondo oscuro y efectos de iluminaci\u00f3n RGB.\" src=\"https:\/\/m.media-amazon.com\/images\/S\/aplus-media-library-service-media\/c322c255-125f-4616-a310-0ad935efaac1.__CR0,0,1464,600_PT0_SX1464_V1___.jpg\">                                               <\/p>\n<p>                                                                                                       <img decoding=\"async\" alt=\"con ruedas brillantes en las calles de la ciudad por la noche. La superposici\u00f3n de texto resalta la frecuencia de actualizaci\u00f3n de \u00ab240 Hz\u00bb, enfatizando la velocidad y la ventaja competitiva\" src=\"https:\/\/images-na.ssl-images-amazon.com\/images\/G\/01\/x-locale\/common\/grey-pixel.gif\" class=\"a-lazy-loaded\" data-src=\"https:\/\/m.media-amazon.com\/images\/S\/aplus-media-library-service-media\/8678aee3-ab46-4e3a-a309-05b284fba226.__CR0,0,1464,600_PT0_SX1464_V1___.jpg\"><img decoding=\"async\" alt=\"con ruedas brillantes en las calles de la ciudad por la noche. La superposici\u00f3n de texto resalta la frecuencia de actualizaci\u00f3n de \u00ab240 Hz\u00bb, enfatizando la velocidad y la ventaja competitiva\" src=\"https:\/\/m.media-amazon.com\/images\/S\/aplus-media-library-service-media\/8678aee3-ab46-4e3a-a309-05b284fba226.__CR0,0,1464,600_PT0_SX1464_V1___.jpg\">                                               <\/p>\n<p>                                                                                                                <img decoding=\"async\" alt=\"aplus content image\" src=\"https:\/\/m.media-amazon.com\/images\/S\/aplus-media-library-service-media\/e709ee71-7a16-4fe4-b385-28c84f74d8dc.__CR0,0,1464,600_PT0_SX1464_V1___.jpg\">                                                      <img decoding=\"async\" alt=\"Comparaci\u00f3n lado a lado de im\u00e1genes de personajes renderizadas en 3D. La imagen de la izquierda muestra colores e iluminaci\u00f3n mejorados, etiquetados como \u00abHDR ENCENDIDO\u00bb. La imagen de la derecha est\u00e1 desaturada\" src=\"https:\/\/m.media-amazon.com\/images\/S\/aplus-media-library-service-media\/af8bb615-9630-4e62-a560-d3a5c58e79f9.__CR0,0,1464,600_PT0_SX1464_V1___.jpg\">                                                    <img decoding=\"async\" alt=\"Monitor de computadora que muestra una colorida escena callejera de la ciudad. Presenta un dise\u00f1o agradable a la vista con tecnolog\u00eda antideslumbrante y sin parpadeo y reducci\u00f3n de la luz azul para mejorar la comodidad visual durante un uso prolongado\" src=\"https:\/\/m.media-amazon.com\/images\/S\/aplus-media-library-service-media\/aa0b1b83-c7ba-459f-b299-452240aa2806.__CR0,0,1464,600_PT0_SX1464_V1___.jpg\"><br \/>\n                            1 130% sRGB <\/p>\n<p>                            2 HDR <\/p>\n<p>                            3 Protecci\u00f3n ocular <\/p>\n<p>                                                                                                       <img decoding=\"async\" alt=\"Imagen compuesta que muestra cinco modos de visualizaci\u00f3n para un monitor o televisor: oficina, cine, juegos, est\u00e1ndar y ahorro de energ\u00eda. Cada modo se ilustra con una escena representativa\" src=\"https:\/\/images-na.ssl-images-amazon.com\/images\/G\/01\/x-locale\/common\/grey-pixel.gif\" class=\"a-lazy-loaded\" data-src=\"https:\/\/m.media-amazon.com\/images\/S\/aplus-media-library-service-media\/ced670cb-54a4-49f4-be19-3f1217f64ba7.__CR0,0,1464,600_PT0_SX1464_V1___.jpg\"><img decoding=\"async\" alt=\"Imagen compuesta que muestra cinco modos de visualizaci\u00f3n para un monitor o televisor: oficina, cine, juegos, est\u00e1ndar y ahorro de energ\u00eda. Cada modo se ilustra con una escena representativa\" src=\"https:\/\/m.media-amazon.com\/images\/S\/aplus-media-library-service-media\/ced670cb-54a4-49f4-be19-3f1217f64ba7.__CR0,0,1464,600_PT0_SX1464_V1___.jpg\">                                               <\/p>\n<p>                                                                                  <img decoding=\"async\" alt=\"aplus content image\" src=\"https:\/\/m.media-amazon.com\/images\/S\/aplus-media-library-service-media\/53c1939b-287a-4a4b-bd59-f70933314a39.__CR0,0,1464,600_PT0_SX1464_V1___.jpg\">       <\/p>\n<p>                                                                                  <img decoding=\"async\" alt=\"Comparaci\u00f3n del juego en pantalla dividida con la sincronizaci\u00f3n adaptativa activada y desactivada. El lado izquierdo muestra una acci\u00f3n m\u00e1s fluida con efectos morados, el lado derecho aparece m\u00e1s borroso con\" src=\"https:\/\/m.media-amazon.com\/images\/S\/aplus-media-library-service-media\/987338e9-11b5-446e-8561-499c4c4280d5.__CR0,0,1464,600_PT0_SX1464_V1___.jpg\">       <\/p>\n<h3 class=\"a-text-center aplus-h1 a-text-bold\"> Monitor para juegos Amzfast <\/h3>\n<p>                         Add To Basket  <\/p>\n<p>                         Add To Basket  <\/p>\n<p>                         Add To Basket  <\/p>\n<p>                         Add To Basket  <\/p>\n<p>                                     Customer Reviews  <\/p>\n<p>                    4.5 out of 5 stars  296  <\/p>\n<p>                    4.5 out of 5 stars  230  <\/p>\n<p>                    4.4 out of 5 stars  647  <\/p>\n<p>                    4.4 out of 5 stars  647  <\/p>\n<p>                    4.6 out of 5 stars  42  <\/p>\n<p>                    4.4 out of 5 stars  647  <\/p>\n<p>                    4.5 out of 5 stars  209  <\/p>\n<p>                                     Price  <\/p>\n<p>                                                        \u20ac159.99\u20ac159.99     <\/p>\n<p>                                                        \u20ac129.99\u20ac129.99     <\/p>\n<p>                                                        \u20ac159.99\u20ac159.99     <\/p>\n<p>                                                        \u20ac199.99\u20ac199.99     <\/p>\n<p>                                                        \u2014    <\/p>\n<p>                                                        \u2014    <\/p>\n<p>                                                        \u2014    <\/p>\n<p>                                     Nombre del modelo  <\/p>\n<p>                                                AMZG27C1 Pro    <\/p>\n<p>                                                AMZG27C1    <\/p>\n<p>                                                AMZG27C1Q    <\/p>\n<p>                                                 AMZG27C1Q Pro    <\/p>\n<p>                                                AMZG32C3Q    <\/p>\n<p>                                                AMZG32C3F    <\/p>\n<p>                                                AMZG24C1    <\/p>\n<p>                                     Tama\u00f1o de la pantalla  <\/p>\n<p>                                                27 Pulgadas    <\/p>\n<p>                                                27 Pulgadas    <\/p>\n<p>                                                27 Pulgadas    <\/p>\n<p>                                                27 Pulgadas    <\/p>\n<p>                                                32 Pulgadas    <\/p>\n<p>                                                32 Pulgadas    <\/p>\n<p>                                                24 Pulgadas    <\/p>\n<p>                                     Resoluci\u00f3n  <\/p>\n<p>                                                FHD (1920&#215;1080)    <\/p>\n<p>                                                FHD (1920&#215;1080)    <\/p>\n<p>                                                QHD (2560&#215;1440)    <\/p>\n<p>                                                QHD (2560&#215;1440)    <\/p>\n<p>                                                QHD (2560&#215;1440)    <\/p>\n<p>                                                FHD (1920&#215;1080)    <\/p>\n<p>                                                FHD (1920&#215;1080)    <\/p>\n<p>                                     Frecuencia de actualizaci\u00f3n  <\/p>\n<p>                                                240Hz    <\/p>\n<p>                                                180Hz    <\/p>\n<p>                                                180Hz    <\/p>\n<p>                                                240Hz    <\/p>\n<p>                                                180Hz    <\/p>\n<p>                                                240Hz    <\/p>\n<p>                                                180Hz    <\/p>\n<p>                                     Interfaz de hardware  <\/p>\n<p>                                                HDMI 2.0 &amp; DP 1.4    <\/p>\n<p>                                                HDMI 1.4 &amp; DP 1.2    <\/p>\n<p>                                                HDMI 2.0 &amp; DP 1.2    <\/p>\n<p>                                                HDMI 2.0 &amp; DP 1.4    <\/p>\n<p>                                                HDMI 2.0 &amp; DP 1.2    <\/p>\n<p>                                                HDMI 2.0 &amp; DP 1.4    <\/p>\n<p>                                                HDMI 1.4 &amp; DP 1.2    <\/p>\n<p>                                     Puerto HDMI  <\/p>\n<p>                                                1    <\/p>\n<p>                                                1    <\/p>\n<p>                                                2    <\/p>\n<p>                                                2    <\/p>\n<p>                                                2    <\/p>\n<p>                                                1    <\/p>\n<p>                                                1    <\/p>\n<p>                                     Puerto DisplayPort  <\/p>\n<p>                                                1    <\/p>\n<p>                                                1    <\/p>\n<p>                                                2    <\/p>\n<p>                                                2    <\/p>\n<p>                                                2    <\/p>\n<p>                                                1    <\/p>\n<p>                                                1    <\/p>\n<p>                                     Relaci\u00f3n de aspecto  <\/p>\n<p>                                                16:9    <\/p>\n<p>                                                16:9    <\/p>\n<p>                                                16:9    <\/p>\n<p>                                                16:9    <\/p>\n<p>                                                16:9    <\/p>\n<p>                                                16:9    <\/p>\n<p>                                                16:9    <\/p>\n<p>                                     Contraste  <\/p>\n<p>                                                4000:1    <\/p>\n<p>                                                3000:1    <\/p>\n<p>                                                5000:1    <\/p>\n<p>                                                2500:1    <\/p>\n<p>                                                3500:1    <\/p>\n<p>                                                3500:1    <\/p>\n<p>                                                3000:1    <\/p>\n<p>                                     Gama de colores  <\/p>\n<p>                                                DCI-P3 95%,sRGB 130%(Area)    <\/p>\n<p>                                                DCI-P3 90%, sRGB 120%(Area)    <\/p>\n<p>                                                DCI-P3 90%,sRGB 120% (Area)    <\/p>\n<p>                                                DCI-P3 90%,sRGB 120% (Area)    <\/p>\n<p>                                                DCI-P3 90%,sRGB 120%(Area)    <\/p>\n<p>                                                DCI-P3 90%,sRGB 120%(Area)    <\/p>\n<p>                                                DC1-P3 97%, sRGB130%(Area)    <\/p>\n<p>                                     Brillo  <\/p>\n<p>                                                300    <\/p>\n<p>                                                300    <\/p>\n<p>                                                300    <\/p>\n<p>                                                300    <\/p>\n<p>                                                300    <\/p>\n<p>                                                300    <\/p>\n<p>                                                300    <\/p>\n<p>                                     \u00c1ngulo de visi\u00f3n  <\/p>\n<p>                                                178 grados    <\/p>\n<p>                                                178 grados    <\/p>\n<p>                                                178 grados    <\/p>\n<p>                                                178 grados    <\/p>\n<p>                                                178 grados    <\/p>\n<p>                                                178 grados    <\/p>\n<p>                                                178 grados    <\/p>\n<p> Product Dimensions                                            \u200f                                            :                                            \u200e                                            19.4 x 61.2 x 45.2 cm; 3.5 kg   <br \/> Manufacturer                                            \u200f                                            :                                            \u200e                                            Amzfast   <br \/> ASIN                                            \u200f                                            :                                            \u200e                                            B0DYJZZ69F   <br \/> Item model number                                            \u200f                                            :                                            \u200e                                            AMZG27C1 Pro-EU   <br \/> Country\/Region of Origin                                            \u200f                                            :                                            \u200e                                            China   <br \/> Guaranteed software updates until                                            \u200f                                            :                                            \u200e                                            unknown   <br \/>  Customer reviews:                                                                                            4.5               4.5 out of 5 stars                                  (296)                                              var dpAcrHasRegisteredArcLinkClickAction;                    P.when(&#8216;A&#8217;, &#8216;ready&#8217;).execute(function(A) {                        if (dpAcrHasRegisteredArcLinkClickAction !== true) {                            dpAcrHasRegisteredArcLinkClickAction = true;                            A.declarative(                                &#8216;acrLink-click-metrics&#8217;, &#8216;click&#8217;,                                { \u00aballowLinkDefault\u00bb: true },                                function (event) {                                    if (window.ue) {                                        ue.count(\u00abacrLinkClickCount\u00bb, (ue.count(\u00abacrLinkClickCount\u00bb) || 0) + 1);                                    }                                }                            );                        }                    });                                             P.when(&#8216;A&#8217;, &#8216;cf&#8217;).execute(function(A) {                A.declarative(&#8216;acrStarsLink-click-metrics&#8217;, &#8216;click&#8217;, { \u00aballowLinkDefault\u00bb : true },  function(event){                    if(window.ue) {                        ue.count(\u00abacrStarsLinkWithPopoverClickCount\u00bb, (ue.count(\u00abacrStarsLinkWithPopoverClickCount\u00bb) || 0) + 1);                    }                });            });                          <\/p>\n<p>EXCEPTIONAL GAMING PERFORMANCE &#8211; Ultra-fast 240Hz refresh rate and 1ms MPRT response time for smooth and precise movement, ideal for competitive gaming. Adaptive Sync technology eliminates tugging and image distortion.<br \/>Immersive Curved Design: Experience an immersive visual experience with the 27-inch curved display (1500R curvature) and FHD (1920 x 1080) resolution. A 3000:1 contrast ratio and 178\u00b0 viewing angle ensure crisp, detailed images.<br \/>BRIGHT &#038; ACCURATE COLORS &#8211; With a color space of 95% DCI-P3 and 130% sRGB (area), this monitor covers vivid, lifelike colors, ideal for gaming, movies, and content creation.<br \/>Pleasant to the eye during long sessions: the blue light filter and the anti-glare surface (Haze 25%, 3H) reduce eyestrain during long gaming or working sessions.<br \/>Versatile connectivity and ergonomic design: Easy connection via HDMI 2.0 and DisplayPort 1.4. The robust metal bracket (tilts from -5\u00b0 to 15\u00b0) and VESA 100&#215;100 compatibility allow for flexible installation.<\/p>\n\n","protected":false},"excerpt":{"rendered":"<p> Product Description 1 130% sRGB 2 HDR 3 Protecci\u00f3n ocular Monitor para juegos Amzfast Add<\/p>","protected":false},"featured_media":33632,"comment_status":"open","ping_status":"closed","template":"","meta":[],"product_brand":[],"product_cat":[54],"product_tag":[1791,2337,1918,9630,1298,247,8322,9632,9629,1789,367,754,1787,1788,1792,1784,1786,1783,1790,1305,9631,617,544,1925,248,6199,844,1923,2267,163,200,1785,2342],"class_list":{"0":"post-33631","1":"product","2":"type-product","3":"status-publish","4":"has-post-thumbnail","6":"product_cat-curved-monitors","7":"product_tag-144hz-curved-monitor","8":"product_tag-1500r","9":"product_tag-1ms","10":"product_tag-2-0displayport","11":"product_tag-240hz","12":"product_tag-adaptive","13":"product_tag-amzfast","14":"product_tag-amzg27c1","15":"product_tag-antiflickerglare","16":"product_tag-best-curved-monitor","17":"product_tag-blue","18":"product_tag-curved","19":"product_tag-curved-27-inch-monitor","20":"product_tag-curved-32-inch-monitor","21":"product_tag-curved-computer-monitor","22":"product_tag-curved-gaming-monitor","23":"product_tag-curved-led-monitor","24":"product_tag-curved-monitor","25":"product_tag-curved-monitor-price","26":"product_tag-dcip3","27":"product_tag-dpkabel","28":"product_tag-gaming","29":"product_tag-hdmi","30":"product_tag-hdr10","31":"product_tag-light","32":"product_tag-mit","33":"product_tag-monitor","34":"product_tag-mount","35":"product_tag-mprt","36":"product_tag-pro","37":"product_tag-sync","38":"product_tag-ultrawide-curved-monitor","39":"product_tag-vesa","41":"first","42":"instock","43":"sale","44":"shipping-taxable","45":"product-type-external"},"_links":{"self":[{"href":"https:\/\/comprasyconsejos.store\/en\/wp-json\/wp\/v2\/product\/33631","targetHints":{"allow":["GET"]}}],"collection":[{"href":"https:\/\/comprasyconsejos.store\/en\/wp-json\/wp\/v2\/product"}],"about":[{"href":"https:\/\/comprasyconsejos.store\/en\/wp-json\/wp\/v2\/types\/product"}],"replies":[{"embeddable":true,"href":"https:\/\/comprasyconsejos.store\/en\/wp-json\/wp\/v2\/comments?post=33631"}],"version-history":[{"count":0,"href":"https:\/\/comprasyconsejos.store\/en\/wp-json\/wp\/v2\/product\/33631\/revisions"}],"wp:featuredmedia":[{"embeddable":true,"href":"https:\/\/comprasyconsejos.store\/en\/wp-json\/wp\/v2\/media\/33632"}],"wp:attachment":[{"href":"https:\/\/comprasyconsejos.store\/en\/wp-json\/wp\/v2\/media?parent=33631"}],"wp:term":[{"taxonomy":"product_brand","embeddable":true,"href":"https:\/\/comprasyconsejos.store\/en\/wp-json\/wp\/v2\/product_brand?post=33631"},{"taxonomy":"product_cat","embeddable":true,"href":"https:\/\/comprasyconsejos.store\/en\/wp-json\/wp\/v2\/product_cat?post=33631"},{"taxonomy":"product_tag","embeddable":true,"href":"https:\/\/comprasyconsejos.store\/en\/wp-json\/wp\/v2\/product_tag?post=33631"}],"curies":[{"name":"wp","href":"https:\/\/api.w.org\/{rel}","templated":true}]}}