{"id":33734,"date":"2026-02-24T12:18:30","date_gmt":"2026-02-24T12:18:30","guid":{"rendered":"https:\/\/comprasyconsejos.store\/product\/asus-rog-crosshair-x870e-extreme-amd-e-atx-motherboard-2022-power-stages-ddr5-pcie-5-0-next-gen-gpu-support-five-m-2-wi-fi-7-asus-ai-advisor-5-lcd\/"},"modified":"2026-02-24T12:18:38","modified_gmt":"2026-02-24T12:18:38","slug":"asus-rog-crosshair-x870e-extreme-amd-e-atx-motherboard-2022-power-stages-ddr5-pcie-5-0-next-gen-gpu-support-five-m-2-wi-fi-7-asus-ai-advisor-5-lcd","status":"publish","type":"product","link":"https:\/\/comprasyconsejos.store\/en\/product\/asus-rog-crosshair-x870e-extreme-amd-e-atx-motherboard-2022-power-stages-ddr5-pcie-5-0-next-gen-gpu-support-five-m-2-wi-fi-7-asus-ai-advisor-5-lcd\/","title":{"rendered":"ASUS ROG Crosshair X870E Extreme AMD E-ATX Motherboard, 20+2+2 Power Stages, DDR5, PCIe 5.0 Next-Gen GPU Support, Five M.2, Wi-Fi 7, ASUS AI Advisor, 5&#8243; LCD"},"content":{"rendered":"<p>Price: <span style=\"color:#b12704\"><del>\u20ac1,099.99<\/del> - \u20ac1,029.00<\/span><br \/><i><small>(as of Feb 24, 2026 12:18:30 UTC &#8211; <span class=\"wp_automatic_amazon_disclaimer\" title=\"Product prices and availability are accurate as of the date\/time indicated and are subject to change. Any price and availability information displayed on [relevant Amazon Site(s), as applicable] at the time of purchase will apply to the purchase of this product.\">Details<\/span>)<\/small><\/i><\/p>\n<p><a href=\"https:\/\/amazon.es\/dp\/B0F1Z4Z9BT?tag=man008-21\"><img decoding=\"async\" src=\"https:\/\/valvepress.s3.amazonaws.com\/imgs\/buy_now.png\"><\/a><br \/>\n<\/p>\n<p>                                             From the manufacturer   <\/p>\n<p>                                                                             <img decoding=\"async\" alt=\"aplus content image\" src=\"https:\/\/images-na.ssl-images-amazon.com\/images\/G\/01\/x-locale\/common\/grey-pixel.gif\" class=\"a-spacing-base a-lazy-loaded\" data-src=\"https:\/\/m.media-amazon.com\/images\/S\/aplus-media-library-service-media\/15a45643-e067-4cff-a3a9-eaa7a1294aff.__CR0,0,970,600_PT0_SX970_V1___.jpg\"><img decoding=\"async\" alt=\"aplus content image\" src=\"https:\/\/m.media-amazon.com\/images\/S\/aplus-media-library-service-media\/15a45643-e067-4cff-a3a9-eaa7a1294aff.__CR0,0,970,600_PT0_SX970_V1___.jpg\">                                                                    <\/p>\n<p class=\"apm-text-center\">\n                                                      <img decoding=\"async\" alt=\"aplus content image\" src=\"https:\/\/images-na.ssl-images-amazon.com\/images\/G\/01\/x-locale\/common\/grey-pixel.gif\" class=\"a-spacing-mini a-lazy-loaded\" data-src=\"https:\/\/m.media-amazon.com\/images\/S\/aplus-media-library-service-media\/0bdc806f-d2a7-4757-915f-b4716368a4e4.__CR0,0,300,300_PT0_SX300_V1___.jpg\"><img decoding=\"async\" alt=\"aplus content image\" src=\"https:\/\/m.media-amazon.com\/images\/S\/aplus-media-library-service-media\/0bdc806f-d2a7-4757-915f-b4716368a4e4.__CR0,0,300,300_PT0_SX300_V1___.jpg\">  <\/p>\n<p>                                                    AI OVERCLOCKING                                       <\/p>\n<p> ASUS AI Overclocking perfila la CPU y la refrigeraci\u00f3n para predecir la configuraci\u00f3n \u00f3ptima y empujar el sistema hasta sus l\u00edmites. Los valores esperados se pueden ingresar autom\u00e1ticamente o utilizarse como base de lanzamiento para m\u00e1s experimentaci\u00f3n. <\/p>\n<p class=\"apm-text-center\">\n                                                      <img decoding=\"async\" alt=\"aplus content image\" src=\"https:\/\/images-na.ssl-images-amazon.com\/images\/G\/01\/x-locale\/common\/grey-pixel.gif\" class=\"a-spacing-mini a-lazy-loaded\" data-src=\"https:\/\/m.media-amazon.com\/images\/S\/aplus-media-library-service-media\/4e54b864-b637-43d3-835a-e6bc7acbca83.__CR0,0,300,300_PT0_SX300_V1___.jpg\"><img decoding=\"async\" alt=\"aplus content image\" src=\"https:\/\/m.media-amazon.com\/images\/S\/aplus-media-library-service-media\/4e54b864-b637-43d3-835a-e6bc7acbca83.__CR0,0,300,300_PT0_SX300_V1___.jpg\">  <\/p>\n<p>                                                    AI COOLING II                                       <\/p>\n<p> Un algoritmo de ASUS reduce el ruido innecesario al realizar una prueba de estr\u00e9s r\u00e1pida, luego monitorea las temperaturas de la CPU para ajustar din\u00e1micamente los ventiladores a la velocidad \u00f3ptima. <\/p>\n<p class=\"apm-text-center\">\n                                                      <img decoding=\"async\" alt=\"aplus content image\" src=\"https:\/\/images-na.ssl-images-amazon.com\/images\/G\/01\/x-locale\/common\/grey-pixel.gif\" class=\"a-spacing-mini a-lazy-loaded\" data-src=\"https:\/\/m.media-amazon.com\/images\/S\/aplus-media-library-service-media\/f135947e-f68c-4293-b61a-6b9193c6bb30.__CR0,0,300,300_PT0_SX300_V1___.jpg\"><img decoding=\"async\" alt=\"aplus content image\" src=\"https:\/\/m.media-amazon.com\/images\/S\/aplus-media-library-service-media\/f135947e-f68c-4293-b61a-6b9193c6bb30.__CR0,0,300,300_PT0_SX300_V1___.jpg\">  <\/p>\n<p>                                                    Traffic Monitor                                       <\/p>\n<p> El Traffic Monitor de Armoury Crate rastrea el uso actual del canal Wi-Fi. Cambie a un canal menos congestionado haciendo clic en el bot\u00f3n Cambiar canal* para mejorar el rendimiento de la red. <\/p>\n<p> * La funci\u00f3n \u00abChannel Switch\u00bb requiere emparejarse con un enrutador ASUS. Si no est\u00e1 emparejado con un enrutador ASUS, el proceso de cambio de canal se puede realizar en la secci\u00f3n \u00abEnrutador IP\u00bb del Monitor de tr\u00e1fico. <\/p>\n<p class=\"apm-text-center\">\n                                                      <img decoding=\"async\" alt=\"aplus content image\" src=\"https:\/\/images-na.ssl-images-amazon.com\/images\/G\/01\/x-locale\/common\/grey-pixel.gif\" class=\"a-spacing-mini a-lazy-loaded\" data-src=\"https:\/\/m.media-amazon.com\/images\/S\/aplus-media-library-service-media\/64c819c4-b59f-4097-b59e-b149807fd715.__CR0,0,300,300_PT0_SX300_V1___.jpg\"><img decoding=\"async\" alt=\"aplus content image\" src=\"https:\/\/m.media-amazon.com\/images\/S\/aplus-media-library-service-media\/64c819c4-b59f-4097-b59e-b149807fd715.__CR0,0,300,300_PT0_SX300_V1___.jpg\">  <\/p>\n<p>                                                    Buscador de direcciones                                       <\/p>\n<p> La funci\u00f3n Direction Finder de Armoury Crate ayuda a los usuarios a identificar la orientaci\u00f3n \u00f3ptima de la antena para obtener la mejor potencia de se\u00f1al WiFi *. <\/p>\n<p> * El buscador de direcciones solo es compatible con conexiones en las bandas de 5GHz y 6GHz. <\/p>\n<p class=\"apm-text-center\">\n                                                      <img decoding=\"async\" alt=\"aplus content image\" src=\"https:\/\/images-na.ssl-images-amazon.com\/images\/G\/01\/x-locale\/common\/grey-pixel.gif\" class=\"a-spacing-mini a-lazy-loaded\" data-src=\"https:\/\/m.media-amazon.com\/images\/S\/aplus-media-library-service-media\/8c1ec1ec-627b-43b2-802d-72418fd3f0f4.__CR0,0,300,300_PT0_SX300_V1___.jpg\"><img decoding=\"async\" alt=\"aplus content image\" src=\"https:\/\/m.media-amazon.com\/images\/S\/aplus-media-library-service-media\/8c1ec1ec-627b-43b2-802d-72418fd3f0f4.__CR0,0,300,300_PT0_SX300_V1___.jpg\">  <\/p>\n<p>                                                    Dynamic OC Switcher                                       <\/p>\n<p> Dynamic OC Switcher maximiza el rendimiento de la CPU al permitirle establecer los umbrales de corriente y temperatura para cambiar autom\u00e1ticamente del overlock manual para cargas de trabajo pesadas multiproceso a Precision Boost Overdrive para tareas de un solo hilo. La \u00faltima versi\u00f3n de Overclocking Load Guard viene con un mecanismo de protecci\u00f3n contra corriente instant\u00e1nea mejorado para evitar que los usuarios se bloqueen el sistema durante el overclocking. <\/p>\n<p class=\"apm-text-center\">\n                                                      <img decoding=\"async\" alt=\"aplus content image\" src=\"https:\/\/images-na.ssl-images-amazon.com\/images\/G\/01\/x-locale\/common\/grey-pixel.gif\" class=\"a-spacing-mini a-lazy-loaded\" data-src=\"https:\/\/m.media-amazon.com\/images\/S\/aplus-media-library-service-media\/c4909153-3357-4cc6-abc9-3e04fa6eac18.__CR0,0,300,300_PT0_SX300_V1___.jpg\"><img decoding=\"async\" alt=\"aplus content image\" src=\"https:\/\/m.media-amazon.com\/images\/S\/aplus-media-library-service-media\/c4909153-3357-4cc6-abc9-3e04fa6eac18.__CR0,0,300,300_PT0_SX300_V1___.jpg\">  <\/p>\n<p>                                                    DOMINAR CON DDR5                                       <\/p>\n<p> Gracias a la mejora del enrutamiento de la se\u00f1al, los kits de nivel enthusiast ahora pueden volarse mucho m\u00e1s all\u00e1 del l\u00edmite de 9 GT\/s en ROG Crosshair &gt;X870E Extreme*. <\/p>\n<p> *El overclocking de memoria puede variar seg\u00fan la serie de CPU. Consulte la tabla de especificaciones para obtener informaci\u00f3n detallada. <\/p>\n<p class=\"apm-text-center\">\n                                                      <img decoding=\"async\" alt=\"aplus content image\" src=\"https:\/\/images-na.ssl-images-amazon.com\/images\/G\/01\/x-locale\/common\/grey-pixel.gif\" class=\"a-spacing-mini a-lazy-loaded\" data-src=\"https:\/\/m.media-amazon.com\/images\/S\/aplus-media-library-service-media\/e4dfc35a-4bb6-475f-b326-1e6efc409578.__CR0,0,300,300_PT0_SX300_V1___.jpg\"><img decoding=\"async\" alt=\"aplus content image\" src=\"https:\/\/m.media-amazon.com\/images\/S\/aplus-media-library-service-media\/e4dfc35a-4bb6-475f-b326-1e6efc409578.__CR0,0,300,300_PT0_SX300_V1___.jpg\">  <\/p>\n<p>                                                    PCIE 5.0                                       <\/p>\n<p> Tres ranuras M.2 integradas <\/p>\n<p> ROG Crosshair X870E Extreme cuenta con tres ranuras PCIe 5.0 M.2 integradas, que ofrecen una incre\u00edble velocidad de 16 GB\/s. Tambi\u00e9n est\u00e1 equipada con un conector SlimSAS, que admite el modo PCIe 4.0 x4 a trav\u00e9s de un cable de transferencia. El cable se vende por separado. <\/p>\n<p> Ranuras de expansi\u00f3n <\/p>\n<p> Ambas ranuras de expansi\u00f3n x16 ofrecen PCIe 5.0 con velocidades incre\u00edbles de hasta 64 GB\/s para dispositivos compatibles, lo que admite completamente las tarjetas gr\u00e1ficas de pr\u00f3xima generaci\u00f3n. Para soportar el peso de las tarjetas gr\u00e1ficas masivas, tambi\u00e9n est\u00e1n protegidas por soportes de retenci\u00f3n SafeSlot que se pueden liberar f\u00e1cilmente gracias a la ranura PCIe Q-Release Slim. <\/p>\n<p class=\"apm-text-center\">\n                                                      <img decoding=\"async\" alt=\"aplus content image\" src=\"https:\/\/images-na.ssl-images-amazon.com\/images\/G\/01\/x-locale\/common\/grey-pixel.gif\" class=\"a-spacing-mini a-lazy-loaded\" data-src=\"https:\/\/m.media-amazon.com\/images\/S\/aplus-media-library-service-media\/550e9fc6-7e1b-4124-acbb-0a54a9644716.__CR0,0,300,300_PT0_SX300_V1___.jpg\"><img decoding=\"async\" alt=\"aplus content image\" src=\"https:\/\/m.media-amazon.com\/images\/S\/aplus-media-library-service-media\/550e9fc6-7e1b-4124-acbb-0a54a9644716.__CR0,0,300,300_PT0_SX300_V1___.jpg\">  <\/p>\n<p>                                                    ROG Q-DIMM.2                                       <\/p>\n<p> La tarjeta de expansi\u00f3n ROG Q-DIMM.2 permite montar f\u00e1cilmente dos unidades M.2 PCIe 4.0 junto a las ranuras de los m\u00f3dulos de memoria, donde los disipadores de calor grandes transportan el calor directamente a la trayectoria del flujo de aire del chasis. (Unidad M.2 no incluida). <\/p>\n<p class=\"apm-text-center\">\n                                                      <img decoding=\"async\" alt=\"aplus content image\" src=\"https:\/\/images-na.ssl-images-amazon.com\/images\/G\/01\/x-locale\/common\/grey-pixel.gif\" class=\"a-spacing-mini a-lazy-loaded\" data-src=\"https:\/\/m.media-amazon.com\/images\/S\/aplus-media-library-service-media\/5a1523ed-ba2e-436e-a302-1480b57e3b91.__CR0,0,300,300_PT0_SX300_V1___.jpg\"><img decoding=\"async\" alt=\"aplus content image\" src=\"https:\/\/m.media-amazon.com\/images\/S\/aplus-media-library-service-media\/5a1523ed-ba2e-436e-a302-1480b57e3b91.__CR0,0,300,300_PT0_SX300_V1___.jpg\">  <\/p>\n<p>                                                    M.2 Q-Slide                                       <\/p>\n<p> El nuevo dise\u00f1o de cierre deslizante M.2 admite los formatos 2242 y 2260 para facilitar la instalaci\u00f3n de los dispositivos. <\/p>\n<p>                         Add To Basket  <\/p>\n<p>                         Add To Basket  <\/p>\n<p>                         Add To Basket  <\/p>\n<p>                             Customer Reviews  <\/p>\n<p>                    4.2 out of 5 stars  33  <\/p>\n<p>                    4.4 out of 5 stars  164  <\/p>\n<p>                    4.5 out of 5 stars  23  <\/p>\n<p>                             Price  <\/p>\n<p>                                    \u20ac1,029.00\u20ac1,029.00                  \u20ac619.90\u20ac619.90                  \u20ac739.67\u20ac739.67                 <\/p>\n<p>                             CPU<br \/>\n                                AM5 socket (Ryzen 7000-9000 Series)               AM5 socket (Ryzen 7000-9000 Series)               AM5 socket (Ryzen 7000-9000 Series)                 <\/p>\n<p>                             Potencia de la CPU<br \/>\n                                20(110A)+2(110A)+2(80A)               18(110A)+2(110A)+2(80A)               18(110A)+2(110A)+2(80A)                 <\/p>\n<p>                             Memoria<br \/>\n                                4 ranuras DIMM, m\u00e1x. 256 GB, DDR5               4 ranuras DIMM, m\u00e1x. 256 GB, DDR5               2 ranuras DIMM, m\u00e1x. 128 GB, DDR5                 <\/p>\n<p>                             Puertas<br \/>\n                                1 x HDMI \/ 2 x USB4               1 x HDMI \/ 2 x USB4               2 x USB4                 <\/p>\n<p>                             Ranuras de expansi\u00f3n<br \/>\n                                2 ranuras PCIe 5.0 x16               2 ranuras PCIe 5.0 x16               2 ranuras PCIe 5.0 x16, 1 ranura PCIe 4.0 x4, 1 ranura PCIe 3.0 x1                 <\/p>\n<p>                             SATA 6Gb\/s<br \/>\n                                4 unidades               4 unidades               4 unidades                 <\/p>\n<p>                             M.2<br \/>\n                                2 x M.2 22110 (PCIe 5.0 x4), 1 x M.2 2280 (PCIe 5.0 x4), 2 x M.2 22110 (PCIe 4.0 x4)                3 x M.2 2280 (PCIe 5.0 x4), 2 x M.2 2280 (PCIe 4.0 x4)               3 x M.2 2280 (PCIe 5.0 x4), 2 x M.2 22110 (PCIe 4.0 x4) (a trav\u00e9s de ROG DIMM.2 Card)                 <\/p>\n<p>                             Puertos USB<br \/>\n                                2 x USB4, 11 x USB 10Gbps, 1 x USB 20Gbps, 2 x USB 5Gbps, 2 x USB 2.0               2 x USB4, 8 x USB 10Gbps, 2 x USB 20Gbps, 2 x USB 5Gbps, 2 x USB 2.0               2 x USB4, 7 x USB 10Gbps, 2 x USB 5Gbps, 2 x USB 20Gbps, 2 x USB 2.0                 <\/p>\n<p>                             Inal\u00e1mbrico<br \/>\n                                Wi-Fi 7               Wi-Fi 7               Wi-Fi 7                 <\/p>\n<p>                             Ethernet<br \/>\n                                1 x Realtek 5 GB, 1 x Marvell 10 Gb               1 x Intel 2,5 GB, 1 x Realtek 5 GB               1 x Realtek 5 GB                 <\/p>\n<p> Language                                            \u200f                                            :                                            \u200e                                            English   <br \/> Product Dimensions                                            \u200f                                            :                                            \u200e                                            27.7 x 4.9 x 30.5 cm; 3.03 kg   <br \/> Manufacturer                                            \u200f                                            :                                            \u200e                                            ASUS   <br \/> ASIN                                            \u200f                                            :                                            \u200e                                            B0F1Z4Z9BT   <br \/> Item model number                                            \u200f                                            :                                            \u200e                                            ROG CROSSHAIR X870E EXTREME   <br \/> Country of origin                                            \u200f                                            :                                            \u200e                                            China   <br \/> Guaranteed software updates until                                            \u200f                                            :                                            \u200e                                            unknown   <br \/>  Customer reviews:                                                                                            4.2               4.2 out of 5 stars                                  (33)                                              var dpAcrHasRegisteredArcLinkClickAction;                    P.when(&#8216;A&#8217;, &#8216;ready&#8217;).execute(function(A) {                        if (dpAcrHasRegisteredArcLinkClickAction !== true) {                            dpAcrHasRegisteredArcLinkClickAction = true;                            A.declarative(                                &#8216;acrLink-click-metrics&#8217;, &#8216;click&#8217;,                                { \u00aballowLinkDefault\u00bb: true },                                function (event) {                                    if (window.ue) {                                        ue.count(\u00abacrLinkClickCount\u00bb, (ue.count(\u00abacrLinkClickCount\u00bb) || 0) + 1);                                    }                                }                            );                        }                    });                                             P.when(&#8216;A&#8217;, &#8216;cf&#8217;).execute(function(A) {                A.declarative(&#8216;acrStarsLink-click-metrics&#8217;, &#8216;click&#8217;, { \u00aballowLinkDefault\u00bb : true },  function(event){                    if(window.ue) {                        ue.count(\u00abacrStarsLinkWithPopoverClickCount\u00bb, (ue.count(\u00abacrStarsLinkWithPopoverClickCount\u00bb) || 0) + 1);                    }                });            });                          <\/p>\n<p>Advanced AI PC-Ready: Designed for the future of AI computing, with the power and connectivity needed for demanding AI applications<br \/>AMD AM5 Socket: Compatible with AMD Ryzen 9000, 8000 and 7000 series desktop processors<br \/>Intelligent control: AI overclocking, AI II cooling, ASUS exclusive AI II and AEMP networks for simplified setup and improved performance<br \/>ROG overclocking technologies: Dynamic OC Switcher, Core Flex, Asynchronous Clock and PBO Enhancement<br \/>Robust Power Solution &#8211; 20 (110A) + 2 (110A) + 2 power stages with ProCool II power connectors, MicroFine alloy coils and premium metal capacitors<\/p>\n\n","protected":false},"excerpt":{"rendered":"<p> From the manufacturer AI OVERCLOCKING ASUS AI Overclocking perfila la CPU y la refrigeraci\u00f3n para<\/p>","protected":false},"featured_media":33735,"comment_status":"open","ping_status":"closed","template":"","meta":[],"product_brand":[],"product_cat":[80],"product_tag":[9148,530,1390,850,1397,1396,9655,623,5317,1470,1391,599,1392,1393,1389,1186,1119,1442,3110,624,143,565,1293,1394,1395,1462,1098,543,3384],"class_list":{"0":"post-33734","1":"product","2":"type-product","3":"status-publish","4":"has-post-thumbnail","6":"product_cat-processors","7":"product_tag-advisor","8":"product_tag-amd","9":"product_tag-amd-ryzen-processor","10":"product_tag-asus","11":"product_tag-best-processor","12":"product_tag-cpu-price","13":"product_tag-crosshair","14":"product_tag-ddr5","15":"product_tag-eatx","16":"product_tag-extreme","17":"product_tag-gaming-cpu","18":"product_tag-gpu","19":"product_tag-i7-processor","20":"product_tag-i9-processor","21":"product_tag-intel-processor","22":"product_tag-lcd","23":"product_tag-m-2","24":"product_tag-motherboard","25":"product_tag-nextgen","26":"product_tag-pcie","27":"product_tag-power","28":"product_tag-processor","29":"product_tag-rog","30":"product_tag-ryzen-7","31":"product_tag-ryzen-9","32":"product_tag-stages","33":"product_tag-support","34":"product_tag-wifi","35":"product_tag-x870e","37":"first","38":"instock","39":"sale","40":"shipping-taxable","41":"product-type-external"},"_links":{"self":[{"href":"https:\/\/comprasyconsejos.store\/en\/wp-json\/wp\/v2\/product\/33734","targetHints":{"allow":["GET"]}}],"collection":[{"href":"https:\/\/comprasyconsejos.store\/en\/wp-json\/wp\/v2\/product"}],"about":[{"href":"https:\/\/comprasyconsejos.store\/en\/wp-json\/wp\/v2\/types\/product"}],"replies":[{"embeddable":true,"href":"https:\/\/comprasyconsejos.store\/en\/wp-json\/wp\/v2\/comments?post=33734"}],"version-history":[{"count":0,"href":"https:\/\/comprasyconsejos.store\/en\/wp-json\/wp\/v2\/product\/33734\/revisions"}],"wp:featuredmedia":[{"embeddable":true,"href":"https:\/\/comprasyconsejos.store\/en\/wp-json\/wp\/v2\/media\/33735"}],"wp:attachment":[{"href":"https:\/\/comprasyconsejos.store\/en\/wp-json\/wp\/v2\/media?parent=33734"}],"wp:term":[{"taxonomy":"product_brand","embeddable":true,"href":"https:\/\/comprasyconsejos.store\/en\/wp-json\/wp\/v2\/product_brand?post=33734"},{"taxonomy":"product_cat","embeddable":true,"href":"https:\/\/comprasyconsejos.store\/en\/wp-json\/wp\/v2\/product_cat?post=33734"},{"taxonomy":"product_tag","embeddable":true,"href":"https:\/\/comprasyconsejos.store\/en\/wp-json\/wp\/v2\/product_tag?post=33734"}],"curies":[{"name":"wp","href":"https:\/\/api.w.org\/{rel}","templated":true}]}}