{"id":33750,"date":"2026-02-24T12:39:35","date_gmt":"2026-02-24T12:39:35","guid":{"rendered":"https:\/\/comprasyconsejos.store\/product\/lector-de-tarjetas-para-ordenadoradaptador-compacto-6-en-1-para-multiples-tarjetas-transferencia-de-archivos-rapidapara-transferir-archivos-de-fotos-de-portatil-a-telefono-camara\/"},"modified":"2026-02-24T12:39:47","modified_gmt":"2026-02-24T12:39:47","slug":"lector-de-tarjetas-para-ordenadoradaptador-compacto-6-en-1-para-multiples-tarjetas-transferencia-de-archivos-rapidapara-transferir-archivos-de-fotos-de-portatil-a-telefono-camara","status":"publish","type":"product","link":"https:\/\/comprasyconsejos.store\/en\/product\/lector-de-tarjetas-para-ordenadoradaptador-compacto-6-en-1-para-multiples-tarjetas-transferencia-de-archivos-rapidapara-transferir-archivos-de-fotos-de-portatil-a-telefono-camara\/","title":{"rendered":"Lector De Tarjetas para Ordenador,Adaptador Compacto 6 en 1 para M\u00faltiples Tarjetas &#8211; Transferencia de Archivos R\u00e1pida,para Transferir Archivos De Fotos De Port\u00e1til A Tel\u00e9fono C\u00e1mara"},"content":{"rendered":"<p>Price: <span style=\"color:#b12704\">\u20ac7.34<\/span><br \/><i><small>(as of Feb 24, 2026 12:39:35 UTC &#8211; <span class=\"wp_automatic_amazon_disclaimer\" title=\"Product prices and availability are accurate as of the date\/time indicated and are subject to change. Any price and availability information displayed on [relevant Amazon Site(s), as applicable] at the time of purchase will apply to the purchase of this product.\">Details<\/span>)<\/small><\/i><\/p>\n<p><a href=\"https:\/\/amazon.es\/dp\/B0GHT8RDWD?tag=man008-21\"><img decoding=\"async\" src=\"https:\/\/valvepress.s3.amazonaws.com\/imgs\/buy_now.png\"><\/a><br \/>\n<br \/>\n    <span>El adaptador lector de tarjetas de memoria act\u00faa como un centro para transferir archivos de manera entre varios dispositivos. Este adaptador delgado est\u00e1 dise\u00f1ado para conectar c\u00e1maras, tel\u00e9fonos y computadoras sin esfuerzo, convirti\u00e9ndose en un compa\u00f1ero ideal para actividades al aire y viajes. Su dise\u00f1o compacto permite una f\u00e1cil portabilidad manteniendo la compatibilidad con m\u00faltiples dispositivos.<\/p>\n<p>Especificaci\u00f3n<br \/>Nombre del producto: Lector de tarjetas<br \/>Color del producto: negro<br \/>Material del producto: ABS<\/p>\n<p>Lista<br \/>Lector de tarjetas*1<\/p>\n<p>Nota:<br \/>Debido a las diferentes configuraciones de iluminaci\u00f3n y pantalla, el color del art\u00edculo puede ser ligeramente diferente al de la imagen.<br \/>Debido a las diferentes medidas manuales, permita una diferencia de tama\u00f1o de 1-2 cm.<\/span>    <br \/> Package Dimensions                                            \u200f                                            :                                            \u200e                                            16.8 x 8.3 x 2.3 cm; 60 g   <br \/> Manufacturer                                            \u200f                                            :                                            \u200e                                            Gihioue   <br \/> ASIN                                            \u200f                                            :                                            \u200e                                            B0GHT8RDWD   <br \/> Manufacturer reference                                            \u200f                                            :                                            \u200e                                            XUGSD4T7I9ELDH8D   <br \/> Country\/Region of Origin                                            \u200f                                            :                                            \u200e                                            China   <br \/> Guaranteed software updates until                                            \u200f                                            :                                            \u200e                                            unknown   <\/p>\n<p>Aplicaciones vers\u00e1tiles: Este lector de tarjetas acepta m\u00faltiples tipos de tarjeta, garantizando transferencias de archivos fluidas entre c\u00e1maras, smartphones y ordenadores, lo que resulta adecuado para fot\u00f3grafos que gestionan grandes vol\u00famenes de contenido multimedia.<br \/>Transferencia Eficiente: Con chips de alta velocidad optimizados, este lector de tarjetas facilita flujos de trabajo r\u00e1pidos para im\u00e1genes HD y transferencias fluidas de archivos de v\u00eddeo 4K, manteniendo velocidades de lectura y escritura confiables que ahorran tiempo durante tareas que requieren manejar muchos datos, como sesiones de fotos o copias de producci\u00f3n de video.<br \/>Construcci\u00f3n duradera: Este lector de tarjetas para computadora est\u00e1 dise\u00f1ado con elementos conductores que mantienen conexiones estables, reduciendo las interrupciones causadas por interferencia de se\u00f1al y destacando en diversos entornos de uso.<br \/>Transporte Simplificado: Con un dise\u00f1o compacto y ligero, este lector de tarjetas es muy f\u00e1cil de guardar y transportar, mejorando la experiencia de fotograf\u00eda de viaje. Ocupa un espacio m\u00ednimo en tu equipaje, dejando m\u00e1s sitio para el equipo fotogr\u00e1fico durante viajes largos o escapadas de fin de semana, sin agregar volumen ni peso.<br \/>Privacidad y Protecci\u00f3n Confiable: Equipado con un bloqueo de contrase\u00f1a incorporado, este lector de tarjetas USB evita la visualizaci\u00f3n no autorizada de contenido sensible, ofreciendo una gesti\u00f3n de datos segura y protecci\u00f3n confiable cuando se usa al aire o en espacios compartidos. Perfecto para mantener la privacidad en viajes, trabajo remoto o entornos profesionales, asegurando que su informaci\u00f3n est\u00e9 siempre a de accesos no deseados.<\/p>\n\n","protected":false},"excerpt":{"rendered":"<p> El adaptador lector de tarjetas de memoria act\u00faa como un centro para transferir archivos de<\/p>","protected":false},"featured_media":33751,"comment_status":"open","ping_status":"closed","template":"","meta":[],"product_brand":[],"product_cat":[47],"product_tag":[8019,4112,1399,4212,1411,4819,1413,5321,1407,1409,1415,8016,9659,1416,3954,1417,4217,9660,1405,5322,4816,5327,8018,1403],"class_list":{"0":"post-33750","1":"product","2":"type-product","3":"status-publish","4":"has-post-thumbnail","6":"product_cat-card-readers","7":"product_tag-archivos","8":"product_tag-camara","9":"product_tag-card-reader","10":"product_tag-compacto","11":"product_tag-fast-card-reader","12":"product_tag-fotos","13":"product_tag-laptop-card-reader","14":"product_tag-lector","15":"product_tag-memory-card-reader","16":"product_tag-micro-sd-card-reader","17":"product_tag-multi-card-reader","18":"product_tag-multiples","19":"product_tag-ordenadoradaptador","20":"product_tag-otg-card-reader","21":"product_tag-para","22":"product_tag-portable-card-reader","23":"product_tag-portatil","24":"product_tag-rapidapara","25":"product_tag-sd-card-reader","26":"product_tag-tarjetas","27":"product_tag-telefono","28":"product_tag-transferencia","29":"product_tag-transferir","30":"product_tag-usb-card-reader","32":"first","33":"instock","34":"shipping-taxable","35":"product-type-external"},"_links":{"self":[{"href":"https:\/\/comprasyconsejos.store\/en\/wp-json\/wp\/v2\/product\/33750","targetHints":{"allow":["GET"]}}],"collection":[{"href":"https:\/\/comprasyconsejos.store\/en\/wp-json\/wp\/v2\/product"}],"about":[{"href":"https:\/\/comprasyconsejos.store\/en\/wp-json\/wp\/v2\/types\/product"}],"replies":[{"embeddable":true,"href":"https:\/\/comprasyconsejos.store\/en\/wp-json\/wp\/v2\/comments?post=33750"}],"version-history":[{"count":0,"href":"https:\/\/comprasyconsejos.store\/en\/wp-json\/wp\/v2\/product\/33750\/revisions"}],"wp:featuredmedia":[{"embeddable":true,"href":"https:\/\/comprasyconsejos.store\/en\/wp-json\/wp\/v2\/media\/33751"}],"wp:attachment":[{"href":"https:\/\/comprasyconsejos.store\/en\/wp-json\/wp\/v2\/media?parent=33750"}],"wp:term":[{"taxonomy":"product_brand","embeddable":true,"href":"https:\/\/comprasyconsejos.store\/en\/wp-json\/wp\/v2\/product_brand?post=33750"},{"taxonomy":"product_cat","embeddable":true,"href":"https:\/\/comprasyconsejos.store\/en\/wp-json\/wp\/v2\/product_cat?post=33750"},{"taxonomy":"product_tag","embeddable":true,"href":"https:\/\/comprasyconsejos.store\/en\/wp-json\/wp\/v2\/product_tag?post=33750"}],"curies":[{"name":"wp","href":"https:\/\/api.w.org\/{rel}","templated":true}]}}