{"id":33761,"date":"2026-02-24T13:36:35","date_gmt":"2026-02-24T13:36:35","guid":{"rendered":"https:\/\/comprasyconsejos.store\/product\/generico-wireless-headphones-wireless-bluetooth-headphones-ipx7-waterproof-bluetooth-wireless-headphones-comfortable-fit-usb-c-fast-charging-grey\/"},"modified":"2026-02-24T13:36:43","modified_gmt":"2026-02-24T13:36:43","slug":"generico-wireless-headphones-wireless-bluetooth-headphones-ipx7-waterproof-bluetooth-wireless-headphones-comfortable-fit-usb-c-fast-charging-grey","status":"publish","type":"product","link":"https:\/\/comprasyconsejos.store\/en\/product\/generico-wireless-headphones-wireless-bluetooth-headphones-ipx7-waterproof-bluetooth-wireless-headphones-comfortable-fit-usb-c-fast-charging-grey\/","title":{"rendered":"Gen\u00e9rico Wireless Headphones, Wireless Bluetooth Headphones, IPX7 Waterproof Bluetooth Wireless Headphones, Comfortable Fit, USB-C Fast Charging (Grey)"},"content":{"rendered":"<p>Price: <span style=\"color:#b12704\">\u20ac9.99<\/span><br \/><i><small>(as of Feb 24, 2026 13:36:35 UTC &#8211; <span class=\"wp_automatic_amazon_disclaimer\" title=\"Product prices and availability are accurate as of the date\/time indicated and are subject to change. Any price and availability information displayed on [relevant Amazon Site(s), as applicable] at the time of purchase will apply to the purchase of this product.\">Details<\/span>)<\/small><\/i><\/p>\n<p><a href=\"https:\/\/amazon.es\/dp\/B0FZVYYGV2?tag=man008-21\"><img decoding=\"async\" src=\"https:\/\/valvepress.s3.amazonaws.com\/imgs\/buy_now.png\"><\/a><br \/>\n<\/p>\n<p>                                             Product Description   <\/p>\n<p>                                                                             <img decoding=\"async\" alt=\"aplus content image\" src=\"https:\/\/images-na.ssl-images-amazon.com\/images\/G\/01\/x-locale\/common\/grey-pixel.gif\" class=\"a-spacing-base a-lazy-loaded\" data-src=\"https:\/\/m.media-amazon.com\/images\/S\/aplus-media-library-service-media\/49ea73f6-73a4-4d2b-bbee-3afdfe5b3ef2.__CR0,37,1536,950_PT0_SX970_V1___.png\"><img decoding=\"async\" alt=\"aplus content image\" src=\"https:\/\/m.media-amazon.com\/images\/S\/aplus-media-library-service-media\/49ea73f6-73a4-4d2b-bbee-3afdfe5b3ef2.__CR0,37,1536,950_PT0_SX970_V1___.png\">                                                                    <\/p>\n<p>                                                                             <img decoding=\"async\" alt=\"aplus content image\" src=\"https:\/\/images-na.ssl-images-amazon.com\/images\/G\/01\/x-locale\/common\/grey-pixel.gif\" class=\"a-spacing-base a-lazy-loaded\" data-src=\"https:\/\/m.media-amazon.com\/images\/S\/aplus-media-library-service-media\/dfeae2a5-ef45-457c-a4da-121ce4e128bd.__CR0,37,1536,950_PT0_SX970_V1___.png\"><img decoding=\"async\" alt=\"aplus content image\" src=\"https:\/\/m.media-amazon.com\/images\/S\/aplus-media-library-service-media\/dfeae2a5-ef45-457c-a4da-121ce4e128bd.__CR0,37,1536,950_PT0_SX970_V1___.png\">                                                                    <\/p>\n<p>                                                                             <img decoding=\"async\" alt=\"El texto dice \u00ab40H Tiempo de Escucha Extendido\u00bb. Auriculares inal\u00e1mbricos blancos con funda de carga sobre una superficie azul oscuro con especificaciones t\u00e9cnicas.\" src=\"https:\/\/images-na.ssl-images-amazon.com\/images\/G\/01\/x-locale\/common\/grey-pixel.gif\" class=\"a-spacing-base a-lazy-loaded\" data-src=\"https:\/\/m.media-amazon.com\/images\/S\/aplus-media-library-service-media\/2e297816-6094-42e6-906f-8a6826aa9aee.__CR0,37,1536,950_PT0_SX970_V1___.png\"><img decoding=\"async\" alt=\"El texto dice \u00ab40H Tiempo de Escucha Extendido\u00bb. Auriculares inal\u00e1mbricos blancos con funda de carga sobre una superficie azul oscuro con especificaciones t\u00e9cnicas.\" src=\"https:\/\/m.media-amazon.com\/images\/S\/aplus-media-library-service-media\/2e297816-6094-42e6-906f-8a6826aa9aee.__CR0,37,1536,950_PT0_SX970_V1___.png\">                                                                    <\/p>\n<p>                                                                             <img decoding=\"async\" alt=\"El texto dice \u00ab4 CARACTER\u00cdSTICAS CLAVE\u00bb. Pantalla de informaci\u00f3n t\u00e9cnica del producto que muestra los auriculares inal\u00e1mbricos con diagramas y detalles de las especificaciones en espa\u00f1ol.\" src=\"https:\/\/images-na.ssl-images-amazon.com\/images\/G\/01\/x-locale\/common\/grey-pixel.gif\" class=\"a-spacing-base a-lazy-loaded\" data-src=\"https:\/\/m.media-amazon.com\/images\/S\/aplus-media-library-service-media\/110b296d-c7ad-4e18-ade8-fa0871912ebc.__CR0,37,1536,950_PT0_SX970_V1___.png\"><img decoding=\"async\" alt=\"El texto dice \u00ab4 CARACTER\u00cdSTICAS CLAVE\u00bb. Pantalla de informaci\u00f3n t\u00e9cnica del producto que muestra los auriculares inal\u00e1mbricos con diagramas y detalles de las especificaciones en espa\u00f1ol.\" src=\"https:\/\/m.media-amazon.com\/images\/S\/aplus-media-library-service-media\/110b296d-c7ad-4e18-ade8-fa0871912ebc.__CR0,37,1536,950_PT0_SX970_V1___.png\">                                                                    <\/p>\n<p>                                                                             <img decoding=\"async\" alt=\"El texto dice \u00abIPX7 Resistentes al Agua\u00bb. Auriculares inal\u00e1mbricos blancos con efecto de gotas de agua sobre un fondo c\u00f3smico azul oscuro.\" src=\"https:\/\/images-na.ssl-images-amazon.com\/images\/G\/01\/x-locale\/common\/grey-pixel.gif\" class=\"a-spacing-base a-lazy-loaded\" data-src=\"https:\/\/m.media-amazon.com\/images\/S\/aplus-media-library-service-media\/f4636be1-32a7-466b-ba13-e0d935fbc85f.__CR0,37,1536,950_PT0_SX970_V1___.png\"><img decoding=\"async\" alt=\"El texto dice \u00abIPX7 Resistentes al Agua\u00bb. Auriculares inal\u00e1mbricos blancos con efecto de gotas de agua sobre un fondo c\u00f3smico azul oscuro.\" src=\"https:\/\/m.media-amazon.com\/images\/S\/aplus-media-library-service-media\/f4636be1-32a7-466b-ba13-e0d935fbc85f.__CR0,37,1536,950_PT0_SX970_V1___.png\">                                                                    <\/p>\n<p>                                                                             <img decoding=\"async\" alt=\"El texto dice \u00abDISE\u00d1O DE AURICULARES INAL\u00c1MBRICOS PARA LLAMADAS Y M\u00daSICA EN HD\u00bb. Se muestran los auriculares inal\u00e1mbricos blancos con iconos de interfaz LED azules que indican las caracter\u00edsticas.\" src=\"https:\/\/images-na.ssl-images-amazon.com\/images\/G\/01\/x-locale\/common\/grey-pixel.gif\" class=\"a-spacing-base a-lazy-loaded\" data-src=\"https:\/\/m.media-amazon.com\/images\/S\/aplus-media-library-service-media\/175c9894-2ccd-45da-89e0-3c73b33afbaa.__CR0,37,1536,950_PT0_SX970_V1___.png\"><img decoding=\"async\" alt=\"El texto dice \u00abDISE\u00d1O DE AURICULARES INAL\u00c1MBRICOS PARA LLAMADAS Y M\u00daSICA EN HD\u00bb. Se muestran los auriculares inal\u00e1mbricos blancos con iconos de interfaz LED azules que indican las caracter\u00edsticas.\" src=\"https:\/\/m.media-amazon.com\/images\/S\/aplus-media-library-service-media\/175c9894-2ccd-45da-89e0-3c73b33afbaa.__CR0,37,1536,950_PT0_SX970_V1___.png\">                                                                    <\/p>\n<p>                                                                             <img decoding=\"async\" alt=\"Colecci\u00f3n de fundas para auriculares inal\u00e1mbricos en varios colores (negro, dorado, plateado, rosa, azul y verde menta) dispuestas sobre un fondo oscuro con efectos de iluminaci\u00f3n.\" src=\"https:\/\/images-na.ssl-images-amazon.com\/images\/G\/01\/x-locale\/common\/grey-pixel.gif\" class=\"a-spacing-base a-lazy-loaded\" data-src=\"https:\/\/m.media-amazon.com\/images\/S\/aplus-media-library-service-media\/09c9973c-4869-4402-a1aa-3fc83c1dead3.__CR0,37,1536,950_PT0_SX970_V1___.png\"><img decoding=\"async\" alt=\"Colecci\u00f3n de fundas para auriculares inal\u00e1mbricos en varios colores (negro, dorado, plateado, rosa, azul y verde menta) dispuestas sobre un fondo oscuro con efectos de iluminaci\u00f3n.\" src=\"https:\/\/m.media-amazon.com\/images\/S\/aplus-media-library-service-media\/09c9973c-4869-4402-a1aa-3fc83c1dead3.__CR0,37,1536,950_PT0_SX970_V1___.png\">                                                                    <\/p>\n<p> Package Dimensions                                            \u200f                                            :                                            \u200e                                            6 x 6 x 2 cm; 40 g   <br \/> Manufacturer                                            \u200f                                            :                                            \u200e                                            zxl007   <br \/> ASIN                                            \u200f                                            :                                            \u200e                                            B0FZVYYGV2   <br \/> Item model number                                            \u200f                                            :                                            \u200e                                            Pro   <br \/> Country\/Region of Origin                                            \u200f                                            :                                            \u200e                                            China   <br \/> Guaranteed software updates until                                            \u200f                                            :                                            \u200e                                            unknown   <br \/>  Customer reviews:                                                                                            3.8               3.8 out of 5 stars                                  (10)                                              var dpAcrHasRegisteredArcLinkClickAction;                    P.when(&#8216;A&#8217;, &#8216;ready&#8217;).execute(function(A) {                        if (dpAcrHasRegisteredArcLinkClickAction !== true) {                            dpAcrHasRegisteredArcLinkClickAction = true;                            A.declarative(                                &#8216;acrLink-click-metrics&#8217;, &#8216;click&#8217;,                                { \u00aballowLinkDefault\u00bb: true },                                function (event) {                                    if (window.ue) {                                        ue.count(\u00abacrLinkClickCount\u00bb, (ue.count(\u00abacrLinkClickCount\u00bb) || 0) + 1);                                    }                                }                            );                        }                    });                                             P.when(&#8216;A&#8217;, &#8216;cf&#8217;).execute(function(A) {                A.declarative(&#8216;acrStarsLink-click-metrics&#8217;, &#8216;click&#8217;, { \u00aballowLinkDefault\u00bb : true },  function(event){                    if(window.ue) {                        ue.count(\u00abacrStarsLinkWithPopoverClickCount\u00bb, (ue.count(\u00abacrStarsLinkWithPopoverClickCount\u00bb) || 0) + 1);                    }                });            });                          <\/p>\n<p>Advanced Bluetooth 5.3: Advanced Bluetooth 5.3: Stay connected to your device in complete safety, thanks to the advanced Bluetooth 5.3 functionality of the wireless headphones. Ensures a strong, continuous connection within a maximum radius of 50 feet from the paired device. Greatly improves transmission speed, bringing you a low-latency listening experience.<br \/>HiFi Stereo Sound and ENC Noise Cancellation: The headphones feature powerful 13mm speakers and a supportive acoustic structure inside the ear, which produces bass, intense and bright treble. In-Ear Headphones with 4 microphones, ENC Noise Reduction technology is used to ensure ambient noise is reduced and clearer calls, offering you a high quality of superior Hi-Fi stereo.<br \/>Intelligent Touch Control, Wide Compatibility: The in-ear in-ear headphones have a highly sensitive touch sensor that allows you to easily perform various operations, such as making calls, adjusting volume, changing songs and activating Siri. Don&#8217;t worry, the sports bluetooth headphones are also compatible with most Android, iOS, tablets, PCs and laptops.<br \/>Ergonomic Design and IPX7 Waterproof: The wireless bluetooth headphones are ergonomically designed to perfectly fit the internal contour of the ear, ensuring comfort and resistance to falling. The wireless helmets are nano-coated with IPX7 waterproof technology to protect them from splashing caused by sweat and raindrops, perfect for sports and daily work.<br \/>Wear Comfort With You: The in-ear headphones have been carefully designed to offer an ergonomic fit, providing stability and optimal comfort. With an ultra-light weight of only 4.2g, they significantly reduce the pressure you can feel, even after long hours of use. Enjoy wearing them all day long in total comfort, almost forgetting you&#8217;re wearing them.<\/p>\n\n","protected":false},"excerpt":{"rendered":"<p> Product Description Package Dimensions \u200f : \u200e 6 x 6 x 2 cm; 40 g<\/p>","protected":false},"featured_media":33762,"comment_status":"open","ping_status":"closed","template":"","meta":[],"product_brand":[],"product_cat":[48],"product_tag":[720,726,714,138,1146,137,1316,712,6547,204,928,711,717,2668,715,719,716,718,188,1078,226,713],"class_list":{"0":"post-33761","1":"product","2":"type-product","3":"status-publish","4":"has-post-thumbnail","6":"product_cat-headsets","7":"product_tag-best-headset","8":"product_tag-bluetooth","9":"product_tag-bluetooth-headset","10":"product_tag-charging","11":"product_tag-comfortable","12":"product_tag-fast","13":"product_tag-fit","14":"product_tag-gaming-headset","15":"product_tag-generico","16":"product_tag-grey","17":"product_tag-headphones","18":"product_tag-headset","19":"product_tag-headset-with-mic","20":"product_tag-ipx7","21":"product_tag-noise-cancelling-headset","22":"product_tag-over-ear-headset","23":"product_tag-pc-headset","24":"product_tag-rgb-gaming-headset","25":"product_tag-usbc","26":"product_tag-waterproof","27":"product_tag-wireless","28":"product_tag-wireless-headset","30":"first","31":"instock","32":"shipping-taxable","33":"product-type-external"},"_links":{"self":[{"href":"https:\/\/comprasyconsejos.store\/en\/wp-json\/wp\/v2\/product\/33761","targetHints":{"allow":["GET"]}}],"collection":[{"href":"https:\/\/comprasyconsejos.store\/en\/wp-json\/wp\/v2\/product"}],"about":[{"href":"https:\/\/comprasyconsejos.store\/en\/wp-json\/wp\/v2\/types\/product"}],"replies":[{"embeddable":true,"href":"https:\/\/comprasyconsejos.store\/en\/wp-json\/wp\/v2\/comments?post=33761"}],"version-history":[{"count":0,"href":"https:\/\/comprasyconsejos.store\/en\/wp-json\/wp\/v2\/product\/33761\/revisions"}],"wp:featuredmedia":[{"embeddable":true,"href":"https:\/\/comprasyconsejos.store\/en\/wp-json\/wp\/v2\/media\/33762"}],"wp:attachment":[{"href":"https:\/\/comprasyconsejos.store\/en\/wp-json\/wp\/v2\/media?parent=33761"}],"wp:term":[{"taxonomy":"product_brand","embeddable":true,"href":"https:\/\/comprasyconsejos.store\/en\/wp-json\/wp\/v2\/product_brand?post=33761"},{"taxonomy":"product_cat","embeddable":true,"href":"https:\/\/comprasyconsejos.store\/en\/wp-json\/wp\/v2\/product_cat?post=33761"},{"taxonomy":"product_tag","embeddable":true,"href":"https:\/\/comprasyconsejos.store\/en\/wp-json\/wp\/v2\/product_tag?post=33761"}],"curies":[{"name":"wp","href":"https:\/\/api.w.org\/{rel}","templated":true}]}}