{"id":33783,"date":"2026-02-24T14:51:45","date_gmt":"2026-02-24T14:51:45","guid":{"rendered":"https:\/\/comprasyconsejos.store\/product\/the-g-lab-kult-helium-wireless-gaming-mouse-800-to-6400-dpi-optical-sensor-7-color-backlight-6-buttons-comfortable-and-lightweight-pc-mac-ps4-ps5-wireless-gaming-mouse-black\/"},"modified":"2026-02-24T14:51:53","modified_gmt":"2026-02-24T14:51:53","slug":"the-g-lab-kult-helium-wireless-gaming-mouse-800-to-6400-dpi-optical-sensor-7-color-backlight-6-buttons-comfortable-and-lightweight-pc-mac-ps4-ps5-wireless-gaming-mouse-black","status":"publish","type":"product","link":"https:\/\/comprasyconsejos.store\/en\/product\/the-g-lab-kult-helium-wireless-gaming-mouse-800-to-6400-dpi-optical-sensor-7-color-backlight-6-buttons-comfortable-and-lightweight-pc-mac-ps4-ps5-wireless-gaming-mouse-black\/","title":{"rendered":"The G-Lab &#8211; Kult Helium &#8211; Wireless Gaming Mouse &#8211; 800 to 6400 dpi Optical Sensor, 7 Color Backlight, 6 Buttons &#8211; Comfortable and Lightweight &#8211; PC\/Mac\/PS4\/PS5 &#8211; Wireless Gaming Mouse &#8211; Black"},"content":{"rendered":"<p>Price: <span style=\"color:#b12704\">\u20ac16.99<\/span><br \/><i><small>(as of Feb 24, 2026 14:51:45 UTC &#8211; <span class=\"wp_automatic_amazon_disclaimer\" title=\"Product prices and availability are accurate as of the date\/time indicated and are subject to change. Any price and availability information displayed on [relevant Amazon Site(s), as applicable] at the time of purchase will apply to the purchase of this product.\">Details<\/span>)<\/small><\/i><\/p>\n<p><a href=\"https:\/\/amazon.es\/dp\/B0BMQQLDC3?tag=man008-21\"><img decoding=\"async\" src=\"https:\/\/valvepress.s3.amazonaws.com\/imgs\/buy_now.png\"><\/a><br \/>\n<\/p>\n<p>                                             From the brand   <\/p>\n<p>                                              <img decoding=\"async\" alt=\"Configuraci\u00f3n profesional de producci\u00f3n de audio o v\u00eddeo con m\u00faltiples pantallas, botones coloridos y texto superpuesto \u00abTHE G-LAB\u00bb.\" src=\"https:\/\/images-na.ssl-images-amazon.com\/images\/G\/01\/x-locale\/common\/grey-pixel.gif\" class=\"a-lazy-loaded\" data-src=\"https:\/\/m.media-amazon.com\/images\/S\/aplus-media-library-service-media\/f276f4da-c499-4b0d-8383-fbbdb0e04daf.__CR0,0,1464,625_PT0_SX1464_V1___.png\"><img decoding=\"async\" alt=\"Configuraci\u00f3n profesional de producci\u00f3n de audio o v\u00eddeo con m\u00faltiples pantallas, botones coloridos y texto superpuesto \u00abTHE G-LAB\u00bb.\" src=\"https:\/\/m.media-amazon.com\/images\/S\/aplus-media-library-service-media\/f276f4da-c499-4b0d-8383-fbbdb0e04daf.__CR0,0,1464,625_PT0_SX1464_V1___.png\">  <\/p>\n<p>                                              <img decoding=\"async\" alt=\"\" src=\"https:\/\/images-na.ssl-images-amazon.com\/images\/G\/01\/x-locale\/common\/grey-pixel.gif\" class=\"a-lazy-loaded\" data-src=\"https:\/\/m.media-amazon.com\/images\/S\/aplus-media-library-service-media\/f276f4da-c499-4b0d-8383-fbbdb0e04daf.__CR106,0,1358,625_PT0_SX315_V1___.png\"><img decoding=\"async\" alt=\"\" src=\"https:\/\/m.media-amazon.com\/images\/S\/aplus-media-library-service-media\/f276f4da-c499-4b0d-8383-fbbdb0e04daf.__CR106,0,1358,625_PT0_SX315_V1___.png\">  <\/p>\n<p> Desde 2016, G-Lab se ha especializado en el dise\u00f1o de equipos de juegos de alta calidad. La marca est\u00e1 dedicada a la innovaci\u00f3n, integrando constantemente tecnolog\u00edas avanzadas para satisfacer las demandas de jugadores de todos los niveles, desde casuales hasta semiprofesionales. Cada producto lleva el nombre de un elemento de la tabla peri\u00f3dica, que simboliza los dispositivos de juego como componentes esenciales para una experiencia de juego \u00f3ptima. <\/p>\n<h3> G-LAB: ENTER THE GAME <\/h3>\n<p class=\"apm-brand-story-stores-link\">\n<p> Batteries                                            \u200f                                            :                                            \u200e                                            1 AA batteries required.   <br \/> Product Dimensions                                            \u200f                                            :                                            \u200e                                            11.5 x 4.5 x 16.5 cm; 83 g   <br \/> Manufacturer                                            \u200f                                            :                                            \u200e                                            AXS   <br \/> ASIN                                            \u200f                                            :                                            \u200e                                            B0BMQQLDC3   <br \/> Item model number                                            \u200f                                            :                                            \u200e                                            KULT-HELIUM-WL   <br \/> Country of origin                                            \u200f                                            :                                            \u200e                                            China   <br \/> Guaranteed software updates until                                            \u200f                                            :                                            \u200e                                            unknown   <br \/>  Customer reviews:                                                                                            4.0               4.0 out of 5 stars                                  (3,711)                                              var dpAcrHasRegisteredArcLinkClickAction;                    P.when(&#8216;A&#8217;, &#8216;ready&#8217;).execute(function(A) {                        if (dpAcrHasRegisteredArcLinkClickAction !== true) {                            dpAcrHasRegisteredArcLinkClickAction = true;                            A.declarative(                                &#8216;acrLink-click-metrics&#8217;, &#8216;click&#8217;,                                { \u00aballowLinkDefault\u00bb: true },                                function (event) {                                    if (window.ue) {                                        ue.count(\u00abacrLinkClickCount\u00bb, (ue.count(\u00abacrLinkClickCount\u00bb) || 0) + 1);                                    }                                }                            );                        }                    });                                             P.when(&#8216;A&#8217;, &#8216;cf&#8217;).execute(function(A) {                A.declarative(&#8216;acrStarsLink-click-metrics&#8217;, &#8216;click&#8217;, { \u00aballowLinkDefault\u00bb : true },  function(event){                    if(window.ue) {                        ue.count(\u00abacrStarsLinkWithPopoverClickCount\u00bb, (ue.count(\u00abacrStarsLinkWithPopoverClickCount\u00bb) || 0) + 1);                    }                });            });                          <\/p>\n<p>[Wireless Rechargeable Mouse]: Outperform your opponents with the Kult Helium WL gaming mouse. This wireless gaming mouse is ultra accurate and fast. With it, you will never lose your target. You can adjust the mouse sensitivity from 800 to 6400 DPI through 6 different levels according to your preferences. When it comes to wireless gaming mouse, the answer is a paramount question. The Kult Helium Wireless has a response time of only 4 milliseconds. You will have no delay in action.<br \/>[7 Color Backlight] Light up your set up with the backlight of the wireless gamer mouse. Day and night, it will shine on your desk. 7 different colors available: green, blue, purple, white, yellow, cyan, pink, red. The luminous \u00abbreathing\u00bb effect changes colors one after another for a dynamic and vivid result. The DPI button flashes when its sensitivity changes.<br \/>[Gaming Mouse &#038; Long Lasting Desktops] The Kult Helium Wireless has an exceptional battery life of 15 hours when lighting is on and 100 hours of use with the lighting off. This wireless mouse fully charges in just 4 hours thanks to the included cable. This gaming mouse works up to a distance of 10 meters, giving you true fluidity of movement, at work or in your gaming sessions.<br \/>[Ergonomic and Durable Mouse] This gaming mouse has been designed to ensure absolute comfort once in the hand. Its shape allows easy access to all buttons and fits everyone, no matter the size of your hand or the way you hold your wireless mouse. Its soft-touch coating allows for a perfect grip. The Kult Helium WL weighs only 83 grams and has an exceptional service life of +5,000,000 clicks. This gaming mouse is ultra-lightweight so you can make faster movements in games or when working.<br \/>[Multi-platform Compatibility + 2-Year Warranty]: This rechargeable wireless mouse is easy to use, just plug in the mouse USB nano receiver and turn on the mouse with the button under the mouse and it will work instantly. The Kult Helium WL is compatible with PC, PS4, Xbox One, PS5, Xbox Series X and Mac. However, make sure that the console game allows you to play with a mouse instead of a controller. This gamer mouse has 2 years warranty, it is a risk-free investment for you. Very attentive to the opinion of our customers, our French service will always be here to help you if necessary and reply within -24 hours.<\/p>\n\n","protected":false},"excerpt":{"rendered":"<p> From the brand Desde 2016, G-Lab se ha especializado en el dise\u00f1o de equipos de<\/p>","protected":false},"featured_media":33784,"comment_status":"open","ping_status":"closed","template":"","meta":[],"product_brand":[],"product_cat":[50],"product_tag":[4333,765,307,759,771,312,1146,756,775,761,617,758,5456,9665,9664,956,767,891,9666,763,760,959,764,762,226,757],"class_list":{"0":"post-33783","1":"product","2":"type-product","3":"status-publish","4":"has-post-thumbnail","6":"product_cat-mouse","7":"product_tag-backlight","8":"product_tag-best-gaming-mouse","9":"product_tag-black","10":"product_tag-bluetooth-mouse","11":"product_tag-buttons","12":"product_tag-color","13":"product_tag-comfortable","14":"product_tag-computer-mouse","15":"product_tag-dpi","16":"product_tag-ergonomic-mouse","17":"product_tag-gaming","18":"product_tag-gaming-mouse","19":"product_tag-glab","20":"product_tag-helium","21":"product_tag-kult","22":"product_tag-lightweight","23":"product_tag-mouse","24":"product_tag-optical","25":"product_tag-pcmacps4ps5","26":"product_tag-rechargeable-mouse","27":"product_tag-rgb-mouse","28":"product_tag-sensor","29":"product_tag-silent-mouse","30":"product_tag-usb-mouse","31":"product_tag-wireless","32":"product_tag-wireless-mouse","34":"first","35":"instock","36":"shipping-taxable","37":"product-type-external"},"_links":{"self":[{"href":"https:\/\/comprasyconsejos.store\/en\/wp-json\/wp\/v2\/product\/33783","targetHints":{"allow":["GET"]}}],"collection":[{"href":"https:\/\/comprasyconsejos.store\/en\/wp-json\/wp\/v2\/product"}],"about":[{"href":"https:\/\/comprasyconsejos.store\/en\/wp-json\/wp\/v2\/types\/product"}],"replies":[{"embeddable":true,"href":"https:\/\/comprasyconsejos.store\/en\/wp-json\/wp\/v2\/comments?post=33783"}],"version-history":[{"count":0,"href":"https:\/\/comprasyconsejos.store\/en\/wp-json\/wp\/v2\/product\/33783\/revisions"}],"wp:featuredmedia":[{"embeddable":true,"href":"https:\/\/comprasyconsejos.store\/en\/wp-json\/wp\/v2\/media\/33784"}],"wp:attachment":[{"href":"https:\/\/comprasyconsejos.store\/en\/wp-json\/wp\/v2\/media?parent=33783"}],"wp:term":[{"taxonomy":"product_brand","embeddable":true,"href":"https:\/\/comprasyconsejos.store\/en\/wp-json\/wp\/v2\/product_brand?post=33783"},{"taxonomy":"product_cat","embeddable":true,"href":"https:\/\/comprasyconsejos.store\/en\/wp-json\/wp\/v2\/product_cat?post=33783"},{"taxonomy":"product_tag","embeddable":true,"href":"https:\/\/comprasyconsejos.store\/en\/wp-json\/wp\/v2\/product_tag?post=33783"}],"curies":[{"name":"wp","href":"https:\/\/api.w.org\/{rel}","templated":true}]}}