{"id":33801,"date":"2026-02-24T15:13:52","date_gmt":"2026-02-24T15:13:52","guid":{"rendered":"https:\/\/comprasyconsejos.store\/product\/thermal-paper-80x80mm-50-rolls-thermal-printer-paper-and-pos-ticket-sheets-compatible-printer-cash-register-and-scales-bpa-free-60-gr-50-meter-roll-la-casa-del-pos\/"},"modified":"2026-02-24T15:13:57","modified_gmt":"2026-02-24T15:13:57","slug":"thermal-paper-80x80mm-50-rolls-thermal-printer-paper-and-pos-ticket-sheets-compatible-printer-cash-register-and-scales-bpa-free-60-gr-50-meter-roll-la-casa-del-pos","status":"publish","type":"product","link":"https:\/\/comprasyconsejos.store\/en\/product\/thermal-paper-80x80mm-50-rolls-thermal-printer-paper-and-pos-ticket-sheets-compatible-printer-cash-register-and-scales-bpa-free-60-gr-50-meter-roll-la-casa-del-pos\/","title":{"rendered":"Thermal Paper 80x80mm &#8211; 50 Rolls Thermal Printer Paper and POS &#8211; Ticket Sheets &#8211; Compatible Printer, Cash Register and Scales &#8211; BPA Free &#8211; 60 Gr &#8211; 50 Meter\/Roll &#8211; La Casa del POS"},"content":{"rendered":"<p>Price: <span style=\"color:#b12704\">\u20ac54.90<\/span><br \/><i><small>(as of Feb 24, 2026 15:13:52 UTC &#8211; <span class=\"wp_automatic_amazon_disclaimer\" title=\"Product prices and availability are accurate as of the date\/time indicated and are subject to change. Any price and availability information displayed on [relevant Amazon Site(s), as applicable] at the time of purchase will apply to the purchase of this product.\">Details<\/span>)<\/small><\/i><\/p>\n<p><a href=\"https:\/\/amazon.es\/dp\/B0C2CLRBMD?tag=man008-21\"><img decoding=\"async\" src=\"https:\/\/valvepress.s3.amazonaws.com\/imgs\/buy_now.png\"><\/a><br \/>\n<\/p>\n<p>                                             Product Description   <\/p>\n<p>                                                                             <img decoding=\"async\" alt=\"rollos de papel termico,impresora termica,tpv,rollo,caja registradora,ticket,recibo,papel ticket\" src=\"https:\/\/images-na.ssl-images-amazon.com\/images\/G\/01\/x-locale\/common\/grey-pixel.gif\" class=\"a-spacing-base a-lazy-loaded\" data-src=\"https:\/\/m.media-amazon.com\/images\/S\/aplus-media-library-service-media\/41009a6b-cebf-4070-b597-39d43fb65d7f.__CR0,0,970,600_PT0_SX970_V1___.png\"><img decoding=\"async\" alt=\"rollos de papel termico,impresora termica,tpv,rollo,caja registradora,ticket,recibo,papel ticket\" src=\"https:\/\/m.media-amazon.com\/images\/S\/aplus-media-library-service-media\/41009a6b-cebf-4070-b597-39d43fb65d7f.__CR0,0,970,600_PT0_SX970_V1___.png\">                                                                    <\/p>\n<p>                                                                             <img decoding=\"async\" alt=\"Rollos de papel t\u00e9rmico con las manos sujetando un rollo. El texto describe la tecnolog\u00eda avanzada del papel t\u00e9rmico para imprimir informaci\u00f3n.\" src=\"https:\/\/images-na.ssl-images-amazon.com\/images\/G\/01\/x-locale\/common\/grey-pixel.gif\" class=\"a-spacing-base a-lazy-loaded\" data-src=\"https:\/\/m.media-amazon.com\/images\/S\/aplus-media-library-service-media\/2035d45a-c95e-470f-bbe6-2fb50642be0d.__CR0,0,970,600_PT0_SX970_V1___.png\"><img decoding=\"async\" alt=\"Rollos de papel t\u00e9rmico con las manos sujetando un rollo. El texto describe la tecnolog\u00eda avanzada del papel t\u00e9rmico para imprimir informaci\u00f3n.\" src=\"https:\/\/m.media-amazon.com\/images\/S\/aplus-media-library-service-media\/2035d45a-c95e-470f-bbe6-2fb50642be0d.__CR0,0,970,600_PT0_SX970_V1___.png\">                                                                    <\/p>\n<p>                                                                             <img decoding=\"async\" alt=\"rollos de papel termico,impresora termica,tpv,rollo,caja registradora,ticket,recibo,papel ticket\" src=\"https:\/\/images-na.ssl-images-amazon.com\/images\/G\/01\/x-locale\/common\/grey-pixel.gif\" class=\"a-spacing-base a-lazy-loaded\" data-src=\"https:\/\/m.media-amazon.com\/images\/S\/aplus-media-library-service-media\/b8777a40-f498-4686-81ce-9e446ec93bb9.__CR0,0,970,600_PT0_SX970_V1___.png\"><img decoding=\"async\" alt=\"rollos de papel termico,impresora termica,tpv,rollo,caja registradora,ticket,recibo,papel ticket\" src=\"https:\/\/m.media-amazon.com\/images\/S\/aplus-media-library-service-media\/b8777a40-f498-4686-81ce-9e446ec93bb9.__CR0,0,970,600_PT0_SX970_V1___.png\">                                                                    <\/p>\n<p>                                                                             <img decoding=\"async\" alt=\"rollos de papel termico,impresora termica,tpv,rollo,caja registradora,ticket,recibo,papel ticket\" src=\"https:\/\/images-na.ssl-images-amazon.com\/images\/G\/01\/x-locale\/common\/grey-pixel.gif\" class=\"a-spacing-base a-lazy-loaded\" data-src=\"https:\/\/m.media-amazon.com\/images\/S\/aplus-media-library-service-media\/edea8cbd-a90a-4321-bd19-c3db4e166243.__CR0,0,970,600_PT0_SX970_V1___.png\"><img decoding=\"async\" alt=\"rollos de papel termico,impresora termica,tpv,rollo,caja registradora,ticket,recibo,papel ticket\" src=\"https:\/\/m.media-amazon.com\/images\/S\/aplus-media-library-service-media\/edea8cbd-a90a-4321-bd19-c3db4e166243.__CR0,0,970,600_PT0_SX970_V1___.png\">                                                                    <\/p>\n<p> Product Dimensions                                            \u200f                                            :                                            \u200e                                            5 x 39 x 17.5 cm; 16.75 kg   <br \/> Manufacturer                                            \u200f                                            :                                            \u200e                                            Geon   <br \/> ASIN                                            \u200f                                            :                                            \u200e                                            B0C2CLRBMD   <br \/> Item model number                                            \u200f                                            :                                            \u200e                                            50-80*80   <br \/>  Customer reviews:                                                                                            4.6               4.6 out of 5 stars                                  (49)                                              var dpAcrHasRegisteredArcLinkClickAction;                    P.when(&#8216;A&#8217;, &#8216;ready&#8217;).execute(function(A) {                        if (dpAcrHasRegisteredArcLinkClickAction !== true) {                            dpAcrHasRegisteredArcLinkClickAction = true;                            A.declarative(                                &#8216;acrLink-click-metrics&#8217;, &#8216;click&#8217;,                                { \u00aballowLinkDefault\u00bb: true },                                function (event) {                                    if (window.ue) {                                        ue.count(\u00abacrLinkClickCount\u00bb, (ue.count(\u00abacrLinkClickCount\u00bb) || 0) + 1);                                    }                                }                            );                        }                    });                                             P.when(&#8216;A&#8217;, &#8216;cf&#8217;).execute(function(A) {                A.declarative(&#8216;acrStarsLink-click-metrics&#8217;, &#8216;click&#8217;, { \u00aballowLinkDefault\u00bb : true },  function(event){                    if(window.ue) {                        ue.count(\u00abacrStarsLinkWithPopoverClickCount\u00bb, (ue.count(\u00abacrStarsLinkWithPopoverClickCount\u00bb) || 0) + 1);                    }                });            });                          <\/p>\n<p>WIDE COMPATIBILITY: Our 80x80mm thermal paper rolls are ideal for any thermal printer, cash register and scale that accepts these dimensions. Designed to fit most brands on the market, they offer optimal, hassle-free performance. Forget compatibility and focus on your business!<br \/>\ufe0f INKLESS PRINTING &#8211; This thermal printer paper requires no ink, cartridges or toner, delivering fast, sharp printing and high durability. Perfect for keeping a steady stream of tickets and receipts in hospitality, retail and more businesses. Ideal for your daily ticket paper printing needs. They emit low noise along with high durability and easy handling, ideal for retail or hospitality businesses.<br \/>50 LINEAR METERS PER ROLL: Each 80 x 80 mm thermal paper roll has a weight of 60 g, which ensures greater resistance and print quality and ensures more than 50 linear metres of paper per roll. This translates to excellent durability for everyday use in POS, dataphones and cash registers. A single roll can print about 330 tickets before it runs out. It is an ideal choice for businesses looking to reduce the frequency of changing rolls.<br \/>\u3010OPTIMAL QUALITY WITH 60 GRAMMES\u3011Our 80x80mm thermal paper rolls have a weight of 60g, ensuring a perfect balance between durability and performance. This grammage is essential for crisp, clear prints without compromising print speed. Unlike thinner papers, which can tear easily and offer less durability, the 60g weight ensures a stronger paper, ideal for continuous use.<br \/>BISPHENOL A FREE: Our 80x80mm thermal paper rolls are completely free of Bisphenol A (BPA), a substance commonly found in the thermal roll manufacturing process and can be harmful over time. Unlike other products on the market that still use this chemical, our rolls are made with safe and environmentally friendly materials. Thus, we guarantee the protection of both users and the environment.<\/p>\n\n","protected":false},"excerpt":{"rendered":"<p> Product Description Product Dimensions \u200f : \u200e 5 x 39 x 17.5 cm; 16.75 kg<\/p>","protected":false},"featured_media":33802,"comment_status":"open","ping_status":"closed","template":"","meta":[],"product_brand":[],"product_cat":[91],"product_tag":[8644,2536,803,801,7049,9669,805,201,9673,800,2537,9672,808,799,806,1965,3129,1962,9670,807,4116,9671,2318,802,2053,9668,804],"class_list":{"0":"post-33801","1":"product","2":"type-product","3":"status-publish","4":"has-post-thumbnail","6":"product_cat-office-pcs","7":"product_tag-80x80mm","8":"product_tag-bpa","9":"product_tag-budget-office-pc","10":"product_tag-business-desktop-pc","11":"product_tag-casa","12":"product_tag-cash","13":"product_tag-compact-desktop-pc","14":"product_tag-compatible","15":"product_tag-del","16":"product_tag-desktop-computer-for-office","17":"product_tag-free","18":"product_tag-meterroll","19":"product_tag-office-computer-setup","20":"product_tag-office-pc","21":"product_tag-office-pc-ssd","22":"product_tag-paper","23":"product_tag-pos","24":"product_tag-printer","25":"product_tag-register","26":"product_tag-reliable-office-pc","27":"product_tag-rolls","28":"product_tag-scales","29":"product_tag-sheets","30":"product_tag-small-office-pc","31":"product_tag-thermal","32":"product_tag-ticket","33":"product_tag-windows-office-pc","35":"first","36":"instock","37":"shipping-taxable","38":"product-type-external"},"_links":{"self":[{"href":"https:\/\/comprasyconsejos.store\/en\/wp-json\/wp\/v2\/product\/33801","targetHints":{"allow":["GET"]}}],"collection":[{"href":"https:\/\/comprasyconsejos.store\/en\/wp-json\/wp\/v2\/product"}],"about":[{"href":"https:\/\/comprasyconsejos.store\/en\/wp-json\/wp\/v2\/types\/product"}],"replies":[{"embeddable":true,"href":"https:\/\/comprasyconsejos.store\/en\/wp-json\/wp\/v2\/comments?post=33801"}],"version-history":[{"count":0,"href":"https:\/\/comprasyconsejos.store\/en\/wp-json\/wp\/v2\/product\/33801\/revisions"}],"wp:featuredmedia":[{"embeddable":true,"href":"https:\/\/comprasyconsejos.store\/en\/wp-json\/wp\/v2\/media\/33802"}],"wp:attachment":[{"href":"https:\/\/comprasyconsejos.store\/en\/wp-json\/wp\/v2\/media?parent=33801"}],"wp:term":[{"taxonomy":"product_brand","embeddable":true,"href":"https:\/\/comprasyconsejos.store\/en\/wp-json\/wp\/v2\/product_brand?post=33801"},{"taxonomy":"product_cat","embeddable":true,"href":"https:\/\/comprasyconsejos.store\/en\/wp-json\/wp\/v2\/product_cat?post=33801"},{"taxonomy":"product_tag","embeddable":true,"href":"https:\/\/comprasyconsejos.store\/en\/wp-json\/wp\/v2\/product_tag?post=33801"}],"curies":[{"name":"wp","href":"https:\/\/api.w.org\/{rel}","templated":true}]}}