{"id":33808,"date":"2026-02-24T15:21:15","date_gmt":"2026-02-24T15:21:15","guid":{"rendered":"https:\/\/comprasyconsejos.store\/product\/lenovo-legion-pro-5-gen10-gaming-notebook-ia-16-wqxga-intel-core-i9-14900hx-nvidia-geforce-rtx-5070-32gb-ram-1tb-ssd-240hz-wifi-6-no-operating-system-qwerty-rgb-24-zones-spanish-bla\/"},"modified":"2026-02-24T15:21:21","modified_gmt":"2026-02-24T15:21:21","slug":"lenovo-legion-pro-5-gen10-gaming-notebook-ia-16-wqxga-intel-core-i9-14900hx-nvidia-geforce-rtx-5070-32gb-ram-1tb-ssd-240hz-wifi-6-no-operating-system-qwerty-rgb-24-zones-spanish-bla","status":"publish","type":"product","link":"https:\/\/comprasyconsejos.store\/en\/product\/lenovo-legion-pro-5-gen10-gaming-notebook-ia-16-wqxga-intel-core-i9-14900hx-nvidia-geforce-rtx-5070-32gb-ram-1tb-ssd-240hz-wifi-6-no-operating-system-qwerty-rgb-24-zones-spanish-bla\/","title":{"rendered":"Lenovo Legion Pro 5 Gen10 Gaming Notebook IA 16&#8243; WQXGA (Intel Core i9-14900HX, NVIDIA GeForce RTX 5070, 32GB RAM, 1TB SSD, 240Hz, WiFi 6, No Operating System) QWERTY RGB 24 Zones Spanish \u2013 Black"},"content":{"rendered":"<p>Price: <span style=\"color:#b12704\"><del>\u20ac1,999.00<\/del> - \u20ac1,799.00<\/span><br \/><i><small>(as of Feb 24, 2026 15:21:15 UTC &#8211; <span class=\"wp_automatic_amazon_disclaimer\" title=\"Product prices and availability are accurate as of the date\/time indicated and are subject to change. Any price and availability information displayed on [relevant Amazon Site(s), as applicable] at the time of purchase will apply to the purchase of this product.\">Details<\/span>)<\/small><\/i><\/p>\n<p><a href=\"https:\/\/amazon.es\/dp\/B0FJDNDQGF?tag=man008-21\"><img decoding=\"async\" src=\"https:\/\/valvepress.s3.amazonaws.com\/imgs\/buy_now.png\"><\/a><br \/>\n<\/p>\n<p>                                             From the manufacturer   <\/p>\n<p>                                                                     Lenovo Legion Pro 5i (16&#8243;,10)                                             <img decoding=\"async\" alt=\"El texto dice \u00abLenovo LEGION\u00bb en la pancarta promocional de un port\u00e1til para juegos con efectos de iluminaci\u00f3n azules y morados con elementos de dise\u00f1o centrados en los juegos.\" src=\"https:\/\/images-na.ssl-images-amazon.com\/images\/G\/01\/x-locale\/common\/grey-pixel.gif\" class=\"a-lazy-loaded\" data-src=\"https:\/\/m.media-amazon.com\/images\/S\/aplus-media-library-service-media\/7cc8d52d-4735-48f9-8acf-32351841dd48.__CR0,0,1464,600_PT0_SX1464_V1___.jpg\"><img decoding=\"async\" alt=\"El texto dice \u00abLenovo LEGION\u00bb en la pancarta promocional de un port\u00e1til para juegos con efectos de iluminaci\u00f3n azules y morados con elementos de dise\u00f1o centrados en los juegos.\" src=\"https:\/\/m.media-amazon.com\/images\/S\/aplus-media-library-service-media\/7cc8d52d-4735-48f9-8acf-32351841dd48.__CR0,0,1464,600_PT0_SX1464_V1___.jpg\">                                               <\/p>\n<p>                                                                                                       <img decoding=\"async\" alt=\"El texto dice \u00abPensado para quienes no conocen l\u00edmites\u00bb. Banner promocional oscuro con iluminaci\u00f3n de acento azul y motivos geom\u00e9tricos.\" src=\"https:\/\/images-na.ssl-images-amazon.com\/images\/G\/01\/x-locale\/common\/grey-pixel.gif\" class=\"a-lazy-loaded\" data-src=\"https:\/\/m.media-amazon.com\/images\/S\/aplus-media-library-service-media\/ddc37757-e806-4375-bdb4-dea303175cc0.__CR0,0,1464,600_PT0_SX1464_V1___.jpg\"><img decoding=\"async\" alt=\"El texto dice \u00abPensado para quienes no conocen l\u00edmites\u00bb. Banner promocional oscuro con iluminaci\u00f3n de acento azul y motivos geom\u00e9tricos.\" src=\"https:\/\/m.media-amazon.com\/images\/S\/aplus-media-library-service-media\/ddc37757-e806-4375-bdb4-dea303175cc0.__CR0,0,1464,600_PT0_SX1464_V1___.jpg\">                                               <\/p>\n<p>The video showcases the product in use.The video guides you through product setup.The video compares multiple products.The video shows the product being unpacked. Lenovo Legion Pro 5 Gen10 Merchant video<\/p>\n<p>                                                                                                                    <img decoding=\"async\" alt=\"El texto dice \u00abImagen 4\u00bb. Configuraci\u00f3n para videojuegos o streaming con iluminaci\u00f3n azul p\u00farpura, con varios monitores y efectos de iluminaci\u00f3n RGB.\" src=\"https:\/\/m.media-amazon.com\/images\/S\/aplus-media-library-service-media\/e8e6157c-8d42-4967-91a1-8ee65d113d46.__CR0,0,1464,600_PT0_SX1464_V1___.jpg\">                                                    <img decoding=\"async\" alt=\"El texto dice \u00abSala de coro m\u00e1s r\u00e1pida con tiempo de prueba\u00bb. Configuraci\u00f3n de sala de control o estudio con equipos con iluminaci\u00f3n azul y pantallas digitales.\" src=\"https:\/\/m.media-amazon.com\/images\/S\/aplus-media-library-service-media\/6080d09b-94ac-4ad9-bf1c-e649bd5d6f4e.__CR0,0,1464,600_PT0_SX1464_V1___.jpg\">                                                    <img decoding=\"async\" alt=\"El texto dice: \u00abCambia las reglas del juego\u00bb. Configuraci\u00f3n para juegos con perif\u00e9ricos iluminados con iluminaci\u00f3n LED azul y verde en un entorno oscuro.\" src=\"https:\/\/m.media-amazon.com\/images\/S\/aplus-media-library-service-media\/c6e3bc1d-3e67-4f74-b729-1d52d6db9957.__CR0,0,1464,600_PT0_SX1464_V1___.jpg\">                                                    <img decoding=\"async\" alt=\"El texto dice \u00abNVIDIA DLSS 4\u00bb con un fondo de paisaje urbano generado por IA con luces de ne\u00f3n y un entorno urbano futurista.\" src=\"https:\/\/m.media-amazon.com\/images\/S\/aplus-media-library-service-media\/140d1829-1f5f-4eb7-9b55-424c546fe9d5.__CR0,0,1464,600_PT0_SX1464_V1___.jpg\">                                                    <img decoding=\"async\" alt=\"El texto dice \u00abDecathlon Legion Space\u00bb. Banner de marketing que muestra un port\u00e1til para juegos con efectos de iluminaci\u00f3n de teclado RGB sobre un fondo azul oscuro con motivos geom\u00e9tricos.\" src=\"https:\/\/m.media-amazon.com\/images\/S\/aplus-media-library-service-media\/1aac9c91-1589-437b-aa32-568918829c2f.__CR0,0,1464,600_PT0_SX1464_V1___.jpg\"><br \/>\n                            1 Intel Core i9-14900HX <\/p>\n<p>                            2 AI Chip: LA3 <\/p>\n<p>                            3 NVIDIA GeForce RTX 5070 <\/p>\n<p>                            4 NVIDIA DLSS 4 <\/p>\n<p>                            5 Legion Space <\/p>\n<p>                                                                                                                    <img decoding=\"async\" alt=\"El texto dice \u00abImagen 4\u00bb, \u00abFr\u00edo, silencioso y siempre bajo control\u00bb, \u00abLED ON\u00bb. Anuncio de producto t\u00e9cnico de color azul oscuro con efectos de luz azul brillante.\" src=\"https:\/\/m.media-amazon.com\/images\/S\/aplus-media-library-service-media\/d3e647c5-4c7c-4da7-817d-c1038360eee5.__CR0,0,1464,600_PT0_SX1464_V1___.jpg\">                                                    <img decoding=\"async\" alt=\"El texto dice \u00abPort\u00e1til IPS para que no se te escape nada\u00bb. Configuraci\u00f3n de juego que muestra una computadora port\u00e1til con teclado iluminado contra el tel\u00f3n de fondo de una batalla espacial con naves espaciales.\" src=\"https:\/\/m.media-amazon.com\/images\/S\/aplus-media-library-service-media\/909e17fc-bda6-40fb-8f01-e398cced1c20.__CR0,0,1464,600_PT0_SX1464_V1___.jpg\">                                                    <img decoding=\"async\" alt=\"El texto dice \u00abPrecisi\u00f3n absoluta para jugar con ventaja\u00bb. El teclado para videojuegos con retroiluminaci\u00f3n RGB se muestra sobre un fondo azul con efectos t\u00e9cnicos.\" src=\"https:\/\/m.media-amazon.com\/images\/S\/aplus-media-library-service-media\/b1b55fa3-89c3-4113-969f-625ee2234f86.__CR0,0,1464,600_PT0_SX1464_V1___.jpg\">                                                    <img decoding=\"async\" alt=\"Configuraci\u00f3n de juego con teclado RGB e iluminaci\u00f3n azul p\u00farpura, que muestra lo que parece ser una pantalla o monitor sobre un fondo oscuro.\" src=\"https:\/\/m.media-amazon.com\/images\/S\/aplus-media-library-service-media\/caaec7be-360d-4c5f-909d-e6e83c086648.__CR0,0,1464,600_PT0_SX1464_V1___.jpg\">                                                    <img decoding=\"async\" alt=\"El texto dice \u00abPC Game Pass incluido*\u00bb. Imagen promocional relacionada con los videojuegos con coloridos efectos de iluminaci\u00f3n degradada y miniaturas de los t\u00edtulos del juego.\" src=\"https:\/\/m.media-amazon.com\/images\/S\/aplus-media-library-service-media\/399da25b-8b6c-4b8b-b0fc-f46f844ad1e3.__CR0,0,1464,600_PT0_SX1464_V1___.jpg\"><br \/>\n                            1 Legion Coldfront: Hyper <\/p>\n<p>                            2 Pantalla 16&#8243; WQXGA <\/p>\n<p>                            3 Teclado Legion Truestrike <\/p>\n<p>                            4 Nahimic Audio <\/p>\n<p>                            5 PC Game Pass <\/p>\n<p>                                                                                                       <img decoding=\"async\" alt=\"El texto dice \u00abPuertos y ranuras\u00bb. Diagrama t\u00e9cnico que muestra varios puertos y ranuras sobre un fondo azul oscuro con l\u00edneas de conexi\u00f3n y texto descriptivo.\" src=\"https:\/\/images-na.ssl-images-amazon.com\/images\/G\/01\/x-locale\/common\/grey-pixel.gif\" class=\"a-lazy-loaded\" data-src=\"https:\/\/m.media-amazon.com\/images\/S\/aplus-media-library-service-media\/e9849a2e-f1d4-475b-b166-ecf238848d0d.__CR0,0,1464,600_PT0_SX1464_V1___.jpg\"><img decoding=\"async\" alt=\"El texto dice \u00abPuertos y ranuras\u00bb. Diagrama t\u00e9cnico que muestra varios puertos y ranuras sobre un fondo azul oscuro con l\u00edneas de conexi\u00f3n y texto descriptivo.\" src=\"https:\/\/m.media-amazon.com\/images\/S\/aplus-media-library-service-media\/e9849a2e-f1d4-475b-b166-ecf238848d0d.__CR0,0,1464,600_PT0_SX1464_V1___.jpg\">                                               <\/p>\n<h3 class=\"a-size-extra-large a-spacing-base a-text-center\"> Especificaciones especiales <\/h3>\n<p>                                                        Procesador                                    Intel Core i9-14900HX, 24 n\u00facleos (8 n\u00facleos + 16 n\u00facleos)                                        Gr\u00e1ficos                                    NVIDIA GeForce RTX 5070 8 GB GDDR7                                        Chip de audio                                    Audio de alta definici\u00f3n (HD), c\u00f3dec Realtek ALC3287                                        Altavoces                                    Altavoces est\u00e9reo, 2 W x2, audio HARMAN optimizado con Nahimic Audio                                        C\u00e1mara                                    5.0MP con obturador electr\u00f3nico                                        Caracter\u00edsticas especiales                                     Chip de IA: LA3                                        Pantalla                                    IPS de 16&#8243; WQXGA (2560&#215;1600)                                        Brillo de pantalla                                    500 nits                                                         Teclado                                     Retroiluminaci\u00f3n RGB de 24 zonas, espa\u00f1ol                                        Panel t\u00e1ctil                                     Panel t\u00e1ctil multit\u00e1ctil con superficie Mylar sin botones, compatible con Precision TouchPad (PTP), 75 x 120 mm (2,95 x 4,72 pulgadas)                                        Software                                    Sin sistema operativo                                        Conectividad                                    Wi-Fi 6 + Bluetooth 5.2                                        Puertos est\u00e1ndar                                     2 puertos USB-A (USB 5 Gbps\/USB 3.2 Gen 1), 1x USB-A (USB 10 Gbps \/ USB 3.2 Gen 2) siempre activo, 1x USB-C (USB 10 Gbps \/ USB 3.2 Gen 2) con USB PD 65-100 W y DisplayPort 2.1, 1x USB-C (USB 10 Gbps \/ USB 3.2 Gen 2) con DisplayPort 1.4, 1x HDMI 2.1, hasta 8K\/60Hz, 1 conector combinado para auriculares y micr\u00f3fono (3,5 mm), 1x Ethernet (RJ-45), 1x conector de alimentaci\u00f3n                                        Chip de seguridad                                     Firmware TPM 2.0 habilitado                                        Otra seguridad                                     Obturador electr\u00f3nico                                        Cumple con                                    ErP Lot 6\/26, RoHS, T\u00dcV Rheinland High Gaming Performance, T\u00dcV Rheinland Low Blue Light (Soluci\u00f3n de hardware)                     <\/p>\n<p> Product Dimensions                                            \u200f                                            :                                            \u200e                                            36.4 x 26.8 x 2.6 cm; 2.4 kg   <br \/> Manufacturer                                            \u200f                                            :                                            \u200e                                            Lenovo   <br \/> ASIN                                            \u200f                                            :                                            \u200e                                            B0FJDNDQGF   <br \/> Item model number                                            \u200f                                            :                                            \u200e                                            83NN001QSP   <br \/> Country of origin                                            \u200f                                            :                                            \u200e                                            China   <br \/> Guaranteed software updates until                                            \u200f                                            :                                            \u200e                                            unknown   <br \/>  Customer reviews:                                                                                            4.4               4.4 out of 5 stars                                  (24)                                              var dpAcrHasRegisteredArcLinkClickAction;                    P.when(&#8216;A&#8217;, &#8216;ready&#8217;).execute(function(A) {                        if (dpAcrHasRegisteredArcLinkClickAction !== true) {                            dpAcrHasRegisteredArcLinkClickAction = true;                            A.declarative(                                &#8216;acrLink-click-metrics&#8217;, &#8216;click&#8217;,                                { \u00aballowLinkDefault\u00bb: true },                                function (event) {                                    if (window.ue) {                                        ue.count(\u00abacrLinkClickCount\u00bb, (ue.count(\u00abacrLinkClickCount\u00bb) || 0) + 1);                                    }                                }                            );                        }                    });                                             P.when(&#8216;A&#8217;, &#8216;cf&#8217;).execute(function(A) {                A.declarative(&#8216;acrStarsLink-click-metrics&#8217;, &#8216;click&#8217;, { \u00aballowLinkDefault\u00bb : true },  function(event){                    if(window.ue) {                        ue.count(\u00abacrStarsLinkWithPopoverClickCount\u00bb, (ue.count(\u00abacrStarsLinkWithPopoverClickCount\u00bb) || 0) + 1);                    }                });            });                          <\/p>\n<p>Change the game: Powered by NVIDIA Blackwell technology, the 8GB NVIDIA GeForce RTX 5070 delivers revolutionary AI capabilities for gamers and creators, multiplying performance with NVIDIA DLSS 4 and generating images at unprecedented speeds to unleash your creativity with NVIDIA Studio<br \/>PLAY WITHOUT LIMITS &#8211; The 24-core Intel Core i9-14900HX processor with optimized hybrid architecture lets you go beyond gaming and content creation, with unprecedented performance backed by 32GB RAM<br \/>See more, react faster: Master every game with the Xrite-certified Lenovo PureSight gaming display, featuring 16&#8243; WQXGA resolution, 240Hz refresh rate, and 100% DCI-P3 color coverage for lifelike visuals and an ultra-immersive experience<br \/>Play quietly and take control: Legion Coldfront: Hyper system keeps your device cool and quiet with turbocharged fans and 3D copper heat pipes that move airflow away from you; Switch modes with Fn+Q and allow Acoustic AI Sound Sync to adjust performance for a smoother gaming experience<br \/>Master precision: The Legion TrueStrike keyboard is designed for high competitiveness and instant response to fast reaction times; its full-size design, dedicated arrow keys and numeric keypad make it the most stylish ace under the sleeve thanks to its 24-zone RGB lighting customizable via Lenovo Spectrum<br \/>Level up: Thanks to machine learning, Lenovo AI Engine+ powers your CPU and GPU for higher FPS and better performance in shooting games and fast-paced strategy, automatic FPS adjustment, resource optimization for every game or application, and longer battery life<br \/>Discover Legion Space: Access enhanced cross-device and AI-powered experiences, exclusive offers, game libraries, connect with Legion accessories, and set up everything from one place; The Gaming Zone offers esports gamers, content creators, and gaming enthusiasts students customized tools like Game Coach, Clip Master, and Game Companion<\/p>\n\n","protected":false},"excerpt":{"rendered":"<p> From the manufacturer Lenovo Legion Pro 5i (16&#8243;,10) The video showcases the product in use.The<\/p>","protected":false},"featured_media":33809,"comment_status":"open","ping_status":"closed","template":"","meta":[],"product_brand":[],"product_cat":[90],"product_tag":[602,1298,902,613,307,698,611,617,607,604,609,606,612,620,9674,608,9675,562,5271,1054,1067,821,4444,605,163,858,587,885,610,621,5273,513,1578,543,4036,9676],"class_list":{"0":"post-33808","1":"product","2":"type-product","3":"status-publish","4":"has-post-thumbnail","6":"product_cat-gaming-pcs","7":"product_tag-1tb","8":"product_tag-240hz","9":"product_tag-32gb","10":"product_tag-best-gaming-pc","11":"product_tag-black","12":"product_tag-core","13":"product_tag-custom-gaming-pc","14":"product_tag-gaming","15":"product_tag-gaming-desktop","16":"product_tag-gaming-pc","17":"product_tag-gaming-pc-16gb-ram","18":"product_tag-gaming-pc-rtx","19":"product_tag-gaming-pc-ssd","20":"product_tag-geforce","21":"product_tag-gen10","22":"product_tag-high-end-gaming-pc","23":"product_tag-i914900hx","24":"product_tag-intel","25":"product_tag-legion","26":"product_tag-lenovo","27":"product_tag-notebook","28":"product_tag-nvidia","29":"product_tag-operating","30":"product_tag-prebuilt-gaming-pc","31":"product_tag-pro","32":"product_tag-qwerty","33":"product_tag-ram","34":"product_tag-rgb","35":"product_tag-rgb-gaming-pc","36":"product_tag-rtx","37":"product_tag-spanish","38":"product_tag-ssd","39":"product_tag-system","40":"product_tag-wifi","41":"product_tag-wqxga","42":"product_tag-zones","44":"first","45":"instock","46":"sale","47":"shipping-taxable","48":"product-type-external"},"_links":{"self":[{"href":"https:\/\/comprasyconsejos.store\/en\/wp-json\/wp\/v2\/product\/33808","targetHints":{"allow":["GET"]}}],"collection":[{"href":"https:\/\/comprasyconsejos.store\/en\/wp-json\/wp\/v2\/product"}],"about":[{"href":"https:\/\/comprasyconsejos.store\/en\/wp-json\/wp\/v2\/types\/product"}],"replies":[{"embeddable":true,"href":"https:\/\/comprasyconsejos.store\/en\/wp-json\/wp\/v2\/comments?post=33808"}],"version-history":[{"count":0,"href":"https:\/\/comprasyconsejos.store\/en\/wp-json\/wp\/v2\/product\/33808\/revisions"}],"wp:featuredmedia":[{"embeddable":true,"href":"https:\/\/comprasyconsejos.store\/en\/wp-json\/wp\/v2\/media\/33809"}],"wp:attachment":[{"href":"https:\/\/comprasyconsejos.store\/en\/wp-json\/wp\/v2\/media?parent=33808"}],"wp:term":[{"taxonomy":"product_brand","embeddable":true,"href":"https:\/\/comprasyconsejos.store\/en\/wp-json\/wp\/v2\/product_brand?post=33808"},{"taxonomy":"product_cat","embeddable":true,"href":"https:\/\/comprasyconsejos.store\/en\/wp-json\/wp\/v2\/product_cat?post=33808"},{"taxonomy":"product_tag","embeddable":true,"href":"https:\/\/comprasyconsejos.store\/en\/wp-json\/wp\/v2\/product_tag?post=33808"}],"curies":[{"name":"wp","href":"https:\/\/api.w.org\/{rel}","templated":true}]}}