{"id":33857,"date":"2026-02-24T16:33:04","date_gmt":"2026-02-24T16:33:04","guid":{"rendered":"https:\/\/comprasyconsejos.store\/product\/newc-3-x-screen-protector-for-iphone-13-6-1-inches-and-3-x-camera-lens-protector-tempered-glass-anti-dust-plug-ultra-resistant-bubble-free-9h-hardness\/"},"modified":"2026-02-24T16:33:14","modified_gmt":"2026-02-24T16:33:14","slug":"newc-3-x-screen-protector-for-iphone-13-6-1-inches-and-3-x-camera-lens-protector-tempered-glass-anti-dust-plug-ultra-resistant-bubble-free-9h-hardness","status":"publish","type":"product","link":"https:\/\/comprasyconsejos.store\/en\/product\/newc-3-x-screen-protector-for-iphone-13-6-1-inches-and-3-x-camera-lens-protector-tempered-glass-anti-dust-plug-ultra-resistant-bubble-free-9h-hardness\/","title":{"rendered":"NEW&#8217;C 3 x Screen Protector for iPhone 13 (6.1 Inches) and 3 x Camera Lens Protector \u2013 Tempered Glass + Anti-Dust Plug \u2013 Ultra Resistant \u2013 Bubble-Free \u2013 9H Hardness"},"content":{"rendered":"<p>Price: <span style=\"color:#b12704\">\u20ac9.89<\/span><br \/><i><small>(as of Feb 24, 2026 16:33:05 UTC &#8211; <span class=\"wp_automatic_amazon_disclaimer\" title=\"Product prices and availability are accurate as of the date\/time indicated and are subject to change. Any price and availability information displayed on [relevant Amazon Site(s), as applicable] at the time of purchase will apply to the purchase of this product.\">Details<\/span>)<\/small><\/i><\/p>\n<p><a href=\"https:\/\/amazon.es\/dp\/B0DP7SPPN2?tag=man008-21\"><img decoding=\"async\" src=\"https:\/\/valvepress.s3.amazonaws.com\/imgs\/buy_now.png\"><\/a><br \/>\n<\/p>\n<p>                                             From the brand   <\/p>\n<p>                                              <img decoding=\"async\" alt=\"que sale de un smartphone, con un texto que indica m\u00e1s de 20 000 000 de algo. Logotipo de la marca NEWC visible.\" src=\"https:\/\/images-na.ssl-images-amazon.com\/images\/G\/01\/x-locale\/common\/grey-pixel.gif\" class=\"a-lazy-loaded\" data-src=\"https:\/\/m.media-amazon.com\/images\/S\/aplus-media-library-service-media\/f77512bd-9cba-47f1-9936-f68d1bf33dc0.__CR0,0,1464,625_PT0_SX1464_V1___.jpg\"><img decoding=\"async\" alt=\"que sale de un smartphone, con un texto que indica m\u00e1s de 20 000 000 de algo. Logotipo de la marca NEWC visible.\" src=\"https:\/\/m.media-amazon.com\/images\/S\/aplus-media-library-service-media\/f77512bd-9cba-47f1-9936-f68d1bf33dc0.__CR0,0,1464,625_PT0_SX1464_V1___.jpg\">  <\/p>\n<p>                                              <img decoding=\"async\" alt=\"Primer plano de los componentes electr\u00f3nicos con el logotipo \u00abNEWC\u00bb en un lugar destacado. Placa de circuito borrosa o dispositivo electr\u00f3nico visible\" src=\"https:\/\/images-na.ssl-images-amazon.com\/images\/G\/01\/x-locale\/common\/grey-pixel.gif\" class=\"a-lazy-loaded\" data-src=\"https:\/\/m.media-amazon.com\/images\/S\/aplus-media-library-service-media\/ccee3a62-f095-4554-a519-9f21cf3b9033.__CR0,0,362,453_PT0_SX362_V1___.jpg\"><img decoding=\"async\" alt=\"Primer plano de los componentes electr\u00f3nicos con el logotipo \u00abNEWC\u00bb en un lugar destacado. Placa de circuito borrosa o dispositivo electr\u00f3nico visible\" src=\"https:\/\/m.media-amazon.com\/images\/S\/aplus-media-library-service-media\/ccee3a62-f095-4554-a519-9f21cf3b9033.__CR0,0,362,453_PT0_SX362_V1___.jpg\">  <\/p>\n<p>                                              <img decoding=\"async\" alt=\"El smartphone cae al agua y provoca salpicaduras. El texto que figura a continuaci\u00f3n, en alem\u00e1n, describe la protecci\u00f3n contra da\u00f1os de los dispositivos electr\u00f3nicos.\" src=\"https:\/\/images-na.ssl-images-amazon.com\/images\/G\/01\/x-locale\/common\/grey-pixel.gif\" class=\"a-lazy-loaded\" data-src=\"https:\/\/m.media-amazon.com\/images\/S\/aplus-media-library-service-media\/e8c499c1-f1b3-476c-abd6-e0c789c75631.__CR0,0,362,453_PT0_SX362_V1___.jpg\"><img decoding=\"async\" alt=\"El smartphone cae al agua y provoca salpicaduras. El texto que figura a continuaci\u00f3n, en alem\u00e1n, describe la protecci\u00f3n contra da\u00f1os de los dispositivos electr\u00f3nicos.\" src=\"https:\/\/m.media-amazon.com\/images\/S\/aplus-media-library-service-media\/e8c499c1-f1b3-476c-abd6-e0c789c75631.__CR0,0,362,453_PT0_SX362_V1___.jpg\">  <\/p>\n<p>                                              <img decoding=\"async\" alt=\"Mujer que sostiene y mira un tel\u00e9fono inteligente blanco en una habitaci\u00f3n con poca luz. El texto que aparece a continuaci\u00f3n analiza la filosof\u00eda de la marca\" src=\"https:\/\/images-na.ssl-images-amazon.com\/images\/G\/01\/x-locale\/common\/grey-pixel.gif\" class=\"a-lazy-loaded\" data-src=\"https:\/\/m.media-amazon.com\/images\/S\/aplus-media-library-service-media\/e878c812-4eb5-4c8a-a962-c30929a21931.__CR0,0,362,453_PT0_SX362_V1___.jpg\"><img decoding=\"async\" alt=\"Mujer que sostiene y mira un tel\u00e9fono inteligente blanco en una habitaci\u00f3n con poca luz. El texto que aparece a continuaci\u00f3n analiza la filosof\u00eda de la marca\" src=\"https:\/\/m.media-amazon.com\/images\/S\/aplus-media-library-service-media\/e878c812-4eb5-4c8a-a962-c30929a21931.__CR0,0,362,453_PT0_SX362_V1___.jpg\">  <\/p>\n<p>                                              <img decoding=\"async\" alt=\"El iPhone muestra los \u00edconos de las aplicaciones, que se muestran junto al texto alem\u00e1n de las especificaciones del producto sobre la transparencia y las funciones de protecci\u00f3n.\" src=\"https:\/\/images-na.ssl-images-amazon.com\/images\/G\/01\/x-locale\/common\/grey-pixel.gif\" class=\"a-lazy-loaded\" data-src=\"https:\/\/m.media-amazon.com\/images\/S\/aplus-media-library-service-media\/f5bdb8f8-b735-4e3e-8fbd-49b7d0717818.__CR0,0,362,453_PT0_SX362_V1___.jpg\"><img decoding=\"async\" alt=\"El iPhone muestra los \u00edconos de las aplicaciones, que se muestran junto al texto alem\u00e1n de las especificaciones del producto sobre la transparencia y las funciones de protecci\u00f3n.\" src=\"https:\/\/m.media-amazon.com\/images\/S\/aplus-media-library-service-media\/f5bdb8f8-b735-4e3e-8fbd-49b7d0717818.__CR0,0,362,453_PT0_SX362_V1___.jpg\">  <\/p>\n<p>                                              <img decoding=\"async\" alt=\"Grupo de personas sentadas en c\u00edrculo durante una reuni\u00f3n o discusi\u00f3n. Diversas personas entablaron una conversaci\u00f3n en un entorno interior.\" src=\"https:\/\/images-na.ssl-images-amazon.com\/images\/G\/01\/x-locale\/common\/grey-pixel.gif\" class=\"a-lazy-loaded\" data-src=\"https:\/\/m.media-amazon.com\/images\/S\/aplus-media-library-service-media\/550b9fdb-24e3-41cf-9dfe-d5867b3b9085.__CR0,0,362,453_PT0_SX362_V1___.jpg\"><img decoding=\"async\" alt=\"Grupo de personas sentadas en c\u00edrculo durante una reuni\u00f3n o discusi\u00f3n. Diversas personas entablaron una conversaci\u00f3n en un entorno interior.\" src=\"https:\/\/m.media-amazon.com\/images\/S\/aplus-media-library-service-media\/550b9fdb-24e3-41cf-9dfe-d5867b3b9085.__CR0,0,362,453_PT0_SX362_V1___.jpg\">  <\/p>\n<p> Product Dimensions                                            \u200f                                            :                                            \u200e                                            14.25 x 6.74 x 1.27 cm; 50 g   <br \/> Date First Available                                            \u200f                                            :                                            \u200e                                            28 Nov. 2024   <br \/> Manufacturer                                            \u200f                                            :                                            \u200e                                            NEW&#8217;C   <br \/> ASIN                                            \u200f                                            :                                            \u200e                                            B0DP7SPPN2   <br \/> Item model number                                            \u200f                                            :                                            \u200e                                            13 6.1 inches   <br \/> Country of origin                                            \u200f                                            :                                            \u200e                                            China   <br \/>       Best Sellers Rank:  494 in Climate Pledge Friendly (See Top 100 in Climate Pledge Friendly)    58 in Mobile Phone Screen Protectors   494 in Climate Pledge Friendly: Shop all      <br \/>  Customer reviews:                                                                                            4.4               4.4 out of 5 stars                                  (6,072)                                              var dpAcrHasRegisteredArcLinkClickAction;                    P.when(&#8216;A&#8217;, &#8216;ready&#8217;).execute(function(A) {                        if (dpAcrHasRegisteredArcLinkClickAction !== true) {                            dpAcrHasRegisteredArcLinkClickAction = true;                            A.declarative(                                &#8216;acrLink-click-metrics&#8217;, &#8216;click&#8217;,                                { \u00aballowLinkDefault\u00bb: true },                                function (event) {                                    if (window.ue) {                                        ue.count(\u00abacrLinkClickCount\u00bb, (ue.count(\u00abacrLinkClickCount\u00bb) || 0) + 1);                                    }                                }                            );                        }                    });                                             P.when(&#8216;A&#8217;, &#8216;cf&#8217;).execute(function(A) {                A.declarative(&#8216;acrStarsLink-click-metrics&#8217;, &#8216;click&#8217;, { \u00aballowLinkDefault\u00bb : true },  function(event){                    if(window.ue) {                        ue.count(\u00abacrStarsLinkWithPopoverClickCount\u00bb, (ue.count(\u00abacrStarsLinkWithPopoverClickCount\u00bb) || 0) + 1);                    }                });            });                          <\/p>\n<p>ATTENTION: Not compatible iPhone 13 Pro, iPhone 13 Pro Max, iPhone 13 Mini<br \/>Contents: 3 tempered glass screen protectors, 3 camera lens protectors for iPhone 13 (6.1 inches), and a dust plug. Dual front and back protection for the phone.<br \/>Made of high quality tempered glass with a thickness of 0.33mm and rounded edges. An ideal anti-shatter solution: Extremely high hardness, protects your phone screen from accidental bumps and damage.<br \/>Oleophobic: it has an oleophobic coating that prevents fingerprints and other contaminants, making the film easy to clean. No dust, no fingerprints, a bubble-free installation is very easy with one button.<br \/>NEW&#8217;C Tempered Glass Screen Protector for iPhone 13 (6.1 inches). Retained Touch Sensitivity: A silicone adhesive coating makes installation easy and durable, while retaining the phone&#8217;s tactile qualities.<\/p>\n\n","protected":false},"excerpt":{"rendered":"<p> From the brand Product Dimensions \u200f : \u200e 14.25 x 6.74 x 1.27 cm; 50<\/p>","protected":false},"featured_media":33858,"comment_status":"open","ping_status":"closed","template":"","meta":[],"product_brand":[],"product_cat":[104],"product_tag":[9684,5689,681,1677,5690,1611,147,3004,3003,3015,3008,3007,3010,3011,3000,3001,3013,3016,3014,3005,3002,3009,3017,3006,2160,5688,324,1021,3012,1765,842,1676,222],"class_list":{"0":"post-33857","1":"product","2":"type-product","3":"status-publish","4":"has-post-thumbnail","6":"product_cat-apple-iphone","7":"product_tag-antidust","8":"product_tag-bubblefree","9":"product_tag-camera","10":"product_tag-glass","11":"product_tag-hardness","12":"product_tag-inches","13":"product_tag-iphone","14":"product_tag-iphone-13-accessories","15":"product_tag-iphone-14-case","16":"product_tag-iphone-adapter","17":"product_tag-iphone-battery-pack","18":"product_tag-iphone-cable","19":"product_tag-iphone-camera-lens","20":"product_tag-iphone-car-mount","21":"product_tag-iphone-case","22":"product_tag-iphone-charger","23":"product_tag-iphone-earbuds","24":"product_tag-iphone-gaming-controller","25":"product_tag-iphone-magsafe","26":"product_tag-iphone-pro-max-case","27":"product_tag-iphone-screen-protector","28":"product_tag-iphone-tempered-glass","29":"product_tag-iphone-tripod","30":"product_tag-iphone-wireless-charger","31":"product_tag-lens","32":"product_tag-newc","33":"product_tag-plug","34":"product_tag-protector","35":"product_tag-refurbished-iphone","36":"product_tag-resistant","37":"product_tag-screen","38":"product_tag-tempered","39":"product_tag-ultra","41":"first","42":"instock","43":"shipping-taxable","44":"product-type-external"},"_links":{"self":[{"href":"https:\/\/comprasyconsejos.store\/en\/wp-json\/wp\/v2\/product\/33857","targetHints":{"allow":["GET"]}}],"collection":[{"href":"https:\/\/comprasyconsejos.store\/en\/wp-json\/wp\/v2\/product"}],"about":[{"href":"https:\/\/comprasyconsejos.store\/en\/wp-json\/wp\/v2\/types\/product"}],"replies":[{"embeddable":true,"href":"https:\/\/comprasyconsejos.store\/en\/wp-json\/wp\/v2\/comments?post=33857"}],"version-history":[{"count":0,"href":"https:\/\/comprasyconsejos.store\/en\/wp-json\/wp\/v2\/product\/33857\/revisions"}],"wp:featuredmedia":[{"embeddable":true,"href":"https:\/\/comprasyconsejos.store\/en\/wp-json\/wp\/v2\/media\/33858"}],"wp:attachment":[{"href":"https:\/\/comprasyconsejos.store\/en\/wp-json\/wp\/v2\/media?parent=33857"}],"wp:term":[{"taxonomy":"product_brand","embeddable":true,"href":"https:\/\/comprasyconsejos.store\/en\/wp-json\/wp\/v2\/product_brand?post=33857"},{"taxonomy":"product_cat","embeddable":true,"href":"https:\/\/comprasyconsejos.store\/en\/wp-json\/wp\/v2\/product_cat?post=33857"},{"taxonomy":"product_tag","embeddable":true,"href":"https:\/\/comprasyconsejos.store\/en\/wp-json\/wp\/v2\/product_tag?post=33857"}],"curies":[{"name":"wp","href":"https:\/\/api.w.org\/{rel}","templated":true}]}}