{"id":33867,"date":"2026-02-24T17:25:38","date_gmt":"2026-02-24T17:25:38","guid":{"rendered":"https:\/\/comprasyconsejos.store\/product\/wdmiya-juguetes-montessori-ninos-1-anos-9-en-1-juguetes-de-madera-montessori-con-caja-de-panuelos-juego-de-pesca-juegos-de-clasificacion-juguete-educativo-regalo-cumpleanos-para-ninos-ninas\/"},"modified":"2026-02-24T17:25:38","modified_gmt":"2026-02-24T17:25:38","slug":"wdmiya-juguetes-montessori-ninos-1-anos-9-en-1-juguetes-de-madera-montessori-con-caja-de-panuelos-juego-de-pesca-juegos-de-clasificacion-juguete-educativo-regalo-cumpleanos-para-ninos-ninas","status":"publish","type":"product","link":"https:\/\/comprasyconsejos.store\/en\/product\/wdmiya-juguetes-montessori-ninos-1-anos-9-en-1-juguetes-de-madera-montessori-con-caja-de-panuelos-juego-de-pesca-juegos-de-clasificacion-juguete-educativo-regalo-cumpleanos-para-ninos-ninas\/","title":{"rendered":"Wdmiya Juguetes Montessori Ni\u00f1os 1 A\u00f1os, 9 en 1 Juguetes de Madera Montessori con Caja de Pa\u00f1uelos, Juego de Pesca, Juegos de Clasificaci\u00f3n, Juguete Educativo, Regalo Cumplea\u00f1os para Ni\u00f1os Ni\u00f1as"},"content":{"rendered":"<p>&#8211; \ud83c\udf1f Juguete educativo para ni\u00f1os 9 en 1: este \u00fanico set incluye nueve actividades cl\u00e1sicas de Montessori: pescar, atrapar insectos, arrancar zanahorias, tirar de pa\u00f1uelos de papel, reconocer letras, clasificar formas, emparejar colores y simular que se alimentan. Las diversas opciones de juego mantienen la atenci\u00f3n de los ni\u00f1os, fomentando la concentraci\u00f3n y la curiosidad.<br \/>\n&#8211; \ud83e\udeb5 Madera natural de primera calidad, segura y duradera: fabricado con madera resistente y ecol\u00f3gica, con bordes redondeados y lisos, y acabado con pintura al agua no t\u00f3xica. Meticulosamente elaborado para soportar el manejo y el juego repetidos, es un compa\u00f1ero de confianza para los ni\u00f1os en crecimiento.<br \/>\n&#8211; \ud83c\udf31 Incorpora los principios Montessori y favorece el desarrollo temprano: cada actividad est\u00e1 dise\u00f1ada seg\u00fan los principios educativos Montessori, fomentando la autonom\u00eda y el aprendizaje pr\u00e1ctico. A trav\u00e9s de actividades de agarre, emparejamiento y clasificaci\u00f3n, desarrolla la coordinaci\u00f3n mano-ojo, las habilidades motoras finas y las capacidades cognitivas b\u00e1sicas, sentando las bases para el pensamiento l\u00f3gico y la creatividad.<br \/>\n&#8211; \ud83d\udc50 Juego entre padres e hijos, interacci\u00f3n entra\u00f1able: dise\u00f1ado para la participaci\u00f3n de los padres, fomenta el v\u00ednculo emocional a trav\u00e9s del juego compartido, creando momentos de uni\u00f3n llenos de alegr\u00eda, risas y calidez.<br \/>\n&#8211; \ud83c\udf81 Dise\u00f1o exquisito, regalo ideal: este juguete educativo presenta colores vibrantes y una funcionalidad completa. Ya sea para celebrar el primer cumplea\u00f1os, los cumplea\u00f1os o las fiestas, es un regalo educativo y bien pensado que tanto los ni\u00f1os como los padres apreciar\u00e1n.<\/p>","protected":false},"excerpt":{"rendered":"<p>&#8211; \ud83c\udf1f Juguete educativo para ni\u00f1os 9 en 1: este \u00fanico set incluye nueve actividades cl\u00e1sicas de Montessori: pescar, atrapar<\/p>","protected":false},"featured_media":33866,"comment_status":"open","ping_status":"closed","template":"","meta":[],"product_brand":[],"product_cat":[101],"product_tag":[],"class_list":{"0":"post-33867","1":"product","2":"type-product","3":"status-publish","4":"has-post-thumbnail","6":"product_cat-accessories","8":"first","9":"instock","10":"shipping-taxable","11":"product-type-external"},"_links":{"self":[{"href":"https:\/\/comprasyconsejos.store\/en\/wp-json\/wp\/v2\/product\/33867","targetHints":{"allow":["GET"]}}],"collection":[{"href":"https:\/\/comprasyconsejos.store\/en\/wp-json\/wp\/v2\/product"}],"about":[{"href":"https:\/\/comprasyconsejos.store\/en\/wp-json\/wp\/v2\/types\/product"}],"replies":[{"embeddable":true,"href":"https:\/\/comprasyconsejos.store\/en\/wp-json\/wp\/v2\/comments?post=33867"}],"version-history":[{"count":0,"href":"https:\/\/comprasyconsejos.store\/en\/wp-json\/wp\/v2\/product\/33867\/revisions"}],"wp:featuredmedia":[{"embeddable":true,"href":"https:\/\/comprasyconsejos.store\/en\/wp-json\/wp\/v2\/media\/33866"}],"wp:attachment":[{"href":"https:\/\/comprasyconsejos.store\/en\/wp-json\/wp\/v2\/media?parent=33867"}],"wp:term":[{"taxonomy":"product_brand","embeddable":true,"href":"https:\/\/comprasyconsejos.store\/en\/wp-json\/wp\/v2\/product_brand?post=33867"},{"taxonomy":"product_cat","embeddable":true,"href":"https:\/\/comprasyconsejos.store\/en\/wp-json\/wp\/v2\/product_cat?post=33867"},{"taxonomy":"product_tag","embeddable":true,"href":"https:\/\/comprasyconsejos.store\/en\/wp-json\/wp\/v2\/product_tag?post=33867"}],"curies":[{"name":"wp","href":"https:\/\/api.w.org\/{rel}","templated":true}]}}