{"id":33880,"date":"2026-02-24T17:29:09","date_gmt":"2026-02-24T17:29:09","guid":{"rendered":"https:\/\/comprasyconsejos.store\/product\/mini-drone-with-1080p-hd-camera-rc-quadcopter-with-app-wifi-fpv-3d-flips-headless-mode-altitude-stabilization-3-speeds-gifts-for-beginners-and-kids-2-batteries\/"},"modified":"2026-02-24T17:29:19","modified_gmt":"2026-02-24T17:29:19","slug":"mini-drone-with-1080p-hd-camera-rc-quadcopter-with-app-wifi-fpv-3d-flips-headless-mode-altitude-stabilization-3-speeds-gifts-for-beginners-and-kids-2-batteries","status":"publish","type":"product","link":"https:\/\/comprasyconsejos.store\/en\/product\/mini-drone-with-1080p-hd-camera-rc-quadcopter-with-app-wifi-fpv-3d-flips-headless-mode-altitude-stabilization-3-speeds-gifts-for-beginners-and-kids-2-batteries\/","title":{"rendered":"Mini Drone with 1080P HD Camera, RC Quadcopter with App WiFi FPV 3D Flips, Headless Mode, Altitude Stabilization, 3 Speeds Gifts for Beginners and Kids, 2 Batteries"},"content":{"rendered":"<p>Price: <span style=\"color:#b12704\"><del>\u20ac42.99<\/del> - \u20ac37.99<\/span><br \/><i><small>(as of Feb 24, 2026 17:29:09 UTC &#8211; <span class=\"wp_automatic_amazon_disclaimer\" title=\"Product prices and availability are accurate as of the date\/time indicated and are subject to change. Any price and availability information displayed on [relevant Amazon Site(s), as applicable] at the time of purchase will apply to the purchase of this product.\">Details<\/span>)<\/small><\/i><\/p>\n<p><a href=\"https:\/\/amazon.es\/dp\/B0D1GBGPRR?tag=man008-21\"><img decoding=\"async\" src=\"https:\/\/valvepress.s3.amazonaws.com\/imgs\/buy_now.png\"><\/a><br \/>\n<\/p>\n<p>                                             Product Description   <\/p>\n<p>                                                                             <img decoding=\"async\" alt=\"Dron verde compacto con c\u00e1mara flotante, junto con iconos de funciones que indican varias capacidades. La escena incluye un entorno interior con un sof\u00e1 amarillo.\" src=\"https:\/\/images-na.ssl-images-amazon.com\/images\/G\/01\/x-locale\/common\/grey-pixel.gif\" class=\"a-spacing-base a-lazy-loaded\" data-src=\"https:\/\/m.media-amazon.com\/images\/S\/aplus-media-library-service-media\/2fd12e63-916c-4370-890c-0f33d8d54d5f.__CR0,0,970,600_PT0_SX970_V1___.jpg\"><img decoding=\"async\" alt=\"Dron verde compacto con c\u00e1mara flotante, junto con iconos de funciones que indican varias capacidades. La escena incluye un entorno interior con un sof\u00e1 amarillo.\" src=\"https:\/\/m.media-amazon.com\/images\/S\/aplus-media-library-service-media\/2fd12e63-916c-4370-890c-0f33d8d54d5f.__CR0,0,970,600_PT0_SX970_V1___.jpg\">                                         <\/p>\n<h3 class=\"a-spacing-mini\"> EYLM drone con LED\uff1aEspecialmente dise\u00f1ado para los ni\u00f1os. Este drone es ideal para que los ni\u00f1os exploren y aprendan de volar. <\/h3>\n<p class=\"apm-text-center\">\n                                                      <img decoding=\"async\" alt=\"Peque\u00f1o dron cuadric\u00f3ptero de color verde brillante con anillos protectores alrededor de las h\u00e9lices, que se muestra flotando cerca de los muebles con la funci\u00f3n de protecci\u00f3n contra impactos resaltada\" src=\"https:\/\/images-na.ssl-images-amazon.com\/images\/G\/01\/x-locale\/common\/grey-pixel.gif\" class=\"a-spacing-mini a-lazy-loaded\" data-src=\"https:\/\/m.media-amazon.com\/images\/S\/aplus-media-library-service-media\/5573b1f7-9a94-4f92-93a0-fa7335da10e3.__CR0,0,600,600_PT0_SX300_V1___.jpg\"><img decoding=\"async\" alt=\"Peque\u00f1o dron cuadric\u00f3ptero de color verde brillante con anillos protectores alrededor de las h\u00e9lices, que se muestra flotando cerca de los muebles con la funci\u00f3n de protecci\u00f3n contra impactos resaltada\" src=\"https:\/\/m.media-amazon.com\/images\/S\/aplus-media-library-service-media\/5573b1f7-9a94-4f92-93a0-fa7335da10e3.__CR0,0,600,600_PT0_SX300_V1___.jpg\">  <\/p>\n<p> Seguro de volar <\/p>\n<p> El drone tiene un protector de seguridad en las h\u00e9lices para evitar lesiones por las h\u00e9lices giratorias. Por lo tanto, es muy seguro para que los ni\u00f1os jueguen con \u00e9l. <\/p>\n<p class=\"apm-text-center\">\n                                                      <img decoding=\"async\" alt=\"verde y negro con varios rotores que muestra un indicador de advertencia de bater\u00eda baja con luces rojas parpadeantes y una pantalla de nivel de bater\u00eda\" src=\"https:\/\/images-na.ssl-images-amazon.com\/images\/G\/01\/x-locale\/common\/grey-pixel.gif\" class=\"a-spacing-mini a-lazy-loaded\" data-src=\"https:\/\/m.media-amazon.com\/images\/S\/aplus-media-library-service-media\/16c02b3b-6d83-4ef3-9797-fb9e1a97612f.__CR0,0,600,600_PT0_SX300_V1___.jpg\"><img decoding=\"async\" alt=\"verde y negro con varios rotores que muestra un indicador de advertencia de bater\u00eda baja con luces rojas parpadeantes y una pantalla de nivel de bater\u00eda\" src=\"https:\/\/m.media-amazon.com\/images\/S\/aplus-media-library-service-media\/16c02b3b-6d83-4ef3-9797-fb9e1a97612f.__CR0,0,600,600_PT0_SX300_V1___.jpg\">  <\/p>\n<p> Baja potencia <\/p>\n<p> Cuando la bater\u00eda del drone est\u00e1 baja, el indicador del dron parpadear\u00e1 para recordarle que debe volver a activar el dron. <\/p>\n<p class=\"apm-text-center\">\n                                                      <img decoding=\"async\" alt=\"Demostraci\u00f3n de la funci\u00f3n de fotograf\u00eda gestual que muestra a alguien levantando los brazos sobre un fondo borroso, con una foto de muestra en una esquina\" src=\"https:\/\/images-na.ssl-images-amazon.com\/images\/G\/01\/x-locale\/common\/grey-pixel.gif\" class=\"a-spacing-mini a-lazy-loaded\" data-src=\"https:\/\/m.media-amazon.com\/images\/S\/aplus-media-library-service-media\/df8c71f9-e8e5-457b-a4a4-9996ef4d1d6b.__CR0,0,600,600_PT0_SX300_V1___.jpg\"><img decoding=\"async\" alt=\"Demostraci\u00f3n de la funci\u00f3n de fotograf\u00eda gestual que muestra a alguien levantando los brazos sobre un fondo borroso, con una foto de muestra en una esquina\" src=\"https:\/\/m.media-amazon.com\/images\/S\/aplus-media-library-service-media\/df8c71f9-e8e5-457b-a4a4-9996ef4d1d6b.__CR0,0,600,600_PT0_SX300_V1___.jpg\">  <\/p>\n<p> Gesto interesante para un selfie <\/p>\n<p> Si sostienes una se\u00f1al en forma de V delante de la c\u00e1mara del dron, \u00e9ste puede hacer fotos autom\u00e1ticamente, lo que es genial e ideal para los selfies. <\/p>\n<p>                                                  <img decoding=\"async\" alt=\"Diagrama t\u00e9cnico de un minidron que muestra la configuraci\u00f3n de la h\u00e9lice con las etiquetas A1, A2, B1, B2 para las posiciones de la h\u00e9lice y la ubicaci\u00f3n de la c\u00e1mara\" src=\"https:\/\/images-na.ssl-images-amazon.com\/images\/G\/01\/x-locale\/common\/grey-pixel.gif\" class=\"a-lazy-loaded\" data-src=\"https:\/\/m.media-amazon.com\/images\/S\/aplus-media-library-service-media\/3098054b-8aa4-46c8-9574-672ccedb1a1e.__CR0,0,970,300_PT0_SX970_V1___.jpg\"><img decoding=\"async\" alt=\"Diagrama t\u00e9cnico de un minidron que muestra la configuraci\u00f3n de la h\u00e9lice con las etiquetas A1, A2, B1, B2 para las posiciones de la h\u00e9lice y la ubicaci\u00f3n de la c\u00e1mara\" src=\"https:\/\/m.media-amazon.com\/images\/S\/aplus-media-library-service-media\/3098054b-8aa4-46c8-9574-672ccedb1a1e.__CR0,0,970,300_PT0_SX970_V1___.jpg\">  <\/p>\n<p> Monta las aspas del ventilador seg\u00fan las marcas que aparecen en ellas. <\/p>\n<p class=\"apm-text-center\">\n                                                      <img decoding=\"async\" alt=\"de color verde brillante con demostraci\u00f3n de la funci\u00f3n de trayectoria de vuelo personalizada, que muestra el control del tel\u00e9fono inteligente y la indicaci\u00f3n de la trayectoria con puntos rojos\" src=\"https:\/\/images-na.ssl-images-amazon.com\/images\/G\/01\/x-locale\/common\/grey-pixel.gif\" class=\"a-spacing-mini a-lazy-loaded\" data-src=\"https:\/\/m.media-amazon.com\/images\/S\/aplus-media-library-service-media\/8fcee0a5-fc25-4d07-a724-b451f213fa67.__CR0,0,600,600_PT0_SX300_V1___.jpg\"><img decoding=\"async\" alt=\"de color verde brillante con demostraci\u00f3n de la funci\u00f3n de trayectoria de vuelo personalizada, que muestra el control del tel\u00e9fono inteligente y la indicaci\u00f3n de la trayectoria con puntos rojos\" src=\"https:\/\/m.media-amazon.com\/images\/S\/aplus-media-library-service-media\/8fcee0a5-fc25-4d07-a724-b451f213fa67.__CR0,0,600,600_PT0_SX300_V1___.jpg\">  <\/p>\n<p> Trayectoria de vuelo inteligente <\/p>\n<p> Este dron admite la funci\u00f3n de personalizar su trayectoria de vuelo: Dibuja una trayectoria con los dedos mediante la app y volar\u00e1 por la trayectoria que acabas de establecer <\/p>\n<p class=\"apm-text-center\">\n                                                      <img decoding=\"async\" alt=\"verde y negro con sistema de posicionamiento de flujo \u00f3ptico, que se muestra con una demostraci\u00f3n de la funcionalidad de las funciones a trav\u00e9s de im\u00e1genes comparativas a continuaci\u00f3n\" src=\"https:\/\/images-na.ssl-images-amazon.com\/images\/G\/01\/x-locale\/common\/grey-pixel.gif\" class=\"a-spacing-mini a-lazy-loaded\" data-src=\"https:\/\/m.media-amazon.com\/images\/S\/aplus-media-library-service-media\/b8cbaeac-d59e-4d36-a1ab-c503757ac8de.__CR0,0,600,600_PT0_SX300_V1___.jpg\"><img decoding=\"async\" alt=\"verde y negro con sistema de posicionamiento de flujo \u00f3ptico, que se muestra con una demostraci\u00f3n de la funcionalidad de las funciones a trav\u00e9s de im\u00e1genes comparativas a continuaci\u00f3n\" src=\"https:\/\/m.media-amazon.com\/images\/S\/aplus-media-library-service-media\/b8cbaeac-d59e-4d36-a1ab-c503757ac8de.__CR0,0,600,600_PT0_SX300_V1___.jpg\">  <\/p>\n<p> POSICIONAMIENTO DE FLUJO \u00d3PTICO <\/p>\n<p> Equipado con la \u00faltima funci\u00f3n de posicionamiento de flujo \u00f3ptico, el dron tiene un posicionamiento preciso y una grabaci\u00f3n perfecta. El modo de flujo \u00f3ptico es el modo predeterminado, es m\u00e1s preciso y estable que el modo de retenci\u00f3n de altitud normal. <\/p>\n<p class=\"apm-text-center\">\n                                                      <img decoding=\"async\" alt=\"Peque\u00f1o dron cuadric\u00f3ptero verde que se cierne sobre un tel\u00e9fono inteligente con la funci\u00f3n de control de gravedad, con una flecha roja que indica la funci\u00f3n de control de movimiento\" src=\"https:\/\/images-na.ssl-images-amazon.com\/images\/G\/01\/x-locale\/common\/grey-pixel.gif\" class=\"a-spacing-mini a-lazy-loaded\" data-src=\"https:\/\/m.media-amazon.com\/images\/S\/aplus-media-library-service-media\/0c75d9f7-61c7-45db-a718-d6a5bc9b7442.__CR0,0,600,600_PT0_SX300_V1___.jpg\"><img decoding=\"async\" alt=\"Peque\u00f1o dron cuadric\u00f3ptero verde que se cierne sobre un tel\u00e9fono inteligente con la funci\u00f3n de control de gravedad, con una flecha roja que indica la funci\u00f3n de control de movimiento\" src=\"https:\/\/m.media-amazon.com\/images\/S\/aplus-media-library-service-media\/0c75d9f7-61c7-45db-a718-d6a5bc9b7442.__CR0,0,600,600_PT0_SX300_V1___.jpg\">  <\/p>\n<p> Control de gravedad <\/p>\n<p> Una vez que el smartphone se conecta correctamente al dron, puede activar el modo de sensor de gravedad a trav\u00e9s de la aplicaci\u00f3n, lo que permite que el dron siga autom\u00e1ticamente la direcci\u00f3n de rotaci\u00f3n del smartphone. <\/p>\n<p>                                                                             <img decoding=\"async\" alt=\"Diagrama instructivo que muestra las caracter\u00edsticas del dron: parada de emergencia, despegue\/aterrizaje con una sola tecla, modo sin cabeza y capacidad de volteo en 3D,\" src=\"https:\/\/images-na.ssl-images-amazon.com\/images\/G\/01\/x-locale\/common\/grey-pixel.gif\" class=\"a-spacing-base a-lazy-loaded\" data-src=\"https:\/\/m.media-amazon.com\/images\/S\/aplus-media-library-service-media\/cb2f3b25-2558-43d3-862c-c05e677f9dc4.__CR0,0,970,600_PT0_SX970_V1___.jpg\"><img decoding=\"async\" alt=\"Diagrama instructivo que muestra las caracter\u00edsticas del dron: parada de emergencia, despegue\/aterrizaje con una sola tecla, modo sin cabeza y capacidad de volteo en 3D,\" src=\"https:\/\/m.media-amazon.com\/images\/S\/aplus-media-library-service-media\/cb2f3b25-2558-43d3-862c-c05e677f9dc4.__CR0,0,970,600_PT0_SX970_V1___.jpg\">                                                                     <\/p>\n<p class=\"a-spacing-base\"> 3D Flips: <\/p>\n<p class=\"a-spacing-base\"> Despu\u00e9s de 4 v\u00edas de inclinaci\u00f3n flip . Una buena opci\u00f3n para un espect\u00e1culo a\u00e9reo maravilloso. Tambi\u00e9n entrena la capacidad de control de los ni\u00f1os, la coordinaci\u00f3n de ojos y manos. <\/p>\n<p class=\"a-spacing-base\"> Modo sin cabeza: <\/p>\n<p class=\"a-spacing-base\"> puede volar el drone m\u00e1s f\u00e1cilmente sin preocuparse de qu\u00e9 direcci\u00f3n est\u00e1 mirando. <\/p>\n<p>                                                                             <img decoding=\"async\" alt=\"con sistema de iluminaci\u00f3n LED que muestra los estados de encendido\/apagado y opciones de color degradado del rojo al verde y al azul, con detalles en verde ne\u00f3n\" src=\"https:\/\/images-na.ssl-images-amazon.com\/images\/G\/01\/x-locale\/common\/grey-pixel.gif\" class=\"a-spacing-base a-lazy-loaded\" data-src=\"https:\/\/m.media-amazon.com\/images\/S\/aplus-media-library-service-media\/6aebba80-dabb-4570-a57f-2edc88b63c27.__CR0,0,970,600_PT0_SX970_V1___.jpg\"><img decoding=\"async\" alt=\"con sistema de iluminaci\u00f3n LED que muestra los estados de encendido\/apagado y opciones de color degradado del rojo al verde y al azul, con detalles en verde ne\u00f3n\" src=\"https:\/\/m.media-amazon.com\/images\/S\/aplus-media-library-service-media\/6aebba80-dabb-4570-a57f-2edc88b63c27.__CR0,0,970,600_PT0_SX970_V1___.jpg\">                                                                       <\/p>\n<p> Batteries                                            \u200f                                            :                                            \u200e                                            2 Lithium Polymer batteries required. (included)   <br \/> Product Dimensions                                            \u200f                                            :                                            \u200e                                            12.5 x 10.7 x 3.5 cm; 46 g   <br \/> Date First Available                                            \u200f                                            :                                            \u200e                                            11 April 2024   <br \/> Manufacturer                                            \u200f                                            :                                            \u200e                                            EYLM   <br \/> ASIN                                            \u200f                                            :                                            \u200e                                            B0D1GBGPRR   <br \/> Manufacturer reference                                            \u200f                                            :                                            \u200e                                            TR020W   <br \/> Country of origin                                            \u200f                                            :                                            \u200e                                            China   <br \/>       Best Sellers Rank:  9,304 in Toys &#038; Games (See Top 100 in Toys &#038; Games)    54 in Remote &#038; App-Controlled Drones      <br \/>  Customer reviews:                                                                                            4.0               4.0 out of 5 stars                                  (54)                                              var dpAcrHasRegisteredArcLinkClickAction;                    P.when(&#8216;A&#8217;, &#8216;ready&#8217;).execute(function(A) {                        if (dpAcrHasRegisteredArcLinkClickAction !== true) {                            dpAcrHasRegisteredArcLinkClickAction = true;                            A.declarative(                                &#8216;acrLink-click-metrics&#8217;, &#8216;click&#8217;,                                { \u00aballowLinkDefault\u00bb: true },                                function (event) {                                    if (window.ue) {                                        ue.count(\u00abacrLinkClickCount\u00bb, (ue.count(\u00abacrLinkClickCount\u00bb) || 0) + 1);                                    }                                }                            );                        }                    });                                             P.when(&#8216;A&#8217;, &#8216;cf&#8217;).execute(function(A) {                A.declarative(&#8216;acrStarsLink-click-metrics&#8217;, &#8216;click&#8217;, { \u00aballowLinkDefault\u00bb : true },  function(event){                    if(window.ue) {                        ue.count(\u00abacrStarsLinkWithPopoverClickCount\u00bb, (ue.count(\u00abacrStarsLinkWithPopoverClickCount\u00bb) || 0) + 1);                    }                });            });                          <\/p>\n<p>\u3010360 Degree Protection\u3011This drone with camera is made of heavy-duty materials. It can prevent impact damage and prevent scratches to the user. If accidentally dropped, the 360\u00b0 surround protection design can cushion the fall and minimize the damage caused by falling.<br \/>Optical Flow Positioning: Equipped with the latest altitude maintenance system &#8211; Optical Flow System. The stability in the air makes the camera get high image quality, perfect recording and FPV image transmission.<br \/>Easy Operation: One key take-off \/ landing, holding altitude, headless mode, 3 speed adjustment, emergency stop make the drone easy to operate, ideal for beginners. The drone can also be controlled by APP through mobile phone, such as G-sensor and flight path all functions make your flight more exciting and interesting.<br \/>LED LIGHT COLORS: Decorated with ultra-bright LED lights, the drone provides you with powerful lighting effects and super cool flying experience. The lights can constantly change during the flight to illuminate the night sky, and very attractive for children&#8217;s attention.<br \/>20 MINUTES BATTERY LIFE &#8211; 2 high capacity 600mAh modular batteries support the drone for a maximum flight time of 20min (10+10min). Charging is easy via a charging cable, overvoltage, overcharging and short circuit protection, so you can use our products with peace of mind.<\/p>\n\n","protected":false},"excerpt":{"rendered":"<p> Product Description EYLM drone con LED\uff1aEspecialmente dise\u00f1ado para los ni\u00f1os. Este drone es ideal para<\/p>","protected":false},"featured_media":33881,"comment_status":"open","ping_status":"closed","template":"","meta":[],"product_brand":[],"product_cat":[98],"product_tag":[705,3076,2224,1254,2845,1917,681,2854,2852,2855,2853,2842,2844,2848,2846,2850,2838,2849,9102,2839,3065,2840,363,2843,9101,1169,215,2851,738,2841,2847,2671,3096,543],"class_list":{"0":"post-33880","1":"product","2":"type-product","3":"status-publish","4":"has-post-thumbnail","6":"product_cat-drones","7":"product_tag-1080p","8":"product_tag-altitude","9":"product_tag-app","10":"product_tag-batteries","11":"product_tag-beginner-drone","12":"product_tag-beginners","13":"product_tag-camera","14":"product_tag-dji-drone","15":"product_tag-dji-mavic","16":"product_tag-dji-mini-2","17":"product_tag-drone","18":"product_tag-drone-accessories","19":"product_tag-drone-battery","20":"product_tag-drone-gimbal","21":"product_tag-drone-propellers","22":"product_tag-drone-spare-parts","23":"product_tag-drone-with-camera","24":"product_tag-drones-under-200","25":"product_tag-flips","26":"product_tag-foldable-drone","27":"product_tag-fpv","28":"product_tag-fpv-drone","29":"product_tag-gifts","30":"product_tag-hd-drone","31":"product_tag-headless","32":"product_tag-kids","33":"product_tag-mini","34":"product_tag-mini-drone","35":"product_tag-mode","36":"product_tag-quadcopter","37":"product_tag-remote-control-drone","38":"product_tag-speeds","39":"product_tag-stabilization","40":"product_tag-wifi","42":"first","43":"instock","44":"sale","45":"shipping-taxable","46":"product-type-external"},"_links":{"self":[{"href":"https:\/\/comprasyconsejos.store\/en\/wp-json\/wp\/v2\/product\/33880","targetHints":{"allow":["GET"]}}],"collection":[{"href":"https:\/\/comprasyconsejos.store\/en\/wp-json\/wp\/v2\/product"}],"about":[{"href":"https:\/\/comprasyconsejos.store\/en\/wp-json\/wp\/v2\/types\/product"}],"replies":[{"embeddable":true,"href":"https:\/\/comprasyconsejos.store\/en\/wp-json\/wp\/v2\/comments?post=33880"}],"version-history":[{"count":0,"href":"https:\/\/comprasyconsejos.store\/en\/wp-json\/wp\/v2\/product\/33880\/revisions"}],"wp:featuredmedia":[{"embeddable":true,"href":"https:\/\/comprasyconsejos.store\/en\/wp-json\/wp\/v2\/media\/33881"}],"wp:attachment":[{"href":"https:\/\/comprasyconsejos.store\/en\/wp-json\/wp\/v2\/media?parent=33880"}],"wp:term":[{"taxonomy":"product_brand","embeddable":true,"href":"https:\/\/comprasyconsejos.store\/en\/wp-json\/wp\/v2\/product_brand?post=33880"},{"taxonomy":"product_cat","embeddable":true,"href":"https:\/\/comprasyconsejos.store\/en\/wp-json\/wp\/v2\/product_cat?post=33880"},{"taxonomy":"product_tag","embeddable":true,"href":"https:\/\/comprasyconsejos.store\/en\/wp-json\/wp\/v2\/product_tag?post=33880"}],"curies":[{"name":"wp","href":"https:\/\/api.w.org\/{rel}","templated":true}]}}