{"id":33900,"date":"2026-02-24T18:42:45","date_gmt":"2026-02-24T18:42:45","guid":{"rendered":"https:\/\/comprasyconsejos.store\/product\/wireless-lan-usb-3-0-be6500-cudy-wu6500\/"},"modified":"2026-02-24T18:42:48","modified_gmt":"2026-02-24T18:42:48","slug":"wireless-lan-usb-3-0-be6500-cudy-wu6500","status":"publish","type":"product","link":"https:\/\/comprasyconsejos.store\/en\/product\/wireless-lan-usb-3-0-be6500-cudy-wu6500\/","title":{"rendered":"Wireless LAN USB 3.0 BE6500 CUDY WU6500"},"content":{"rendered":"<p>Price: <span style=\"color:#b12704\"><del>\u20ac39.90<\/del> - \u20ac35.06<\/span><br \/><i><small>(as of Feb 24, 2026 18:42:45 UTC &#8211; <span class=\"wp_automatic_amazon_disclaimer\" title=\"Product prices and availability are accurate as of the date\/time indicated and are subject to change. Any price and availability information displayed on [relevant Amazon Site(s), as applicable] at the time of purchase will apply to the purchase of this product.\">Details<\/span>)<\/small><\/i><\/p>\n<p><a href=\"https:\/\/amazon.es\/dp\/B0FBWQ6CK6?tag=man008-21\"><img decoding=\"async\" src=\"https:\/\/valvepress.s3.amazonaws.com\/imgs\/buy_now.png\"><\/a><br \/>\n<\/p>\n<p>                                             Product Description   <\/p>\n<p>                                                                                                       <img decoding=\"async\" alt=\"aplus content image\" src=\"https:\/\/images-na.ssl-images-amazon.com\/images\/G\/01\/x-locale\/common\/grey-pixel.gif\" class=\"a-lazy-loaded\" data-src=\"https:\/\/m.media-amazon.com\/images\/S\/aplus-media-library-service-media\/49f84abc-88c8-45de-818a-a4ac5adb92df.__CR0,0,1464,600_PT0_SX1464_V1___.jpg\"><img decoding=\"async\" alt=\"aplus content image\" src=\"https:\/\/m.media-amazon.com\/images\/S\/aplus-media-library-service-media\/49f84abc-88c8-45de-818a-a4ac5adb92df.__CR0,0,1464,600_PT0_SX1464_V1___.jpg\">                                               <\/p>\n<p>                                                                                                       <img decoding=\"async\" alt=\"aplus content image\" src=\"https:\/\/images-na.ssl-images-amazon.com\/images\/G\/01\/x-locale\/common\/grey-pixel.gif\" class=\"a-lazy-loaded\" data-src=\"https:\/\/m.media-amazon.com\/images\/S\/aplus-media-library-service-media\/e220d281-56f7-49da-9877-0ca287333423.__CR0,0,1464,600_PT0_SX1464_V1___.jpg\"><img decoding=\"async\" alt=\"aplus content image\" src=\"https:\/\/m.media-amazon.com\/images\/S\/aplus-media-library-service-media\/e220d281-56f7-49da-9877-0ca287333423.__CR0,0,1464,600_PT0_SX1464_V1___.jpg\">                                               <\/p>\n<p>                                                                                     <img decoding=\"async\" alt=\"El texto dice \u00abF.GH-2882\u00bb. Escena nocturna que muestra un texto iluminado en rojo sobre un tren o veh\u00edculo de transporte en un entorno oscuro.\" src=\"https:\/\/m.media-amazon.com\/images\/S\/aplus-media-library-service-media\/05bdec5d-b75e-43d3-9ca4-360bf85b527d.__CR0,0,1464,600_PT0_SX1464_V1___.jpg\">                                                    Libera el poder de la banda triple: sin l\u00edmites.                                         <\/p>\n<p class=\"aplus-p3\"> Con la tecnolog\u00eda de vanguardia Multi-Link Operation (MLO)*, el WU6500 impulsa tus sesiones de juego a una velocidad hiperr\u00e1pida, garantizando que cada movimiento se ejecute sin demora. <\/p>\n<p>                                                                                     <img decoding=\"async\" alt=\"aplus content image\" src=\"https:\/\/m.media-amazon.com\/images\/S\/aplus-media-library-service-media\/dbbcee03-9298-4b1d-abb8-79e3e918a057.__CR0,0,1464,600_PT0_SX1464_V1___.jpg\">                                                    La v\u00eda r\u00e1pida: banda de 6 GHz: para juegos y hogar                                         <\/p>\n<p class=\"aplus-p3\"> Disfruta de una conexi\u00f3n sin interferencias dise\u00f1ada espec\u00edficamente para gamers, que te garantiza una experiencia impecable y sin retrasos que llevar\u00e1 tu rendimiento al siguiente nivel. <\/p>\n<p>                                                                                                       <img decoding=\"async\" alt=\"aplus content image\" src=\"https:\/\/images-na.ssl-images-amazon.com\/images\/G\/01\/x-locale\/common\/grey-pixel.gif\" class=\"a-lazy-loaded\" data-src=\"https:\/\/m.media-amazon.com\/images\/S\/aplus-media-library-service-media\/0104b847-996f-4cb6-9e30-ab3a4d07effa.__CR0,0,1464,600_PT0_SX1464_V1___.jpg\"><img decoding=\"async\" alt=\"aplus content image\" src=\"https:\/\/m.media-amazon.com\/images\/S\/aplus-media-library-service-media\/0104b847-996f-4cb6-9e30-ab3a4d07effa.__CR0,0,1464,600_PT0_SX1464_V1___.jpg\">                                                                                    Antenas de alta ganancia: Dominio total de la se\u00f1al                                        <\/p>\n<p class=\"aplus-p2 aplus-module-2-description\"> Dise\u00f1ado con antenas de alta ganancia, el BE6500 garantiza una recepci\u00f3n y transmisi\u00f3n de se\u00f1al superiores. Ya sea que est\u00e9s en una partida competitiva de alto nivel, mant\u00e9n una conectividad s\u00f3lida que te mantenga a la vanguardia, sin importar d\u00f3nde te lleve el campo de batalla. <\/p>\n<p>                                                                                                       <img decoding=\"async\" alt=\"aplus content image\" src=\"https:\/\/images-na.ssl-images-amazon.com\/images\/G\/01\/x-locale\/common\/grey-pixel.gif\" class=\"a-lazy-loaded\" data-src=\"https:\/\/m.media-amazon.com\/images\/S\/aplus-media-library-service-media\/2da7e88c-cbe6-4cdb-b91b-2cdfbaebbaec.__CR0,0,1464,600_PT0_SX1464_V1___.jpg\"><img decoding=\"async\" alt=\"aplus content image\" src=\"https:\/\/m.media-amazon.com\/images\/S\/aplus-media-library-service-media\/2da7e88c-cbe6-4cdb-b91b-2cdfbaebbaec.__CR0,0,1464,600_PT0_SX1464_V1___.jpg\">                                                                                    Datos ultrarr\u00e1pidos y m\u00e1xima flexibilidad                                        <\/p>\n<p class=\"aplus-p2 aplus-module-2-description\"> Aprovecha la incre\u00edble velocidad del USB 3.0 para transferencias de datos ultrarr\u00e1pidas. El dise\u00f1o ajustable de 0 a 180\u00b0 del adaptador te permite ajustar con precisi\u00f3n el \u00e1ngulo de la se\u00f1al, lo que ofrece una cobertura \u00f3ptima y garantiza que, tu conexi\u00f3n sea siempre s\u00f3lida como una roca. <\/p>\n<p>                                                                                                       <img decoding=\"async\" alt=\"aplus content image\" src=\"https:\/\/images-na.ssl-images-amazon.com\/images\/G\/01\/x-locale\/common\/grey-pixel.gif\" class=\"a-lazy-loaded\" data-src=\"https:\/\/m.media-amazon.com\/images\/S\/aplus-media-library-service-media\/6696b767-eda8-4eef-820a-2b1492a3367e.__CR0,0,1464,600_PT0_SX1464_V1___.jpg\"><img decoding=\"async\" alt=\"aplus content image\" src=\"https:\/\/m.media-amazon.com\/images\/S\/aplus-media-library-service-media\/6696b767-eda8-4eef-820a-2b1492a3367e.__CR0,0,1464,600_PT0_SX1464_V1___.jpg\">                                                                                    Plug &amp; Play: conectividad instant\u00e1nea, sin complicaciones.                                        <\/p>\n<p class=\"aplus-p2 aplus-module-2-description\"> Olv\u00eddate de las complicadas instalaciones manuales: el BE6500 incluye controladores integrados que se adaptan autom\u00e1ticamente a tu sistema. Solo tienes que conectarlo y ya estar\u00e1s listo para disfrutar de un acceso a Internet fluido e ininterrumpido que te mantendr\u00e1 en acci\u00f3n desde el primer momento. <\/p>\n<p>                                                                                                       <img decoding=\"async\" alt=\"aplus content image\" src=\"https:\/\/images-na.ssl-images-amazon.com\/images\/G\/01\/x-locale\/common\/grey-pixel.gif\" class=\"a-lazy-loaded\" data-src=\"https:\/\/m.media-amazon.com\/images\/S\/aplus-media-library-service-media\/80ca0fbb-39f9-4412-a1b0-7b3fa5d9c6f1.__CR0,0,1464,600_PT0_SX1464_V1___.jpg\"><img decoding=\"async\" alt=\"aplus content image\" src=\"https:\/\/m.media-amazon.com\/images\/S\/aplus-media-library-service-media\/80ca0fbb-39f9-4412-a1b0-7b3fa5d9c6f1.__CR0,0,1464,600_PT0_SX1464_V1___.jpg\">                                                                                    Compatibilidad con Windows: listo para todos los jugadores                                        <\/p>\n<p class=\"aplus-p2 aplus-module-2-description\"> Optimizado para sistemas Windows, el adaptador BE6500 Tri-Band USB 3.0 Wi-Fi 7 es el compa\u00f1ero perfecto para todos los entusiastas de los deportes electr\u00f3nicos. <\/p>\n<p class=\"aplus-p2 aplus-module-2-description\"> *La banda Wi-Fi de 6 GHz es compatible con Windows 10 versi\u00f3n 22H2 y posteriores. <\/p>\n<p> Product Dimensions                                            \u200f                                            :                                            \u200e                                            3 x 1.32 x 8.9 cm; 25.2 g   <br \/> Manufacturer                                            \u200f                                            :                                            \u200e                                            Shenzhen Cudy Technology Co., Ltd.   <br \/> ASIN                                            \u200f                                            :                                            \u200e                                            B0FBWQ6CK6   <br \/> Item model number                                            \u200f                                            :                                            \u200e                                            WU6500   <br \/> Country\/Region of Origin                                            \u200f                                            :                                            \u200e                                            China   <br \/> Guaranteed software updates until                                            \u200f                                            :                                            \u200e                                            unknown   <br \/>  Customer reviews:                                                                                            4.2               4.2 out of 5 stars                                  (57)                                              var dpAcrHasRegisteredArcLinkClickAction;                    P.when(&#8216;A&#8217;, &#8216;ready&#8217;).execute(function(A) {                        if (dpAcrHasRegisteredArcLinkClickAction !== true) {                            dpAcrHasRegisteredArcLinkClickAction = true;                            A.declarative(                                &#8216;acrLink-click-metrics&#8217;, &#8216;click&#8217;,                                { \u00aballowLinkDefault\u00bb: true },                                function (event) {                                    if (window.ue) {                                        ue.count(\u00abacrLinkClickCount\u00bb, (ue.count(\u00abacrLinkClickCount\u00bb) || 0) + 1);                                    }                                }                            );                        }                    });                                             P.when(&#8216;A&#8217;, &#8216;cf&#8217;).execute(function(A) {                A.declarative(&#8216;acrStarsLink-click-metrics&#8217;, &#8216;click&#8217;, { \u00aballowLinkDefault\u00bb : true },  function(event){                    if(window.ue) {                        ue.count(\u00abacrStarsLinkWithPopoverClickCount\u00bb, (ue.count(\u00abacrStarsLinkWithPopoverClickCount\u00bb) || 0) + 1);                    }                });            });                          <\/p>\n<p>Ultrafast Wi-Fi 7: When paired with a three-band Wi-Fi 7 router, the WU6500 releases the 6GHz band to use the latest Wi-Fi 7 and 4K-QAM to improve wireless performance.<br \/>All-new USB 3.0 &#8211; Enjoy data transfer speeds up to 10x faster than USB 2.0 and compatibility with USB 2.0 devices. Compatible with Windows 11\/10.<br \/>It combines a variety of OFDMA, MU-MIMO, high-tech MRU, allowing more devices to connect to the router at the same time, improving the computer&#8217;s Wi-Fi efficiency.<br \/>High-gain antennas combine with perforations to direct Wi-Fi signals to the router, improving reception and transmission efficiency to ensure a stable connection even over long distances.<br \/>Plug and Play: WU6500 comes with a pre-loaded driver for effortless installation on Windows 11\/10, just plug it in and start using it.<\/p>\n\n","protected":false},"excerpt":{"rendered":"<p> Product Description Libera el poder de la banda triple: sin l\u00edmites. Con la tecnolog\u00eda de<\/p>","protected":false},"featured_media":33901,"comment_status":"open","ping_status":"closed","template":"","meta":[],"product_brand":[],"product_cat":[72],"product_tag":[2124,5502,2110,2116,791,2114,2118,2112,133,2108,2104,2120,2102,226,2106,9686],"class_list":{"0":"post-33900","1":"product","2":"type-product","3":"status-publish","4":"has-post-thumbnail","6":"product_cat-wifi-sticks","7":"product_tag-be6500","8":"product_tag-cudy","9":"product_tag-dual-band-wifi-adapter","10":"product_tag-high-speed-wifi-usb","11":"product_tag-lan","12":"product_tag-laptop-wifi-adapter","13":"product_tag-mini-wifi-adapter","14":"product_tag-pc-wifi-adapter","15":"product_tag-usb","16":"product_tag-usb-wifi-dongle","17":"product_tag-wifi-stick","18":"product_tag-wifi-stick-price","19":"product_tag-wifi-usb-adapter","20":"product_tag-wireless","21":"product_tag-wireless-usb-adapter","22":"product_tag-wu6500","24":"first","25":"instock","26":"sale","27":"shipping-taxable","28":"product-type-external"},"_links":{"self":[{"href":"https:\/\/comprasyconsejos.store\/en\/wp-json\/wp\/v2\/product\/33900","targetHints":{"allow":["GET"]}}],"collection":[{"href":"https:\/\/comprasyconsejos.store\/en\/wp-json\/wp\/v2\/product"}],"about":[{"href":"https:\/\/comprasyconsejos.store\/en\/wp-json\/wp\/v2\/types\/product"}],"replies":[{"embeddable":true,"href":"https:\/\/comprasyconsejos.store\/en\/wp-json\/wp\/v2\/comments?post=33900"}],"version-history":[{"count":0,"href":"https:\/\/comprasyconsejos.store\/en\/wp-json\/wp\/v2\/product\/33900\/revisions"}],"wp:featuredmedia":[{"embeddable":true,"href":"https:\/\/comprasyconsejos.store\/en\/wp-json\/wp\/v2\/media\/33901"}],"wp:attachment":[{"href":"https:\/\/comprasyconsejos.store\/en\/wp-json\/wp\/v2\/media?parent=33900"}],"wp:term":[{"taxonomy":"product_brand","embeddable":true,"href":"https:\/\/comprasyconsejos.store\/en\/wp-json\/wp\/v2\/product_brand?post=33900"},{"taxonomy":"product_cat","embeddable":true,"href":"https:\/\/comprasyconsejos.store\/en\/wp-json\/wp\/v2\/product_cat?post=33900"},{"taxonomy":"product_tag","embeddable":true,"href":"https:\/\/comprasyconsejos.store\/en\/wp-json\/wp\/v2\/product_tag?post=33900"}],"curies":[{"name":"wp","href":"https:\/\/api.w.org\/{rel}","templated":true}]}}