{"id":33906,"date":"2026-02-24T19:06:42","date_gmt":"2026-02-24T19:06:42","guid":{"rendered":"https:\/\/comprasyconsejos.store\/product\/cablepelado-amplificador-vivienda-uhf-5g-v-u30-lte700-1-entrada-tipo-f-2-salidas-tipo-f-ganancia-30-db-tension-entrada-220v-apto-para-uso-interior\/"},"modified":"2026-02-24T19:06:42","modified_gmt":"2026-02-24T19:06:42","slug":"cablepelado-amplificador-vivienda-uhf-5g-v-u30-lte700-1-entrada-tipo-f-2-salidas-tipo-f-ganancia-30-db-tension-entrada-220v-apto-para-uso-interior","status":"publish","type":"product","link":"https:\/\/comprasyconsejos.store\/en\/product\/cablepelado-amplificador-vivienda-uhf-5g-v-u30-lte700-1-entrada-tipo-f-2-salidas-tipo-f-ganancia-30-db-tension-entrada-220v-apto-para-uso-interior\/","title":{"rendered":"CABLEPELADO Amplificador Vivienda UHF 5G | V\/U30 Lte700 | 1 Entrada Tipo F | 2 Salidas Tipo F | Ganancia 30 dB | Tensi\u00f3n Entrada 220v | Apto para Uso Interior"},"content":{"rendered":"<p>&#8211; Amplificador interior de vivienda para UHF \/ FM \/ DAB (47 &#8211; 690 MHz) con ganancia 30dB regulable (\u00b1 15dB), 1 entrada y 2 salidas tipo F. Este amplificador est\u00e1 adaptado al 2\u00ba Dividendo Digital gracias al filtro LTE 5G que integra para eliminar las interferencias del 5G, con corte en el canal 49. El nivel de salida m\u00e1ximo que puede ofrecer es de 103 dB\u03bcV.<br \/>\n&#8211; Este amplificador no necesita una fuente de alimentaci\u00f3n externa ya que est\u00e1 integrada en el mismo equipo. El amplificador admite paso de corriente DC para alimentaci\u00f3n<br \/>\n&#8211; \u2705[APTO] para UHF \/ FM \/ DAB de 30dB con 2 salidas F y filtro LTE 5G integrado.<\/p>\n","protected":false},"excerpt":{"rendered":"<p>&#8211; Amplificador interior de vivienda para UHF \/ FM \/ DAB (47 &#8211; 690 MHz) con ganancia 30dB regulable (\u00b1<\/p>","protected":false},"featured_media":33905,"comment_status":"open","ping_status":"closed","template":"","meta":[],"product_brand":[],"product_cat":[101],"product_tag":[],"class_list":{"0":"post-33906","1":"product","2":"type-product","3":"status-publish","4":"has-post-thumbnail","6":"product_cat-accessories","8":"first","9":"instock","10":"shipping-taxable","11":"product-type-external"},"_links":{"self":[{"href":"https:\/\/comprasyconsejos.store\/en\/wp-json\/wp\/v2\/product\/33906","targetHints":{"allow":["GET"]}}],"collection":[{"href":"https:\/\/comprasyconsejos.store\/en\/wp-json\/wp\/v2\/product"}],"about":[{"href":"https:\/\/comprasyconsejos.store\/en\/wp-json\/wp\/v2\/types\/product"}],"replies":[{"embeddable":true,"href":"https:\/\/comprasyconsejos.store\/en\/wp-json\/wp\/v2\/comments?post=33906"}],"version-history":[{"count":0,"href":"https:\/\/comprasyconsejos.store\/en\/wp-json\/wp\/v2\/product\/33906\/revisions"}],"wp:featuredmedia":[{"embeddable":true,"href":"https:\/\/comprasyconsejos.store\/en\/wp-json\/wp\/v2\/media\/33905"}],"wp:attachment":[{"href":"https:\/\/comprasyconsejos.store\/en\/wp-json\/wp\/v2\/media?parent=33906"}],"wp:term":[{"taxonomy":"product_brand","embeddable":true,"href":"https:\/\/comprasyconsejos.store\/en\/wp-json\/wp\/v2\/product_brand?post=33906"},{"taxonomy":"product_cat","embeddable":true,"href":"https:\/\/comprasyconsejos.store\/en\/wp-json\/wp\/v2\/product_cat?post=33906"},{"taxonomy":"product_tag","embeddable":true,"href":"https:\/\/comprasyconsejos.store\/en\/wp-json\/wp\/v2\/product_tag?post=33906"}],"curies":[{"name":"wp","href":"https:\/\/api.w.org\/{rel}","templated":true}]}}