{"id":33907,"date":"2026-02-24T19:06:48","date_gmt":"2026-02-24T19:06:48","guid":{"rendered":"https:\/\/comprasyconsejos.store\/product\/cudy-new-lt400-4g-lte-wifi-router-300mbps-compatible-with-all-carriers-fdd-and-tdd-qualcomm-indoors-no-configuration-needed-vpn-ddns\/"},"modified":"2026-02-24T19:06:52","modified_gmt":"2026-02-24T19:06:52","slug":"cudy-new-lt400-4g-lte-wifi-router-300mbps-compatible-with-all-carriers-fdd-and-tdd-qualcomm-indoors-no-configuration-needed-vpn-ddns","status":"publish","type":"product","link":"https:\/\/comprasyconsejos.store\/en\/product\/cudy-new-lt400-4g-lte-wifi-router-300mbps-compatible-with-all-carriers-fdd-and-tdd-qualcomm-indoors-no-configuration-needed-vpn-ddns\/","title":{"rendered":"Cudy New LT400 4G LTE WiFi Router 300Mbps, Compatible with All Carriers, FDD and TDD, Qualcomm Indoors, No Configuration Needed, VPN, DDNS"},"content":{"rendered":"<p>Price: <span style=\"color:#b12704\"><del>\u20ac54.90<\/del> - \u20ac42.40<\/span><br \/><i><small>(as of Feb 24, 2026 19:06:48 UTC &#8211; <span class=\"wp_automatic_amazon_disclaimer\" title=\"Product prices and availability are accurate as of the date\/time indicated and are subject to change. Any price and availability information displayed on [relevant Amazon Site(s), as applicable] at the time of purchase will apply to the purchase of this product.\">Details<\/span>)<\/small><\/i><\/p>\n<p><a href=\"https:\/\/amazon.es\/dp\/B085S2147W?tag=man008-21\"><img decoding=\"async\" src=\"https:\/\/valvepress.s3.amazonaws.com\/imgs\/buy_now.png\"><\/a><br \/>\n<\/p>\n<p>                                             From the brand   <\/p>\n<p>                                              <img decoding=\"async\" alt=\"1\" src=\"https:\/\/images-na.ssl-images-amazon.com\/images\/G\/01\/x-locale\/common\/grey-pixel.gif\" class=\"a-lazy-loaded\" data-src=\"https:\/\/m.media-amazon.com\/images\/S\/aplus-media-library-service-media\/520a7b0b-1102-40fb-b55c-0bcbe95be90b.__CR0,0,1464,625_PT0_SX1464_V1___.jpg\"><img decoding=\"async\" alt=\"1\" src=\"https:\/\/m.media-amazon.com\/images\/S\/aplus-media-library-service-media\/520a7b0b-1102-40fb-b55c-0bcbe95be90b.__CR0,0,1464,625_PT0_SX1464_V1___.jpg\">  <\/p>\n<p>                                              <img decoding=\"async\" alt=\"\" src=\"https:\/\/images-na.ssl-images-amazon.com\/images\/G\/01\/x-locale\/common\/grey-pixel.gif\" class=\"a-lazy-loaded\" data-src=\"https:\/\/m.media-amazon.com\/images\/S\/aplus-media-library-service-media\/4cb9ed8a-8d8e-4854-9bcb-82bf51fed1fd.__CR0,0,315,145_PT0_SX315_V1___.jpg\"><img decoding=\"async\" alt=\"\" src=\"https:\/\/m.media-amazon.com\/images\/S\/aplus-media-library-service-media\/4cb9ed8a-8d8e-4854-9bcb-82bf51fed1fd.__CR0,0,315,145_PT0_SX315_V1___.jpg\">  <\/p>\n<p> Cree cada d\u00eda algo \u00fanico <\/p>\n<p> Cudy suministra routers Wi-Fi, routers 4G\/5G, gateways, switches, dispositivos PoE y equipos de fibra a m\u00e1s de 80 pa\u00edses de todo el mundo. <\/p>\n<p> Cudy se compromete a ofrecer tecnolog\u00eda de comunicaci\u00f3n de alto rendimiento y f\u00e1cil uso que mejore la vida cotidiana con prop\u00f3sito y facilidad. <\/p>\n<h3> Routers Wi-Fi 7 <\/h3>\n<h3> Routers 4G\/5G <\/h3>\n<h3> AP\/4G exterior <\/h3>\n<h3> Puertos de 2,5 Gbps <\/h3>\n<p>                                              <img decoding=\"async\" alt=\"Maqueta de interfaz de la aplicaci\u00f3n Cudy que muestra varias pantallas de tel\u00e9fonos inteligentes con dise\u00f1os de men\u00fa y texto en espa\u00f1ol sobre configuraci\u00f3n y administraci\u00f3n\" src=\"https:\/\/images-na.ssl-images-amazon.com\/images\/G\/01\/x-locale\/common\/grey-pixel.gif\" class=\"a-lazy-loaded\" data-src=\"https:\/\/m.media-amazon.com\/images\/S\/aplus-media-library-service-media\/5a6d0a6d-7da6-421b-96b1-b836689b6f12.__CR0,0,362,453_PT0_SX362_V1___.jpg\"><img decoding=\"async\" alt=\"Maqueta de interfaz de la aplicaci\u00f3n Cudy que muestra varias pantallas de tel\u00e9fonos inteligentes con dise\u00f1os de men\u00fa y texto en espa\u00f1ol sobre configuraci\u00f3n y administraci\u00f3n\" src=\"https:\/\/m.media-amazon.com\/images\/S\/aplus-media-library-service-media\/5a6d0a6d-7da6-421b-96b1-b836689b6f12.__CR0,0,362,453_PT0_SX362_V1___.jpg\">  <\/p>\n<p>                                              <img decoding=\"async\" alt=\"Diagrama 3D del sistema WiFi Cudy Mesh que muestra la cobertura de la red inal\u00e1mbrica en toda la casa, con texto en espa\u00f1ol que explica la compatibilidad del dispositivo\" src=\"https:\/\/images-na.ssl-images-amazon.com\/images\/G\/01\/x-locale\/common\/grey-pixel.gif\" class=\"a-lazy-loaded\" data-src=\"https:\/\/m.media-amazon.com\/images\/S\/aplus-media-library-service-media\/e7136e15-6fb5-4a34-9f71-66df8a644185.__CR0,0,362,453_PT0_SX362_V1___.jpg\"><img decoding=\"async\" alt=\"Diagrama 3D del sistema WiFi Cudy Mesh que muestra la cobertura de la red inal\u00e1mbrica en toda la casa, con texto en espa\u00f1ol que explica la compatibilidad del dispositivo\" src=\"https:\/\/m.media-amazon.com\/images\/S\/aplus-media-library-service-media\/e7136e15-6fb5-4a34-9f71-66df8a644185.__CR0,0,362,453_PT0_SX362_V1___.jpg\">  <\/p>\n<p>                                              <img decoding=\"async\" alt=\", incluidos WireGuard y OpenVPN. Iconos para varios protocolos de VPN: IKEv2, L2TP, PPTP. Escriba el texto \u00abVPN segura\" src=\"https:\/\/images-na.ssl-images-amazon.com\/images\/G\/01\/x-locale\/common\/grey-pixel.gif\" class=\"a-lazy-loaded\" data-src=\"https:\/\/m.media-amazon.com\/images\/S\/aplus-media-library-service-media\/6638f843-beac-416e-b2dc-2aa0b705fe6a.__CR0,0,362,453_PT0_SX362_V1___.jpg\"><img decoding=\"async\" alt=\", incluidos WireGuard y OpenVPN. Iconos para varios protocolos de VPN: IKEv2, L2TP, PPTP. Escriba el texto \u00abVPN segura\" src=\"https:\/\/m.media-amazon.com\/images\/S\/aplus-media-library-service-media\/6638f843-beac-416e-b2dc-2aa0b705fe6a.__CR0,0,362,453_PT0_SX362_V1___.jpg\">  <\/p>\n<p>                                                         \u00bfEs f\u00e1cil configurar un router Cudy?                                       <\/p>\n<p> Los productos Cudy son f\u00e1ciles de configurar. Los v\u00eddeos oficiales de Cudy te gu\u00edan paso a paso durante la configuraci\u00f3n, y la mayor\u00eda de los dispositivos dom\u00e9sticos de Cudy son compatibles con la app de Cudy <\/p>\n<p>                                                         \u00bfPor qu\u00e9 necesito una conexi\u00f3n Wi-Fi m\u00e1s r\u00e1pida que mi banda ancha?                                       <\/p>\n<p> La velocidad Wi-Fi no s\u00f3lo afecta a la velocidad de transmisi\u00f3n de los datos, sino tambi\u00e9n a su alcance. Un router de mayor velocidad permite una mayor degradaci\u00f3n antes de la desconexi\u00f3n a medida que te alejas del router. <\/p>\n<p> Product Dimensions                                            \u200f                                            :                                            \u200e                                            23 x 14.6 x 21 cm; 205 g   <br \/> Manufacturer                                            \u200f                                            :                                            \u200e                                            Shenzhen Cudy Technology Co., Ltd.   <br \/> ASIN                                            \u200f                                            :                                            \u200e                                            B085S2147W   <br \/> Item model number                                            \u200f                                            :                                            \u200e                                            LT400   <br \/> Guaranteed software updates until                                            \u200f                                            :                                            \u200e                                            unknown   <br \/>  Customer reviews:                                                                                            4.4               4.4 out of 5 stars                                  (5,899)                                              var dpAcrHasRegisteredArcLinkClickAction;                    P.when(&#8216;A&#8217;, &#8216;ready&#8217;).execute(function(A) {                        if (dpAcrHasRegisteredArcLinkClickAction !== true) {                            dpAcrHasRegisteredArcLinkClickAction = true;                            A.declarative(                                &#8216;acrLink-click-metrics&#8217;, &#8216;click&#8217;,                                { \u00aballowLinkDefault\u00bb: true },                                function (event) {                                    if (window.ue) {                                        ue.count(\u00abacrLinkClickCount\u00bb, (ue.count(\u00abacrLinkClickCount\u00bb) || 0) + 1);                                    }                                }                            );                        }                    });                                             P.when(&#8216;A&#8217;, &#8216;cf&#8217;).execute(function(A) {                A.declarative(&#8216;acrStarsLink-click-metrics&#8217;, &#8216;click&#8217;, { \u00aballowLinkDefault\u00bb : true },  function(event){                    if(window.ue) {                        ue.count(\u00abacrStarsLinkWithPopoverClickCount\u00bb, (ue.count(\u00abacrStarsLinkWithPopoverClickCount\u00bb) || 0) + 1);                    }                });            });                          <\/p>\n<p>Enjoy ultra-fast 4G LTE speed and Wi-Fi. It uses state-of-the-art 4G LTE technology to reach speeds of up to 150Mbps on download and 50Mbps on load, it also allows you to connect via Wi-Fi with a maximum speed of 300Mbps at 2.4GHz to enjoy gaming, streaming and more.<br \/>PPTP \/ L2TP \/ OpenVPN \/ Wireguard \/ Zerotier VPN client pre-installed for security. With the built-in PPTP \/ L2TP \/ OpenVPN \/ Wireguard \/ Zerotier VPN client, this 4G router can easily establish a connection with the VPN server to transport all your data and traffic online, securing it with its encryption at the same time.<br \/>Dynamic DNS for remote management. DDNS function solves the problem of changing residential IP addresses. You can help by assigning a custom domain name to your home&#8217;s IP address that will automatically update as your home&#8217;s IP continues to change. Compatible with 20 more DDNS providers.<br \/>Flexible WAN\/LAN ports for dual connectivity. The WAN\/LAN port can be configured as a WAN or LAN port. When working in LAN mode, LT400 is just a normal 4G LTE router. While working in WAN mode, LT400 can maintain 4G and WAN connections at the same time, and provides Internet preferably from wired ports to reduce 4G mobile data rates.<br \/>Simple setup simply insert the SIM card into the router and type the PIN into the web setup page to start exploiting a stable and fast wireless connection; if you use some new internet operators, you may need to set up the APN on the web admin page manually.<\/p>\n\n","protected":false},"excerpt":{"rendered":"<p> From the brand Cree cada d\u00eda algo \u00fanico Cudy suministra routers Wi-Fi, routers 4G\/5G, gateways,<\/p>","protected":false},"featured_media":33908,"comment_status":"open","ping_status":"closed","template":"","meta":[],"product_brand":[],"product_cat":[71],"product_tag":[4508,2080,2084,8798,201,7605,5502,5504,2078,6059,2079,2081,2083,9688,9687,1043,2082,3541,6971,2088,2085,6060,2306,543,2076,2077],"class_list":{"0":"post-33907","1":"product","2":"type-product","3":"status-publish","4":"has-post-thumbnail","6":"product_cat-wifi-routers","7":"product_tag-300mbps","8":"product_tag-5ghz-router","9":"product_tag-best-wifi-router","10":"product_tag-carriers","11":"product_tag-compatible","12":"product_tag-configuration","13":"product_tag-cudy","14":"product_tag-ddns","15":"product_tag-dual-band-router","16":"product_tag-fdd","17":"product_tag-gaming-wifi-router","18":"product_tag-high-speed-router","19":"product_tag-home-wifi-router","20":"product_tag-indoors","21":"product_tag-lt400","22":"product_tag-lte","23":"product_tag-mesh-wifi-router","24":"product_tag-needed","25":"product_tag-qualcomm","26":"product_tag-router","27":"product_tag-router-price","28":"product_tag-tdd","29":"product_tag-vpn","30":"product_tag-wifi","31":"product_tag-wifi-router","32":"product_tag-wireless-router","34":"first","35":"instock","36":"sale","37":"shipping-taxable","38":"product-type-external"},"_links":{"self":[{"href":"https:\/\/comprasyconsejos.store\/en\/wp-json\/wp\/v2\/product\/33907","targetHints":{"allow":["GET"]}}],"collection":[{"href":"https:\/\/comprasyconsejos.store\/en\/wp-json\/wp\/v2\/product"}],"about":[{"href":"https:\/\/comprasyconsejos.store\/en\/wp-json\/wp\/v2\/types\/product"}],"replies":[{"embeddable":true,"href":"https:\/\/comprasyconsejos.store\/en\/wp-json\/wp\/v2\/comments?post=33907"}],"version-history":[{"count":0,"href":"https:\/\/comprasyconsejos.store\/en\/wp-json\/wp\/v2\/product\/33907\/revisions"}],"wp:featuredmedia":[{"embeddable":true,"href":"https:\/\/comprasyconsejos.store\/en\/wp-json\/wp\/v2\/media\/33908"}],"wp:attachment":[{"href":"https:\/\/comprasyconsejos.store\/en\/wp-json\/wp\/v2\/media?parent=33907"}],"wp:term":[{"taxonomy":"product_brand","embeddable":true,"href":"https:\/\/comprasyconsejos.store\/en\/wp-json\/wp\/v2\/product_brand?post=33907"},{"taxonomy":"product_cat","embeddable":true,"href":"https:\/\/comprasyconsejos.store\/en\/wp-json\/wp\/v2\/product_cat?post=33907"},{"taxonomy":"product_tag","embeddable":true,"href":"https:\/\/comprasyconsejos.store\/en\/wp-json\/wp\/v2\/product_tag?post=33907"}],"curies":[{"name":"wp","href":"https:\/\/api.w.org\/{rel}","templated":true}]}}