{"id":33916,"date":"2026-02-24T19:28:54","date_gmt":"2026-02-24T19:28:54","guid":{"rendered":"https:\/\/comprasyconsejos.store\/product\/jlj-thermal-paste-cpu-paste-thermal-compound-heatsink-for-ic-processor-cpu-xbox-very-high-thermal-conductivity-long-durability-safe-application-non-conductive-4g\/"},"modified":"2026-02-24T19:29:02","modified_gmt":"2026-02-24T19:29:02","slug":"jlj-thermal-paste-cpu-paste-thermal-compound-heatsink-for-ic-processor-cpu-xbox-very-high-thermal-conductivity-long-durability-safe-application-non-conductive-4g","status":"publish","type":"product","link":"https:\/\/comprasyconsejos.store\/en\/product\/jlj-thermal-paste-cpu-paste-thermal-compound-heatsink-for-ic-processor-cpu-xbox-very-high-thermal-conductivity-long-durability-safe-application-non-conductive-4g\/","title":{"rendered":"JLJ Thermal Paste CPU Paste Thermal Compound Heatsink for IC\/Processor\/CPU\/Xbox, Very High Thermal Conductivity, Long Durability, Safe Application, Non-Conductive (4G)"},"content":{"rendered":"<p>Price: <span style=\"color:#b12704\">\u20ac6.55<\/span><br \/><i><small>(as of Feb 24, 2026 19:28:54 UTC &#8211; <span class=\"wp_automatic_amazon_disclaimer\" title=\"Product prices and availability are accurate as of the date\/time indicated and are subject to change. Any price and availability information displayed on [relevant Amazon Site(s), as applicable] at the time of purchase will apply to the purchase of this product.\">Details<\/span>)<\/small><\/i><\/p>\n<p><a href=\"https:\/\/amazon.es\/dp\/B0DPZ2S8GK?tag=man008-21\"><img decoding=\"async\" src=\"https:\/\/valvepress.s3.amazonaws.com\/imgs\/buy_now.png\"><\/a><br \/>\n<\/p>\n<p>                                             Product Description   <\/p>\n<p>                                                  <img decoding=\"async\" alt=\"1\" src=\"https:\/\/images-na.ssl-images-amazon.com\/images\/G\/01\/x-locale\/common\/grey-pixel.gif\" class=\"a-lazy-loaded\" data-src=\"https:\/\/m.media-amazon.com\/images\/S\/aplus-media-library-service-media\/8e1dcb2d-dc69-4434-acd2-d66e2772f53f.__CR0,0,970,300_PT0_SX970_V1___.jpg\"><img decoding=\"async\" alt=\"1\" src=\"https:\/\/m.media-amazon.com\/images\/S\/aplus-media-library-service-media\/8e1dcb2d-dc69-4434-acd2-d66e2772f53f.__CR0,0,970,300_PT0_SX970_V1___.jpg\">  <\/p>\n<p class=\"apm-text-center\">\n                                                      <img decoding=\"async\" alt=\"1\" src=\"https:\/\/images-na.ssl-images-amazon.com\/images\/G\/01\/x-locale\/common\/grey-pixel.gif\" class=\"a-lazy-loaded\" data-src=\"https:\/\/m.media-amazon.com\/images\/S\/aplus-media-library-service-media\/47e46158-9142-42a2-a7c5-87ba7573277a.__CR0,0,220,220_PT0_SX220_V1___.jpg\"><img decoding=\"async\" alt=\"1\" src=\"https:\/\/m.media-amazon.com\/images\/S\/aplus-media-library-service-media\/47e46158-9142-42a2-a7c5-87ba7573277a.__CR0,0,220,220_PT0_SX220_V1___.jpg\">  <\/p>\n<p>                                                    No conductor y seguro                                     <\/p>\n<p class=\"a-size-small\"> F\u00f3rmula aislante el\u00e9ctricamente, segura para aplicar en componentes electr\u00f3nicos sensibles sin riesgo de cortocircuitos. <\/p>\n<p class=\"apm-text-center\">\n                                                      <img decoding=\"async\" alt=\"1\" src=\"https:\/\/images-na.ssl-images-amazon.com\/images\/G\/01\/x-locale\/common\/grey-pixel.gif\" class=\"a-lazy-loaded\" data-src=\"https:\/\/m.media-amazon.com\/images\/S\/aplus-media-library-service-media\/72a82e39-2447-498a-b1e5-f4d123ab1f9b.__CR0,0,220,220_PT0_SX220_V1___.jpg\"><img decoding=\"async\" alt=\"1\" src=\"https:\/\/m.media-amazon.com\/images\/S\/aplus-media-library-service-media\/72a82e39-2447-498a-b1e5-f4d123ab1f9b.__CR0,0,220,220_PT0_SX220_V1___.jpg\">  <\/p>\n<p>                                                    Amplio rango de temperatura (-50\u00b0C a 200\u00b0C)                                     <\/p>\n<p class=\"a-size-small\"> Mantiene una conductividad t\u00e9rmica estable en condiciones extremas, desde fr\u00edo intenso hasta altas temperaturas. <\/p>\n<p class=\"apm-text-center\">\n                                                      <img decoding=\"async\" alt=\"1\" src=\"https:\/\/images-na.ssl-images-amazon.com\/images\/G\/01\/x-locale\/common\/grey-pixel.gif\" class=\"a-lazy-loaded\" data-src=\"https:\/\/m.media-amazon.com\/images\/S\/aplus-media-library-service-media\/db58aaff-e077-4810-9374-463a1d3bf046.__CR0,0,220,220_PT0_SX220_V1___.jpg\"><img decoding=\"async\" alt=\"1\" src=\"https:\/\/m.media-amazon.com\/images\/S\/aplus-media-library-service-media\/db58aaff-e077-4810-9374-463a1d3bf046.__CR0,0,220,220_PT0_SX220_V1___.jpg\">  <\/p>\n<p>                                                    Rendimiento constante bajo carga                                     <\/p>\n<p class=\"a-size-small\"> Optimizado para usos exigentes (ej. gaming), ofrece disipaci\u00f3n de calor fiable incluso en uso prolongado. <\/p>\n<p class=\"apm-text-center\">\n                                                      <img decoding=\"async\" alt=\"1\" src=\"https:\/\/images-na.ssl-images-amazon.com\/images\/G\/01\/x-locale\/common\/grey-pixel.gif\" class=\"a-lazy-loaded\" data-src=\"https:\/\/m.media-amazon.com\/images\/S\/aplus-media-library-service-media\/1924c387-850a-45ed-94b8-a85f1d9392d7.__CR0,0,220,220_PT0_SX220_V1___.jpg\"><img decoding=\"async\" alt=\"1\" src=\"https:\/\/m.media-amazon.com\/images\/S\/aplus-media-library-service-media\/1924c387-850a-45ed-94b8-a85f1d9392d7.__CR0,0,220,220_PT0_SX220_V1___.jpg\">  <\/p>\n<p>                                                    Compatibilidad amplia                                     <\/p>\n<p class=\"a-size-small\"> Funciona con CPUs, GPUs, consolas (ej. PS4\/PS5), port\u00e1tiles y otros componentes que generan calor. <\/p>\n<p class=\"apm-text-center\">\n                                                      <img decoding=\"async\" alt=\"1\" src=\"https:\/\/images-na.ssl-images-amazon.com\/images\/G\/01\/x-locale\/common\/grey-pixel.gif\" class=\"a-lazy-loaded\" data-src=\"https:\/\/m.media-amazon.com\/images\/S\/aplus-media-library-service-media\/bc0c188a-8463-4e0f-80df-90c0768f3f48.__CR0,0,220,220_PT0_SX220_V1___.jpg\"><img decoding=\"async\" alt=\"1\" src=\"https:\/\/m.media-amazon.com\/images\/S\/aplus-media-library-service-media\/bc0c188a-8463-4e0f-80df-90c0768f3f48.__CR0,0,220,220_PT0_SX220_V1___.jpg\">  <\/p>\n<p>                                                    Limpiar la superficie de la CPU                                       <\/p>\n<p class=\"apm-text-center\">\n                                                      <img decoding=\"async\" alt=\"1\" src=\"https:\/\/images-na.ssl-images-amazon.com\/images\/G\/01\/x-locale\/common\/grey-pixel.gif\" class=\"a-lazy-loaded\" data-src=\"https:\/\/m.media-amazon.com\/images\/S\/aplus-media-library-service-media\/ff71582f-48e9-4ae6-8dc4-38cce43cc5f3.__CR0,0,220,220_PT0_SX220_V1___.jpg\"><img decoding=\"async\" alt=\"1\" src=\"https:\/\/m.media-amazon.com\/images\/S\/aplus-media-library-service-media\/ff71582f-48e9-4ae6-8dc4-38cce43cc5f3.__CR0,0,220,220_PT0_SX220_V1___.jpg\">  <\/p>\n<p>                                                    Aplicar la cantidad adecuada                                    <\/p>\n<p class=\"apm-text-center\">\n                                                      <img decoding=\"async\" alt=\"1\" src=\"https:\/\/images-na.ssl-images-amazon.com\/images\/G\/01\/x-locale\/common\/grey-pixel.gif\" class=\"a-lazy-loaded\" data-src=\"https:\/\/m.media-amazon.com\/images\/S\/aplus-media-library-service-media\/212bac9b-b072-44d1-8c44-7199a1392143.__CR0,0,220,220_PT0_SX220_V1___.jpg\"><img decoding=\"async\" alt=\"1\" src=\"https:\/\/m.media-amazon.com\/images\/S\/aplus-media-library-service-media\/212bac9b-b072-44d1-8c44-7199a1392143.__CR0,0,220,220_PT0_SX220_V1___.jpg\">  <\/p>\n<p>                                                    Extender uniformemente                                    <\/p>\n<p class=\"apm-text-center\">\n                                                      <img decoding=\"async\" alt=\"1\" src=\"https:\/\/images-na.ssl-images-amazon.com\/images\/G\/01\/x-locale\/common\/grey-pixel.gif\" class=\"a-lazy-loaded\" data-src=\"https:\/\/m.media-amazon.com\/images\/S\/aplus-media-library-service-media\/1e4d072a-ab47-4fe2-80b0-8e5496f56753.__CR0,0,220,220_PT0_SX220_V1___.jpg\"><img decoding=\"async\" alt=\"1\" src=\"https:\/\/m.media-amazon.com\/images\/S\/aplus-media-library-service-media\/1e4d072a-ab47-4fe2-80b0-8e5496f56753.__CR0,0,220,220_PT0_SX220_V1___.jpg\">  <\/p>\n<p>                                                    Colocar el sistema de refrigeraci\u00f3n                                    <\/p>\n<p>                                                                             <img decoding=\"async\" alt=\"aplus content image\" src=\"https:\/\/images-na.ssl-images-amazon.com\/images\/G\/01\/x-locale\/common\/grey-pixel.gif\" class=\"a-spacing-base a-lazy-loaded\" data-src=\"https:\/\/m.media-amazon.com\/images\/S\/aplus-media-library-service-media\/120ce060-5347-4955-9e86-3bf6be247c5c.__CR0,0,970,600_PT0_SX970_V1___.jpg\"><img decoding=\"async\" alt=\"aplus content image\" src=\"https:\/\/m.media-amazon.com\/images\/S\/aplus-media-library-service-media\/120ce060-5347-4955-9e86-3bf6be247c5c.__CR0,0,970,600_PT0_SX970_V1___.jpg\">                                                                    <\/p>\n<p> Package Dimensions                                            \u200f                                            :                                            \u200e                                            20.7 x 9.8 x 1.5 cm; 20 g   <br \/> Manufacturer                                            \u200f                                            :                                            \u200e                                            Nuomi   <br \/> ASIN                                            \u200f                                            :                                            \u200e                                            B0DPZ2S8GK   <br \/> Guaranteed software updates until                                            \u200f                                            :                                            \u200e                                            unknown   <br \/>  Customer reviews:                                                                                            4.6               4.6 out of 5 stars                                  (82)                                              var dpAcrHasRegisteredArcLinkClickAction;                    P.when(&#8216;A&#8217;, &#8216;ready&#8217;).execute(function(A) {                        if (dpAcrHasRegisteredArcLinkClickAction !== true) {                            dpAcrHasRegisteredArcLinkClickAction = true;                            A.declarative(                                &#8216;acrLink-click-metrics&#8217;, &#8216;click&#8217;,                                { \u00aballowLinkDefault\u00bb: true },                                function (event) {                                    if (window.ue) {                                        ue.count(\u00abacrLinkClickCount\u00bb, (ue.count(\u00abacrLinkClickCount\u00bb) || 0) + 1);                                    }                                }                            );                        }                    });                                             P.when(&#8216;A&#8217;, &#8216;cf&#8217;).execute(function(A) {                A.declarative(&#8216;acrStarsLink-click-metrics&#8217;, &#8216;click&#8217;, { \u00aballowLinkDefault\u00bb : true },  function(event){                    if(window.ue) {                        ue.count(\u00abacrStarsLinkWithPopoverClickCount\u00bb, (ue.count(\u00abacrStarsLinkWithPopoverClickCount\u00bb) || 0) + 1);                    }                });            });                          <\/p>\n<p>SAFE APPLICATION: JLJ thermal paste is metal-free and non-electrically conductive, which eliminates any risk of short circuit and adds more protection for the CPU, GPU or graphics cards etc.<br \/>EXCELLENT PERFORMANCE: High thermal conductivity, is composed of carbon particles and has extremely high thermal conductivity. Ensures that the heat generated by the CPU or GPU is effectively dissipated.<br \/>HIGH DURABILITY: Unlike metal and silicone thermal conductive adhesives, JLJ thermal paste will not be compromised over time. After applying, it is not necessary to reapply it because it will last at least 5 years.<br \/>COMES WITH A TOOL KIT: JLJ thermal paste has the perfect consistency, also comes with a tool kit to apply it smoothly and evenly, very easy to use even for beginners.<br \/>WIDE APPLICATION: Suitable for all electronic components that need heat dissipation, such as CPUs, GPUs and PS4 consoles. It seamlessly combines outstanding performance with an affordable price, allowing you to effortlessly obtain a high-efficiency heat dissipation solution.<\/p>\n\n","protected":false},"excerpt":{"rendered":"<p> Product Description No conductor y seguro F\u00f3rmula aislante el\u00e9ctricamente, segura para aplicar en componentes electr\u00f3nicos<\/p>","protected":false},"featured_media":33917,"comment_status":"open","ping_status":"closed","template":"","meta":[],"product_brand":[],"product_cat":[67],"product_tag":[3587,2039,2059,2060,598,2045,2034,2884,2043,1301,197,2038,5744,5743,180,2296,2056,430,2053,2035,2036,2033,2041,2048],"class_list":{"0":"post-33916","1":"product","2":"type-product","3":"status-publish","4":"has-post-thumbnail","6":"product_cat-thermal-paste","7":"product_tag-application","8":"product_tag-best-thermal-paste","9":"product_tag-compound","10":"product_tag-conductivity","11":"product_tag-cpu","12":"product_tag-cpu-cooling-paste","13":"product_tag-cpu-thermal-paste","14":"product_tag-durability","15":"product_tag-heat-sink-paste","16":"product_tag-heatsink","17":"product_tag-high","18":"product_tag-high-performance-thermal-paste","19":"product_tag-icprocessorcpuxbox","20":"product_tag-jlj","21":"product_tag-long","22":"product_tag-nonconductive","23":"product_tag-paste","24":"product_tag-safe","25":"product_tag-thermal","26":"product_tag-thermal-compound","27":"product_tag-thermal-grease","28":"product_tag-thermal-paste","29":"product_tag-thermal-paste-for-gaming-pc","30":"product_tag-thermal-paste-price","32":"first","33":"instock","34":"shipping-taxable","35":"product-type-external"},"_links":{"self":[{"href":"https:\/\/comprasyconsejos.store\/en\/wp-json\/wp\/v2\/product\/33916","targetHints":{"allow":["GET"]}}],"collection":[{"href":"https:\/\/comprasyconsejos.store\/en\/wp-json\/wp\/v2\/product"}],"about":[{"href":"https:\/\/comprasyconsejos.store\/en\/wp-json\/wp\/v2\/types\/product"}],"replies":[{"embeddable":true,"href":"https:\/\/comprasyconsejos.store\/en\/wp-json\/wp\/v2\/comments?post=33916"}],"version-history":[{"count":0,"href":"https:\/\/comprasyconsejos.store\/en\/wp-json\/wp\/v2\/product\/33916\/revisions"}],"wp:featuredmedia":[{"embeddable":true,"href":"https:\/\/comprasyconsejos.store\/en\/wp-json\/wp\/v2\/media\/33917"}],"wp:attachment":[{"href":"https:\/\/comprasyconsejos.store\/en\/wp-json\/wp\/v2\/media?parent=33916"}],"wp:term":[{"taxonomy":"product_brand","embeddable":true,"href":"https:\/\/comprasyconsejos.store\/en\/wp-json\/wp\/v2\/product_brand?post=33916"},{"taxonomy":"product_cat","embeddable":true,"href":"https:\/\/comprasyconsejos.store\/en\/wp-json\/wp\/v2\/product_cat?post=33916"},{"taxonomy":"product_tag","embeddable":true,"href":"https:\/\/comprasyconsejos.store\/en\/wp-json\/wp\/v2\/product_tag?post=33916"}],"curies":[{"name":"wp","href":"https:\/\/api.w.org\/{rel}","templated":true}]}}