{"id":33944,"date":"2026-02-24T20:49:53","date_gmt":"2026-02-24T20:49:53","guid":{"rendered":"https:\/\/comprasyconsejos.store\/product\/epson-workforce-ds-1630-600-x-600-dpi-scanner-210-x-297-mm-600-x-600-dpi-1200-x-1200-dpi-25-ppm-25-ppm-flatbed-scanner\/"},"modified":"2026-02-24T20:49:56","modified_gmt":"2026-02-24T20:49:56","slug":"epson-workforce-ds-1630-600-x-600-dpi-scanner-210-x-297-mm-600-x-600-dpi-1200-x-1200-dpi-25-ppm-25-ppm-flatbed-scanner","status":"publish","type":"product","link":"https:\/\/comprasyconsejos.store\/en\/product\/epson-workforce-ds-1630-600-x-600-dpi-scanner-210-x-297-mm-600-x-600-dpi-1200-x-1200-dpi-25-ppm-25-ppm-flatbed-scanner\/","title":{"rendered":"Epson WorkForce DS-1630 600 x 600 DPI Scanner 210 x 297 mm 600 x 600 DPI, 1200 x 1200 DPI, 25 ppm, 25 ppm, Flatbed Scanner"},"content":{"rendered":"<p>Price: <span style=\"color:#b12704\">\u20ac360.41<\/span><br \/><i><small>(as of Feb 24, 2026 20:49:53 UTC &#8211; <span class=\"wp_automatic_amazon_disclaimer\" title=\"Product prices and availability are accurate as of the date\/time indicated and are subject to change. Any price and availability information displayed on [relevant Amazon Site(s), as applicable] at the time of purchase will apply to the purchase of this product.\">Details<\/span>)<\/small><\/i><\/p>\n<p><a href=\"https:\/\/amazon.es\/dp\/B01MG57EX3?tag=man008-21\"><img decoding=\"async\" src=\"https:\/\/valvepress.s3.amazonaws.com\/imgs\/buy_now.png\"><\/a><br \/>\n<\/p>\n<p>                                             From the manufacturer   <\/p>\n<p>                                                  <img decoding=\"async\" alt=\"epson flat bed a4 scanner range\" src=\"https:\/\/images-na.ssl-images-amazon.com\/images\/G\/01\/x-locale\/common\/grey-pixel.gif\" class=\"a-lazy-loaded\" data-src=\"https:\/\/m.media-amazon.com\/images\/S\/aplus-media-library-service-media\/da2117bb-1d39-4028-9177-80462deb13e1.__CR0,0,4042,1250_PT0_SX970_V1___.jpg\"><img decoding=\"async\" alt=\"epson flat bed a4 scanner range\" src=\"https:\/\/m.media-amazon.com\/images\/S\/aplus-media-library-service-media\/da2117bb-1d39-4028-9177-80462deb13e1.__CR0,0,4042,1250_PT0_SX970_V1___.jpg\">  <\/p>\n<p>                                                      <img decoding=\"async\" alt=\"Epson WorkForce DS-1630\" src=\"https:\/\/images-na.ssl-images-amazon.com\/images\/G\/01\/x-locale\/common\/grey-pixel.gif\" class=\"a-spacing-mini a-lazy-loaded\" data-src=\"https:\/\/m.media-amazon.com\/images\/S\/aplus-media-library-service-media\/7cc0c0f9-7a32-406e-8dd4-7b76fde93ff2.__CR0,0,300,400_PT0_SX300_V1___.jpg\"><img decoding=\"async\" alt=\"Epson WorkForce DS-1630\" src=\"https:\/\/m.media-amazon.com\/images\/S\/aplus-media-library-service-media\/7cc0c0f9-7a32-406e-8dd4-7b76fde93ff2.__CR0,0,300,400_PT0_SX300_V1___.jpg\">  <\/p>\n<p>                                                              <img decoding=\"async\" alt=\"Logotipo de Epson\" src=\"https:\/\/images-na.ssl-images-amazon.com\/images\/G\/01\/x-locale\/common\/grey-pixel.gif\" class=\"a-spacing-mini a-lazy-loaded\" data-src=\"https:\/\/m.media-amazon.com\/images\/S\/aplus-media-library-service-media\/315630b9-bb8e-49a6-af40-729584f468f3.__CR0,0,350,175_PT0_SX350_V1___.jpg\"><img decoding=\"async\" alt=\"Logotipo de Epson\" src=\"https:\/\/m.media-amazon.com\/images\/S\/aplus-media-library-service-media\/315630b9-bb8e-49a6-af40-729584f468f3.__CR0,0,350,175_PT0_SX350_V1___.jpg\">                                          \u00bfQu\u00e9 hay en la caja?                                                                   Unidad principal       Cable de alimentaci\u00f3n       Gu\u00eda de configuraci\u00f3n       Software (CD)       Cable USB       <\/p>\n<h3 class=\"a-spacing-mini\"> DS-1630 <\/h3>\n<p>                                          Esc\u00e1ner peque\u00f1o y vers\u00e1til con plataforma plana de vidrio y alimentador autom\u00e1tico de documentos (ADF) para un mejor manejo de los medios.                                     <\/p>\n<p class=\"a-spacing-base\"> La combinaci\u00f3n de un esc\u00e1ner plano con la comodidad de un alimentador autom\u00e1tico de documentos de 50 hojas (ADF) permite escanear una amplia gama de documentos desafiantes, incluyendo libros, documentos encuadernados, pasaportes y art\u00edculos delicados mientras escaneas r\u00e1pida y simplemente pilas de documentos de oficina. <\/p>\n<p>                                                          Peque\u00f1o y compacto hace que sea f\u00e1cil colocar tu esc\u00e1ner en una variedad de lugares convenientes       Escanea una amplia gama de documentos; incluyendo libros, documentos encuadernados, pasaportes y art\u00edculos delicados       Ajustes inteligentes de color e imagen: recorte autom\u00e1tico, correcci\u00f3n de sesgo, p\u00e1gina en blanco y eliminaci\u00f3n de fondo       Uno de los m\u00e1s r\u00e1pidos de su clase con velocidad de escaneo de 25 ppm       La tecnolog\u00eda \u00f3ptica de reconocimiento de caracteres (OCR) convierte los documentos escaneados en archivos editables       El alimentador autom\u00e1tico de documentos de 50 hojas (ADF) hace que sea f\u00e1cil escanear varias p\u00e1ginas       Conectividad flexible: USB 3.0 de alta velocidad con controladores TWAIN e ISIS para una mayor compatibilidad con sistemas de gesti\u00f3n de documentos.      <\/p>\n<p class=\"apm-text-center\">\n                                                      <img decoding=\"async\" alt=\"funciones inteligentes del esc\u00e1ner de fuerza laboral\" src=\"https:\/\/images-na.ssl-images-amazon.com\/images\/G\/01\/x-locale\/common\/grey-pixel.gif\" class=\"a-spacing-mini a-lazy-loaded\" data-src=\"https:\/\/m.media-amazon.com\/images\/S\/aplus-media-library-service-media\/e669c0a4-e7ee-4956-98ab-520842a1818e.__CR0,0,300,300_PT0_SX300_V1___.jpg\"><img decoding=\"async\" alt=\"funciones inteligentes del esc\u00e1ner de fuerza laboral\" src=\"https:\/\/m.media-amazon.com\/images\/S\/aplus-media-library-service-media\/e669c0a4-e7ee-4956-98ab-520842a1818e.__CR0,0,300,300_PT0_SX300_V1___.jpg\">  <\/p>\n<p>                                                    Funciones inteligentes                                       <\/p>\n<p> Ajustes inteligentes de color e imagen, incluyendo recorte autom\u00e1tico, correcci\u00f3n de sesgo, p\u00e1gina en blanco y eliminaci\u00f3n de fondo, con tecnolog\u00eda de procesamiento de im\u00e1genes de Epson. La tecnolog\u00eda \u00f3ptica de reconocimiento de caracteres (OCR) convierte los documentos escaneados en archivos editables. <\/p>\n<p class=\"apm-text-center\">\n                                                      <img decoding=\"async\" alt=\"Aumenta la eficiencia\" src=\"https:\/\/images-na.ssl-images-amazon.com\/images\/G\/01\/x-locale\/common\/grey-pixel.gif\" class=\"a-spacing-mini a-lazy-loaded\" data-src=\"https:\/\/m.media-amazon.com\/images\/S\/aplus-media-library-service-media\/760739ab-5059-40ff-b50c-9e19943cd61c.__CR0,0,300,300_PT0_SX300_V1___.jpg\"><img decoding=\"async\" alt=\"Aumenta la eficiencia\" src=\"https:\/\/m.media-amazon.com\/images\/S\/aplus-media-library-service-media\/760739ab-5059-40ff-b50c-9e19943cd61c.__CR0,0,300,300_PT0_SX300_V1___.jpg\">  <\/p>\n<p>                                                    Aumenta la eficiencia                                       <\/p>\n<p> Uno de los esc\u00e1neres m\u00e1s r\u00e1pidos de su clase con una velocidad de escaneo de 25 ppm. La conectividad USB 3.0 significa que no hay ralentizaci\u00f3n, incluso cuando escaneas a 300 dpi. Escanea ambos lados de una p\u00e1gina con capacidad de escaneo de doble cara para una mayor comodidad. El software Epson incluido permite una salida de imagen dual; escanea una vez y env\u00eda a dos destinos diferentes. El DS-1630 tambi\u00e9n fomenta el escaneo f\u00e1cil de un solo toque a carpetas, correo electr\u00f3nico, cuentas de almacenamiento en l\u00ednea1 y m\u00e1s con el software incluido. <\/p>\n<p class=\"apm-text-center\">\n                                                      <img decoding=\"async\" alt=\"Esc\u00e1ner vers\u00e1til DS-1630\" src=\"https:\/\/images-na.ssl-images-amazon.com\/images\/G\/01\/x-locale\/common\/grey-pixel.gif\" class=\"a-spacing-mini a-lazy-loaded\" data-src=\"https:\/\/m.media-amazon.com\/images\/S\/aplus-media-library-service-media\/a8b5b3c2-4e1f-4619-a200-05f3caa4b30d.__CR0,0,300,300_PT0_SX300_V1___.jpg\"><img decoding=\"async\" alt=\"Esc\u00e1ner vers\u00e1til DS-1630\" src=\"https:\/\/m.media-amazon.com\/images\/S\/aplus-media-library-service-media\/a8b5b3c2-4e1f-4619-a200-05f3caa4b30d.__CR0,0,300,300_PT0_SX300_V1___.jpg\">  <\/p>\n<p>                                                    Vers\u00e1til                                       <\/p>\n<p> Escanea una amplia gama de documentos, incluyendo libros, documentos encuadernados, pasaportes, art\u00edculos delicados e incluso documentos de m\u00e1s de tres metros de largo en una sola acci\u00f3n. La capacidad de convertir documentos en papel a formatos Microsoft Office y PDF ahorra tiempo y minimiza el riesgo de ingresar errores. <\/p>\n<p>                         Add To Basket  <\/p>\n<p>                             Customer Reviews  <\/p>\n<p>                    4.6 out of 5 stars  72  <\/p>\n<p>                    4.6 out of 5 stars  72  <\/p>\n<p>                    4.0 out of 5 stars  1  <\/p>\n<p>                \u2014               <\/p>\n<p>                             Price  <\/p>\n<p>                                    \u20ac360.41\u20ac360.41<br \/>\n                                            \u2014 no data<\/p>\n<p>                                            \u2014 no data<\/p>\n<p>                                            \u2014 no data<\/p>\n<p>                             Velocidad (300 ppp)<br \/>\n                                25 ppm\/10 ipm               25 ppm\/10 ipm               25 ppm\/50 ipm               40 ppm\/80 ipm              <\/p>\n<p>                             Capacidad ADF (hojas)<br \/>\n                                50 cm               50 cm               100 cm               100 cm              <\/p>\n<p>                             Conectividad<br \/>\n                                USB 3.0                Wi-Fi, Wi-Fi Direct, USB 3.0                USB 2.0. Panel de red opcional (ethernet)               USB 2.0. Panel de red opcional (ethernet)              <\/p>\n<p>                             Escaneo d\u00faplex<br \/>\n                                S\u00ed &#8211; (3 pases)               S\u00ed &#8211; (3 pases)               S\u00ed &#8211; (1 pasada)               S\u00ed &#8211; (1 pasada)              <\/p>\n<p>                             Pantalla LCD<br \/>\n                                No               No               No. El panel de red opcional tiene una pantalla LCD de 6 cm               No. El panel de red opcional tiene una pantalla LCD de 6 cm              <\/p>\n<p>                             Resoluci\u00f3n \u00f3ptica (plano)<br \/>\n                                1200 ppp               1200 ppp               1200 ppp               1200 ppp              <\/p>\n<p>                             Detecci\u00f3n de doble alimentaci\u00f3n<br \/>\n                                No               No               Sensor ultras\u00f3nico               Sensor ultras\u00f3nico              <\/p>\n<p>                             Compatibilidad:<br \/>\n                                Windows \/ Mac               Windows \/ Mac               Windows \/ Mac               Windows \/ Mac              <\/p>\n<p>                             Ciclo de trabajo diario (hojas)<br \/>\n                                1.500               1.500               3.000               4.000              <\/p>\n<p>                             Dimensiones mm (ancho x profundidad x alto)<br \/>\n                                451x318x121               451x318x121               495x360x217               495x360x217              <\/p>\n<p> Is discontinued by manufacturer                                            \u200f                                            :                                            \u200e                                            No   <br \/> Product Dimensions                                            \u200f                                            :                                            \u200e                                            31.5 x 45 x 12 cm; 3.7 kg   <br \/> Manufacturer                                            \u200f                                            :                                            \u200e                                            Epson   <br \/> ASIN                                            \u200f                                            :                                            \u200e                                            B01MG57EX3   <br \/> Item model number                                            \u200f                                            :                                            \u200e                                            B11B239401BY   <br \/> Guaranteed software updates until                                            \u200f                                            :                                            \u200e                                            unknown   <br \/>  Customer reviews:                                                                                            4.6               4.6 out of 5 stars                                  (72)                                              var dpAcrHasRegisteredArcLinkClickAction;                    P.when(&#8216;A&#8217;, &#8216;ready&#8217;).execute(function(A) {                        if (dpAcrHasRegisteredArcLinkClickAction !== true) {                            dpAcrHasRegisteredArcLinkClickAction = true;                            A.declarative(                                &#8216;acrLink-click-metrics&#8217;, &#8216;click&#8217;,                                { \u00aballowLinkDefault\u00bb: true },                                function (event) {                                    if (window.ue) {                                        ue.count(\u00abacrLinkClickCount\u00bb, (ue.count(\u00abacrLinkClickCount\u00bb) || 0) + 1);                                    }                                }                            );                        }                    });                                             P.when(&#8216;A&#8217;, &#8216;cf&#8217;).execute(function(A) {                A.declarative(&#8216;acrStarsLink-click-metrics&#8217;, &#8216;click&#8217;, { \u00aballowLinkDefault\u00bb : true },  function(event){                    if(window.ue) {                        ue.count(\u00abacrStarsLinkWithPopoverClickCount\u00bb, (ue.count(\u00abacrStarsLinkWithPopoverClickCount\u00bb) || 0) + 1);                    }                });            });                          <\/p>\n<p>Versatile: combines a flat surface scanner with the 50 page automatic document feeder with the ability to explore a number of complex documents such as books and passports<br \/>Small size: DS 1630&#8217;s small footprint makes it perfect for any workspace, whether in a customer-facing environment office space<br \/>Smart: With a range of color and image settings, the Epson DS 1630 has the ability to automatically crop, correct any bias, and eliminate blank pages or backgrounds<br \/>Fast: 25 pages per minute scan speed<br \/>USB 3.0: Fast connectivity ensures you never get slower even when scanning at 300 dpi high resolution<\/p>\n\n","protected":false},"excerpt":{"rendered":"<p> From the manufacturer \u00bfQu\u00e9 hay en la caja? Unidad principal Cable de alimentaci\u00f3n Gu\u00eda de<\/p>","protected":false},"featured_media":33945,"comment_status":"open","ping_status":"closed","template":"","meta":[],"product_brand":[],"product_cat":[60],"product_tag":[1990,1982,775,9691,1992,1989,2195,1983,1986,1987,1984,1985,3332,840,1991,1988,1993],"class_list":{"0":"post-33944","1":"product","2":"type-product","3":"status-publish","4":"has-post-thumbnail","6":"product_cat-scanners","7":"product_tag-best-scanner","8":"product_tag-document-scanner","9":"product_tag-dpi","10":"product_tag-ds1630","11":"product_tag-epson","12":"product_tag-fast-document-scanner","13":"product_tag-flatbed","14":"product_tag-flatbed-scanner","15":"product_tag-high-resolution-scanner","16":"product_tag-office-scanner","17":"product_tag-photo-scanner","18":"product_tag-portable-scanner","19":"product_tag-ppm","20":"product_tag-scanner","21":"product_tag-scanner-price","22":"product_tag-usb-scanner","23":"product_tag-workforce","25":"first","26":"instock","27":"shipping-taxable","28":"product-type-external"},"_links":{"self":[{"href":"https:\/\/comprasyconsejos.store\/en\/wp-json\/wp\/v2\/product\/33944","targetHints":{"allow":["GET"]}}],"collection":[{"href":"https:\/\/comprasyconsejos.store\/en\/wp-json\/wp\/v2\/product"}],"about":[{"href":"https:\/\/comprasyconsejos.store\/en\/wp-json\/wp\/v2\/types\/product"}],"replies":[{"embeddable":true,"href":"https:\/\/comprasyconsejos.store\/en\/wp-json\/wp\/v2\/comments?post=33944"}],"version-history":[{"count":0,"href":"https:\/\/comprasyconsejos.store\/en\/wp-json\/wp\/v2\/product\/33944\/revisions"}],"wp:featuredmedia":[{"embeddable":true,"href":"https:\/\/comprasyconsejos.store\/en\/wp-json\/wp\/v2\/media\/33945"}],"wp:attachment":[{"href":"https:\/\/comprasyconsejos.store\/en\/wp-json\/wp\/v2\/media?parent=33944"}],"wp:term":[{"taxonomy":"product_brand","embeddable":true,"href":"https:\/\/comprasyconsejos.store\/en\/wp-json\/wp\/v2\/product_brand?post=33944"},{"taxonomy":"product_cat","embeddable":true,"href":"https:\/\/comprasyconsejos.store\/en\/wp-json\/wp\/v2\/product_cat?post=33944"},{"taxonomy":"product_tag","embeddable":true,"href":"https:\/\/comprasyconsejos.store\/en\/wp-json\/wp\/v2\/product_tag?post=33944"}],"curies":[{"name":"wp","href":"https:\/\/api.w.org\/{rel}","templated":true}]}}