{"id":33950,"date":"2026-02-24T21:11:41","date_gmt":"2026-02-24T21:11:41","guid":{"rendered":"https:\/\/comprasyconsejos.store\/product\/oki-b432dn-laser-led-a4-monochrome-duplex-printer-40-pages-per-minute\/"},"modified":"2026-02-24T21:11:42","modified_gmt":"2026-02-24T21:11:42","slug":"oki-b432dn-laser-led-a4-monochrome-duplex-printer-40-pages-per-minute","status":"publish","type":"product","link":"https:\/\/comprasyconsejos.store\/en\/product\/oki-b432dn-laser-led-a4-monochrome-duplex-printer-40-pages-per-minute\/","title":{"rendered":"OKI B432dn Laser LED A4 Monochrome Duplex Printer 40 Pages Per Minute"},"content":{"rendered":"<p>Price: <span style=\"color:#b12704\">\u20ac139.00<\/span><br \/><i><small>(as of Feb 24, 2026 21:11:41 UTC &#8211; <span class=\"wp_automatic_amazon_disclaimer\" title=\"Product prices and availability are accurate as of the date\/time indicated and are subject to change. Any price and availability information displayed on [relevant Amazon Site(s), as applicable] at the time of purchase will apply to the purchase of this product.\">Details<\/span>)<\/small><\/i><\/p>\n<p><a href=\"https:\/\/amazon.es\/dp\/B00RQ4EUL8?tag=man008-21\"><img decoding=\"async\" src=\"https:\/\/valvepress.s3.amazonaws.com\/imgs\/buy_now.png\"><\/a><br \/>\n<\/p>\n<p>                                             From the manufacturer   <\/p>\n<p>                                                  <img decoding=\"async\" alt=\"impresora, mono, a4, serie b\" src=\"https:\/\/images-na.ssl-images-amazon.com\/images\/G\/01\/x-locale\/common\/grey-pixel.gif\" class=\"a-lazy-loaded\" data-src=\"https:\/\/m.media-amazon.com\/images\/S\/aplus-media-library-service-media\/d96ffa24-2b05-4cbd-9943-261c7cdb6f16._CR0,220,970,300_PT0_SX970__.jpg\"><img decoding=\"async\" alt=\"impresora, mono, a4, serie b\" src=\"https:\/\/m.media-amazon.com\/images\/S\/aplus-media-library-service-media\/d96ffa24-2b05-4cbd-9943-261c7cdb6f16._CR0,220,970,300_PT0_SX970__.jpg\">  <\/p>\n<h3> Las impresoras monocromas para los usuarios m\u00e1s exigentes <\/h3>\n<p> Las impresoras monocrom\u00e1ticas OKI de las series B4 y B5 ofrecen una impresi\u00f3n r\u00e1pida y de alta calidad en blanco y negro, ideal para los usuarios que buscan ahorro. <\/p>\n<p>                                                  <img decoding=\"async\" alt=\"b412, impresora, mono, a4,\" src=\"https:\/\/images-na.ssl-images-amazon.com\/images\/G\/01\/x-locale\/common\/grey-pixel.gif\" class=\"a-lazy-loaded\" data-src=\"https:\/\/m.media-amazon.com\/images\/S\/aplus-media-library-service-media\/9648d861-c953-438e-95fb-290f31725a12._CR0,4,300,300_PT0_SX300__.jpg\"><img decoding=\"async\" alt=\"b412, impresora, mono, a4,\" src=\"https:\/\/m.media-amazon.com\/images\/S\/aplus-media-library-service-media\/9648d861-c953-438e-95fb-290f31725a12._CR0,4,300,300_PT0_SX300__.jpg\">  <\/p>\n<h3 class=\"a-spacing-mini\"> Impresora monocrom\u00e1tica A4 B412dn, 33 p\u00e1ginas por minuto <\/h3>\n<p> La compacta B412dn lleva la impresi\u00f3n en blanco y negro de alta calidad incluso al escritorio del usuario m\u00e1s exigente. Este dispositivo de alto rendimiento produce documentos muy r\u00e1pido e integra varias funciones para mejorar el tiempo y el dinero, incluidos los cartuchos de t\u00f3ner de larga duraci\u00f3n. <\/p>\n<p> Caracter\u00edsticas principales: <\/p>\n<p> Impresi\u00f3n vers\u00e1til y de alta calidad Fiable, ergon\u00f3mica y f\u00e1cil de usar Funciones excepcionales para reducir el impacto medioambientalRendimiento para mejorar la productividad <\/p>\n<p>                                                  <img decoding=\"async\" alt=\"Impreso, mono, A4, b432dn\" src=\"https:\/\/images-na.ssl-images-amazon.com\/images\/G\/01\/x-locale\/common\/grey-pixel.gif\" class=\"a-spacing-mini a-lazy-loaded\" data-src=\"https:\/\/m.media-amazon.com\/images\/S\/aplus-media-library-service-media\/d7214492-ec64-4b3e-9395-f14ca70ac25f._CR0,4,300,300_PT0_SX300__.jpg\"><img decoding=\"async\" alt=\"Impreso, mono, A4, b432dn\" src=\"https:\/\/m.media-amazon.com\/images\/S\/aplus-media-library-service-media\/d7214492-ec64-4b3e-9395-f14ca70ac25f._CR0,4,300,300_PT0_SX300__.jpg\">  <\/p>\n<h3 class=\"a-spacing-mini\"> Impresora monocrom\u00e1tica A4 B432dn, 40 p\u00e1ginas por minuto <\/h3>\n<p> B432dn ofrece una impresi\u00f3n monocrom\u00e1tica r\u00e1pida y de alta calidad, perfecta para el usuario m\u00e1s exigente. La gesti\u00f3n flexible de soportes de impresi\u00f3n, la tecnolog\u00eda LED digital ultra fiable y la emulaci\u00f3n del lenguaje PostScript proporcionan una calidad de impresi\u00f3n excelente para una amplia gama de aplicaciones. Las funciones avanzadas de ahorro de energ\u00eda y la impresi\u00f3n autom\u00e1tica a doble cara reducen el impacto medioambiental. Utilice cartuchos de t\u00f3ner de larga duraci\u00f3n que le ayudar\u00e1n a satisfacer sus necesidades de impresi\u00f3n actuales y futuras. <\/p>\n<p> Caracter\u00edsticas principales: <\/p>\n<p> Impresi\u00f3n vers\u00e1til y de alta calidad Fiable, ergon\u00f3mica y f\u00e1cil de usar Funciones excepcionales para reducir el impacto medioambientalRendimiento para mejorar la productividad <\/p>\n<p>                                                  <img decoding=\"async\" alt=\"Impresora, monocromo, B512dn, A4\" src=\"https:\/\/images-na.ssl-images-amazon.com\/images\/G\/01\/x-locale\/common\/grey-pixel.gif\" class=\"a-lazy-loaded\" data-src=\"https:\/\/m.media-amazon.com\/images\/S\/aplus-media-library-service-media\/692eb477-2228-4104-95b8-49b6881fcc05._CR0,4,300,300_PT0_SX300__.jpg\"><img decoding=\"async\" alt=\"Impresora, monocromo, B512dn, A4\" src=\"https:\/\/m.media-amazon.com\/images\/S\/aplus-media-library-service-media\/692eb477-2228-4104-95b8-49b6881fcc05._CR0,4,300,300_PT0_SX300__.jpg\">  <\/p>\n<h3 class=\"a-spacing-mini\"> Impresora monocrom\u00e1tica A4 B512dn, 45 p\u00e1ginas por minuto <\/h3>\n<p> Con velocidades de impresi\u00f3n impresionantes, una gran carga de trabajo mensual y una gran capacidad de papel est\u00e1ndar, el B512dn puede manejar f\u00e1cilmente incluso tiradas de impresi\u00f3n exigentes. Este dispositivo inteligente integra la impresi\u00f3n autom\u00e1tica a doble cara para limitar el uso del papel, y optimizar la velocidad y el consumo de energ\u00eda en funci\u00f3n del tipo de documento que se va a imprimir, incluso apag\u00e1ndose por la noche. Posibilidad de utilizar cartuchos de larga duraci\u00f3n. Con conectividad de red est\u00e1ndar de 1 GBit\/s, el B512dn es perfecto para su grupo de trabajo. <\/p>\n<p>                                                  <img decoding=\"async\" alt=\"Impresora mopnocrom\u00e1tica, mono, serie B4, A4\" src=\"https:\/\/images-na.ssl-images-amazon.com\/images\/G\/01\/x-locale\/common\/grey-pixel.gif\" class=\"a-lazy-loaded\" data-src=\"https:\/\/m.media-amazon.com\/images\/S\/aplus-media-library-service-media\/3fbfad59-92f7-492e-94ba-e166429782dd._CR0,190,970,300_PT0_SX970__.jpg\"><img decoding=\"async\" alt=\"Impresora mopnocrom\u00e1tica, mono, serie B4, A4\" src=\"https:\/\/m.media-amazon.com\/images\/S\/aplus-media-library-service-media\/3fbfad59-92f7-492e-94ba-e166429782dd._CR0,190,970,300_PT0_SX970__.jpg\">  <\/p>\n<p> Batteries                                            \u200f                                            :                                            \u200e                                            1 A batteries required.   <br \/> Is discontinued by manufacturer                                            \u200f                                            :                                            \u200e                                            No   <br \/> Language                                            \u200f                                            :                                            \u200e                                            English   <br \/> Product Dimensions                                            \u200f                                            :                                            \u200e                                            45 x 35 x 52 cm; 6 kg   <br \/> Manufacturer                                            \u200f                                            :                                            \u200e                                            OKI   <br \/> ASIN                                            \u200f                                            :                                            \u200e                                            B00RQ4EUL8   <br \/> Item model number                                            \u200f                                            :                                            \u200e                                            OKI 45762012   <br \/> Country of origin                                            \u200f                                            :                                            \u200e                                            Spain   <br \/> Guaranteed software updates until                                            \u200f                                            :                                            \u200e                                            unknown   <br \/>  Customer reviews:                                                                                            4.2               4.2 out of 5 stars                                  (206)                                              var dpAcrHasRegisteredArcLinkClickAction;                    P.when(&#8216;A&#8217;, &#8216;ready&#8217;).execute(function(A) {                        if (dpAcrHasRegisteredArcLinkClickAction !== true) {                            dpAcrHasRegisteredArcLinkClickAction = true;                            A.declarative(                                &#8216;acrLink-click-metrics&#8217;, &#8216;click&#8217;,                                { \u00aballowLinkDefault\u00bb: true },                                function (event) {                                    if (window.ue) {                                        ue.count(\u00abacrLinkClickCount\u00bb, (ue.count(\u00abacrLinkClickCount\u00bb) || 0) + 1);                                    }                                }                            );                        }                    });                                             P.when(&#8216;A&#8217;, &#8216;cf&#8217;).execute(function(A) {                A.declarative(&#8216;acrStarsLink-click-metrics&#8217;, &#8216;click&#8217;, { \u00aballowLinkDefault\u00bb : true },  function(event){                    if(window.ue) {                        ue.count(\u00abacrStarsLinkWithPopoverClickCount\u00bb, (ue.count(\u00abacrStarsLinkWithPopoverClickCount\u00bb) || 0) + 1);                    }                });            });                          <\/p>\n<p>A4 monochrome printer with high performance LED technology for professional results. Low power consumption and low noise level. First page printing time less than 5sec<br \/>Print speed up to 40 pages per minute, double-sided printing, resolution 1200&#215;1200 dpi, format from A6 to A4 and posters up to 1.3 m<br \/>Password-safe printing, high-speed processor and 512MB RAM Compatible with Google Cloud Print and AirPrint<br \/>Paper tray for 250 sheets + 100 sheets (multi-function tray). Option of a second tray of 530 sheets. Print cards up to 163g\/m2<br \/>Simple and ergonomic design, dimensions (H x W x D): 245 x 387 x 364 mm, weight 12 kg, incl. 2K toner, available toners: 45807102, 45807106, 45807111, in accordance with Energy Star<\/p>\n\n","protected":false},"excerpt":{"rendered":"<p> From the manufacturer Las impresoras monocromas para los usuarios m\u00e1s exigentes Las impresoras monocrom\u00e1ticas OKI<\/p>","protected":false},"featured_media":33951,"comment_status":"open","ping_status":"closed","template":"","meta":[],"product_brand":[],"product_cat":[58],"product_tag":[9693,1973,1967,1975,1968,1979,1972,1971,1978,1964,1974,428,9694,1977,1970,9692,3739,1962,1969],"class_list":{"0":"post-33950","1":"product","2":"type-product","3":"status-publish","4":"has-post-thumbnail","6":"product_cat-laser-printers","7":"product_tag-b432dn","8":"product_tag-best-laser-printer","9":"product_tag-black-and-white-laser-printer","10":"product_tag-business-laser-printer","11":"product_tag-color-laser-printer","12":"product_tag-duplex","13":"product_tag-duplex-laser-printer","14":"product_tag-fast-laser-printer","15":"product_tag-laser","16":"product_tag-laser-printer","17":"product_tag-laser-printer-price","18":"product_tag-led","19":"product_tag-minute","20":"product_tag-monochrome","21":"product_tag-office-laser-printer","22":"product_tag-oki","23":"product_tag-pages","24":"product_tag-printer","25":"product_tag-wireless-laser-printer","27":"first","28":"instock","29":"shipping-taxable","30":"product-type-external"},"_links":{"self":[{"href":"https:\/\/comprasyconsejos.store\/en\/wp-json\/wp\/v2\/product\/33950","targetHints":{"allow":["GET"]}}],"collection":[{"href":"https:\/\/comprasyconsejos.store\/en\/wp-json\/wp\/v2\/product"}],"about":[{"href":"https:\/\/comprasyconsejos.store\/en\/wp-json\/wp\/v2\/types\/product"}],"replies":[{"embeddable":true,"href":"https:\/\/comprasyconsejos.store\/en\/wp-json\/wp\/v2\/comments?post=33950"}],"version-history":[{"count":0,"href":"https:\/\/comprasyconsejos.store\/en\/wp-json\/wp\/v2\/product\/33950\/revisions"}],"wp:featuredmedia":[{"embeddable":true,"href":"https:\/\/comprasyconsejos.store\/en\/wp-json\/wp\/v2\/media\/33951"}],"wp:attachment":[{"href":"https:\/\/comprasyconsejos.store\/en\/wp-json\/wp\/v2\/media?parent=33950"}],"wp:term":[{"taxonomy":"product_brand","embeddable":true,"href":"https:\/\/comprasyconsejos.store\/en\/wp-json\/wp\/v2\/product_brand?post=33950"},{"taxonomy":"product_cat","embeddable":true,"href":"https:\/\/comprasyconsejos.store\/en\/wp-json\/wp\/v2\/product_cat?post=33950"},{"taxonomy":"product_tag","embeddable":true,"href":"https:\/\/comprasyconsejos.store\/en\/wp-json\/wp\/v2\/product_tag?post=33950"}],"curies":[{"name":"wp","href":"https:\/\/api.w.org\/{rel}","templated":true}]}}