{"id":33955,"date":"2026-02-24T21:20:32","date_gmt":"2026-02-24T21:20:32","guid":{"rendered":"https:\/\/comprasyconsejos.store\/product\/canon-selphy-cp1000-photo-printer\/"},"modified":"2026-02-24T21:20:33","modified_gmt":"2026-02-24T21:20:33","slug":"canon-selphy-cp1000-photo-printer","status":"publish","type":"product","link":"https:\/\/comprasyconsejos.store\/en\/product\/canon-selphy-cp1000-photo-printer\/","title":{"rendered":"Canon Selphy Cp1000 Photo Printer"},"content":{"rendered":"<p>Price: <span style=\"color:#b12704\">\u20ac119.97<\/span><br \/><i><small>(as of Feb 24, 2026 21:20:32 UTC &#8211; <span class=\"wp_automatic_amazon_disclaimer\" title=\"Product prices and availability are accurate as of the date\/time indicated and are subject to change. Any price and availability information displayed on [relevant Amazon Site(s), as applicable] at the time of purchase will apply to the purchase of this product.\">Details<\/span>)<\/small><\/i><\/p>\n<p><a href=\"https:\/\/amazon.es\/dp\/B00W9WZADY?tag=man008-21\"><img decoding=\"async\" src=\"https:\/\/valvepress.s3.amazonaws.com\/imgs\/buy_now.png\"><\/a><br \/>\n<\/p>\n<p>                                             From the manufacturer   <\/p>\n<p>                                                  <img decoding=\"async\" alt=\"\" src=\"https:\/\/images-na.ssl-images-amazon.com\/images\/G\/01\/x-locale\/common\/grey-pixel.gif\" class=\"a-spacing-mini a-lazy-loaded\" data-src=\"https:\/\/m.media-amazon.com\/images\/G\/30\/aplusautomation\/vendorimages\/43ef21ee-70f0-4dd4-889f-7b17cabd2151.jpg._CB485917680__SR300,300_.jpg\"><img decoding=\"async\" alt=\"\" src=\"https:\/\/m.media-amazon.com\/images\/G\/30\/aplusautomation\/vendorimages\/43ef21ee-70f0-4dd4-889f-7b17cabd2151.jpg._CB485917680__SR300,300_.jpg\">  <\/p>\n<h3 class=\"a-spacing-mini\"> Impresora fotogr\u00e1fica Selphy CP1000 <\/h3>\n<p> Consigue impresiones con calidad de laboratorio en cualquier momento y lugar. Una compacta y elegante impresora fotogr\u00e1fica port\u00e1til con una selecci\u00f3n de cuatro acabados de impresi\u00f3n, adem\u00e1s sencillez con impresi\u00f3n Dual de Foto de Carn\u00e9. <\/p>\n<p class=\"apm-text-center\">\n                                                      <img decoding=\"async\" alt=\"\" src=\"https:\/\/images-na.ssl-images-amazon.com\/images\/G\/01\/x-locale\/common\/grey-pixel.gif\" class=\"a-lazy-loaded\" data-src=\"https:\/\/m.media-amazon.com\/images\/G\/30\/aplusautomation\/vendorimages\/b1495603-bd89-442b-be35-ba17d186ac0d.jpg._CB485922133__SL220__.jpg\"><img decoding=\"async\" alt=\"\" src=\"https:\/\/m.media-amazon.com\/images\/G\/30\/aplusautomation\/vendorimages\/b1495603-bd89-442b-be35-ba17d186ac0d.jpg._CB485922133__SL220__.jpg\">  <\/p>\n<p>                                                    F\u00e1cil de usar                                     <\/p>\n<p class=\"a-size-small\"> Tiene un dise\u00f1o f\u00e1cil de usar que incluye una pantalla LCD inclinable para una visualizaci\u00f3n sencilla y men\u00fas con instrucciones en pantalla para una navegaci\u00f3n simple. Guarda tus ajustes de impresi\u00f3n favoritos para obtener unos resultados coherentes. <\/p>\n<p class=\"apm-text-center\">\n                                                      <img decoding=\"async\" alt=\"\" src=\"https:\/\/images-na.ssl-images-amazon.com\/images\/G\/01\/x-locale\/common\/grey-pixel.gif\" class=\"a-lazy-loaded\" data-src=\"https:\/\/m.media-amazon.com\/images\/G\/30\/aplusautomation\/vendorimages\/da5d0af4-3142-46d4-90cf-b0eb3bfcdc21.jpg._CB485943472__SL220__.jpg\"><img decoding=\"async\" alt=\"\" src=\"https:\/\/m.media-amazon.com\/images\/G\/30\/aplusautomation\/vendorimages\/da5d0af4-3142-46d4-90cf-b0eb3bfcdc21.jpg._CB485943472__SL220__.jpg\">  <\/p>\n<p>                                                    Impresora fotogr\u00e1fica compacta y port\u00e1til                                     <\/p>\n<p class=\"a-size-small\"> Compacta y f\u00e1cil de transportar, la Selphy CP1000 ofrece una impresi\u00f3n fotogr\u00e1fica de calidad profesional r\u00e1pida y fiable all\u00e1 donde la necesites. <\/p>\n<p class=\"apm-text-center\">\n                                                      <img decoding=\"async\" alt=\"\" src=\"https:\/\/images-na.ssl-images-amazon.com\/images\/G\/01\/x-locale\/common\/grey-pixel.gif\" class=\"a-lazy-loaded\" data-src=\"https:\/\/m.media-amazon.com\/images\/G\/30\/aplusautomation\/vendorimages\/6b096f5c-4bad-495f-8ea0-2a4df76b9643.jpg._CB485920840__SL220__.jpg\"><img decoding=\"async\" alt=\"\" src=\"https:\/\/m.media-amazon.com\/images\/G\/30\/aplusautomation\/vendorimages\/6b096f5c-4bad-495f-8ea0-2a4df76b9643.jpg._CB485920840__SL220__.jpg\">  <\/p>\n<p>                                                    Impresi\u00f3n con calidad de laboratorio                                     <\/p>\n<p class=\"a-size-small\"> Imprime fotos duraderas de calidad profesional. La tecnolog\u00eda de sublimaci\u00f3n de tintas ofrece profundidad y gradaci\u00f3n del color sin esperas. <\/p>\n<p class=\"apm-text-center\">\n                                                      <img decoding=\"async\" alt=\"\" src=\"https:\/\/images-na.ssl-images-amazon.com\/images\/G\/01\/x-locale\/common\/grey-pixel.gif\" class=\"a-lazy-loaded\" data-src=\"https:\/\/m.media-amazon.com\/images\/G\/30\/aplusautomation\/vendorimages\/25105e39-02f4-4100-adbb-9545af4bee87.jpg._CB485930240__SL220__.jpg\"><img decoding=\"async\" alt=\"\" src=\"https:\/\/m.media-amazon.com\/images\/G\/30\/aplusautomation\/vendorimages\/25105e39-02f4-4100-adbb-9545af4bee87.jpg._CB485930240__SL220__.jpg\">  <\/p>\n<p>                                                    Imprime a tu manera                                     <\/p>\n<p class=\"a-size-small\"> Para realizar una impresi\u00f3n r\u00e1pida, solo hay que conectar la c\u00e1mara compatible con PictBridge directamente a la impresora. Para disfrutar de flexibilidad tambi\u00e9n puedes imprimir desde una gama de tarjetas de memoria o desde memorias USB. <\/p>\n<p class=\"apm-text-center\">\n<p>                                                    Recuerdos que duran                                     <\/p>\n<p class=\"a-size-small\"> Un recubrimiento especial protege las impresiones de salpicaduras, derrames y p\u00e9rdida de color, para que duren si se guardan en un \u00e1lbum. Incluso puedes aplicar una selecci\u00f3n de tres acabados semi brillantes para evitar las huellas y crear una sensaci\u00f3n similar a las tradicionales impresiones de laboratorio sin la necesidad de cambiar los consumibles. <\/p>\n<p class=\"apm-text-center\">\n<p>                                                    Mejora tus fotos                                     <\/p>\n<p class=\"a-size-small\"> Corrige, con la funci\u00f3n de Optimizaci\u00f3n Autom\u00e1tica de la Imagen con Detecci\u00f3n de Escenas y de la Cara, las imperfecciones de la imagen mientras reduce el ruido no deseado, para dar a tus impresiones claridad y riqueza. <\/p>\n<p class=\"apm-text-center\">\n<p>                                                    Varios tama\u00f1os de impresi\u00f3n                                     <\/p>\n<p class=\"a-size-small\"> La impresora ofrece formas de compartir tus recuerdos, incluidas las impresiones de tama\u00f1o tarjeta postal, cuadrado o tarjeta de cr\u00e9dito. <\/p>\n<p class=\"apm-text-center\">\n<p>                                                    Impresi\u00f3n de fotos de carn\u00e9                                     <\/p>\n<p class=\"a-size-small\"> Tanto para uso empresarial como dom\u00e9stico, la impresi\u00f3n de Fotos de Carn\u00e9 con la Gu\u00eda de Encuadre de la Cara permite crear e imprimir fotos de carn\u00e9 en una variedad de tama\u00f1os aceptados. Tambi\u00e9n permite imprimir dos tama\u00f1os de foto de carn\u00e9 diferentes en una hoja de papel, mientras que las gu\u00edas de recorte impresas permiten recortarlas con precisi\u00f3n. <\/p>\n<p> Batteries                                            \u200f                                            :                                            \u200e                                            1 Lithium Polymer batteries required.   <br \/> Is discontinued by manufacturer                                            \u200f                                            :                                            \u200e                                            No   <br \/> Language                                            \u200f                                            :                                            \u200e                                            English, English, English, English, English   <br \/> Product Dimensions                                            \u200f                                            :                                            \u200e                                            17.8 x 13.5 x 6.05 cm; 840 g   <br \/> Manufacturer                                            \u200f                                            :                                            \u200e                                            Canon   <br \/> ASIN                                            \u200f                                            :                                            \u200e                                            B00W9WZADY   <br \/> Item model number                                            \u200f                                            :                                            \u200e                                            CP1000   <br \/> Country of origin                                            \u200f                                            :                                            \u200e                                            Spain   <br \/> Guaranteed software updates until                                            \u200f                                            :                                            \u200e                                            13 April 2030   <br \/>  Customer reviews:                                                                                            4.3               4.3 out of 5 stars                                  (1,227)                                              var dpAcrHasRegisteredArcLinkClickAction;                    P.when(&#8216;A&#8217;, &#8216;ready&#8217;).execute(function(A) {                        if (dpAcrHasRegisteredArcLinkClickAction !== true) {                            dpAcrHasRegisteredArcLinkClickAction = true;                            A.declarative(                                &#8216;acrLink-click-metrics&#8217;, &#8216;click&#8217;,                                { \u00aballowLinkDefault\u00bb: true },                                function (event) {                                    if (window.ue) {                                        ue.count(\u00abacrLinkClickCount\u00bb, (ue.count(\u00abacrLinkClickCount\u00bb) || 0) + 1);                                    }                                }                            );                        }                    });                                             P.when(&#8216;A&#8217;, &#8216;cf&#8217;).execute(function(A) {                A.declarative(&#8216;acrStarsLink-click-metrics&#8217;, &#8216;click&#8217;, { \u00aballowLinkDefault\u00bb : true },  function(event){                    if(window.ue) {                        ue.count(\u00abacrStarsLinkWithPopoverClickCount\u00bb, (ue.count(\u00abacrStarsLinkWithPopoverClickCount\u00bb) || 0) + 1);                    }                });            });                          <\/p>\n<p>Compact and portable photo printer, ideal for use inside and outside the home<br \/>Fast and easy printing from camera, USB or memory cards<br \/>Make your memories last with durable, photo lab quality prints<br \/>Create ID Photos<br \/>Large, easy-to-view tilting LCD display<br \/>Select from a gloss finish or 3 semi-gloss finishes<\/p>\n\n","protected":false},"excerpt":{"rendered":"<p> From the manufacturer Impresora fotogr\u00e1fica Selphy CP1000 Consigue impresiones con calidad de laboratorio en cualquier<\/p>","protected":false},"featured_media":33956,"comment_status":"open","ping_status":"closed","template":"","meta":[],"product_brand":[],"product_cat":[57],"product_tag":[2140,2184,2134,2126,9696,2129,1953,2145,2142,2143,2194,2132,1962,9695,2136],"class_list":{"0":"post-33955","1":"product","2":"type-product","3":"status-publish","4":"has-post-thumbnail","6":"product_cat-inkjet-printers","7":"product_tag-best-inkjet-printer","8":"product_tag-canon","9":"product_tag-cheap-inkjet-printer","10":"product_tag-color-inkjet-printer","11":"product_tag-cp1000","12":"product_tag-home-inkjet-printer","13":"product_tag-ink-tank-printer","14":"product_tag-inkjet-printer","15":"product_tag-inkjet-printer-price","16":"product_tag-office-inkjet-printer","17":"product_tag-photo","18":"product_tag-photo-inkjet-printer","19":"product_tag-printer","20":"product_tag-selphy","21":"product_tag-wireless-inkjet-printer","23":"first","24":"instock","25":"shipping-taxable","26":"product-type-external"},"_links":{"self":[{"href":"https:\/\/comprasyconsejos.store\/en\/wp-json\/wp\/v2\/product\/33955","targetHints":{"allow":["GET"]}}],"collection":[{"href":"https:\/\/comprasyconsejos.store\/en\/wp-json\/wp\/v2\/product"}],"about":[{"href":"https:\/\/comprasyconsejos.store\/en\/wp-json\/wp\/v2\/types\/product"}],"replies":[{"embeddable":true,"href":"https:\/\/comprasyconsejos.store\/en\/wp-json\/wp\/v2\/comments?post=33955"}],"version-history":[{"count":0,"href":"https:\/\/comprasyconsejos.store\/en\/wp-json\/wp\/v2\/product\/33955\/revisions"}],"wp:featuredmedia":[{"embeddable":true,"href":"https:\/\/comprasyconsejos.store\/en\/wp-json\/wp\/v2\/media\/33956"}],"wp:attachment":[{"href":"https:\/\/comprasyconsejos.store\/en\/wp-json\/wp\/v2\/media?parent=33955"}],"wp:term":[{"taxonomy":"product_brand","embeddable":true,"href":"https:\/\/comprasyconsejos.store\/en\/wp-json\/wp\/v2\/product_brand?post=33955"},{"taxonomy":"product_cat","embeddable":true,"href":"https:\/\/comprasyconsejos.store\/en\/wp-json\/wp\/v2\/product_cat?post=33955"},{"taxonomy":"product_tag","embeddable":true,"href":"https:\/\/comprasyconsejos.store\/en\/wp-json\/wp\/v2\/product_tag?post=33955"}],"curies":[{"name":"wp","href":"https:\/\/api.w.org\/{rel}","templated":true}]}}