{"id":33976,"date":"2026-02-24T21:38:59","date_gmt":"2026-02-24T21:38:59","guid":{"rendered":"https:\/\/comprasyconsejos.store\/product\/acer-nitro-kg272g-60cm-27-fhd-zeroframe-ips-200hz-169-1ms-0-5msgtg-min-250nits-2xhdmi-dp-mm-audio-out-hdr10-freesync-premium-eu-mprii-black-h-cable-x1-amz-di-monitor-pc-gaming-black\/"},"modified":"2026-02-24T21:39:01","modified_gmt":"2026-02-24T21:39:01","slug":"acer-nitro-kg272g-60cm-27-fhd-zeroframe-ips-200hz-169-1ms-0-5msgtg-min-250nits-2xhdmi-dp-mm-audio-out-hdr10-freesync-premium-eu-mprii-black-h-cable-x1-amz-di-monitor-pc-gaming-black","status":"publish","type":"product","link":"https:\/\/comprasyconsejos.store\/en\/product\/acer-nitro-kg272g-60cm-27-fhd-zeroframe-ips-200hz-169-1ms-0-5msgtg-min-250nits-2xhdmi-dp-mm-audio-out-hdr10-freesync-premium-eu-mprii-black-h-cable-x1-amz-di-monitor-pc-gaming-black\/","title":{"rendered":"acer Nitro KG272G (60cm 27&#8243; FHD ZeroFrame IPS 200Hz 16:9 1ms\/0.5ms(GTG, Min.) 250nits 2xHDMI DP MM Audio out HDR10 FreeSync Premium EU MPRII Black H.Cable x1 AMZ DI) Monitor PC Gaming, Black"},"content":{"rendered":"<p>Price: <span style=\"color:#b12704\">\u20ac169.90<\/span><br \/><i><small>(as of Feb 24, 2026 21:38:59 UTC &#8211; <span class=\"wp_automatic_amazon_disclaimer\" title=\"Product prices and availability are accurate as of the date\/time indicated and are subject to change. Any price and availability information displayed on [relevant Amazon Site(s), as applicable] at the time of purchase will apply to the purchase of this product.\">Details<\/span>)<\/small><\/i><\/p>\n<p><a href=\"https:\/\/amazon.es\/dp\/B0DN28QY5P?tag=man008-21\"><img decoding=\"async\" src=\"https:\/\/valvepress.s3.amazonaws.com\/imgs\/buy_now.png\"><\/a><br \/>\n<\/p>\n<p>                                             From the manufacturer   <\/p>\n<p>                                                                                                       <img decoding=\"async\" alt=\"aplus content image\" src=\"https:\/\/images-na.ssl-images-amazon.com\/images\/G\/01\/x-locale\/common\/grey-pixel.gif\" class=\"a-lazy-loaded\" data-src=\"https:\/\/m.media-amazon.com\/images\/S\/aplus-media-library-service-media\/9584cb1f-736b-451b-b589-0041affe0b55.__CR0,0,1464,600_PT0_SX1464_V1___.png\"><img decoding=\"async\" alt=\"aplus content image\" src=\"https:\/\/m.media-amazon.com\/images\/S\/aplus-media-library-service-media\/9584cb1f-736b-451b-b589-0041affe0b55.__CR0,0,1464,600_PT0_SX1464_V1___.png\">                                                                                    Acer Nitro KG272GBMIPFX                                                                                       <\/p>\n<p>                                                                                                       <img decoding=\"async\" alt=\"aplus content image\" src=\"https:\/\/images-na.ssl-images-amazon.com\/images\/G\/01\/x-locale\/common\/grey-pixel.gif\" class=\"a-lazy-loaded\" data-src=\"https:\/\/m.media-amazon.com\/images\/S\/aplus-media-library-service-media\/02e8e2c9-0985-4d83-8884-06edb13901e2.__CR0,0,1464,600_PT0_SX1464_V1___.jpg\"><img decoding=\"async\" alt=\"aplus content image\" src=\"https:\/\/m.media-amazon.com\/images\/S\/aplus-media-library-service-media\/02e8e2c9-0985-4d83-8884-06edb13901e2.__CR0,0,1464,600_PT0_SX1464_V1___.jpg\">                                                                                    SINCRONIZACI\u00d3N PERFECTA                                        <\/p>\n<p class=\"aplus-p2 aplus-module-2-description\"> Disfruta de im\u00e1genes fluidas y con gran capacidad de respuesta sincronizando la frecuencia de actualizaci\u00f3n de la pantalla con la frecuencia de fotogramas del ordenador. <\/p>\n<p>                                                                                                       <img decoding=\"async\" alt=\"aplus content image\" src=\"https:\/\/images-na.ssl-images-amazon.com\/images\/G\/01\/x-locale\/common\/grey-pixel.gif\" class=\"a-lazy-loaded\" data-src=\"https:\/\/m.media-amazon.com\/images\/S\/aplus-media-library-service-media\/f01eaefe-973f-4ee3-8c29-95dd3394585c.__CR0,0,1464,600_PT0_SX1464_V1___.jpg\"><img decoding=\"async\" alt=\"aplus content image\" src=\"https:\/\/m.media-amazon.com\/images\/S\/aplus-media-library-service-media\/f01eaefe-973f-4ee3-8c29-95dd3394585c.__CR0,0,1464,600_PT0_SX1464_V1___.jpg\">                                                                                    IM\u00c1GENES ACELERADAS                                        <\/p>\n<p class=\"aplus-p2 aplus-module-2-description\"> Disfruta de una experiencia fluida y sin latencia gracias a la r\u00e1pida frecuencia de actualizaci\u00f3n de 120 Hz. Incluso cuando la acci\u00f3n se intensifica, el tiempo de respuesta de 1 ms (VRB) garantiza im\u00e1genes claras y sin distorsi\u00f3n. <\/p>\n<p>                                                                                                       <img decoding=\"async\" alt=\"aplus content image\" src=\"https:\/\/images-na.ssl-images-amazon.com\/images\/G\/01\/x-locale\/common\/grey-pixel.gif\" class=\"a-lazy-loaded\" data-src=\"https:\/\/m.media-amazon.com\/images\/S\/aplus-media-library-service-media\/38ecab73-3022-4a63-ac10-3038c34954f3.__CR0,0,1464,600_PT0_SX1464_V1___.jpg\"><img decoding=\"async\" alt=\"aplus content image\" src=\"https:\/\/m.media-amazon.com\/images\/S\/aplus-media-library-service-media\/38ecab73-3022-4a63-ac10-3038c34954f3.__CR0,0,1464,600_PT0_SX1464_V1___.jpg\">                                                                                    FULL HD IPS                                        <\/p>\n<p class=\"aplus-p2 aplus-module-2-description\"> Disfruta de tus pel\u00edculas, v\u00eddeos y juegos favoritos con una calidad de imagen excepcional gracias a la pantalla Full HD IPS con dise\u00f1o ZeroFrame y un amplio \u00e1ngulo de visi\u00f3n de hasta 178\u00ba. <\/p>\n<p>                                                                                                       <img decoding=\"async\" alt=\"aplus content image\" src=\"https:\/\/images-na.ssl-images-amazon.com\/images\/G\/01\/x-locale\/common\/grey-pixel.gif\" class=\"a-lazy-loaded\" data-src=\"https:\/\/m.media-amazon.com\/images\/S\/aplus-media-library-service-media\/edc37717-88f2-4aa8-bc46-ecbdb40fb468.__CR0,0,1464,600_PT0_SX1464_V1___.jpg\"><img decoding=\"async\" alt=\"aplus content image\" src=\"https:\/\/m.media-amazon.com\/images\/S\/aplus-media-library-service-media\/edc37717-88f2-4aa8-bc46-ecbdb40fb468.__CR0,0,1464,600_PT0_SX1464_V1___.jpg\">                                                                                    PROTECCI\u00d3N SUPERIOR                                        <\/p>\n<p class=\"aplus-p2 aplus-module-2-description\"> Protege tus ojos de molestias innecesarias gracias a las tecnolog\u00edas BlueLightShield y Flickerless. Disfruta de largas sesiones de juego con menos reflejos en la pantalla y una fatiga ocular reducida gracias a las tecnolog\u00edas ComfyView y Low Dimming de Acer. <\/p>\n<p>                                                                                                       <img decoding=\"async\" alt=\"aplus content image\" src=\"https:\/\/images-na.ssl-images-amazon.com\/images\/G\/01\/x-locale\/common\/grey-pixel.gif\" class=\"a-lazy-loaded\" data-src=\"https:\/\/m.media-amazon.com\/images\/S\/aplus-media-library-service-media\/8c93c6b4-5190-429e-be18-9deec7d19d32.__CR0,0,1464,600_PT0_SX1464_V1___.png\"><img decoding=\"async\" alt=\"aplus content image\" src=\"https:\/\/m.media-amazon.com\/images\/S\/aplus-media-library-service-media\/8c93c6b4-5190-429e-be18-9deec7d19d32.__CR0,0,1464,600_PT0_SX1464_V1___.png\">                                                                                    UN TOQUE ERGON\u00d3MICO                                        <\/p>\n<p class=\"aplus-p2 aplus-module-2-description\"> Los buenos monitores deben causar poco o ning\u00fan esfuerzo. Inclina la pantalla para darle un descanso a tu mente y cuello. El dise\u00f1o ZeroFrame tambi\u00e9n ofrece mucho espacio en la pantalla. <\/p>\n<h3 class=\"a-text-center aplus-h1 a-text-bold\"> ACCESORIOS ACER <\/h3>\n<p>                         Add To Basket  <\/p>\n<p>                         Add To Basket  <\/p>\n<p>                                     Customer Reviews  <\/p>\n<p>                    4.3 out of 5 stars  110  <\/p>\n<p>                    4.3 out of 5 stars  36  <\/p>\n<p>                    4.5 out of 5 stars  276  <\/p>\n<p>                    4.2 out of 5 stars  56  <\/p>\n<p>                    3.3 out of 5 stars  9  <\/p>\n<p>                                     Price  <\/p>\n<p>                                                        \u2014    <\/p>\n<p>                                                        \u20ac18.53\u20ac18.53     <\/p>\n<p>                                                        \u2014    <\/p>\n<p>                                                        \u2014    <\/p>\n<p>                                                        \u20ac179.99\u20ac179.99     <\/p>\n<p>                                     Descripci\u00f3n  <\/p>\n<p>                                                Rat\u00f3n inal\u00e1mbrico    <\/p>\n<p>                                                Auriculares con cable    <\/p>\n<p>                                                Funda ordenadores y tablets     <\/p>\n<p>                                                Adaptador USB Tipo C    <\/p>\n<p>                                                Estaci\u00f3n de carga USB Tipo C    <\/p>\n<p>                                     Color  <\/p>\n<p>                                                Negro    <\/p>\n<p>                                                Negro    <\/p>\n<p>                                                Gris    <\/p>\n<p>                                                Plata    <\/p>\n<p>                                                Negro \/ Plata    <\/p>\n<p>                                     Conexiones  <\/p>\n<p>                                                Bluetooth    <\/p>\n<p>                                                Jack de 3,5 mm    <\/p>\n<p>                                                    \u2014    <\/p>\n<p>                                                USB, HDMI, DP, LAN, Audio    <\/p>\n<p>                                                USB, HDMI, DP, LAN, Audio    <\/p>\n<p>                                     Compatible con Nitro  <\/p>\n<p>                                                    \u2714       <\/p>\n<p>                                                    \u2714       <\/p>\n<p>                                                    \u2718      <\/p>\n<p>                                                    \u2714       <\/p>\n<p>                                                    \u2714       <\/p>\n<p>                                     Material  <\/p>\n<p>                                                Pl\u00e1stico    <\/p>\n<p>                                                Pl\u00e1stico    <\/p>\n<p>                                                Tejido impermeable    <\/p>\n<p>                                                Metal    <\/p>\n<p>                                                Metal    <\/p>\n<p> Language                                            \u200f                                            :                                            \u200e                                            Spanish   <br \/> Product Dimensions                                            \u200f                                            :                                            \u200e                                            61.21 x 21 x 46.44 cm; 3.65 kg   <br \/> Manufacturer                                            \u200f                                            :                                            \u200e                                            Acer   <br \/> ASIN                                            \u200f                                            :                                            \u200e                                            B0DN28QY5P   <br \/> Item model number                                            \u200f                                            :                                            \u200e                                            KG272Gbmipfx   <br \/> Guaranteed software updates until                                            \u200f                                            :                                            \u200e                                            unknown   <br \/>  Customer reviews:                                                                                            4.4               4.4 out of 5 stars                                  (1,726)                                              var dpAcrHasRegisteredArcLinkClickAction;                    P.when(&#8216;A&#8217;, &#8216;ready&#8217;).execute(function(A) {                        if (dpAcrHasRegisteredArcLinkClickAction !== true) {                            dpAcrHasRegisteredArcLinkClickAction = true;                            A.declarative(                                &#8216;acrLink-click-metrics&#8217;, &#8216;click&#8217;,                                { \u00aballowLinkDefault\u00bb: true },                                function (event) {                                    if (window.ue) {                                        ue.count(\u00abacrLinkClickCount\u00bb, (ue.count(\u00abacrLinkClickCount\u00bb) || 0) + 1);                                    }                                }                            );                        }                    });                                             P.when(&#8216;A&#8217;, &#8216;cf&#8217;).execute(function(A) {                A.declarative(&#8216;acrStarsLink-click-metrics&#8217;, &#8216;click&#8217;, { \u00aballowLinkDefault\u00bb : true },  function(event){                    if(window.ue) {                        ue.count(\u00abacrStarsLinkWithPopoverClickCount\u00bb, (ue.count(\u00abacrStarsLinkWithPopoverClickCount\u00bb) || 0) + 1);                    }                });            });                          <\/p>\n<p>27&#8243; Full HD IPS TFT 1920 x 1080 pixels, 120 Hz, 250 Nits<br \/>Response Time 1 m\/s VRB<br \/>AdaptiveSync anti-fragmentation technology<br \/>Ergonomic stand with screen tilt<br \/>HDMI 1.4, DP 1.2, Zeroframe<\/p>\n\n","protected":false},"excerpt":{"rendered":"<p> From the manufacturer Acer Nitro KG272GBMIPFX SINCRONIZACI\u00d3N PERFECTA Disfruta de im\u00e1genes fluidas y con gran<\/p>","protected":false},"featured_media":33977,"comment_status":"open","ping_status":"closed","template":"","meta":[],"product_brand":[],"product_cat":[54],"product_tag":[1791,9700,3639,9291,7565,9699,558,9341,547,1789,307,1787,1788,1792,1784,1786,1783,1790,639,1922,617,9701,1925,703,9698,3937,844,9293,1189,1035,1785,9290],"class_list":{"0":"post-33976","1":"product","2":"type-product","3":"status-publish","4":"has-post-thumbnail","6":"product_cat-curved-monitors","7":"product_tag-144hz-curved-monitor","8":"product_tag-1ms0-5msgtg","9":"product_tag-200hz","10":"product_tag-250nits","11":"product_tag-2xhdmi","12":"product_tag-60cm","13":"product_tag-acer","14":"product_tag-amz","15":"product_tag-audio","16":"product_tag-best-curved-monitor","17":"product_tag-black","18":"product_tag-curved-27-inch-monitor","19":"product_tag-curved-32-inch-monitor","20":"product_tag-curved-computer-monitor","21":"product_tag-curved-gaming-monitor","22":"product_tag-curved-led-monitor","23":"product_tag-curved-monitor","24":"product_tag-curved-monitor-price","25":"product_tag-fhd","26":"product_tag-freesync","27":"product_tag-gaming","28":"product_tag-h-cable","29":"product_tag-hdr10","30":"product_tag-ips","31":"product_tag-kg272g","32":"product_tag-min","33":"product_tag-monitor","34":"product_tag-mprii","35":"product_tag-nitro","36":"product_tag-premium","37":"product_tag-ultrawide-curved-monitor","38":"product_tag-zeroframe","40":"first","41":"instock","42":"shipping-taxable","43":"product-type-external"},"_links":{"self":[{"href":"https:\/\/comprasyconsejos.store\/en\/wp-json\/wp\/v2\/product\/33976","targetHints":{"allow":["GET"]}}],"collection":[{"href":"https:\/\/comprasyconsejos.store\/en\/wp-json\/wp\/v2\/product"}],"about":[{"href":"https:\/\/comprasyconsejos.store\/en\/wp-json\/wp\/v2\/types\/product"}],"replies":[{"embeddable":true,"href":"https:\/\/comprasyconsejos.store\/en\/wp-json\/wp\/v2\/comments?post=33976"}],"version-history":[{"count":0,"href":"https:\/\/comprasyconsejos.store\/en\/wp-json\/wp\/v2\/product\/33976\/revisions"}],"wp:featuredmedia":[{"embeddable":true,"href":"https:\/\/comprasyconsejos.store\/en\/wp-json\/wp\/v2\/media\/33977"}],"wp:attachment":[{"href":"https:\/\/comprasyconsejos.store\/en\/wp-json\/wp\/v2\/media?parent=33976"}],"wp:term":[{"taxonomy":"product_brand","embeddable":true,"href":"https:\/\/comprasyconsejos.store\/en\/wp-json\/wp\/v2\/product_brand?post=33976"},{"taxonomy":"product_cat","embeddable":true,"href":"https:\/\/comprasyconsejos.store\/en\/wp-json\/wp\/v2\/product_cat?post=33976"},{"taxonomy":"product_tag","embeddable":true,"href":"https:\/\/comprasyconsejos.store\/en\/wp-json\/wp\/v2\/product_tag?post=33976"}],"curies":[{"name":"wp","href":"https:\/\/api.w.org\/{rel}","templated":true}]}}