{"id":33981,"date":"2026-02-24T21:52:19","date_gmt":"2026-02-24T21:52:19","guid":{"rendered":"https:\/\/comprasyconsejos.store\/product\/z-edge-gaming-monitor-4k-28-inches-uhd-3840-x-2160-144hz-ips-pc-display-1-ms-mprt-300-cd-m%c2%b2-freesync-hdr10-dp-and-hdmi-vesa-compatible-black\/"},"modified":"2026-02-24T21:52:26","modified_gmt":"2026-02-24T21:52:26","slug":"z-edge-gaming-monitor-4k-28-inches-uhd-3840-x-2160-144hz-ips-pc-display-1-ms-mprt-300-cd-m%c2%b2-freesync-hdr10-dp-and-hdmi-vesa-compatible-black","status":"publish","type":"product","link":"https:\/\/comprasyconsejos.store\/en\/product\/z-edge-gaming-monitor-4k-28-inches-uhd-3840-x-2160-144hz-ips-pc-display-1-ms-mprt-300-cd-m%c2%b2-freesync-hdr10-dp-and-hdmi-vesa-compatible-black\/","title":{"rendered":"Z-Edge Gaming Monitor 4K 28 Inches UHD 3840 x 2160 144Hz, IPS PC Display 1 ms MPRT, 300 CD\/m\u00b2, FreeSync, HDR10, DP and HDMI, VESA Compatible, Black"},"content":{"rendered":"<p>Price: <span style=\"color:#b12704\">\u20ac259.99<\/span><br \/><i><small>(as of Feb 24, 2026 21:52:19 UTC &#8211; <span class=\"wp_automatic_amazon_disclaimer\" title=\"Product prices and availability are accurate as of the date\/time indicated and are subject to change. Any price and availability information displayed on [relevant Amazon Site(s), as applicable] at the time of purchase will apply to the purchase of this product.\">Details<\/span>)<\/small><\/i><\/p>\n<p><a href=\"https:\/\/amazon.es\/dp\/B0F4KBDGVZ?tag=man008-21\"><img decoding=\"async\" src=\"https:\/\/valvepress.s3.amazonaws.com\/imgs\/buy_now.png\"><\/a><br \/>\n<\/p>\n<p>                                             Product Description   <\/p>\n<p>The video showcases the product in use.The video guides you through product setup.The video compares multiple products.The video shows the product being unpacked. Z-Edge Monitor Gaming 28I4K Merchant video<\/p>\n<p>                                                                                                                    <img decoding=\"async\" alt=\"Comparaci\u00f3n de pantalla dividida que muestra la diferencia de calidad de pantalla entre la resoluci\u00f3n UHD 4K y la convencional, con gotas de colores vibrantes\" src=\"https:\/\/m.media-amazon.com\/images\/S\/aplus-media-library-service-media\/02cf94da-ebf7-4154-9640-f3fdfe4d622b.__CR0,0,1464,600_PT0_SX1464_V1___.jpg\">                                                                                                                        <\/p>\n<p class=\"description aplus-p1\"> Ofrece im\u00e1genes vibrantes e impresionantes con m\u00e1s detalles en resoluci\u00f3n 4K (3840*2160). <\/p>\n<p>                                                      <img decoding=\"async\" alt=\"Pantalla o monitor con una especificaci\u00f3n de dise\u00f1o sin bordes de 300 cd\/m\u00b2, que se muestra sobre un fondo azul con un colorido\" src=\"https:\/\/m.media-amazon.com\/images\/S\/aplus-media-library-service-media\/6ee17ed1-4897-4938-998d-ea5989baf8d9.__CR0,0,1464,600_PT0_SX1464_V1___.jpg\">                                                                                                                        <\/p>\n<p class=\"description aplus-p1\"> El mayor brillo permite que los ojos se concentren m\u00e1s f\u00e1cilmente en el contenido. <\/p>\n<p>                                                      <img decoding=\"async\" alt=\"Comparaci\u00f3n del paisaje monta\u00f1oso con el r\u00edo. La parte izquierda tiene la etiqueta \u00abFlicker Free OFF\u00bb y la derecha \u00abFlicker ON\u00bb, que muestra la diferencia en la calidad de la imagen\" src=\"https:\/\/m.media-amazon.com\/images\/S\/aplus-media-library-service-media\/296ec239-d8f3-4031-a6bf-8279fdc08bd0.__CR0,0,1464,600_PT0_SX1464_V1___.jpg\">                                                                                                                        <\/p>\n<p class=\"description aplus-p1\"> La tecnolog\u00eda sin parpadeo minimiza la luz azul para proteger los ojos de la fatiga. <\/p>\n<p>                                                      <img decoding=\"async\" alt=\"Comparaci\u00f3n de la tecnolog\u00eda de pantalla que muestra rosas vibrantes de colores del arco\u00edris, con un panel convencional a la izquierda y un panel IPS con 16,7 millones\" src=\"https:\/\/m.media-amazon.com\/images\/S\/aplus-media-library-service-media\/bee56817-1a07-4cd9-b875-b6400e97b427.__CR0,0,1464,600_PT0_SX1464_V1___.jpg\">                                                                                                                        <\/p>\n<p class=\"description aplus-p1\"> La pantalla IPS de alta gama conserva la capacidad de rendimiento del color desde todos los \u00e1ngulos. <\/p>\n<p>                                                      <img decoding=\"async\" alt=\"Monitor de computadora delgado sobre un escritorio que muestra la vibrante imagen de un auto deportivo rojo. Teclado blanco, libros, planta y c\u00e1mara visibles en una configuraci\u00f3n de espacio de trabajo minimalista.\" src=\"https:\/\/m.media-amazon.com\/images\/S\/aplus-media-library-service-media\/bb6c6154-ebd2-4b88-8ffa-717d0089184b.__CR0,0,1464,600_PT0_SX1464_V1___.jpg\">                                                                                                                        <\/p>\n<p class=\"description aplus-p1\"> Obtenga una ventaja competitiva con un monitor que sigue sus reflejos. <\/p>\n<p>                            1 4K UHD 3840&#215;2160 <\/p>\n<p>                            2 Brillo 300cd\/\u33a1 <\/p>\n<p>                            3 Flicker-Free <\/p>\n<p>                            4 IPS Panel <\/p>\n<p>                            5 144HZ Refresh Rate <\/p>\n<p>                                                                                              <img decoding=\"async\" alt=\"aplus content image\" src=\"https:\/\/images-na.ssl-images-amazon.com\/images\/G\/01\/x-locale\/common\/grey-pixel.gif\" class=\"a-lazy-loaded\" data-src=\"https:\/\/m.media-amazon.com\/images\/S\/aplus-media-library-service-media\/b5cc9b43-6e31-4c77-8abc-97ae29eb345d.__CR0,0,300,225_PT0_SX300_V1___.jpg\"><img decoding=\"async\" alt=\"aplus content image\" src=\"https:\/\/m.media-amazon.com\/images\/S\/aplus-media-library-service-media\/b5cc9b43-6e31-4c77-8abc-97ae29eb345d.__CR0,0,300,225_PT0_SX300_V1___.jpg\">                                            Pantalla 4K UHD                                         <\/p>\n<p class=\"aplus-p3\"> Con una resoluci\u00f3n 4K (3840*2160), el monitor ofrece una gran precisi\u00f3n de color, proporcionando im\u00e1genes vibrantes e impresionantes. <\/p>\n<p>                                           <img decoding=\"async\" alt=\"aplus content image\" src=\"https:\/\/images-na.ssl-images-amazon.com\/images\/G\/01\/x-locale\/common\/grey-pixel.gif\" class=\"a-lazy-loaded\" data-src=\"https:\/\/m.media-amazon.com\/images\/S\/aplus-media-library-service-media\/ad5156bc-d002-4df9-a6d7-de48e8308c47.__CR0,0,300,225_PT0_SX300_V1___.jpg\"><img decoding=\"async\" alt=\"aplus content image\" src=\"https:\/\/m.media-amazon.com\/images\/S\/aplus-media-library-service-media\/ad5156bc-d002-4df9-a6d7-de48e8308c47.__CR0,0,300,225_PT0_SX300_V1___.jpg\">                                            Monitor 4K de 28 Pulgadas                                         <\/p>\n<p class=\"aplus-p3\"> Ve m\u00e1s contenido en una pantalla m\u00e1s grande con nuestro monitor 4K de 28 pulgadas. <\/p>\n<p>                                           <img decoding=\"async\" alt=\"aplus content image\" src=\"https:\/\/images-na.ssl-images-amazon.com\/images\/G\/01\/x-locale\/common\/grey-pixel.gif\" class=\"a-lazy-loaded\" data-src=\"https:\/\/m.media-amazon.com\/images\/S\/aplus-media-library-service-media\/142d3285-c1b4-451c-9a53-c158f1027355.__CR0,0,300,225_PT0_SX300_V1___.jpg\"><img decoding=\"async\" alt=\"aplus content image\" src=\"https:\/\/m.media-amazon.com\/images\/S\/aplus-media-library-service-media\/142d3285-c1b4-451c-9a53-c158f1027355.__CR0,0,300,225_PT0_SX300_V1___.jpg\">                                            16,7 Millones de Colores                                         <\/p>\n<p class=\"aplus-p3\"> Los 16,7 millones de colores ofrecen un espectro de colores m\u00e1s amplio, lo que mantiene la capacidad de rendimiento del color. <\/p>\n<p>                                           <img decoding=\"async\" alt=\"aplus content image\" src=\"https:\/\/images-na.ssl-images-amazon.com\/images\/G\/01\/x-locale\/common\/grey-pixel.gif\" class=\"a-lazy-loaded\" data-src=\"https:\/\/m.media-amazon.com\/images\/S\/aplus-media-library-service-media\/bb8bc043-4071-4114-9078-218dff9d3961.__CR0,0,300,225_PT0_SX300_V1___.jpg\"><img decoding=\"async\" alt=\"aplus content image\" src=\"https:\/\/m.media-amazon.com\/images\/S\/aplus-media-library-service-media\/bb8bc043-4071-4114-9078-218dff9d3961.__CR0,0,300,225_PT0_SX300_V1___.jpg\">                                            Dise\u00f1o sin Bordes                                         <\/p>\n<p class=\"aplus-p3\"> La pantalla sin bordes y el dise\u00f1o ultrafino le dan al monitor un perfil elegante, lo que le da a la pantalla un aspecto moderno y sofisticado. <\/p>\n<p>                                                                                              <img decoding=\"async\" alt=\"aplus content image\" src=\"https:\/\/images-na.ssl-images-amazon.com\/images\/G\/01\/x-locale\/common\/grey-pixel.gif\" class=\"a-lazy-loaded\" data-src=\"https:\/\/m.media-amazon.com\/images\/S\/aplus-media-library-service-media\/9642f639-730c-48b5-8157-b801db93b172.__CR0,0,300,225_PT0_SX300_V1___.jpg\"><img decoding=\"async\" alt=\"aplus content image\" src=\"https:\/\/m.media-amazon.com\/images\/S\/aplus-media-library-service-media\/9642f639-730c-48b5-8157-b801db93b172.__CR0,0,300,225_PT0_SX300_V1___.jpg\">                                            Compatibilidad con FreeSync                                         <\/p>\n<p class=\"aplus-p3\"> FreeSync reduce significativamente el tearing, el stuttering y la latencia de entrada <\/p>\n<p>                                           <img decoding=\"async\" alt=\"aplus content image\" src=\"https:\/\/images-na.ssl-images-amazon.com\/images\/G\/01\/x-locale\/common\/grey-pixel.gif\" class=\"a-lazy-loaded\" data-src=\"https:\/\/m.media-amazon.com\/images\/S\/aplus-media-library-service-media\/c58c5f93-bcfa-45fc-8e57-7d308c5b2843.__CR0,0,300,225_PT0_SX300_V1___.jpg\"><img decoding=\"async\" alt=\"aplus content image\" src=\"https:\/\/m.media-amazon.com\/images\/S\/aplus-media-library-service-media\/c58c5f93-bcfa-45fc-8e57-7d308c5b2843.__CR0,0,300,225_PT0_SX300_V1___.jpg\">                                            Compatible con HDR                                         <\/p>\n<p class=\"aplus-p3\"> Reproduce una gama de brillo m\u00e1s amplia que la que es posible con las im\u00e1genes digitales est\u00e1ndar, lo que permite disfrutar de im\u00e1genes m\u00e1s realistas. <\/p>\n<p>                                           <img decoding=\"async\" alt=\"aplus content image\" src=\"https:\/\/images-na.ssl-images-amazon.com\/images\/G\/01\/x-locale\/common\/grey-pixel.gif\" class=\"a-lazy-loaded\" data-src=\"https:\/\/m.media-amazon.com\/images\/S\/aplus-media-library-service-media\/ee0c0918-62ed-4dcc-a0d8-b22a3173be55.__CR0,0,300,225_PT0_SX300_V1___.jpg\"><img decoding=\"async\" alt=\"aplus content image\" src=\"https:\/\/m.media-amazon.com\/images\/S\/aplus-media-library-service-media\/ee0c0918-62ed-4dcc-a0d8-b22a3173be55.__CR0,0,300,225_PT0_SX300_V1___.jpg\">                                            Panel IPS Avanzado                                         <\/p>\n<p class=\"aplus-p3\"> Con un panel IPS de alta gama integrado, la pantalla ofrece un \u00e1ngulo de visi\u00f3n panor\u00e1mico <\/p>\n<p>                                           <img decoding=\"async\" alt=\"aplus content image\" src=\"https:\/\/images-na.ssl-images-amazon.com\/images\/G\/01\/x-locale\/common\/grey-pixel.gif\" class=\"a-lazy-loaded\" data-src=\"https:\/\/m.media-amazon.com\/images\/S\/aplus-media-library-service-media\/36eb0cb3-de3d-4760-b3df-fb4f1e03cbe3.__CR0,0,300,225_PT0_SX300_V1___.jpg\"><img decoding=\"async\" alt=\"aplus content image\" src=\"https:\/\/m.media-amazon.com\/images\/S\/aplus-media-library-service-media\/36eb0cb3-de3d-4760-b3df-fb4f1e03cbe3.__CR0,0,300,225_PT0_SX300_V1___.jpg\">                                            Conexiones vers\u00e1tiles                                         <\/p>\n<p class=\"aplus-p3\"> DisplayPort y HDMI admiten magn\u00edficas im\u00e1genes 4K a 144 Hz y puedes conectar f\u00e1cilmente otros dispositivos a la pantalla. <\/p>\n<p>                                                                                                       <img decoding=\"async\" alt=\"aplus content image\" src=\"https:\/\/images-na.ssl-images-amazon.com\/images\/G\/01\/x-locale\/common\/grey-pixel.gif\" class=\"a-lazy-loaded\" data-src=\"https:\/\/m.media-amazon.com\/images\/S\/aplus-media-library-service-media\/d472e683-a812-4022-bb02-d6ee406272b0.__CR0,0,1464,600_PT0_SX1464_V1___.jpg\"><img decoding=\"async\" alt=\"aplus content image\" src=\"https:\/\/m.media-amazon.com\/images\/S\/aplus-media-library-service-media\/d472e683-a812-4022-bb02-d6ee406272b0.__CR0,0,1464,600_PT0_SX1464_V1___.jpg\">                                               <\/p>\n<p> Product Dimensions                                            \u200f                                            :                                            \u200e                                            19 x 63 x 46 cm; 4.8 kg   <br \/> Manufacturer                                            \u200f                                            :                                            \u200e                                            Z-Edge   <br \/> ASIN                                            \u200f                                            :                                            \u200e                                            B0F4KBDGVZ   <br \/> Item model number                                            \u200f                                            :                                            \u200e                                            U28I4K   <br \/> Country\/Region of Origin                                            \u200f                                            :                                            \u200e                                            China   <br \/> Guaranteed software updates until                                            \u200f                                            :                                            \u200e                                            unknown   <br \/>  Customer reviews:                                                                                            4.3               4.3 out of 5 stars                                  (447)                                              var dpAcrHasRegisteredArcLinkClickAction;                    P.when(&#8216;A&#8217;, &#8216;ready&#8217;).execute(function(A) {                        if (dpAcrHasRegisteredArcLinkClickAction !== true) {                            dpAcrHasRegisteredArcLinkClickAction = true;                            A.declarative(                                &#8216;acrLink-click-metrics&#8217;, &#8216;click&#8217;,                                { \u00aballowLinkDefault\u00bb: true },                                function (event) {                                    if (window.ue) {                                        ue.count(\u00abacrLinkClickCount\u00bb, (ue.count(\u00abacrLinkClickCount\u00bb) || 0) + 1);                                    }                                }                            );                        }                    });                                             P.when(&#8216;A&#8217;, &#8216;cf&#8217;).execute(function(A) {                A.declarative(&#8216;acrStarsLink-click-metrics&#8217;, &#8216;click&#8217;, { \u00aballowLinkDefault\u00bb : true },  function(event){                    if(window.ue) {                        ue.count(\u00abacrStarsLinkWithPopoverClickCount\u00bb, (ue.count(\u00abacrStarsLinkWithPopoverClickCount\u00bb) || 0) + 1);                    }                });            });                          <\/p>\n<p>4K UHD MONITOR: The 28-inch monitor has a 4K resolution of 3840 x 2160 and delivers incredibly stunning and realistic images, so you can capture the details perfectly.<br \/>144Hz &#038; 1ms MPRT &#8211; This gaming monitor offers a fast response time of 1ms and a refresh rate of 144Hz, allowing you to enjoy a smooth gaming experience with faster image playback and lower input lag.<br \/>Premium IPS Panel: With the high-end IPS panel, the monitor further widens the viewing angle and offers a wide 178\u00b0 viewing angle, making it easy to share work or content. The IPS panel ensures accurate, vivid colors in videos and images from all viewing angles.<br \/>Powerful Connections: Equipped with two HDMI and two DP inputs, it can connect multiple devices to the monitor to multitask. FreeSync technology virtually eliminates tearing and tugging, so you can enjoy a smooth gaming experience without lagging or interrupting the picture.<br \/>Eye-Care &#038; HDR10 Compatible &#8211; Flicker-free and low blue light technologies also reduce eye fatigue during prolonged use. HDR10 support brings greater depth and contrast to your games, enhancing light and dark areas so you can capture every detail.<\/p>\n\n","protected":false},"excerpt":{"rendered":"<p> Product Description The video showcases the product in use.The video guides you through product setup.The<\/p>","protected":false},"featured_media":33982,"comment_status":"open","ping_status":"closed","template":"","meta":[],"product_brand":[],"product_cat":[53],"product_tag":[853,1804,1801,1802,1805,1803,1799,1807,1806,307,5665,201,561,1922,617,544,1925,1611,703,844,2267,1808,684,1800,2342,8662],"class_list":{"0":"post-33981","1":"product","2":"type-product","3":"status-publish","4":"has-post-thumbnail","6":"product_cat-4k-monitors","7":"product_tag-144hz","8":"product_tag-32-inch-4k-monitor","9":"product_tag-3840x2160-monitor","10":"product_tag-4k-gaming-monitor","11":"product_tag-4k-hdr-monitor","12":"product_tag-4k-ips-monitor","13":"product_tag-4k-monitor","14":"product_tag-4k-monitor-price","15":"product_tag-best-4k-monitor","16":"product_tag-black","17":"product_tag-cdm","18":"product_tag-compatible","19":"product_tag-display","20":"product_tag-freesync","21":"product_tag-gaming","22":"product_tag-hdmi","23":"product_tag-hdr10","24":"product_tag-inches","25":"product_tag-ips","26":"product_tag-monitor","27":"product_tag-mprt","28":"product_tag-professional-4k-monitor","29":"product_tag-uhd","30":"product_tag-uhd-monitor","31":"product_tag-vesa","32":"product_tag-zedge","34":"first","35":"instock","36":"shipping-taxable","37":"product-type-external"},"_links":{"self":[{"href":"https:\/\/comprasyconsejos.store\/en\/wp-json\/wp\/v2\/product\/33981","targetHints":{"allow":["GET"]}}],"collection":[{"href":"https:\/\/comprasyconsejos.store\/en\/wp-json\/wp\/v2\/product"}],"about":[{"href":"https:\/\/comprasyconsejos.store\/en\/wp-json\/wp\/v2\/types\/product"}],"replies":[{"embeddable":true,"href":"https:\/\/comprasyconsejos.store\/en\/wp-json\/wp\/v2\/comments?post=33981"}],"version-history":[{"count":0,"href":"https:\/\/comprasyconsejos.store\/en\/wp-json\/wp\/v2\/product\/33981\/revisions"}],"wp:featuredmedia":[{"embeddable":true,"href":"https:\/\/comprasyconsejos.store\/en\/wp-json\/wp\/v2\/media\/33982"}],"wp:attachment":[{"href":"https:\/\/comprasyconsejos.store\/en\/wp-json\/wp\/v2\/media?parent=33981"}],"wp:term":[{"taxonomy":"product_brand","embeddable":true,"href":"https:\/\/comprasyconsejos.store\/en\/wp-json\/wp\/v2\/product_brand?post=33981"},{"taxonomy":"product_cat","embeddable":true,"href":"https:\/\/comprasyconsejos.store\/en\/wp-json\/wp\/v2\/product_cat?post=33981"},{"taxonomy":"product_tag","embeddable":true,"href":"https:\/\/comprasyconsejos.store\/en\/wp-json\/wp\/v2\/product_tag?post=33981"}],"curies":[{"name":"wp","href":"https:\/\/api.w.org\/{rel}","templated":true}]}}