{"id":33991,"date":"2026-02-24T22:07:01","date_gmt":"2026-02-24T22:07:01","guid":{"rendered":"https:\/\/comprasyconsejos.store\/product\/gaming-monitor-27-inches-pc-computer-screen-200hz-qhd-1440p-ips-95-dci-p3-low-light-blue-light-blue-blinking-hdmi-2-1-dp-1-4\/"},"modified":"2026-02-24T22:07:12","modified_gmt":"2026-02-24T22:07:12","slug":"gaming-monitor-27-inches-pc-computer-screen-200hz-qhd-1440p-ips-95-dci-p3-low-light-blue-light-blue-blinking-hdmi-2-1-dp-1-4","status":"publish","type":"product","link":"https:\/\/comprasyconsejos.store\/en\/product\/gaming-monitor-27-inches-pc-computer-screen-200hz-qhd-1440p-ips-95-dci-p3-low-light-blue-light-blue-blinking-hdmi-2-1-dp-1-4\/","title":{"rendered":"Gaming Monitor 27 Inches, PC Computer Screen 200Hz, QHD 1440p, IPS, 95% DCI-P3, Low Light Blue, Light Blue, Blinking, HDMI 2.1 &#038; DP 1.4"},"content":{"rendered":"<p>Price: <span style=\"color:#b12704\">\u20ac219.99<\/span><br \/><i><small>(as of Feb 24, 2026 22:07:01 UTC &#8211; <span class=\"wp_automatic_amazon_disclaimer\" title=\"Product prices and availability are accurate as of the date\/time indicated and are subject to change. Any price and availability information displayed on [relevant Amazon Site(s), as applicable] at the time of purchase will apply to the purchase of this product.\">Details<\/span>)<\/small><\/i><\/p>\n<p><a href=\"https:\/\/amazon.es\/dp\/B0GCD9M3TT?tag=man008-21\"><img decoding=\"async\" src=\"https:\/\/valvepress.s3.amazonaws.com\/imgs\/buy_now.png\"><\/a><br \/>\n<\/p>\n<p>                                             Product Description   <\/p>\n<p>                                                                                                       <img decoding=\"async\" alt=\"aplus content image\" src=\"https:\/\/images-na.ssl-images-amazon.com\/images\/G\/01\/x-locale\/common\/grey-pixel.gif\" class=\"a-lazy-loaded\" data-src=\"https:\/\/m.media-amazon.com\/images\/S\/aplus-media-library-service-media\/55769b3d-603e-48b6-8b9c-e29abcd7b5fb.__CR0,0,1464,600_PT0_SX1464_V1___.jpg\"><img decoding=\"async\" alt=\"aplus content image\" src=\"https:\/\/m.media-amazon.com\/images\/S\/aplus-media-library-service-media\/55769b3d-603e-48b6-8b9c-e29abcd7b5fb.__CR0,0,1464,600_PT0_SX1464_V1___.jpg\">                                               <\/p>\n<p>                                                                                                       <img decoding=\"async\" alt=\"El texto dice \u00abGEESUNY\u00bb. Escenario oscuro o entorno de presentaci\u00f3n con iluminaci\u00f3n violeta y m\u00faltiples pantallas digitales que muestran gr\u00e1ficos coloridos.\" src=\"https:\/\/images-na.ssl-images-amazon.com\/images\/G\/01\/x-locale\/common\/grey-pixel.gif\" class=\"a-lazy-loaded\" data-src=\"https:\/\/m.media-amazon.com\/images\/S\/aplus-media-library-service-media\/16fff2a4-fd9b-4f83-8eb9-7ec977ba9bb1.__CR0,0,1464,600_PT0_SX1464_V1___.jpg\"><img decoding=\"async\" alt=\"El texto dice \u00abGEESUNY\u00bb. Escenario oscuro o entorno de presentaci\u00f3n con iluminaci\u00f3n violeta y m\u00faltiples pantallas digitales que muestran gr\u00e1ficos coloridos.\" src=\"https:\/\/m.media-amazon.com\/images\/S\/aplus-media-library-service-media\/16fff2a4-fd9b-4f83-8eb9-7ec977ba9bb1.__CR0,0,1464,600_PT0_SX1464_V1___.jpg\">                                               <\/p>\n<p>                                                                                                       <img decoding=\"async\" alt=\"aplus content image\" src=\"https:\/\/images-na.ssl-images-amazon.com\/images\/G\/01\/x-locale\/common\/grey-pixel.gif\" class=\"a-lazy-loaded\" data-src=\"https:\/\/m.media-amazon.com\/images\/S\/aplus-media-library-service-media\/c096c307-6b80-4280-af7a-d03f3b1301c1.__CR0,0,1464,600_PT0_SX1464_V1___.jpg\"><img decoding=\"async\" alt=\"aplus content image\" src=\"https:\/\/m.media-amazon.com\/images\/S\/aplus-media-library-service-media\/c096c307-6b80-4280-af7a-d03f3b1301c1.__CR0,0,1464,600_PT0_SX1464_V1___.jpg\">                                               <\/p>\n<p>                                                                                                       <img decoding=\"async\" alt=\"aplus content image\" src=\"https:\/\/images-na.ssl-images-amazon.com\/images\/G\/01\/x-locale\/common\/grey-pixel.gif\" class=\"a-lazy-loaded\" data-src=\"https:\/\/m.media-amazon.com\/images\/S\/aplus-media-library-service-media\/27788b9b-2eb4-44c8-a77d-d9dd30fa373e.__CR0,0,1464,600_PT0_SX1464_V1___.jpg\"><img decoding=\"async\" alt=\"aplus content image\" src=\"https:\/\/m.media-amazon.com\/images\/S\/aplus-media-library-service-media\/27788b9b-2eb4-44c8-a77d-d9dd30fa373e.__CR0,0,1464,600_PT0_SX1464_V1___.jpg\">                                               <\/p>\n<p>                                                                                                       <img decoding=\"async\" alt=\"aplus content image\" src=\"https:\/\/images-na.ssl-images-amazon.com\/images\/G\/01\/x-locale\/common\/grey-pixel.gif\" class=\"a-lazy-loaded\" data-src=\"https:\/\/m.media-amazon.com\/images\/S\/aplus-media-library-service-media\/0f9c4972-24d2-412c-a904-ab8529792b30.__CR0,0,1464,600_PT0_SX1464_V1___.jpg\"><img decoding=\"async\" alt=\"aplus content image\" src=\"https:\/\/m.media-amazon.com\/images\/S\/aplus-media-library-service-media\/0f9c4972-24d2-412c-a904-ab8529792b30.__CR0,0,1464,600_PT0_SX1464_V1___.jpg\">                                               <\/p>\n<p>                                                                                                       <img decoding=\"async\" alt=\"aplus content image\" src=\"https:\/\/images-na.ssl-images-amazon.com\/images\/G\/01\/x-locale\/common\/grey-pixel.gif\" class=\"a-lazy-loaded\" data-src=\"https:\/\/m.media-amazon.com\/images\/S\/aplus-media-library-service-media\/72f5e97b-6253-4998-ab66-4cae0ef37b5c.__CR0,0,1464,600_PT0_SX1464_V1___.jpg\"><img decoding=\"async\" alt=\"aplus content image\" src=\"https:\/\/m.media-amazon.com\/images\/S\/aplus-media-library-service-media\/72f5e97b-6253-4998-ab66-4cae0ef37b5c.__CR0,0,1464,600_PT0_SX1464_V1___.jpg\">                                               <\/p>\n<p>                                                                                                       <img decoding=\"async\" alt=\"aplus content image\" src=\"https:\/\/images-na.ssl-images-amazon.com\/images\/G\/01\/x-locale\/common\/grey-pixel.gif\" class=\"a-lazy-loaded\" data-src=\"https:\/\/m.media-amazon.com\/images\/S\/aplus-media-library-service-media\/2e731446-79e9-4622-a177-573e3fb96502.__CR0,0,1464,600_PT0_SX1464_V1___.jpg\"><img decoding=\"async\" alt=\"aplus content image\" src=\"https:\/\/m.media-amazon.com\/images\/S\/aplus-media-library-service-media\/2e731446-79e9-4622-a177-573e3fb96502.__CR0,0,1464,600_PT0_SX1464_V1___.jpg\">                                               <\/p>\n<p> Product Dimensions                                            \u200f                                            :                                            \u200e                                            19.58 x 61.35 x 46.58 cm; 4.3 kg   <br \/> Manufacturer                                            \u200f                                            :                                            \u200e                                            GEESUU   <br \/> ASIN                                            \u200f                                            :                                            \u200e                                            B0GCD9M3TT   <br \/> Item model number                                            \u200f                                            :                                            \u200e                                            MG270L2Q   <br \/> Country of origin                                            \u200f                                            :                                            \u200e                                            China   <br \/> Guaranteed software updates until                                            \u200f                                            :                                            \u200e                                            unknown   <br \/>  Customer reviews:                                                                                            3.9               3.9 out of 5 stars                                  (42)                                              var dpAcrHasRegisteredArcLinkClickAction;                    P.when(&#8216;A&#8217;, &#8216;ready&#8217;).execute(function(A) {                        if (dpAcrHasRegisteredArcLinkClickAction !== true) {                            dpAcrHasRegisteredArcLinkClickAction = true;                            A.declarative(                                &#8216;acrLink-click-metrics&#8217;, &#8216;click&#8217;,                                { \u00aballowLinkDefault\u00bb: true },                                function (event) {                                    if (window.ue) {                                        ue.count(\u00abacrLinkClickCount\u00bb, (ue.count(\u00abacrLinkClickCount\u00bb) || 0) + 1);                                    }                                }                            );                        }                    });                                             P.when(&#8216;A&#8217;, &#8216;cf&#8217;).execute(function(A) {                A.declarative(&#8216;acrStarsLink-click-metrics&#8217;, &#8216;click&#8217;, { \u00aballowLinkDefault\u00bb : true },  function(event){                    if(window.ue) {                        ue.count(\u00abacrStarsLinkWithPopoverClickCount\u00bb, (ue.count(\u00abacrStarsLinkWithPopoverClickCount\u00bb) || 0) + 1);                    }                });            });                          <\/p>\n<p>\u301027 Inch Elite Gaming Screen\u3011Gaming monitor 27 inch 200Hz QHD (2560\u00d71440) delivers crisp and vivid images for an immersive experience<br \/>\u3010Color Accuracy\u3011The IPS monitor with 95% DCI-P3 offers cinematic color reproduction, ideal for content creation and immersive gaming<br \/>\u30101M Quick Response\u301127-inch gaming monitor with 1ms eliminates blur and ghosting in fast action sequences<br \/>\u3010Increased Visual Comfort\u3011Flicker-free technology and low blue light modes reduce eyestrain during marathon sessions on this computer monitor<br \/>\u3010Reasonable Interface\u3011Equipped with 2x HDMI 2.1 + 2x DP 1.4 + audio output, this 200Hz monitor 27 inch 1440p monitor perfectly to PC and consoles<\/p>\n\n","protected":false},"excerpt":{"rendered":"<p> Product Description Product Dimensions \u200f : \u200e 19.58 x 61.35 x 46.58 cm; 4.3 kg<\/p>","protected":false},"featured_media":33992,"comment_status":"open","ping_status":"closed","template":"","meta":[],"product_brand":[],"product_cat":[52,54],"product_tag":[1295,1817,1822,3639,1819,1821,1816,1824,1823,5981,367,539,1825,1305,617,544,1611,703,1820,248,844,1243,1818,842],"class_list":{"0":"post-33991","1":"product","2":"type-product","3":"status-publish","4":"has-post-thumbnail","6":"product_cat-2k-monitors","7":"product_cat-curved-monitors","8":"product_tag-1440p","9":"product_tag-1440p-monitor","10":"product_tag-144hz-2k-monitor","11":"product_tag-200hz","12":"product_tag-27-inch-2k-monitor","13":"product_tag-2k-gaming-monitor","14":"product_tag-2k-monitor","15":"product_tag-2k-monitor-price","16":"product_tag-best-2k-monitor","17":"product_tag-blinking","18":"product_tag-blue","19":"product_tag-computer","20":"product_tag-curved-2k-monitor","21":"product_tag-dcip3","22":"product_tag-gaming","23":"product_tag-hdmi","24":"product_tag-inches","25":"product_tag-ips","26":"product_tag-ips-2k-monitor","27":"product_tag-light","28":"product_tag-monitor","29":"product_tag-qhd","30":"product_tag-qhd-monitor","31":"product_tag-screen","33":"first","34":"instock","35":"shipping-taxable","36":"product-type-external"},"_links":{"self":[{"href":"https:\/\/comprasyconsejos.store\/en\/wp-json\/wp\/v2\/product\/33991","targetHints":{"allow":["GET"]}}],"collection":[{"href":"https:\/\/comprasyconsejos.store\/en\/wp-json\/wp\/v2\/product"}],"about":[{"href":"https:\/\/comprasyconsejos.store\/en\/wp-json\/wp\/v2\/types\/product"}],"replies":[{"embeddable":true,"href":"https:\/\/comprasyconsejos.store\/en\/wp-json\/wp\/v2\/comments?post=33991"}],"version-history":[{"count":0,"href":"https:\/\/comprasyconsejos.store\/en\/wp-json\/wp\/v2\/product\/33991\/revisions"}],"wp:featuredmedia":[{"embeddable":true,"href":"https:\/\/comprasyconsejos.store\/en\/wp-json\/wp\/v2\/media\/33992"}],"wp:attachment":[{"href":"https:\/\/comprasyconsejos.store\/en\/wp-json\/wp\/v2\/media?parent=33991"}],"wp:term":[{"taxonomy":"product_brand","embeddable":true,"href":"https:\/\/comprasyconsejos.store\/en\/wp-json\/wp\/v2\/product_brand?post=33991"},{"taxonomy":"product_cat","embeddable":true,"href":"https:\/\/comprasyconsejos.store\/en\/wp-json\/wp\/v2\/product_cat?post=33991"},{"taxonomy":"product_tag","embeddable":true,"href":"https:\/\/comprasyconsejos.store\/en\/wp-json\/wp\/v2\/product_tag?post=33991"}],"curies":[{"name":"wp","href":"https:\/\/api.w.org\/{rel}","templated":true}]}}