{"id":34000,"date":"2026-02-24T22:09:07","date_gmt":"2026-02-24T22:09:07","guid":{"rendered":"https:\/\/comprasyconsejos.store\/product\/amzchef-600ml-portable-blender-digital-display-and-bpa-free-tumbler-mini-blender-with-6-blades-usb-c-fast-charging-for-shakes-smoothies-protein-powders-black\/"},"modified":"2026-02-24T22:09:19","modified_gmt":"2026-02-24T22:09:19","slug":"amzchef-600ml-portable-blender-digital-display-and-bpa-free-tumbler-mini-blender-with-6-blades-usb-c-fast-charging-for-shakes-smoothies-protein-powders-black","status":"publish","type":"product","link":"https:\/\/comprasyconsejos.store\/en\/product\/amzchef-600ml-portable-blender-digital-display-and-bpa-free-tumbler-mini-blender-with-6-blades-usb-c-fast-charging-for-shakes-smoothies-protein-powders-black\/","title":{"rendered":"AMZCHEF 600ML Portable Blender, Digital Display and BPA Free Tumbler, Mini Blender with 6 Blades, USB-C Fast Charging for Shakes\/Smoothies\/Protein Powders &#8211; Black"},"content":{"rendered":"<p>Price: <span style=\"color:#b12704\">\u20ac37.99<\/span><br \/><i><small>(as of Feb 24, 2026 22:09:07 UTC &#8211; <span class=\"wp_automatic_amazon_disclaimer\" title=\"Product prices and availability are accurate as of the date\/time indicated and are subject to change. Any price and availability information displayed on [relevant Amazon Site(s), as applicable] at the time of purchase will apply to the purchase of this product.\">Details<\/span>)<\/small><\/i><\/p>\n<p><a href=\"https:\/\/amazon.es\/dp\/B0FD7FPDFN?tag=man008-21\"><img decoding=\"async\" src=\"https:\/\/valvepress.s3.amazonaws.com\/imgs\/buy_now.png\"><\/a><br \/>\n<\/p>\n<p>                                             Product Description   <\/p>\n<p>The video showcases the product in use.The video guides you through product setup.The video compares multiple products.The video shows the product being unpacked. Batidora port\u00e1til AMZCHEF 600 ml Merchant video<\/p>\n<p>                                                                     Batidora port\u00e1til AMZCHEF 600 ml                                            <img decoding=\"async\" alt=\"El texto dice \u00abAMZCHEF\u00bb y \u00ab\u00a1Potencia imparable en cualquier lugar!\u00bb. Exhibici\u00f3n de productos con batidora o procesador de alimentos en varios escenarios de uso con ingredientes.\" src=\"https:\/\/images-na.ssl-images-amazon.com\/images\/G\/01\/x-locale\/common\/grey-pixel.gif\" class=\"a-lazy-loaded\" data-src=\"https:\/\/m.media-amazon.com\/images\/S\/aplus-media-library-service-media\/02d27428-e50b-4899-b006-1f5045165dc6.__CR0,0,1464,600_PT0_SX1464_V1___.jpg\"><img decoding=\"async\" alt=\"El texto dice \u00abAMZCHEF\u00bb y \u00ab\u00a1Potencia imparable en cualquier lugar!\u00bb. Exhibici\u00f3n de productos con batidora o procesador de alimentos en varios escenarios de uso con ingredientes.\" src=\"https:\/\/m.media-amazon.com\/images\/S\/aplus-media-library-service-media\/02d27428-e50b-4899-b006-1f5045165dc6.__CR0,0,1464,600_PT0_SX1464_V1___.jpg\">                                               <\/p>\n<p>                                                                                  <img decoding=\"async\" alt=\"El texto dice \u00abTECNOLOG\u00cdA POWER BLENDING\u00bb. Imagen instructiva de tres pasos que muestra el uso de la batidora port\u00e1til: cargar, agregar ingredientes y mezclar.\" src=\"https:\/\/m.media-amazon.com\/images\/S\/aplus-media-library-service-media\/ba796772-7665-43a9-b2ba-b84c4bb87408.__CR0,0,1464,600_PT0_SX1464_V1___.jpg\">       <\/p>\n<p>                                                                                  <img decoding=\"async\" alt=\"El texto dice \u00abCARGA EN CUALQUIER MOMENTO Y LUGAR\u00bb. Varias im\u00e1genes que muestran un dispositivo port\u00e1til carg\u00e1ndose, con gr\u00e1ficos descriptivos e indicadores de medici\u00f3n.\" src=\"https:\/\/m.media-amazon.com\/images\/S\/aplus-media-library-service-media\/28cdf4f9-b235-4f98-9048-dddc50c34d2c.__CR0,0,1464,600_PT0_SX1464_V1___.jpg\">       <\/p>\n<p>                                                                                                                <img decoding=\"async\" alt=\"El texto dice \u00abCAPACIDAD 600 ML\u00bb. Im\u00e1genes de demostraci\u00f3n del producto que muestran una batidora o batidora con batidos rosados en vasos.\" src=\"https:\/\/m.media-amazon.com\/images\/S\/aplus-media-library-service-media\/57bfad54-8242-4f04-b1b0-82bec2764a83.__CR0,0,1464,600_PT0_SX1464_V1___.jpg\">                                                    <img decoding=\"async\" alt=\"El texto dice \u00abVASO DE IDENTIDAD DOBLE 2 EN 1\u00bb. Imagen promocional del producto que muestra recipientes y accesorios met\u00e1licos en un arreglo de collage te\u00f1ido de verde azulado.\" src=\"https:\/\/m.media-amazon.com\/images\/S\/aplus-media-library-service-media\/0e49eed4-664f-41a6-b34e-d3636b33fbe6.__CR0,0,1464,600_PT0_SX1464_V1___.jpg\">                                                    <img decoding=\"async\" alt=\"El texto dice \u00abF\u00c1CIL DE LIMPIAR\u00bb. Demostraci\u00f3n detallada del producto que muestra la funci\u00f3n de limpieza de superficies resistentes al agua.\" src=\"https:\/\/m.media-amazon.com\/images\/S\/aplus-media-library-service-media\/4cce0877-2748-4173-9094-d65627c93e5c.__CR0,0,1464,600_PT0_SX1464_V1___.jpg\"><br \/>\n                            1 600ML <\/p>\n<p>                            2 2-IN-1 <\/p>\n<p>                            3 IPX6 <\/p>\n<p>                                                                                                       <img decoding=\"async\" alt=\"aplus content image\" src=\"https:\/\/images-na.ssl-images-amazon.com\/images\/G\/01\/x-locale\/common\/grey-pixel.gif\" class=\"a-lazy-loaded\" data-src=\"https:\/\/m.media-amazon.com\/images\/S\/aplus-media-library-service-media\/fa04b461-c6ae-4282-8a71-d839c9600434.__CR0,0,1464,600_PT0_SX1464_V1___.jpg\"><img decoding=\"async\" alt=\"aplus content image\" src=\"https:\/\/m.media-amazon.com\/images\/S\/aplus-media-library-service-media\/fa04b461-c6ae-4282-8a71-d839c9600434.__CR0,0,1464,600_PT0_SX1464_V1___.jpg\">                                               <\/p>\n<p>                                                                                <img decoding=\"async\" alt=\"Fotograf\u00edas del interior del veh\u00edculo que muestran un \u00e1rea de portavasos, con lo que parece ser una bebida de color rosa en un recipiente.\" src=\"https:\/\/m.media-amazon.com\/images\/S\/aplus-media-library-service-media\/24830ff8-6485-4781-8c93-a5fa91ad4a48.__CR0,0,1464,600_PT0_SX1464_V1___.jpg\">                                                    <img decoding=\"async\" alt=\"Escenas de entornos de oficina que muestran a personas trabajando en escritorios con computadoras y monitores en un entorno de espacio de trabajo moderno.\" src=\"https:\/\/m.media-amazon.com\/images\/S\/aplus-media-library-service-media\/a5f35170-5d84-4819-a7ca-f8167c02c14c.__CR0,0,1464,600_PT0_SX1464_V1___.jpg\">                                                    <img decoding=\"async\" alt=\"Escenas de actividad atl\u00e9tica que muestran a una persona bebiendo de una botella de agua mientras anda en bicicleta al aire libre con el bosque y el cielo como tel\u00f3n de fondo.\" src=\"https:\/\/m.media-amazon.com\/images\/S\/aplus-media-library-service-media\/7640ee84-77ef-4b47-83e4-e38d866ce51c.__CR0,0,1464,600_PT0_SX1464_V1___.jpg\">                                                    <img decoding=\"async\" alt=\"Varias personas beben de botellas de agua blanca en lo que parece ser un gimnasio o entorno de acondicionamiento f\u00edsico. Muestra diferentes \u00e1ngulos de personas que se hidratan durante el entrenamiento.\" src=\"https:\/\/m.media-amazon.com\/images\/S\/aplus-media-library-service-media\/64fede6b-0b09-4142-a044-297f8bac8ec9.__CR0,0,1464,600_PT0_SX1464_V1___.jpg\">                   <\/p>\n<p>                       1 Automoci\u00f3n          2 Oficina          3 Exterior          4 Gimnasio                  <\/p>\n<h3>\n<p class=\"aplus-question aplus-p1\"> \u00bfCarga inicial? \u00bfAlmacenamiento? <\/p>\n<\/h3>\n<p class=\"aplus-answer aplus-p2\"> Cargue antes del primer uso. Si no lo usa 2-3 meses, recargue. Bater\u00eda baja afecta rendimiento. <\/p>\n<h3>\n<p class=\"aplus-question aplus-p1\"> \u00bfProporci\u00f3n comida\/agua? \u00bfCuchilla atascada? <\/p>\n<\/h3>\n<p class=\"aplus-answer aplus-p2\"> Proporci\u00f3n 2:3 (ej:200g comida+300ml agua). Cortar cubos 1,5cm. Exceder MAX atasca cuchilla. <\/p>\n<h3>\n<p class=\"aplus-question aplus-p1\"> \u00bfDuraci\u00f3n bater\u00eda? \u00bfBatidos\/carga? \u00bfCarga r\u00e1pida? <\/p>\n<\/h3>\n<p class=\"aplus-answer aplus-p2\"> Bater\u00eda 6000mAh = 15 batidos\/carga. Carga r\u00e1pida USB-C: 0-100% en 2h. <\/p>\n<h3>\n<p class=\"aplus-question aplus-p1\"> \u00bfAntiderrames?  \u00bfBeber directo? <\/p>\n<\/h3>\n<p class=\"aplus-answer aplus-p2\"> Tapa 100% antiderrames. Port\u00e1til con pico. Base reforzada. <\/p>\n<p>\u3010AMZCHEF Portable Blender\u3011With a streamlined and portable design, it can be easily stored in a backpack, car cup holder or gym bag. The ergonomic curves and non-slip design of the AMZCHEF portable blender make it easy to transport anywhere, whether it&#8217;s to the office, gym, park or on a long trip. It is the perfect companion for your healthy lifestyle.<br \/>\u3010Powerful Cup Blender\u3011The powerful mixer with 120W motor is equipped with 6 blades, making it easy to prepare smoothies, protein shakes, juices and meal replacements. The 6 stainless steel blades allow you to achieve a smooth, coffee-shop quality texture at home with a mini blender.<br \/>\u3010600ML 2-in-1 Mini Blender\u3011 Its large capacity design (600ml) is ideal for sharing or individual use. Its 2-in-1 design includes a drinking lid and removable bottom lid, and its double-layer leak-proof design makes it possible to turn the mini portable tumbler blender instantly into a stylish leak-proof travel mug.<br \/>\u3010Digital Display &#038; Long Battery Life\u3011 The digital display clearly shows the battery level and mode status of the mini portable whisk. The 6000mAh high-capacity battery can be fully recharged in just 2 hours via the USB-C port (compatible with laptops, cars and power banks) and provides enough power for 15 beating cycles on a single charge.<br \/>\u3010Safe and Easy to Clean\u3011 The cup body is made of food-grade and BPA-free PETG material, which is very sturdy and impact resistant, ensuring its safety and durability. IPX6 waterproof base can withstand rinsing and outdoor environments, making the mini mixer suitable for camping or outing. Cleaning is a breeze: just add soap and water and press the start button to activate a 30-second automatic cleaning cycle.<br \/>*For optimal battery performance, we recommend using the blender at least once a week. If it is not used for a long period (>1-2 weeks), completely discharge the battery and recharge it.<br \/>*Note: il prodotto non include un alimentatore. Use a compatible USB power supply for 5 V\/2 A. *Do not use liquidi with a temperature exceeding 50\u00b0C.<\/p>\n\n","protected":false},"excerpt":{"rendered":"<p> Product Description The video showcases the product in use.The video guides you through product setup.The<\/p>","protected":false},"featured_media":34001,"comment_status":"open","ping_status":"closed","template":"","meta":[],"product_brand":[],"product_cat":[82],"product_tag":[9703,1838,9702,307,3976,3205,2536,138,1865,561,137,2537,1839,1830,1833,1831,1836,215,290,9706,1835,9705,1832,9704,188,1837,1834],"class_list":{"0":"post-34000","1":"product","2":"type-product","3":"status-publish","4":"has-post-thumbnail","6":"product_cat-home-appliance","7":"product_tag-600ml","8":"product_tag-air-conditioners","9":"product_tag-amzchef","10":"product_tag-black","11":"product_tag-blades","12":"product_tag-blender","13":"product_tag-bpa","14":"product_tag-charging","15":"product_tag-digital","16":"product_tag-display","17":"product_tag-fast","18":"product_tag-free","19":"product_tag-home-appliance-deals","20":"product_tag-home-appliances","21":"product_tag-home-electronics","22":"product_tag-kitchen-appliances","23":"product_tag-microwave-ovens","24":"product_tag-mini","25":"product_tag-portable","26":"product_tag-powders","27":"product_tag-refrigerators","28":"product_tag-shakessmoothiesprotein","29":"product_tag-small-home-appliances","30":"product_tag-tumbler","31":"product_tag-usbc","32":"product_tag-vacuum-cleaners","33":"product_tag-washing-machines","35":"first","36":"instock","37":"shipping-taxable","38":"product-type-external"},"_links":{"self":[{"href":"https:\/\/comprasyconsejos.store\/en\/wp-json\/wp\/v2\/product\/34000","targetHints":{"allow":["GET"]}}],"collection":[{"href":"https:\/\/comprasyconsejos.store\/en\/wp-json\/wp\/v2\/product"}],"about":[{"href":"https:\/\/comprasyconsejos.store\/en\/wp-json\/wp\/v2\/types\/product"}],"replies":[{"embeddable":true,"href":"https:\/\/comprasyconsejos.store\/en\/wp-json\/wp\/v2\/comments?post=34000"}],"version-history":[{"count":0,"href":"https:\/\/comprasyconsejos.store\/en\/wp-json\/wp\/v2\/product\/34000\/revisions"}],"wp:featuredmedia":[{"embeddable":true,"href":"https:\/\/comprasyconsejos.store\/en\/wp-json\/wp\/v2\/media\/34001"}],"wp:attachment":[{"href":"https:\/\/comprasyconsejos.store\/en\/wp-json\/wp\/v2\/media?parent=34000"}],"wp:term":[{"taxonomy":"product_brand","embeddable":true,"href":"https:\/\/comprasyconsejos.store\/en\/wp-json\/wp\/v2\/product_brand?post=34000"},{"taxonomy":"product_cat","embeddable":true,"href":"https:\/\/comprasyconsejos.store\/en\/wp-json\/wp\/v2\/product_cat?post=34000"},{"taxonomy":"product_tag","embeddable":true,"href":"https:\/\/comprasyconsejos.store\/en\/wp-json\/wp\/v2\/product_tag?post=34000"}],"curies":[{"name":"wp","href":"https:\/\/api.w.org\/{rel}","templated":true}]}}