{"id":34081,"date":"2026-02-25T00:13:50","date_gmt":"2026-02-25T00:13:50","guid":{"rendered":"https:\/\/comprasyconsejos.store\/product\/monodeal-bone-conduction-headphones-with-microphone-bluetooth-5-3-open-ear-open-earphones-with-noise-cancelling-boom-microphone-for-work-driving-home-office\/"},"modified":"2026-02-25T00:13:55","modified_gmt":"2026-02-25T00:13:55","slug":"monodeal-bone-conduction-headphones-with-microphone-bluetooth-5-3-open-ear-open-earphones-with-noise-cancelling-boom-microphone-for-work-driving-home-office","status":"publish","type":"product","link":"https:\/\/comprasyconsejos.store\/en\/product\/monodeal-bone-conduction-headphones-with-microphone-bluetooth-5-3-open-ear-open-earphones-with-noise-cancelling-boom-microphone-for-work-driving-home-office\/","title":{"rendered":"MONODEAL Bone Conduction Headphones with Microphone, Bluetooth 5.3 Open-Ear Open Earphones with Noise Cancelling Boom Microphone for Work, Driving, Home Office"},"content":{"rendered":"<p>Price: <span style=\"color:#b12704\">\u20ac79.99<\/span><br \/><i><small>(as of Feb 25, 2026 00:13:50 UTC &#8211; <span class=\"wp_automatic_amazon_disclaimer\" title=\"Product prices and availability are accurate as of the date\/time indicated and are subject to change. Any price and availability information displayed on [relevant Amazon Site(s), as applicable] at the time of purchase will apply to the purchase of this product.\">Details<\/span>)<\/small><\/i><\/p>\n<p><a href=\"https:\/\/amazon.es\/dp\/B0DR2DM8CM?tag=man008-21\"><img decoding=\"async\" src=\"https:\/\/valvepress.s3.amazonaws.com\/imgs\/buy_now.png\"><\/a><br \/>\n<\/p>\n<p>                                             Product Description   <\/p>\n<p>                                                                     Auriculares Conducci\u00f3n \u00f3sea con Micr\u00f3fono                                            <img decoding=\"async\" alt=\"de o\u00eddo abierto anunciados para 2025. Las caracter\u00edsticas incluyen Bluetooth 5.3, conducci\u00f3n \u00f3sea y control por voz, que se muestran en uso en un entorno de oficina\" src=\"https:\/\/images-na.ssl-images-amazon.com\/images\/G\/01\/x-locale\/common\/grey-pixel.gif\" class=\"a-lazy-loaded\" data-src=\"https:\/\/m.media-amazon.com\/images\/S\/aplus-media-library-service-media\/6c465df1-db6a-4aca-9eef-83037bac0ba8.__CR0,0,1464,600_PT0_SX1464_V1___.jpg\"><img decoding=\"async\" alt=\"de o\u00eddo abierto anunciados para 2025. Las caracter\u00edsticas incluyen Bluetooth 5.3, conducci\u00f3n \u00f3sea y control por voz, que se muestran en uso en un entorno de oficina\" src=\"https:\/\/m.media-amazon.com\/images\/S\/aplus-media-library-service-media\/6c465df1-db6a-4aca-9eef-83037bac0ba8.__CR0,0,1464,600_PT0_SX1464_V1___.jpg\">                                               <\/p>\n<p>                                                                                                               Auriculares Conducci\u00f3n \u00f3sea con Micr\u00f3fono<br \/>\n                                                                                     <img decoding=\"async\" alt=\"una persona sentada en un escritorio con un port\u00e1til y papeles\" src=\"https:\/\/m.media-amazon.com\/images\/S\/aplus-media-library-service-media\/6a1cbc6c-919f-4c07-b891-b6f60c9da65a.__CR0,0,1464,600_PT0_SX1464_V1___.jpg\">                                                    Comodidad de o\u00eddo abierto                                         <\/p>\n<p class=\"aplus-p3\"> A diferencia de los auriculares tradicionales que cubren las orejas, el dise\u00f1o de o\u00eddo abierto garantiza que nada entre ni cubra las orejas para una comodidad durante todo el d\u00eda <\/p>\n<p>                                                                                        <img decoding=\"async\" alt=\"una persona sentada en un escritorio con un ordenador y una videoconferencia en la pantalla.\" src=\"https:\/\/m.media-amazon.com\/images\/S\/aplus-media-library-service-media\/17f028aa-71fd-49c1-b830-a1aa3bcdf109.__CR0,0,1464,600_PT0_SX1464_V1___.jpg\">                                                    Optimice su experiencia en la oficina en casa                                         <\/p>\n<p class=\"aplus-p3\"> Calidad de llamada excepcional. Compatible con computadoras. <\/p>\n<p class=\"aplus-p3\"> Aumente su productividad con la comodidad de un auricular abierto y una conexi\u00f3n estable. <\/p>\n<p>                                                                                        <img decoding=\"async\" alt=\"un hombre de traje conduciendo un coche\" src=\"https:\/\/m.media-amazon.com\/images\/S\/aplus-media-library-service-media\/35fac4ba-814a-45a9-aaea-006ed7d01111.__CR0,0,1464,600_PT0_SX1464_V1___.jpg\">                                                    Conciencia situacional y conexi\u00f3n                                         <\/p>\n<p class=\"aplus-p3\"> Conciencia situacional y conexi\u00f3n <\/p>\n<p class=\"aplus-p3\"> El dise\u00f1o de o\u00eddo abierto le permite mantenerse conectado con su entorno y reaccionar ante personas o cosas, y es f\u00e1cil de controlar y comunicarse con claridad. <\/p>\n<p>                                                                                                                    <img decoding=\"async\" alt=\"un par de auriculares con una onda de sonido de fondo\" src=\"https:\/\/m.media-amazon.com\/images\/S\/aplus-media-library-service-media\/8dea418b-fa7a-4b57-a45c-e4ebf1b252c2.__CR0,0,1464,600_PT0_SX1464_V1___.jpg\">                                                                                           Nacido para comunicarse                                       <\/p>\n<p class=\"description aplus-p1\"> La tecnolog\u00eda de reducci\u00f3n de ruido ENC dual puede bloquear el 90 % del ruido ambiental. <\/p>\n<p>                                                      <img decoding=\"async\" alt=\"un primer plano de la cabeza de una persona con un micr\u00f3fono\" src=\"https:\/\/m.media-amazon.com\/images\/S\/aplus-media-library-service-media\/e961b408-2165-4c29-8162-781db393c543.__CR0,0,1464,600_PT0_SX1464_V1___.jpg\">                                                                                           Dise\u00f1o de o\u00eddo abierto                                       <\/p>\n<p class=\"description aplus-p1\"> Te permite escuchar el mundo exterior incluso cuando usas auriculares al aire libre <\/p>\n<p>                                                      <img decoding=\"async\" alt=\"un par de auriculares bluetooth con un port\u00e1til de fondo.\" src=\"https:\/\/m.media-amazon.com\/images\/S\/aplus-media-library-service-media\/9aadf841-8986-4c89-97ae-c535f41795d8.__CR0,0,1464,600_PT0_SX1464_V1___.jpg\">                                                                                           Compatibilidad con la conexi\u00f3n de dos dispositivos                                       <\/p>\n<p class=\"description aplus-p1\"> Se puede conectar a dos dispositivos al mismo tiempo para mejorar la eficiencia del trabajo <\/p>\n<p>                                                      <img decoding=\"async\" alt=\"una gu\u00eda sencilla para hacer un cuchillo de cocina\" src=\"https:\/\/m.media-amazon.com\/images\/S\/aplus-media-library-service-media\/a6a966e9-5a37-4e86-a218-e8d752a4f85b.__CR0,0,1464,600_PT0_SX1464_V1___.jpg\">                                                                                           Auriculares profesionales con micr\u00f3fono                                       <\/p>\n<p class=\"description aplus-p1\"> Adecuados para uso en oficinas m\u00f3viles, logran una comunicaci\u00f3n de alta calidad <\/p>\n<p>                                                      <img decoding=\"async\" alt=\"8\" src=\"https:\/\/m.media-amazon.com\/images\/S\/aplus-media-library-service-media\/6f3cc2ff-568c-474e-974c-4fc66fe57b38.__CR0,0,1464,600_PT0_SX1464_V1___.jpg\"><br \/>\n                            1 Micr\u00f3fono Boom <\/p>\n<p>                            2 Dise\u00f1o de o\u00eddo abierto <\/p>\n<p>                            3 Emparejamiento multipunto <\/p>\n<p>                            4 Micr\u00f3fono giratorio <\/p>\n<p>                            5 C\u00f3mo configurar <\/p>\n<p>                                                                                              <img decoding=\"async\" alt=\"un primer plano de la parte delantera del faro del veh\u00edculo\" src=\"https:\/\/images-na.ssl-images-amazon.com\/images\/G\/01\/x-locale\/common\/grey-pixel.gif\" class=\"a-lazy-loaded\" data-src=\"https:\/\/m.media-amazon.com\/images\/S\/aplus-media-library-service-media\/5fe22678-7717-471a-b4fe-7c72064a2906.__CR0,0,650,350_PT0_SX650_V1___.jpg\"><img decoding=\"async\" alt=\"un primer plano de la parte delantera del faro del veh\u00edculo\" src=\"https:\/\/m.media-amazon.com\/images\/S\/aplus-media-library-service-media\/5fe22678-7717-471a-b4fe-7c72064a2906.__CR0,0,650,350_PT0_SX650_V1___.jpg\">                                            Chip Bluetooth V5.3                                         <\/p>\n<p class=\"aplus-p3\"> Adopta el \u00faltimo chip Bluetooth V5.3, que tiene una mayor potencia de procesamiento, una estabilidad de conexi\u00f3n muy mejorada y sin latencia. <\/p>\n<p>                                           <img decoding=\"async\" alt=\"la luz es un poco m\u00e1s que un poco m\u00e1s que un poco m\u00e1s.\" src=\"https:\/\/images-na.ssl-images-amazon.com\/images\/G\/01\/x-locale\/common\/grey-pixel.gif\" class=\"a-lazy-loaded\" data-src=\"https:\/\/m.media-amazon.com\/images\/S\/aplus-media-library-service-media\/4e80a1c3-5cdd-4ed3-b54a-2f0391ff2e8b.__CR0,0,650,350_PT0_SX650_V1___.jpg\"><img decoding=\"async\" alt=\"la luz es un poco m\u00e1s que un poco m\u00e1s que un poco m\u00e1s.\" src=\"https:\/\/m.media-amazon.com\/images\/S\/aplus-media-library-service-media\/4e80a1c3-5cdd-4ed3-b54a-2f0391ff2e8b.__CR0,0,650,350_PT0_SX650_V1___.jpg\">                                            Bater\u00eda de larga duraci\u00f3n                                         <\/p>\n<p class=\"aplus-p3\"> Con 8 horas de duraci\u00f3n de bater\u00eda, puedes disfrutar de tu m\u00fasica todo el d\u00eda <\/p>\n<p>                                                                                              <img decoding=\"async\" alt=\"el nuevo carrito de golf est\u00e1 dise\u00f1ado para ser una m\u00e1quina inteligente, compacta y funcional\" src=\"https:\/\/images-na.ssl-images-amazon.com\/images\/G\/01\/x-locale\/common\/grey-pixel.gif\" class=\"a-lazy-loaded\" data-src=\"https:\/\/m.media-amazon.com\/images\/S\/aplus-media-library-service-media\/52a6b66c-4015-48d5-a3b0-d970f9d86db9.__CR0,0,650,350_PT0_SX650_V1___.jpg\"><img decoding=\"async\" alt=\"el nuevo carrito de golf est\u00e1 dise\u00f1ado para ser una m\u00e1quina inteligente, compacta y funcional\" src=\"https:\/\/m.media-amazon.com\/images\/S\/aplus-media-library-service-media\/52a6b66c-4015-48d5-a3b0-d970f9d86db9.__CR0,0,650,350_PT0_SX650_V1___.jpg\">                                            Carga magn\u00e9tica                                         <\/p>\n<p class=\"aplus-p3\"> Cargue r\u00e1pidamente los auriculares de conducci\u00f3n \u00f3sea; una carga completa solo demora 2 horas <\/p>\n<p>                                           <img decoding=\"async\" alt=\"un par de auriculares sobre un escritorio.\" src=\"https:\/\/images-na.ssl-images-amazon.com\/images\/G\/01\/x-locale\/common\/grey-pixel.gif\" class=\"a-lazy-loaded\" data-src=\"https:\/\/m.media-amazon.com\/images\/S\/aplus-media-library-service-media\/8da92ba8-3db0-43d1-9c8f-15ed8be87760.__CR0,0,650,350_PT0_SX650_V1___.jpg\"><img decoding=\"async\" alt=\"un par de auriculares sobre un escritorio.\" src=\"https:\/\/m.media-amazon.com\/images\/S\/aplus-media-library-service-media\/8da92ba8-3db0-43d1-9c8f-15ed8be87760.__CR0,0,650,350_PT0_SX650_V1___.jpg\">                                            Contenido del paquete                                         <\/p>\n<p class=\"aplus-p3\"> Auriculares de conducci\u00f3n \u00f3sea DG10Pro x1 <\/p>\n<p class=\"aplus-p3\"> Cable de carga magn\u00e9tico x1 <\/p>\n<p class=\"aplus-p3\"> Auriculares x1 <\/p>\n<p class=\"aplus-p3\"> Manual de usuario en varios idiomas x1 <\/p>\n<h3>\n<p class=\"aplus-question aplus-p1\"> \u00bfPueden otros escuchar tu m\u00fasica o tus llamadas? <\/p>\n<\/h3>\n<p class=\"aplus-answer aplus-p2\"> No, el DG10Pro utiliza tecnolog\u00eda de conducci\u00f3n \u00f3sea para enviar vibraciones a tu o\u00eddo interno, lo que permite que tus t\u00edmpanos se abran a tu entorno y, aun as\u00ed, ofrece una experiencia de escucha privada. <\/p>\n<h3>\n<p class=\"aplus-question aplus-p1\"> \u00bfHay un bot\u00f3n de silencio? <\/p>\n<\/h3>\n<p class=\"aplus-answer aplus-p2\"> Hola amigo, el auricular no tiene bot\u00f3n de silencio. Si deseas silenciar el sonido, hazlo en tu dispositivo. <\/p>\n<h3>\n<p class=\"aplus-question aplus-p1\"> \u00bfEl micr\u00f3fono de brazo es desmontable? <\/p>\n<\/h3>\n<p class=\"aplus-answer aplus-p2\"> No, es ajustable pero no desmontable. <\/p>\n<h3>\n<p class=\"aplus-question aplus-p1\"> \u00bfSe puede conectar a dos dispositivos al mismo tiempo? <\/p>\n<\/h3>\n<p class=\"aplus-answer aplus-p2\"> El DG10Pro admite el emparejamiento multipunto, lo que permite a los usuarios conectarse a dos dispositivos al mismo tiempo. <\/p>\n<p> Batteries                                            \u200f                                            :                                            \u200e                                            1 A batteries required. (included)   <br \/> Package Dimensions                                            \u200f                                            :                                            \u200e                                            14.6 x 10.7 x 5.4 cm; 170 g   <br \/> Manufacturer                                            \u200f                                            :                                            \u200e                                            MONODEAL   <br \/> ASIN                                            \u200f                                            :                                            \u200e                                            B0DR2DM8CM   <br \/> Item model number                                            \u200f                                            :                                            \u200e                                            Knochenschall Kopfh\u00f6rer mit Mikrofon   <br \/> Country\/Region of Origin                                            \u200f                                            :                                            \u200e                                            China   <br \/> Guaranteed software updates until                                            \u200f                                            :                                            \u200e                                            unknown   <br \/>  Customer reviews:                                                                                            4.2               4.2 out of 5 stars                                  (67)                                              var dpAcrHasRegisteredArcLinkClickAction;                    P.when(&#8216;A&#8217;, &#8216;ready&#8217;).execute(function(A) {                        if (dpAcrHasRegisteredArcLinkClickAction !== true) {                            dpAcrHasRegisteredArcLinkClickAction = true;                            A.declarative(                                &#8216;acrLink-click-metrics&#8217;, &#8216;click&#8217;,                                { \u00aballowLinkDefault\u00bb: true },                                function (event) {                                    if (window.ue) {                                        ue.count(\u00abacrLinkClickCount\u00bb, (ue.count(\u00abacrLinkClickCount\u00bb) || 0) + 1);                                    }                                }                            );                        }                    });                                             P.when(&#8216;A&#8217;, &#8216;cf&#8217;).execute(function(A) {                A.declarative(&#8216;acrStarsLink-click-metrics&#8217;, &#8216;click&#8217;, { \u00aballowLinkDefault\u00bb : true },  function(event){                    if(window.ue) {                        ue.count(\u00abacrStarsLinkWithPopoverClickCount\u00bb, (ue.count(\u00abacrStarsLinkWithPopoverClickCount\u00bb) || 0) + 1);                    }                });            });                          <\/p>\n<p>COMFORT AND DURABILITY &#8211; This bluetooth headset with microphone weighs only 33g. The soft silicone pads soft to the skin and ergonomic design make you barely feel it on your head. The aluminum alloy back of bone earphones is strong and durable, tight close to the back of the ear which is stable without moving or falling off, give your ears a comfortable wearing experience.<br \/>\u3010Dual Microphone ENC Noise Cancellation\u3011With ENC noise reduction and adjustable boom microphone, our bone conduction wireless headphones can pick up your voice exactly and block the noise from the environment, the call is still clear in noisy environments, which improves communication efficiency. It is perfect to use in a variety of settings, such as work, driving, online courses, home and office<br \/>\u3010Bluetooth 5.3 &#038; Multi-Point Pairing\u3011Our wireless headphones with microphone adopt the Bluetooth 5.3 chip, which makes it easy to connect to different computers and phones. The signal transmission speed is faster, the connection is more stable, without delay. The headset can be connected to two devices at the same time and offer convenient switching capabilities to achieve a seamless connection and improve work efficiency<br \/>Safety and hygiene: The bone conduction bluetooth headphones with open ear design allows you to keep abreast of the surroundings and avoid potential dangers on the road when listening to music, providing safety. And since bone induction bluetooth headphones don&#8217;t need to plug the headphones into the ears or wrap your ears. It can also keep the inside of the ear canal clean and hygienic, protecting your hearing and no itchy ear<br \/>EASY TO USE &#038; LARGE BATTERY &#8211; This bone conduction headset features a multi-function button that can easily control playback, pause, answer a call, end a call, the next song, the last song, and activate the voice assistant. Enjoy up to 8 hours of talk time after a single full charge to support your all-day work time<\/p>\n\n","protected":false},"excerpt":{"rendered":"<p> Product Description Auriculares Conducci\u00f3n \u00f3sea con Micr\u00f3fono Auriculares Conducci\u00f3n \u00f3sea con Micr\u00f3fono Comodidad de o\u00eddo<\/p>","protected":false},"featured_media":34082,"comment_status":"open","ping_status":"closed","template":"","meta":[],"product_brand":[],"product_cat":[48],"product_tag":[720,726,714,9736,6136,934,9737,2607,7052,712,928,711,717,626,1071,9735,933,715,585,592,9738,719,716,718,713,645],"class_list":{"0":"post-34081","1":"product","2":"type-product","3":"status-publish","4":"has-post-thumbnail","6":"product_cat-headsets","7":"product_tag-best-headset","8":"product_tag-bluetooth","9":"product_tag-bluetooth-headset","10":"product_tag-bone","11":"product_tag-boom","12":"product_tag-cancelling","13":"product_tag-conduction","14":"product_tag-driving","15":"product_tag-earphones","16":"product_tag-gaming-headset","17":"product_tag-headphones","18":"product_tag-headset","19":"product_tag-headset-with-mic","20":"product_tag-home","21":"product_tag-microphone","22":"product_tag-monodeal","23":"product_tag-noise","24":"product_tag-noise-cancelling-headset","25":"product_tag-office","26":"product_tag-open","27":"product_tag-openear","28":"product_tag-over-ear-headset","29":"product_tag-pc-headset","30":"product_tag-rgb-gaming-headset","31":"product_tag-wireless-headset","32":"product_tag-work","34":"first","35":"instock","36":"shipping-taxable","37":"product-type-external"},"_links":{"self":[{"href":"https:\/\/comprasyconsejos.store\/en\/wp-json\/wp\/v2\/product\/34081","targetHints":{"allow":["GET"]}}],"collection":[{"href":"https:\/\/comprasyconsejos.store\/en\/wp-json\/wp\/v2\/product"}],"about":[{"href":"https:\/\/comprasyconsejos.store\/en\/wp-json\/wp\/v2\/types\/product"}],"replies":[{"embeddable":true,"href":"https:\/\/comprasyconsejos.store\/en\/wp-json\/wp\/v2\/comments?post=34081"}],"version-history":[{"count":0,"href":"https:\/\/comprasyconsejos.store\/en\/wp-json\/wp\/v2\/product\/34081\/revisions"}],"wp:featuredmedia":[{"embeddable":true,"href":"https:\/\/comprasyconsejos.store\/en\/wp-json\/wp\/v2\/media\/34082"}],"wp:attachment":[{"href":"https:\/\/comprasyconsejos.store\/en\/wp-json\/wp\/v2\/media?parent=34081"}],"wp:term":[{"taxonomy":"product_brand","embeddable":true,"href":"https:\/\/comprasyconsejos.store\/en\/wp-json\/wp\/v2\/product_brand?post=34081"},{"taxonomy":"product_cat","embeddable":true,"href":"https:\/\/comprasyconsejos.store\/en\/wp-json\/wp\/v2\/product_cat?post=34081"},{"taxonomy":"product_tag","embeddable":true,"href":"https:\/\/comprasyconsejos.store\/en\/wp-json\/wp\/v2\/product_tag?post=34081"}],"curies":[{"name":"wp","href":"https:\/\/api.w.org\/{rel}","templated":true}]}}