{"id":34095,"date":"2026-02-25T00:33:24","date_gmt":"2026-02-25T00:33:24","guid":{"rendered":"https:\/\/comprasyconsejos.store\/product\/trust-arvia-wireless-ergonomic-keyboard-silent-qwerty-spanish-bluetooth-2-4ghz-multi-device-split-bluetooth-keyboard-with-palm-rest-pc-laptop-mac-black\/"},"modified":"2026-02-25T00:33:34","modified_gmt":"2026-02-25T00:33:34","slug":"trust-arvia-wireless-ergonomic-keyboard-silent-qwerty-spanish-bluetooth-2-4ghz-multi-device-split-bluetooth-keyboard-with-palm-rest-pc-laptop-mac-black","status":"publish","type":"product","link":"https:\/\/comprasyconsejos.store\/en\/product\/trust-arvia-wireless-ergonomic-keyboard-silent-qwerty-spanish-bluetooth-2-4ghz-multi-device-split-bluetooth-keyboard-with-palm-rest-pc-laptop-mac-black\/","title":{"rendered":"Trust Arvia Wireless Ergonomic Keyboard Silent QWERTY Spanish Bluetooth + 2.4GHz, Multi-Device Split Bluetooth Keyboard with Palm Rest, PC Laptop Mac, Black"},"content":{"rendered":"<p>Price: <span style=\"color:#b12704\">\u20ac59.99<\/span><br \/><i><small>(as of Feb 25, 2026 00:33:24 UTC &#8211; <span class=\"wp_automatic_amazon_disclaimer\" title=\"Product prices and availability are accurate as of the date\/time indicated and are subject to change. Any price and availability information displayed on [relevant Amazon Site(s), as applicable] at the time of purchase will apply to the purchase of this product.\">Details<\/span>)<\/small><\/i><\/p>\n<p><a href=\"https:\/\/amazon.es\/dp\/B0F99QSN5W?tag=man008-21\"><img decoding=\"async\" src=\"https:\/\/valvepress.s3.amazonaws.com\/imgs\/buy_now.png\"><\/a><br \/>\n<\/p>\n<p>                                             From the brand   <\/p>\n<p>                                              <img decoding=\"async\" alt=\"trust\" src=\"https:\/\/images-na.ssl-images-amazon.com\/images\/G\/01\/x-locale\/common\/grey-pixel.gif\" class=\"a-lazy-loaded\" data-src=\"https:\/\/m.media-amazon.com\/images\/S\/aplus-media-library-service-media\/9b09fe15-dc8d-4b70-9e70-ae0bc56ca7d4.__CR1,0,4999,2134_PT0_SX1464_V1___.jpg\"><img decoding=\"async\" alt=\"trust\" src=\"https:\/\/m.media-amazon.com\/images\/S\/aplus-media-library-service-media\/9b09fe15-dc8d-4b70-9e70-ae0bc56ca7d4.__CR1,0,4999,2134_PT0_SX1464_V1___.jpg\">  <\/p>\n<p>                                              <img decoding=\"async\" alt=\"\" src=\"https:\/\/images-na.ssl-images-amazon.com\/images\/G\/01\/x-locale\/common\/grey-pixel.gif\" class=\"a-lazy-loaded\" data-src=\"https:\/\/m.media-amazon.com\/images\/S\/aplus-media-library-service-media\/a06c386a-d4e0-4ae5-a5a7-794c83385d8a.__CR285,0,4721,2173_PT0_SX315_V1___.jpg\"><img decoding=\"async\" alt=\"\" src=\"https:\/\/m.media-amazon.com\/images\/S\/aplus-media-library-service-media\/a06c386a-d4e0-4ae5-a5a7-794c83385d8a.__CR285,0,4721,2173_PT0_SX315_V1___.jpg\">  <\/p>\n<h3> Nuestra historia <\/h3>\n<p> Trust International B.V. se fund\u00f3 en 1983 y es la marca integral de accesorios para  el estilo de vida digital con la misi\u00f3n de simplificar la vida cotidiana con soluciones inteligentes y sostenibles. Ahora y en el futuro, Trust aspira a seguir siendo relevante y pr\u00f3spera, con la sostenibilidad y la responsabilidad social corporativa en el centro de su estrategia. <\/p>\n<h3> Descubre Trust <\/h3>\n<p class=\"apm-brand-story-stores-link\">\n<p>                                              <img decoding=\"async\" alt=\"aplus content image\" src=\"https:\/\/images-na.ssl-images-amazon.com\/images\/G\/01\/x-locale\/common\/grey-pixel.gif\" class=\"a-lazy-loaded\" data-src=\"https:\/\/m.media-amazon.com\/images\/S\/aplus-media-library-service-media\/1981d92f-a591-4b6b-bd29-0d78635bbeea.__CR0,0,362,453_PT0_SX362_V1___.jpg\"><img decoding=\"async\" alt=\"aplus content image\" src=\"https:\/\/m.media-amazon.com\/images\/S\/aplus-media-library-service-media\/1981d92f-a591-4b6b-bd29-0d78635bbeea.__CR0,0,362,453_PT0_SX362_V1___.jpg\">  <\/p>\n<p>                                              <img decoding=\"async\" alt=\"\" src=\"https:\/\/images-na.ssl-images-amazon.com\/images\/G\/01\/x-locale\/common\/grey-pixel.gif\" class=\"a-lazy-loaded\" data-src=\"https:\/\/m.media-amazon.com\/images\/S\/aplus-media-library-service-media\/99fb1883-98a1-4a46-b29d-5c26671a3a14.__CR172,0,623,287_PT0_SX315_V1___.png\"><img decoding=\"async\" alt=\"\" src=\"https:\/\/m.media-amazon.com\/images\/S\/aplus-media-library-service-media\/99fb1883-98a1-4a46-b29d-5c26671a3a14.__CR172,0,623,287_PT0_SX315_V1___.png\">  <\/p>\n<h3> Nuestro compromiso <\/h3>\n<p> En Trust queremos lograr que los accesorios digitales justos sean la nueva norma. Justos para las personas. Justos para el planeta. Justos en cuanto a valor. <\/p>\n<p> La sostenibilidad est\u00e1 en el coraz\u00f3n de todo lo que hacemos. Estamos reduciendo el tama\u00f1o de los envases y el uso de pl\u00e1sticos, creando productos con materiales reciclados y dando pasos para reducir las emisiones en cada paso de la cadena de suministro. <\/p>\n<h3> Descubre Trust <\/h3>\n<p class=\"apm-brand-story-stores-link\">\n<p> Batteries                                            \u200f                                            :                                            \u200e                                            2 AA batteries required. (included)   <br \/> Product Dimensions                                            \u200f                                            :                                            \u200e                                            22.9 x 45.5 x 5.1 cm; 898 g   <br \/> Manufacturer                                            \u200f                                            :                                            \u200e                                            Trust   <br \/> ASIN                                            \u200f                                            :                                            \u200e                                            B0F99QSN5W   <br \/> Item model number                                            \u200f                                            :                                            \u200e                                            25799   <br \/> Country of origin                                            \u200f                                            :                                            \u200e                                            China   <br \/> Guaranteed software updates until                                            \u200f                                            :                                            \u200e                                            unknown   <br \/>  Customer reviews:                                                                                            4.3               4.3 out of 5 stars                                  (520)                                              var dpAcrHasRegisteredArcLinkClickAction;                    P.when(&#8216;A&#8217;, &#8216;ready&#8217;).execute(function(A) {                        if (dpAcrHasRegisteredArcLinkClickAction !== true) {                            dpAcrHasRegisteredArcLinkClickAction = true;                            A.declarative(                                &#8216;acrLink-click-metrics&#8217;, &#8216;click&#8217;,                                { \u00aballowLinkDefault\u00bb: true },                                function (event) {                                    if (window.ue) {                                        ue.count(\u00abacrLinkClickCount\u00bb, (ue.count(\u00abacrLinkClickCount\u00bb) || 0) + 1);                                    }                                }                            );                        }                    });                                             P.when(&#8216;A&#8217;, &#8216;cf&#8217;).execute(function(A) {                A.declarative(&#8216;acrStarsLink-click-metrics&#8217;, &#8216;click&#8217;, { \u00aballowLinkDefault\u00bb : true },  function(event){                    if(window.ue) {                        ue.count(\u00abacrStarsLinkWithPopoverClickCount\u00bb, (ue.count(\u00abacrStarsLinkWithPopoverClickCount\u00bb) || 0) + 1);                    }                });            });                          <\/p>\n<p>ERGOCERT APPROVED \u2013 With a split design and convex curve, the Arvia keyboard ensures less strain and more support on the wrists, for typing as long as you want<br \/>WIRELESS WONDER \u2013 This keyboard makes multitasking easy. With 2.4GHz USB-C and USB-A receivers, and 2 Bluetooth connections, switch between up to 3 devices for productivity<br \/>FOR SITTING OR STANDING WORK \u2013 The padded palm rest and the folding legs of the Arvia keyboard ensure maximum comfort and rest<br \/>LONG KEYBOARD LIFE \u2013 With up to 2 years of continuous battery life and an on\/off switch to save power, this keyboard is always ready for any type of job<br \/>STYLISH AND SUSTAINABLE \u2013 The Arvia ergonomic keyboard is made with 85% recycled plastic, and palm support with rPET fabric. Write eco-consciously, and in style!<\/p>\n\n","protected":false},"excerpt":{"rendered":"<p> From the brand Nuestra historia Trust International B.V. se fund\u00f3 en 1983 y es la<\/p>","protected":false},"featured_media":34096,"comment_status":"open","ping_status":"closed","template":"","meta":[],"product_brand":[],"product_cat":[50],"product_tag":[889,9740,765,307,726,759,756,1148,761,758,518,159,774,2813,1688,858,763,951,760,1010,764,5273,976,7860,762,226,757],"class_list":{"0":"post-34095","1":"product","2":"type-product","3":"status-publish","4":"has-post-thumbnail","6":"product_cat-mouse","7":"product_tag-2-4ghz","8":"product_tag-arvia","9":"product_tag-best-gaming-mouse","10":"product_tag-black","11":"product_tag-bluetooth","12":"product_tag-bluetooth-mouse","13":"product_tag-computer-mouse","14":"product_tag-ergonomic","15":"product_tag-ergonomic-mouse","16":"product_tag-gaming-mouse","17":"product_tag-keyboard","18":"product_tag-laptop","19":"product_tag-mac","20":"product_tag-multidevice","21":"product_tag-palm","22":"product_tag-qwerty","23":"product_tag-rechargeable-mouse","24":"product_tag-rest","25":"product_tag-rgb-mouse","26":"product_tag-silent","27":"product_tag-silent-mouse","28":"product_tag-spanish","29":"product_tag-split","30":"product_tag-trust","31":"product_tag-usb-mouse","32":"product_tag-wireless","33":"product_tag-wireless-mouse","35":"first","36":"instock","37":"shipping-taxable","38":"product-type-external"},"_links":{"self":[{"href":"https:\/\/comprasyconsejos.store\/en\/wp-json\/wp\/v2\/product\/34095","targetHints":{"allow":["GET"]}}],"collection":[{"href":"https:\/\/comprasyconsejos.store\/en\/wp-json\/wp\/v2\/product"}],"about":[{"href":"https:\/\/comprasyconsejos.store\/en\/wp-json\/wp\/v2\/types\/product"}],"replies":[{"embeddable":true,"href":"https:\/\/comprasyconsejos.store\/en\/wp-json\/wp\/v2\/comments?post=34095"}],"version-history":[{"count":0,"href":"https:\/\/comprasyconsejos.store\/en\/wp-json\/wp\/v2\/product\/34095\/revisions"}],"wp:featuredmedia":[{"embeddable":true,"href":"https:\/\/comprasyconsejos.store\/en\/wp-json\/wp\/v2\/media\/34096"}],"wp:attachment":[{"href":"https:\/\/comprasyconsejos.store\/en\/wp-json\/wp\/v2\/media?parent=34095"}],"wp:term":[{"taxonomy":"product_brand","embeddable":true,"href":"https:\/\/comprasyconsejos.store\/en\/wp-json\/wp\/v2\/product_brand?post=34095"},{"taxonomy":"product_cat","embeddable":true,"href":"https:\/\/comprasyconsejos.store\/en\/wp-json\/wp\/v2\/product_cat?post=34095"},{"taxonomy":"product_tag","embeddable":true,"href":"https:\/\/comprasyconsejos.store\/en\/wp-json\/wp\/v2\/product_tag?post=34095"}],"curies":[{"name":"wp","href":"https:\/\/api.w.org\/{rel}","templated":true}]}}