{"id":34116,"date":"2026-02-25T00:53:48","date_gmt":"2026-02-25T00:53:48","guid":{"rendered":"https:\/\/comprasyconsejos.store\/product\/nipogi-e3b-mini-pc-amd-ryzen-7-7730u-16gb-ddr4-512gb-ssd-mini-computer-support-triple-monitor-4k60hz-hdmi-2-0-type-c-dp-1-4-wifi-6-bt-5-2-for-light-gaming-professional-office-and-business\/"},"modified":"2026-02-25T00:53:55","modified_gmt":"2026-02-25T00:53:55","slug":"nipogi-e3b-mini-pc-amd-ryzen-7-7730u-16gb-ddr4-512gb-ssd-mini-computer-support-triple-monitor-4k60hz-hdmi-2-0-type-c-dp-1-4-wifi-6-bt-5-2-for-light-gaming-professional-office-and-business","status":"publish","type":"product","link":"https:\/\/comprasyconsejos.store\/en\/product\/nipogi-e3b-mini-pc-amd-ryzen-7-7730u-16gb-ddr4-512gb-ssd-mini-computer-support-triple-monitor-4k60hz-hdmi-2-0-type-c-dp-1-4-wifi-6-bt-5-2-for-light-gaming-professional-office-and-business\/","title":{"rendered":"NiPoGi E3B Mini PC, AMD Ryzen 7 7730U 16GB DDR4 512GB SSD Mini Computer, Support Triple Monitor 4K@60Hz (HDMI 2.0\/Type-C\/DP 1.4), WiFi 6, BT 5.2 for Light Gaming, Professional Office and Business"},"content":{"rendered":"<p>Price: <span style=\"color:#b12704\">\u20ac435.90<\/span><br \/><i><small>(as of Feb 25, 2026 00:53:48 UTC &#8211; <span class=\"wp_automatic_amazon_disclaimer\" title=\"Product prices and availability are accurate as of the date\/time indicated and are subject to change. Any price and availability information displayed on [relevant Amazon Site(s), as applicable] at the time of purchase will apply to the purchase of this product.\">Details<\/span>)<\/small><\/i><\/p>\n<p><a href=\"https:\/\/amazon.es\/dp\/B0FD2FNP7J?tag=man008-21\"><img decoding=\"async\" src=\"https:\/\/valvepress.s3.amazonaws.com\/imgs\/buy_now.png\"><\/a><br \/>\n<\/p>\n<p>                                             Product Description   <\/p>\n<p>                                                                                                       <img decoding=\"async\" alt=\"aplus content image\" src=\"https:\/\/images-na.ssl-images-amazon.com\/images\/G\/01\/x-locale\/common\/grey-pixel.gif\" class=\"a-lazy-loaded\" data-src=\"https:\/\/m.media-amazon.com\/images\/S\/aplus-media-library-service-media\/bed8381f-9240-42b3-b0cd-64047e225ff0.__CR0,0,1464,600_PT0_SX1464_V1___.jpg\"><img decoding=\"async\" alt=\"aplus content image\" src=\"https:\/\/m.media-amazon.com\/images\/S\/aplus-media-library-service-media\/bed8381f-9240-42b3-b0cd-64047e225ff0.__CR0,0,1464,600_PT0_SX1464_V1___.jpg\">                                               <\/p>\n<p>                                                                                                       <img decoding=\"async\" alt=\"aplus content image\" src=\"https:\/\/images-na.ssl-images-amazon.com\/images\/G\/01\/x-locale\/common\/grey-pixel.gif\" class=\"a-lazy-loaded\" data-src=\"https:\/\/m.media-amazon.com\/images\/S\/aplus-media-library-service-media\/079e98db-e842-4aac-9f29-6f1173523f5f.__CR0,0,1464,600_PT0_SX1464_V1___.jpg\"><img decoding=\"async\" alt=\"aplus content image\" src=\"https:\/\/m.media-amazon.com\/images\/S\/aplus-media-library-service-media\/079e98db-e842-4aac-9f29-6f1173523f5f.__CR0,0,1464,600_PT0_SX1464_V1___.jpg\">                                               <\/p>\n<p>                                                                                                                <img decoding=\"async\" alt=\"aplus content image\" src=\"https:\/\/m.media-amazon.com\/images\/S\/aplus-media-library-service-media\/203311ce-766a-408d-acdf-b0301f3085e6.__CR0,0,1464,600_PT0_SX1464_V1___.jpg\">                                                    <img decoding=\"async\" alt=\"El texto dice \u00abAMD Radeon Graphics\u00bb. Imagen de marketing que muestra la tarjeta gr\u00e1fica AMD Radeon con efectos de iluminaci\u00f3n dorada c\u00e1lida.\" src=\"https:\/\/m.media-amazon.com\/images\/S\/aplus-media-library-service-media\/59f5d73a-b560-42c9-a170-8e73d80dea54.__CR0,0,1464,600_PT0_SX1464_V1___.jpg\">                                                    <img decoding=\"async\" alt=\"El texto en portugu\u00e9s dice \u00abAbastecimento menos, movimentos ao limites\u00bb. Diagrama t\u00e9cnico del producto que muestra el componente mec\u00e1nico con luz de fondo naranja.\" src=\"https:\/\/m.media-amazon.com\/images\/S\/aplus-media-library-service-media\/a5f9ee49-bbc7-4626-8256-271761151c0c.__CR0,0,1464,600_PT0_SX1464_V1___.jpg\"><br \/>\n                            1 AMD Ryzen 7 7730U <\/p>\n<p>                            2 AMD Radeon Graphics <\/p>\n<p>                            3 16GB DDR4 512G SSD <\/p>\n<p>                                                                                                                <img decoding=\"async\" alt=\"El texto dice \u00abPantalla triple Disfruta de un fest\u00edn visual 4K @60Hz\u00bb. Muestra tres monitores negros para videojuegos dispuestos uno al lado del otro sobre un escritorio de madera oscura con iluminaci\u00f3n ambiental.\" src=\"https:\/\/m.media-amazon.com\/images\/S\/aplus-media-library-service-media\/e98dc30c-e2a4-4ac0-9ee4-4878885f7081.__CR0,0,1464,600_PT0_SX1464_V1___.jpg\">                                                    <img decoding=\"async\" alt=\"El texto dice \u00abUSB3.3 Gen2 Type-C\u00bb. Anuncio del producto que muestra un adaptador electr\u00f3nico negro sobre un fondo naranja brillante.\" src=\"https:\/\/m.media-amazon.com\/images\/S\/aplus-media-library-service-media\/bf583077-c63a-494e-b880-97d369602b99.__CR0,0,1464,600_PT0_SX1464_V1___.jpg\">                                                    <img decoding=\"async\" alt=\"El texto dice: \u00abMultitarea de oficina m\u00e1s fluida\u00bb. Pantalla digital que muestra varias pantallas de ordenador en un entorno de oficina oscuro con efectos de iluminaci\u00f3n azul.\" src=\"https:\/\/m.media-amazon.com\/images\/S\/aplus-media-library-service-media\/24f5155f-643b-47f6-baab-72d3cd0e3a4f.__CR0,0,1464,600_PT0_SX1464_V1___.jpg\"><br \/>\n                            1 Pantalla Triple <\/p>\n<p>                            2 Type-C <\/p>\n<p>                            3 Multimedia <\/p>\n<p>                                                                                                                <img decoding=\"async\" alt=\"aplus content image\" src=\"https:\/\/m.media-amazon.com\/images\/S\/aplus-media-library-service-media\/487416fb-1fe3-433d-ab2d-0e0e82678af4.__CR0,0,1464,600_PT0_SX1464_V1___.jpg\">                                                    <img decoding=\"async\" alt=\"El texto dice \u00abCine en casa\u00bb. Dos fotogramas id\u00e9nticos muestran una figura animada de color naranja sobre un fondo oscuro, lo que sugiere una configuraci\u00f3n de cine en casa.\" src=\"https:\/\/m.media-amazon.com\/images\/S\/aplus-media-library-service-media\/78b80e7f-498f-458a-a089-68843365f9c5.__CR0,0,1464,600_PT0_SX1464_V1___.jpg\">                                                    <img decoding=\"async\" alt=\"aplus content image\" src=\"https:\/\/m.media-amazon.com\/images\/S\/aplus-media-library-service-media\/f93e8d43-cc8f-45e0-898b-feb937932432.__CR0,0,1464,600_PT0_SX1464_V1___.jpg\"><br \/>\n                            1 Oficina <\/p>\n<p>                            2 Cine en casa <\/p>\n<p>                            3 Gaming <\/p>\n<h3 class=\"a-text-center aplus-h1 a-text-bold\"> NiPoGi E3B Mini PC <\/h3>\n<p>                         Add To Basket  <\/p>\n<p>                         Add To Basket  <\/p>\n<p>                                     Customer Reviews  <\/p>\n<p>                    4.5 out of 5 stars  1,378  <\/p>\n<p>                    4.4 out of 5 stars  122  <\/p>\n<p>                    4.5 out of 5 stars  1,378  <\/p>\n<p>                    4.2 out of 5 stars  12  <\/p>\n<p>                    4.3 out of 5 stars  200  <\/p>\n<p>                                     Price  <\/p>\n<p>                                                        \u20ac399.00\u20ac399.00     <\/p>\n<p>                                                        \u2014    <\/p>\n<p>                                                        \u20ac499.00\u20ac499.00     <\/p>\n<p>                                                        \u2014    <\/p>\n<p>                                                        \u2014    <\/p>\n<p>                                     CPU  <\/p>\n<p>                                                AMD Ryzen 7 5825U    <\/p>\n<p>                                                AMD Ryzen 7 5825U    <\/p>\n<p>                                                AMD Ryzen 7 5825U    <\/p>\n<p>                                                AMD Ryzen 7 5875U    <\/p>\n<p>                                                AMD Ryzen 7 5700U    <\/p>\n<p>                                     GPU  <\/p>\n<p>                                                AMD Radeon RX Vega 8     <\/p>\n<p>                                                AMD Radeon RX Vega 8     <\/p>\n<p>                                                AMD Radeon RX Vega 8     <\/p>\n<p>                                                AMD Radeon RX Vega 8     <\/p>\n<p>                                                AMD Radeon RX Vega 8     <\/p>\n<p>                                     DDR  <\/p>\n<p>                                                16GB DDR4    <\/p>\n<p>                                                32GB DDR4    <\/p>\n<p>                                                32GB DDR4    <\/p>\n<p>                                                32GB DDR4    <\/p>\n<p>                                                16GB DDR4    <\/p>\n<p>                                     SSD  <\/p>\n<p>                                                512GB    <\/p>\n<p>                                                512GB    <\/p>\n<p>                                                1TB    <\/p>\n<p>                                                512GB    <\/p>\n<p>                                                512GB    <\/p>\n<p>                                     Salida de v\u00eddeo  <\/p>\n<p>                                                HDMI 2.0+Type-C+DP1.4b    <\/p>\n<p>                                                HDMI 2.0+Type-C+DP1.4b    <\/p>\n<p>                                                HDMI 2.0+Type-C+DP1.4b    <\/p>\n<p>                                                HDMI 2.0+Type-C+DP1.4b    <\/p>\n<p>                                                HDMI 2.0+Type-C+DP1.4b    <\/p>\n<p> Package Dimensions                                            \u200f                                            :                                            \u200e                                            16.3 x 16.2 x 11.3 cm; 1.36 kg   <br \/> Manufacturer                                            \u200f                                            :                                            \u200e                                            NiPoGi   <br \/> ASIN                                            \u200f                                            :                                            \u200e                                            B0FD2FNP7J   <br \/> Item model number                                            \u200f                                            :                                            \u200e                                            E3B   <br \/> Country of origin                                            \u200f                                            :                                            \u200e                                            China   <br \/> Guaranteed software updates until                                            \u200f                                            :                                            \u200e                                            unknown   <br \/>  Customer reviews:                                                                                            4.3               4.3 out of 5 stars                                  (24)                                              var dpAcrHasRegisteredArcLinkClickAction;                    P.when(&#8216;A&#8217;, &#8216;ready&#8217;).execute(function(A) {                        if (dpAcrHasRegisteredArcLinkClickAction !== true) {                            dpAcrHasRegisteredArcLinkClickAction = true;                            A.declarative(                                &#8216;acrLink-click-metrics&#8217;, &#8216;click&#8217;,                                { \u00aballowLinkDefault\u00bb: true },                                function (event) {                                    if (window.ue) {                                        ue.count(\u00abacrLinkClickCount\u00bb, (ue.count(\u00abacrLinkClickCount\u00bb) || 0) + 1);                                    }                                }                            );                        }                    });                                             P.when(&#8216;A&#8217;, &#8216;cf&#8217;).execute(function(A) {                A.declarative(&#8216;acrStarsLink-click-metrics&#8217;, &#8216;click&#8217;, { \u00aballowLinkDefault\u00bb : true },  function(event){                    if(window.ue) {                        ue.count(\u00abacrStarsLinkWithPopoverClickCount\u00bb, (ue.count(\u00abacrStarsLinkWithPopoverClickCount\u00bb) || 0) + 1);                    }                });            });                          <\/p>\n<p>\u3010Powerful Processor\u3011The E3B mini PC is equipped with the powerful AMD Ryzen 7 7730U processor (8 cores\/16 threads, turbo frequency up to 4.5GHz). Compared to the AMD Ryzen 7 5825U, it delivers 18% more multi-core performance, 32% more graphics power, and up to 30% more speed at light loading. Ideal for occasional gaming, 4K streaming, video editing, software development and other intensive multitasking.<br \/>Excellent Graphics Performance: The mini gaming pc integrates AMD Radeon Graphics GPU, which offers more powerful graphics processing performance compared to Intel Iris Xe graphics. This is a clear advantage for users who require graphics rendering, video editing and gaming tasks by providing higher quality graphics rendering and a smoother gaming experience.<br \/>PROFESSIONAL PRODUCTIVITY: Mini PC with 16GB DDR4 memory, expandable up to 64GB. It comes with a 512GB M.2 SSD that can be expanded up to a maximum of 2TB. Ryzen 7 7730U Mini pc offer fast read, write and data storage capabilities to run smoothly even with multiple applications, enough file storage for media files and data.Fast to run smoothly even with multiple applications, enough file storage for media files and data.<br \/>\u3010Triple Display\u3011HDMI+DP+Type-C ports support triple display output with 4K UHD resolution, delivering impressive image results. Enjoy a high-quality viewing experience when watching HD movies. Ideal for office workers who need to work on multiple screens and for users seeking efficiency, work and entertainment can be done simultaneously, reducing waiting time. In addition, Type-C supports data transfer rates of up to 10Gbps and six USB 3.0 ports are available for your mass connectivity needs, for faster speeds and greater efficiency.<br \/>\u2764\u3010Fast &#038; Stable Network &#038; Convenient Wireless Connection\u3011The E3B mini-pc is equipped with Gigabit Ethernet, hassle-free and Bluetooth-enabled. WiFi 6 offers higher data transfer rates of up to 10Gbps, approximately three times more than WiFi 5. Bluetooth 5.2 offers faster data transfer speeds up to 2Mbps and longer transmission distances for a stable connection.You can easily enjoy the convenience of fast network and wireless connection.<br \/>\u3010Enterprise Solution\u3011Simplified mass setup for jobs, educational classrooms, and business counters. The E3B Mini PC comes with the win-11 Pro system pre-installed (advanced security). With a new design and powerful functions, it provides users with a smooth and comfortable working and entertainment experience. NiPoGi mini PC VESA mount included for mounting on monitors, walls or under tables, optimizing 70% space. Stable 24\/7 performance for professional workflows.<\/p>\n\n","protected":false},"excerpt":{"rendered":"<p> Product Description 1 AMD Ryzen 7 7730U 2 AMD Radeon Graphics 3 16GB DDR4 512G<\/p>","protected":false},"featured_media":34117,"comment_status":"open","ping_status":"closed","template":"","meta":[],"product_brand":[],"product_cat":[91],"product_tag":[509,9742,1220,536,899,530,803,595,801,805,539,535,800,9741,617,544,248,215,844,9007,585,808,799,806,814,807,531,802,513,1098,904,543,804],"class_list":{"0":"post-34116","1":"product","2":"type-product","3":"status-publish","4":"has-post-thumbnail","6":"product_cat-office-pcs","7":"product_tag-16gb","8":"product_tag-2-0typecdp","9":"product_tag-4k60hz","10":"product_tag-512gb","11":"product_tag-7730u","12":"product_tag-amd","13":"product_tag-budget-office-pc","14":"product_tag-business","15":"product_tag-business-desktop-pc","16":"product_tag-compact-desktop-pc","17":"product_tag-computer","18":"product_tag-ddr4","19":"product_tag-desktop-computer-for-office","20":"product_tag-e3b","21":"product_tag-gaming","22":"product_tag-hdmi","23":"product_tag-light","24":"product_tag-mini","25":"product_tag-monitor","26":"product_tag-nipogi","27":"product_tag-office","28":"product_tag-office-computer-setup","29":"product_tag-office-pc","30":"product_tag-office-pc-ssd","31":"product_tag-professional","32":"product_tag-reliable-office-pc","33":"product_tag-ryzen","34":"product_tag-small-office-pc","35":"product_tag-ssd","36":"product_tag-support","37":"product_tag-triple","38":"product_tag-wifi","39":"product_tag-windows-office-pc","41":"first","42":"instock","43":"shipping-taxable","44":"product-type-external"},"_links":{"self":[{"href":"https:\/\/comprasyconsejos.store\/en\/wp-json\/wp\/v2\/product\/34116","targetHints":{"allow":["GET"]}}],"collection":[{"href":"https:\/\/comprasyconsejos.store\/en\/wp-json\/wp\/v2\/product"}],"about":[{"href":"https:\/\/comprasyconsejos.store\/en\/wp-json\/wp\/v2\/types\/product"}],"replies":[{"embeddable":true,"href":"https:\/\/comprasyconsejos.store\/en\/wp-json\/wp\/v2\/comments?post=34116"}],"version-history":[{"count":0,"href":"https:\/\/comprasyconsejos.store\/en\/wp-json\/wp\/v2\/product\/34116\/revisions"}],"wp:featuredmedia":[{"embeddable":true,"href":"https:\/\/comprasyconsejos.store\/en\/wp-json\/wp\/v2\/media\/34117"}],"wp:attachment":[{"href":"https:\/\/comprasyconsejos.store\/en\/wp-json\/wp\/v2\/media?parent=34116"}],"wp:term":[{"taxonomy":"product_brand","embeddable":true,"href":"https:\/\/comprasyconsejos.store\/en\/wp-json\/wp\/v2\/product_brand?post=34116"},{"taxonomy":"product_cat","embeddable":true,"href":"https:\/\/comprasyconsejos.store\/en\/wp-json\/wp\/v2\/product_cat?post=34116"},{"taxonomy":"product_tag","embeddable":true,"href":"https:\/\/comprasyconsejos.store\/en\/wp-json\/wp\/v2\/product_tag?post=34116"}],"curies":[{"name":"wp","href":"https:\/\/api.w.org\/{rel}","templated":true}]}}