{"id":34220,"date":"2026-02-25T02:50:23","date_gmt":"2026-02-25T02:50:23","guid":{"rendered":"https:\/\/comprasyconsejos.store\/product\/transcend-extra-slim-portable-dvd-writer-black-ts8xdvds-k\/"},"modified":"2026-02-25T02:50:26","modified_gmt":"2026-02-25T02:50:26","slug":"transcend-extra-slim-portable-dvd-writer-black-ts8xdvds-k","status":"publish","type":"product","link":"https:\/\/comprasyconsejos.store\/en\/product\/transcend-extra-slim-portable-dvd-writer-black-ts8xdvds-k\/","title":{"rendered":"Transcend Extra Slim Portable DVD Writer Black TS8XDVDS-K"},"content":{"rendered":"<p>Price: <span style=\"color:#b12704\">\u20ac40.78<\/span><br \/><i><small>(as of Feb 25, 2026 02:50:23 UTC &#8211; <span class=\"wp_automatic_amazon_disclaimer\" title=\"Product prices and availability are accurate as of the date\/time indicated and are subject to change. Any price and availability information displayed on [relevant Amazon Site(s), as applicable] at the time of purchase will apply to the purchase of this product.\">Details<\/span>)<\/small><\/i><\/p>\n<p><a href=\"https:\/\/amazon.es\/dp\/B009X0FQNY?tag=man008-21\"><img decoding=\"async\" src=\"https:\/\/valvepress.s3.amazonaws.com\/imgs\/buy_now.png\"><\/a><br \/>\n<\/p>\n<p>                                             From the manufacturer   <\/p>\n<p>                                                  <img decoding=\"async\" alt=\"transcend\" src=\"https:\/\/images-na.ssl-images-amazon.com\/images\/G\/01\/x-locale\/common\/grey-pixel.gif\" class=\"a-lazy-loaded\" data-src=\"https:\/\/m.media-amazon.com\/images\/S\/aplus-media\/sota\/d2faeb0a-1677-4165-b108-9df7228f0d8c.__CR0,0,970,300_PT0_SX970_V1___.jpg\"><img decoding=\"async\" alt=\"transcend\" src=\"https:\/\/m.media-amazon.com\/images\/S\/aplus-media\/sota\/d2faeb0a-1677-4165-b108-9df7228f0d8c.__CR0,0,970,300_PT0_SX970_V1___.jpg\">  <\/p>\n<p class=\"description\"> Good memories start here <\/p>\n<p class=\"description\"> Transcend fue fundada en 1989 por el Sr. Peter Shu, en Taip\u00e9i, Taiw\u00e1n. En la actualidad, Transcend se ha convertido en una marca referente a nivel mundial de almacenamiento digital y productos multimedia, con m\u00e1s de 12 oficinas a nivel mundial. No s\u00f3lo dise\u00f1an y desarrollan, tambi\u00e9n fabrican todos sus productos. En Transcend mantienen los m\u00e1s altos est\u00e1ndares de calidad y tienen como objetivo ofrecer un servicio profesional. Como empresa centrada en el cliente, Transcend tiene la capacidad de responder r\u00e1pidamente a las necesidades de un mercado en constante cambio. <\/p>\n<p>                                                                             <img decoding=\"async\" alt=\"transcend\" src=\"https:\/\/images-na.ssl-images-amazon.com\/images\/G\/01\/x-locale\/common\/grey-pixel.gif\" class=\"a-spacing-base a-lazy-loaded\" data-src=\"https:\/\/m.media-amazon.com\/images\/S\/aplus-media\/sota\/65f1c1fb-b580-4808-9ef1-1c0069ed893c.__CR0,0,970,600_PT0_SX970_V1___.jpg\"><img decoding=\"async\" alt=\"transcend\" src=\"https:\/\/m.media-amazon.com\/images\/S\/aplus-media\/sota\/65f1c1fb-b580-4808-9ef1-1c0069ed893c.__CR0,0,970,600_PT0_SX970_V1___.jpg\">                                                                     <\/p>\n<p class=\"a-spacing-base\"> Transcend cuenta con m\u00e1s de 2000 productos, incluyendo todo tipo de disco de estado s\u00f3lido y m\u00f3dulos de memoria, ya sean de grado industrial o de nivel usuario, discos duros externos, tarjetas de memoria flash, memorias flash USB, lectores de tarjetas, para satisfacer todo tipo de necesidades posibles de almacenamiento y memoria. Transcend desarrolla continuamente nuevos e innovadores productos que captan las \u00faltimas tendencias y se acomodan a modernos estilos de vida de alta tecnolog\u00eda. Cuando se trata de organizar su vida digital, Transcend tiene todo el rango de soluciones. <\/p>\n<p>                                                                             <img decoding=\"async\" alt=\"transcend\" src=\"https:\/\/images-na.ssl-images-amazon.com\/images\/G\/01\/x-locale\/common\/grey-pixel.gif\" class=\"a-spacing-base a-lazy-loaded\" data-src=\"https:\/\/m.media-amazon.com\/images\/S\/aplus-media\/sota\/77386c40-17d0-4e24-9c8a-2e6c5b06ec05.__CR0,0,970,600_PT0_SX970_V1___.jpg\"><img decoding=\"async\" alt=\"transcend\" src=\"https:\/\/m.media-amazon.com\/images\/S\/aplus-media\/sota\/77386c40-17d0-4e24-9c8a-2e6c5b06ec05.__CR0,0,970,600_PT0_SX970_V1___.jpg\">                                                                    <\/p>\n<p> Is discontinued by manufacturer                                            \u200f                                            :                                            \u200e                                            No   <br \/> Product Dimensions                                            \u200f                                            :                                            \u200e                                            14.22 x 1.4 x 14.73 cm; 244.94 g   <br \/> Manufacturer                                            \u200f                                            :                                            \u200e                                            Transcend   <br \/> ASIN                                            \u200f                                            :                                            \u200e                                            B009X0FQNY   <br \/> Item model number                                            \u200f                                            :                                            \u200e                                            TS8XDVDS   <br \/> Country of origin                                            \u200f                                            :                                            \u200e                                            Taiwan   <br \/> Guaranteed software updates until                                            \u200f                                            :                                            \u200e                                            unknown   <br \/>  Customer reviews:                                                                                            4.4               4.4 out of 5 stars                                  (1,466)                                              var dpAcrHasRegisteredArcLinkClickAction;                    P.when(&#8216;A&#8217;, &#8216;ready&#8217;).execute(function(A) {                        if (dpAcrHasRegisteredArcLinkClickAction !== true) {                            dpAcrHasRegisteredArcLinkClickAction = true;                            A.declarative(                                &#8216;acrLink-click-metrics&#8217;, &#8216;click&#8217;,                                { \u00aballowLinkDefault\u00bb: true },                                function (event) {                                    if (window.ue) {                                        ue.count(\u00abacrLinkClickCount\u00bb, (ue.count(\u00abacrLinkClickCount\u00bb) || 0) + 1);                                    }                                }                            );                        }                    });                                             P.when(&#8216;A&#8217;, &#8216;cf&#8217;).execute(function(A) {                A.declarative(&#8216;acrStarsLink-click-metrics&#8217;, &#8216;click&#8217;, { \u00aballowLinkDefault\u00bb : true },  function(event){                    if(window.ue) {                        ue.count(\u00abacrStarsLinkWithPopoverClickCount\u00bb, (ue.count(\u00abacrStarsLinkWithPopoverClickCount\u00bb) || 0) + 1);                    }                });            });                          <\/p>\n<p>SLEEK AND COMPACT DESIGN &#8211; The extra slim profile makes this DVD burner easy to carry and perfect for travel, fitting in any bag without adding bulk<br \/>HIGH SPEED DATA TRANSFER &#8211; Enjoy high transfer speeds that allow you to quickly record and access your favorite movies, music and files<br \/>Plug and play convenience: No drivers or software installation are required; just plug it into your device and start using it right away<br \/>Multi-format compatibility: Supports a variety of disc formats including DVD\u00b1R\/RW, CD\u00b1R\/RW, ensuring versatility for all your media needs<br \/>DURABLE CONSTRUCTION &#8211; This DVD burner is built to last, with a robust housing that protects it from bumps and drops, ensuring its longevity<br \/>ENERGY EFFICIENT: Designed to consume less power, this device helps reduce energy costs while maintaining high performance in all your multimedia activities<\/p>\n\n","protected":false},"excerpt":{"rendered":"<p> From the manufacturer Good memories start here Transcend fue fundada en 1989 por el Sr.<\/p>","protected":false},"featured_media":34221,"comment_status":"open","ping_status":"closed","template":"","meta":[],"product_brand":[],"product_cat":[70],"product_tag":[307,2109,2117,2121,2119,2111,2105,2101,2113,299,290,2107,288,5035,9761,2115,2103,2130],"class_list":{"0":"post-34220","1":"product","2":"type-product","3":"status-publish","4":"has-post-thumbnail","6":"product_cat-disc-drives","7":"product_tag-black","8":"product_tag-blu-ray-drive","9":"product_tag-disc-drive-for-laptop","10":"product_tag-dvd","11":"product_tag-dvd-drive-price","12":"product_tag-dvd-writer","13":"product_tag-external-cd-drive","14":"product_tag-external-dvd-drive","15":"product_tag-external-optical-drive","16":"product_tag-extra","17":"product_tag-portable","18":"product_tag-portable-disc-drive","19":"product_tag-slim","20":"product_tag-transcend","21":"product_tag-ts8xdvdsk","22":"product_tag-usb-cd-writer","23":"product_tag-usb-dvd-drive","24":"product_tag-writer","26":"first","27":"instock","28":"shipping-taxable","29":"product-type-external"},"_links":{"self":[{"href":"https:\/\/comprasyconsejos.store\/en\/wp-json\/wp\/v2\/product\/34220","targetHints":{"allow":["GET"]}}],"collection":[{"href":"https:\/\/comprasyconsejos.store\/en\/wp-json\/wp\/v2\/product"}],"about":[{"href":"https:\/\/comprasyconsejos.store\/en\/wp-json\/wp\/v2\/types\/product"}],"replies":[{"embeddable":true,"href":"https:\/\/comprasyconsejos.store\/en\/wp-json\/wp\/v2\/comments?post=34220"}],"version-history":[{"count":0,"href":"https:\/\/comprasyconsejos.store\/en\/wp-json\/wp\/v2\/product\/34220\/revisions"}],"wp:featuredmedia":[{"embeddable":true,"href":"https:\/\/comprasyconsejos.store\/en\/wp-json\/wp\/v2\/media\/34221"}],"wp:attachment":[{"href":"https:\/\/comprasyconsejos.store\/en\/wp-json\/wp\/v2\/media?parent=34220"}],"wp:term":[{"taxonomy":"product_brand","embeddable":true,"href":"https:\/\/comprasyconsejos.store\/en\/wp-json\/wp\/v2\/product_brand?post=34220"},{"taxonomy":"product_cat","embeddable":true,"href":"https:\/\/comprasyconsejos.store\/en\/wp-json\/wp\/v2\/product_cat?post=34220"},{"taxonomy":"product_tag","embeddable":true,"href":"https:\/\/comprasyconsejos.store\/en\/wp-json\/wp\/v2\/product_tag?post=34220"}],"curies":[{"name":"wp","href":"https:\/\/api.w.org\/{rel}","templated":true}]}}