{"id":34226,"date":"2026-02-25T02:57:34","date_gmt":"2026-02-25T02:57:34","guid":{"rendered":"https:\/\/comprasyconsejos.store\/product\/newfast-wi-fi-7-adapter-wifi-7-usb-adapter-for-pc-tri-band-6500mbps-usb-wifi-antenna-for-pc-long-range-supports-mu-mimo-and-ofdma-compatible-with-windows-10-11-wpa3\/"},"modified":"2026-02-25T02:57:42","modified_gmt":"2026-02-25T02:57:42","slug":"newfast-wi-fi-7-adapter-wifi-7-usb-adapter-for-pc-tri-band-6500mbps-usb-wifi-antenna-for-pc-long-range-supports-mu-mimo-and-ofdma-compatible-with-windows-10-11-wpa3","status":"publish","type":"product","link":"https:\/\/comprasyconsejos.store\/en\/product\/newfast-wi-fi-7-adapter-wifi-7-usb-adapter-for-pc-tri-band-6500mbps-usb-wifi-antenna-for-pc-long-range-supports-mu-mimo-and-ofdma-compatible-with-windows-10-11-wpa3\/","title":{"rendered":"NEWFAST Wi-Fi 7 Adapter WiFi 7 USB Adapter for PC, Tri-Band 6500Mbps USB WiFi Antenna for PC Long Range, Supports MU-MIMO and OFDMA, Compatible with Windows 10\/11, WPA3"},"content":{"rendered":"<p>Price: <span style=\"color:#b12704\"><del>\u20ac85.99<\/del> - \u20ac69.99<\/span><br \/><i><small>(as of Feb 25, 2026 02:57:34 UTC &#8211; <span class=\"wp_automatic_amazon_disclaimer\" title=\"Product prices and availability are accurate as of the date\/time indicated and are subject to change. Any price and availability information displayed on [relevant Amazon Site(s), as applicable] at the time of purchase will apply to the purchase of this product.\">Details<\/span>)<\/small><\/i><\/p>\n<p><a href=\"https:\/\/amazon.es\/dp\/B0GCDPKND1?tag=man008-21\"><img decoding=\"async\" src=\"https:\/\/valvepress.s3.amazonaws.com\/imgs\/buy_now.png\"><\/a><br \/>\n<\/p>\n<p>                                             Product Description   <\/p>\n<p>                                                                                                       <img decoding=\"async\" alt=\"El texto dice \u00abNEWEST BE5500 Esports Adaptador WIFI USB\u00bb. Banner de producto con tem\u00e1tica de videojuegos que muestra un fondo tecnol\u00f3gico azul con luces de acento rojas.\" src=\"https:\/\/images-na.ssl-images-amazon.com\/images\/G\/01\/x-locale\/common\/grey-pixel.gif\" class=\"a-lazy-loaded\" data-src=\"https:\/\/m.media-amazon.com\/images\/S\/aplus-media-library-service-media\/a08a6b2e-bc78-4999-b6a5-012cdebfb813.__CR0,0,1464,600_PT0_SX1464_V1___.jpg\"><img decoding=\"async\" alt=\"El texto dice \u00abNEWEST BE5500 Esports Adaptador WIFI USB\u00bb. Banner de producto con tem\u00e1tica de videojuegos que muestra un fondo tecnol\u00f3gico azul con luces de acento rojas.\" src=\"https:\/\/m.media-amazon.com\/images\/S\/aplus-media-library-service-media\/a08a6b2e-bc78-4999-b6a5-012cdebfb813.__CR0,0,1464,600_PT0_SX1464_V1___.jpg\">                                               <\/p>\n<p>                                                                                                       <img decoding=\"async\" alt=\"El texto dice \u00abRed WiFi Tri-band de Alto Ganancia\u00bb y \u00ab6452Mbps\u00bb. Pantalla de interfaz t\u00e9cnica que muestra las estad\u00edsticas de la red WiFi con lecturas digitales azules.\" src=\"https:\/\/images-na.ssl-images-amazon.com\/images\/G\/01\/x-locale\/common\/grey-pixel.gif\" class=\"a-lazy-loaded\" data-src=\"https:\/\/m.media-amazon.com\/images\/S\/aplus-media-library-service-media\/84e6d624-9567-4f15-8703-06431f3930ac.__CR0,0,1464,600_PT0_SX1464_V1___.jpg\"><img decoding=\"async\" alt=\"El texto dice \u00abRed WiFi Tri-band de Alto Ganancia\u00bb y \u00ab6452Mbps\u00bb. Pantalla de interfaz t\u00e9cnica que muestra las estad\u00edsticas de la red WiFi con lecturas digitales azules.\" src=\"https:\/\/m.media-amazon.com\/images\/S\/aplus-media-library-service-media\/84e6d624-9567-4f15-8703-06431f3930ac.__CR0,0,1464,600_PT0_SX1464_V1___.jpg\">                                               <\/p>\n<p>                                                                                     <img decoding=\"async\" alt=\"Diagrama t\u00e9cnico te\u00f1ido de azul que muestra los iconos de los dispositivos conectados y los s\u00edmbolos de los camiones, que ilustra una red inal\u00e1mbrica o un sistema de conectividad.\" src=\"https:\/\/m.media-amazon.com\/images\/S\/aplus-media-library-service-media\/2c19b5b4-9498-4ccc-83f3-1989cfaed3dd.__CR0,0,1464,600_PT0_SX1464_V1___.jpg\">       <\/p>\n<p>                                                                                  <img decoding=\"async\" alt=\"aplus content image\" src=\"https:\/\/m.media-amazon.com\/images\/S\/aplus-media-library-service-media\/f1f14bd3-f956-46b9-89d8-8df4ec1ebe98.__CR0,0,1464,600_PT0_SX1464_V1___.jpg\">       <\/p>\n<p>                                                                                  <img decoding=\"async\" alt=\"aplus content image\" src=\"https:\/\/m.media-amazon.com\/images\/S\/aplus-media-library-service-media\/f13a326f-80dc-48f8-8206-d33db7b68247.__CR0,0,1464,600_PT0_SX1464_V1___.jpg\">       <\/p>\n<p>                                                                                  <img decoding=\"async\" alt=\"El texto dice \u00abModo de Recepci\u00f3n\u00bb y \u00abModo Soft AP\u00bb. Imagen dividida que muestra los modos de conectividad inal\u00e1mbrica con las interfaces de los dispositivos en un entorno oscuro con resaltes azules.\" src=\"https:\/\/m.media-amazon.com\/images\/S\/aplus-media-library-service-media\/a475602f-4610-4ecd-bc33-ca9346430548.__CR0,0,1464,600_PT0_SX1464_V1___.jpg\">       <\/p>\n<p>                                                                                  <img decoding=\"async\" alt=\"El texto dice \u00abLo \u00faltimo Protocolo de Cifrado\u00bb, \u00abWPA3\u00bb. Banner promocional azul con el concepto de tecnolog\u00eda de cifrado o seguridad con formas geom\u00e9tricas.\" src=\"https:\/\/m.media-amazon.com\/images\/S\/aplus-media-library-service-media\/79f7a964-67ce-4ea9-a3cd-11dd7760f486.__CR0,0,1464,600_PT0_SX1464_V1___.jpg\">       <\/p>\n<p>The video showcases the product in use.The video guides you through product setup.The video compares multiple products.The video shows the product being unpacked. Adaptador WiFi USB Merchant video<\/p>\n<p> Package Dimensions                                            \u200f                                            :                                            \u200e                                            13 x 12 x 6 cm; 280 g   <br \/> Manufacturer                                            \u200f                                            :                                            \u200e                                            NEWFAST   <br \/> ASIN                                            \u200f                                            :                                            \u200e                                            B0GCDPKND1   <br \/> Country of origin                                            \u200f                                            :                                            \u200e                                            China   <br \/> Guaranteed software updates until                                            \u200f                                            :                                            \u200e                                            unknown   <br \/>  Customer reviews:                                                                                            4.7               4.7 out of 5 stars                                  (37)                                              var dpAcrHasRegisteredArcLinkClickAction;                    P.when(&#8216;A&#8217;, &#8216;ready&#8217;).execute(function(A) {                        if (dpAcrHasRegisteredArcLinkClickAction !== true) {                            dpAcrHasRegisteredArcLinkClickAction = true;                            A.declarative(                                &#8216;acrLink-click-metrics&#8217;, &#8216;click&#8217;,                                { \u00aballowLinkDefault\u00bb: true },                                function (event) {                                    if (window.ue) {                                        ue.count(\u00abacrLinkClickCount\u00bb, (ue.count(\u00abacrLinkClickCount\u00bb) || 0) + 1);                                    }                                }                            );                        }                    });                                             P.when(&#8216;A&#8217;, &#8216;cf&#8217;).execute(function(A) {                A.declarative(&#8216;acrStarsLink-click-metrics&#8217;, &#8216;click&#8217;, { \u00aballowLinkDefault\u00bb : true },  function(event){                    if(window.ue) {                        ue.count(\u00abacrStarsLinkWithPopoverClickCount\u00bb, (ue.count(\u00abacrStarsLinkWithPopoverClickCount\u00bb) || 0) + 1);                    }                });            });                          <\/p>\n<p>\u3010Excellent Speed\u3011BE6500 USB WiFi 7 adapter has a speed of up to 6500Mbps at dual frequencies of 2882Mbps on 6GHz \/ 2882Mbps on 5GHz \/ 574Mbps on 2.4GHz, which provides perfect performance for multiple HD video streams and online gaming without blocking or delaying transmission and set. The first choice for gaming, webcasting and 8K\/4K HD video.<br \/>\u3010Two 5dBi High Gain Antennas\u3011USB WiFi antenna for PC, equipped with a 4x adjustable external antenna to improve signal sensitivity and stability. Lower signal attenuation ensures stable transmission over long distance, making it easy to connect to WiFi even in corners.<br \/>\u3010Greater Compatibility\u3011Designed for esports games. The wireless adapter configures OFDMA and MU-MIMO technology, and upgrades from WiFi 6 to WiFi 7 by adding the new WiFi 7 OFDMA technology to your computer. Compatible with the latest 802.11be\/ax\/ac\/a\/b\/g\/n standard technology.<br \/>\u3010Multiple Encryption\u3011 Wireless dongle with WPA\/WPA2\/WPA3 encryption security standards, which protect your internet connection against intrusion. The wireless adapter is compatible with Windows 10 (32bit\/64bit) and Windows 11 (64bit); Built-in driver, no CD, easy installation.<\/p>\n\n","protected":false},"excerpt":{"rendered":"<p> Product Description The video showcases the product in use.The video guides you through product setup.The<\/p>","protected":false},"featured_media":34227,"comment_status":"open","ping_status":"closed","template":"","meta":[],"product_brand":[],"product_cat":[72],"product_tag":[9762,144,3454,201,2110,2116,2114,180,2118,2092,8150,2091,2112,1279,1085,2133,133,2108,543,2104,2120,2102,537,2106,2095],"class_list":{"0":"post-34226","1":"product","2":"type-product","3":"status-publish","4":"has-post-thumbnail","6":"product_cat-wifi-sticks","7":"product_tag-6500mbps","8":"product_tag-adapter","9":"product_tag-antenna","10":"product_tag-compatible","11":"product_tag-dual-band-wifi-adapter","12":"product_tag-high-speed-wifi-usb","13":"product_tag-laptop-wifi-adapter","14":"product_tag-long","15":"product_tag-mini-wifi-adapter","16":"product_tag-mumimo","17":"product_tag-newfast","18":"product_tag-ofdma","19":"product_tag-pc-wifi-adapter","20":"product_tag-range","21":"product_tag-supports","22":"product_tag-triband","23":"product_tag-usb","24":"product_tag-usb-wifi-dongle","25":"product_tag-wifi","26":"product_tag-wifi-stick","27":"product_tag-wifi-stick-price","28":"product_tag-wifi-usb-adapter","29":"product_tag-windows","30":"product_tag-wireless-usb-adapter","31":"product_tag-wpa3","33":"first","34":"instock","35":"sale","36":"shipping-taxable","37":"product-type-external"},"_links":{"self":[{"href":"https:\/\/comprasyconsejos.store\/en\/wp-json\/wp\/v2\/product\/34226","targetHints":{"allow":["GET"]}}],"collection":[{"href":"https:\/\/comprasyconsejos.store\/en\/wp-json\/wp\/v2\/product"}],"about":[{"href":"https:\/\/comprasyconsejos.store\/en\/wp-json\/wp\/v2\/types\/product"}],"replies":[{"embeddable":true,"href":"https:\/\/comprasyconsejos.store\/en\/wp-json\/wp\/v2\/comments?post=34226"}],"version-history":[{"count":0,"href":"https:\/\/comprasyconsejos.store\/en\/wp-json\/wp\/v2\/product\/34226\/revisions"}],"wp:featuredmedia":[{"embeddable":true,"href":"https:\/\/comprasyconsejos.store\/en\/wp-json\/wp\/v2\/media\/34227"}],"wp:attachment":[{"href":"https:\/\/comprasyconsejos.store\/en\/wp-json\/wp\/v2\/media?parent=34226"}],"wp:term":[{"taxonomy":"product_brand","embeddable":true,"href":"https:\/\/comprasyconsejos.store\/en\/wp-json\/wp\/v2\/product_brand?post=34226"},{"taxonomy":"product_cat","embeddable":true,"href":"https:\/\/comprasyconsejos.store\/en\/wp-json\/wp\/v2\/product_cat?post=34226"},{"taxonomy":"product_tag","embeddable":true,"href":"https:\/\/comprasyconsejos.store\/en\/wp-json\/wp\/v2\/product_tag?post=34226"}],"curies":[{"name":"wp","href":"https:\/\/api.w.org\/{rel}","templated":true}]}}