{"id":34243,"date":"2026-02-25T03:18:11","date_gmt":"2026-02-25T03:18:11","guid":{"rendered":"https:\/\/comprasyconsejos.store\/product\/cat-8-ethernet-cable-1m-2m-3m-5m-6m-8m-10m-20m-40gbps-2000mhz-sftp-network-cable-high-speed-rj45-flat-lan-cable-gigabit-shielded-internet-for-ps5-pc-tv-modem-faster-than-cat6-cat6-7-1-6-feet\/"},"modified":"2026-02-25T03:18:15","modified_gmt":"2026-02-25T03:18:15","slug":"cat-8-ethernet-cable-1m-2m-3m-5m-6m-8m-10m-20m-40gbps-2000mhz-sftp-network-cable-high-speed-rj45-flat-lan-cable-gigabit-shielded-internet-for-ps5-pc-tv-modem-faster-than-cat6-cat6-7-1-6-feet","status":"publish","type":"product","link":"https:\/\/comprasyconsejos.store\/en\/product\/cat-8-ethernet-cable-1m-2m-3m-5m-6m-8m-10m-20m-40gbps-2000mhz-sftp-network-cable-high-speed-rj45-flat-lan-cable-gigabit-shielded-internet-for-ps5-pc-tv-modem-faster-than-cat6-cat6-7-1-6-feet\/","title":{"rendered":"Cat 8 Ethernet Cable, 1m 2m 3m 5m 6m 8m 10m 20m 40Gbps 2000MHz SFTP Network Cable High Speed RJ45 Flat Lan Cable Gigabit Shielded Internet for PS5, PC, TV, Modem, Faster than Cat6\/Cat6 7 (1. 6 feet)"},"content":{"rendered":"<p>Price: <span style=\"color:#b12704\">\u20ac5.99<\/span><br \/><i><small>(as of Feb 25, 2026 03:18:11 UTC &#8211; <span class=\"wp_automatic_amazon_disclaimer\" title=\"Product prices and availability are accurate as of the date\/time indicated and are subject to change. Any price and availability information displayed on [relevant Amazon Site(s), as applicable] at the time of purchase will apply to the purchase of this product.\">Details<\/span>)<\/small><\/i><\/p>\n<p><a href=\"https:\/\/amazon.es\/dp\/B08611447T?tag=man008-21\"><img decoding=\"async\" src=\"https:\/\/valvepress.s3.amazonaws.com\/imgs\/buy_now.png\"><\/a><br \/>\n<\/p>\n<p>                                             Product Description   <\/p>\n<p>                                                                             <img decoding=\"async\" alt=\"la mejor manera de conectarse al cable\" src=\"https:\/\/images-na.ssl-images-amazon.com\/images\/G\/01\/x-locale\/common\/grey-pixel.gif\" class=\"a-spacing-base a-lazy-loaded\" data-src=\"https:\/\/m.media-amazon.com\/images\/S\/aplus-media-library-service-media\/3bb4e85f-3278-4041-a2e9-bd77053d8fc2.__CR0,0,970,600_PT0_SX970_V1___.jpg\"><img decoding=\"async\" alt=\"la mejor manera de conectarse al cable\" src=\"https:\/\/m.media-amazon.com\/images\/S\/aplus-media-library-service-media\/3bb4e85f-3278-4041-a2e9-bd77053d8fc2.__CR0,0,970,600_PT0_SX970_V1___.jpg\">                                                                       <\/p>\n<p>                                                                             <img decoding=\"async\" alt=\"\u6241\u7ebfes\" src=\"https:\/\/images-na.ssl-images-amazon.com\/images\/G\/01\/x-locale\/common\/grey-pixel.gif\" class=\"a-spacing-base a-lazy-loaded\" data-src=\"https:\/\/m.media-amazon.com\/images\/S\/aplus-media-library-service-media\/9e924255-b936-43f7-9f41-e463437eec94.__CR0,0,970,600_PT0_SX970_V1___.jpg\"><img decoding=\"async\" alt=\"\u6241\u7ebfes\" src=\"https:\/\/m.media-amazon.com\/images\/S\/aplus-media-library-service-media\/9e924255-b936-43f7-9f41-e463437eec94.__CR0,0,970,600_PT0_SX970_V1___.jpg\">                                                                       <\/p>\n<p>                                                      <img decoding=\"async\" alt=\"Secci\u00f3n transversal de cables el\u00e9ctricos que muestra capas: revestimiento de PVC, n\u00facleo de cobre, blindaje de aluminio. Cables en varios colores: gris, verde, azul, amarillo, naranja\" src=\"https:\/\/images-na.ssl-images-amazon.com\/images\/G\/01\/x-locale\/common\/grey-pixel.gif\" class=\"a-spacing-mini a-lazy-loaded\" data-src=\"https:\/\/m.media-amazon.com\/images\/S\/aplus-media-library-service-media\/ef185ca2-e6dc-4d59-bb1c-79915d1fe4b0.__CR0,0,300,300_PT0_SX300_V1___.jpg\"><img decoding=\"async\" alt=\"Secci\u00f3n transversal de cables el\u00e9ctricos que muestra capas: revestimiento de PVC, n\u00facleo de cobre, blindaje de aluminio. Cables en varios colores: gris, verde, azul, amarillo, naranja\" src=\"https:\/\/m.media-amazon.com\/images\/S\/aplus-media-library-service-media\/ef185ca2-e6dc-4d59-bb1c-79915d1fe4b0.__CR0,0,300,300_PT0_SX300_V1___.jpg\">  <\/p>\n<h3 class=\"a-spacing-mini\"> Cable Ethernet Cat 8 <\/h3>\n<p>                                           Impulse y Estable Internet                                     <\/p>\n<p class=\"a-spacing-base\"> Admite un ancho de banda de hasta 2000 MHz y una velocidad de transmisi\u00f3n de datos de 40 Gbps, por lo que puede conectarse a sus segmentos LAN \/ WAN y equipo de red a velocidades m\u00e1ximas y navegar por la red, transmitir videos, jugar juegos y otros a alta velocidad. <\/p>\n<p>                                           Protegido de Interferencias                                     <\/p>\n<p class=\"a-spacing-base\"> Hecho de 4 pares trenzados blindados (SFTP) con dos conectores RJ45 chapados en oro en cada extremo. El blindaje total con papel de aluminio y blindaje trenzado puede proporcionar una mejor protecci\u00f3n contra la diafon\u00eda, el ruido y degradar la interferencia de la se\u00f1al. <\/p>\n<p>                                           Material de Alta Calidad                                     <\/p>\n<p class=\"a-spacing-base\"> Hecho de alambre de cobre 100% premium sin ox\u00edgeno. El material de alta calidad protege al m\u00e1ximo el n\u00facleo del cable de cobre contra roturas o explosiones y tiene una larga vida \u00fatil. <\/p>\n<p>                                                                                       M\u00e1s delgada de calibre 26 AWG hace que sea m\u00e1s flexible y duradero.       Blindado cable (S\/FTP) permite la m\u00e1xima rendimiento mientras minimizar EMI y RFI.       50 micras contactos chapados en oro ofrecen la m\u00e1xima resistencia a la corrosi\u00f3n de las conexiones.       Cables duraderos, flexibles, impermeables y anticorrosi\u00f3n para trabajos pesados.       Todos los cables superan la prueba Fluke.       <\/p>\n<h3 class=\"a-spacing-small\"> Seguridad Duradera y Resistente en Condiciones Extremas <\/h3>\n<p class=\"apm-text-center\">\n                                                      <img decoding=\"async\" alt=\"\u6241\u7ebfes\" src=\"https:\/\/images-na.ssl-images-amazon.com\/images\/G\/01\/x-locale\/common\/grey-pixel.gif\" class=\"a-spacing-mini a-lazy-loaded\" data-src=\"https:\/\/m.media-amazon.com\/images\/S\/aplus-media-library-service-media\/e768b205-cd28-4a9f-a9f3-ababccc839c2.__CR0,0,300,300_PT0_SX300_V1___.jpg\"><img decoding=\"async\" alt=\"\u6241\u7ebfes\" src=\"https:\/\/m.media-amazon.com\/images\/S\/aplus-media-library-service-media\/e768b205-cd28-4a9f-a9f3-ababccc839c2.__CR0,0,300,300_PT0_SX300_V1___.jpg\">  <\/p>\n<p>                                                    Flexibles y Ahorran Espacio                                       <\/p>\n<p>M\u00e1s finos y anchos que los cables redondos normales, son especialmente \u00fatiles para la organizaci\u00f3n de cables en espacios reducidos o abarrotados.Ocupan menos espacio vertical que los cables redondos, por lo que son ideales para organizar ordenadamente varios cables pr\u00f3ximos.Los cables planos se colocan a ras de las superficies, reduciendo el desorden visible y evitando el riesgo de tropiezos, a diferencia de los cables redondos que pueden sobresalir o crear bultos.     <\/p>\n<p class=\"apm-text-center\">\n                                                      <img decoding=\"async\" alt=\"Conector de cable de red negro con puntas doradas y un componente separado de color dorado que se muestra sobre un fondo\" src=\"https:\/\/images-na.ssl-images-amazon.com\/images\/G\/01\/x-locale\/common\/grey-pixel.gif\" class=\"a-spacing-mini a-lazy-loaded\" data-src=\"https:\/\/m.media-amazon.com\/images\/S\/aplus-media-library-service-media\/61ef438e-b474-43e3-b08a-f439f887c2ef.__CR0,0,300,300_PT0_SX300_V1___.jpg\"><img decoding=\"async\" alt=\"Conector de cable de red negro con puntas doradas y un componente separado de color dorado que se muestra sobre un fondo\" src=\"https:\/\/m.media-amazon.com\/images\/S\/aplus-media-library-service-media\/61ef438e-b474-43e3-b08a-f439f887c2ef.__CR0,0,300,300_PT0_SX300_V1___.jpg\">  <\/p>\n<p>                                                    Conector RJ45 Chapado en Oro                                       <\/p>\n<p>Dise\u00f1o sin enganches para desenchufar m\u00e1s f\u00e1cilmente. El alivio de tensi\u00f3n moldeado elimina enganches, pellizcos y resiste obst\u00e1culos enredados.  Los conectores RJ45 blindados con contactos chapados en oro de 50 micrones garantizan resistencia a la corrosi\u00f3n y rendimiento a largo plazo.     <\/p>\n<p class=\"apm-text-center\">\n                                                      <img decoding=\"async\" alt=\"cable ethernet blanco cat 8\" src=\"https:\/\/images-na.ssl-images-amazon.com\/images\/G\/01\/x-locale\/common\/grey-pixel.gif\" class=\"a-spacing-mini a-lazy-loaded\" data-src=\"https:\/\/m.media-amazon.com\/images\/S\/aplus-media-library-service-media\/ff5426ff-0d7b-43cb-9730-40bb8fa8b9a7.__CR0,0,300,300_PT0_SX300_V1___.jpg\"><img decoding=\"async\" alt=\"cable ethernet blanco cat 8\" src=\"https:\/\/m.media-amazon.com\/images\/S\/aplus-media-library-service-media\/ff5426ff-0d7b-43cb-9730-40bb8fa8b9a7.__CR0,0,300,300_PT0_SX300_V1___.jpg\">  <\/p>\n<p>                                                    Supera la Prueba FLUKE CHANNEL                                       <\/p>\n<p>En nuestra f\u00e1brica de alto rendimiento, probamos todas las bobinas de cable CAT8.En nuestros procesos de control de calidad y desarrollo de productos, realizamos pruebas con el dispositivo Fluke para demostrar nuestra dedicaci\u00f3n a la calidad.Nuestros clientes pueden estar seguros de que lo que compran est\u00e1 a la altura de las circunstancias.     <\/p>\n<p>                                                                             <img decoding=\"async\" alt=\"un collage de cuatro tipos diferentes de nieve.\" src=\"https:\/\/images-na.ssl-images-amazon.com\/images\/G\/01\/x-locale\/common\/grey-pixel.gif\" class=\"a-spacing-base a-lazy-loaded\" data-src=\"https:\/\/m.media-amazon.com\/images\/S\/aplus-media-library-service-media\/335f6521-4f65-4a3e-a0bf-01c5b2af4712.__CR0,0,970,600_PT0_SX970_V1___.jpg\"><img decoding=\"async\" alt=\"un collage de cuatro tipos diferentes de nieve.\" src=\"https:\/\/m.media-amazon.com\/images\/S\/aplus-media-library-service-media\/335f6521-4f65-4a3e-a0bf-01c5b2af4712.__CR0,0,970,600_PT0_SX970_V1___.jpg\">                                                                       <\/p>\n<p>                                                                             <img decoding=\"async\" alt=\"una variedad de accesorios de computadora\" src=\"https:\/\/images-na.ssl-images-amazon.com\/images\/G\/01\/x-locale\/common\/grey-pixel.gif\" class=\"a-spacing-base a-lazy-loaded\" data-src=\"https:\/\/m.media-amazon.com\/images\/S\/aplus-media-library-service-media\/861df1b3-7d83-4a1d-8889-c6e40c191eb1.__CR0,0,970,600_PT0_SX970_V1___.jpg\"><img decoding=\"async\" alt=\"una variedad de accesorios de computadora\" src=\"https:\/\/m.media-amazon.com\/images\/S\/aplus-media-library-service-media\/861df1b3-7d83-4a1d-8889-c6e40c191eb1.__CR0,0,970,600_PT0_SX970_V1___.jpg\">                                                                       <\/p>\n<p>                         Add To Basket  <\/p>\n<p>                         Add To Basket  <\/p>\n<p>                         Add To Basket  <\/p>\n<p>                         Add To Basket  <\/p>\n<p>                         Add To Basket  <\/p>\n<p>                             Tallas disponibles<br \/>\n                                0.5m,1m,2m,3m,5m,6m,8m,10m,20m                0.6m,1m,1.5m,2m,3m,5m,6m,7.5m,9m,10m               0.5m,1m,2m,3m,5m,6m,8m,10m,15m,20m                0.5m,1m,2m,3m               1m,1.5m,2m,3m,4.5m               0.5m,1m,2m,3m,5m,6m,8m,10m,15m,20m         <\/p>\n<p>                             Dise\u00f1o de cable<br \/>\n                                Plano               Round               Round               Plano               Plano               Round        <\/p>\n<p>                             Ancho de banda soportado<br \/>\n                                2000MHz                8K@60Hz\/ 4K@120Hz               2000MHz                2000MHz                250MHz                2000MHz         <\/p>\n<p>                             Tasa de transferencia de datos<br \/>\n                                40Gbps                48Gbps                40Gbps                40Gbps               1Gbps               40Gbps        <\/p>\n<p>                             Tipo de conector<br \/>\n                                Conector RJ45 chapado en oro               Conector HDMI chapado en oro               Conector RJ45 chapado en oro               Conector RJ45 chapado en oro               Conector RJ45 chapado en oro               Conector RJ45 chapado en oro        <\/p>\n<p>                             A prueba de la intemperie  <\/p>\n<p>                                              \u2713<\/p>\n<p>                                              \u2713<\/p>\n<p>                                              \u2713<\/p>\n<p>                                              \u2713<\/p>\n<p>                                              \u2713<\/p>\n<p>                                              \u2713<\/p>\n<p>                             Resistencia a los rayos ultravioleta  <\/p>\n<p>                                              \u2713<\/p>\n<p>                                              \u2713<\/p>\n<p>                                              \u2713<\/p>\n<p>                                              \u2713<\/p>\n<p>                                              \u2713<\/p>\n<p>                                              \u2713<\/p>\n<p> Package Dimensions                                            \u200f                                            :                                            \u200e                                            17.1 x 16 x 1.7 cm; 46.5 g   <br \/> Date First Available                                            \u200f                                            :                                            \u200e                                            5 Jun. 2020   <br \/> Manufacturer                                            \u200f                                            :                                            \u200e                                            Yauhody   <br \/> ASIN                                            \u200f                                            :                                            \u200e                                            B08611447T   <br \/> Item model number                                            \u200f                                            :                                            \u200e                                            FLBCAT802ft-AU   <br \/> Country of origin                                            \u200f                                            :                                            \u200e                                            China   <br \/>       Best Sellers Rank:  20 in Ethernet Cables       <br \/>  Customer reviews:                                                                                            4.6               4.6 out of 5 stars                                  (3,540)                                              var dpAcrHasRegisteredArcLinkClickAction;                    P.when(&#8216;A&#8217;, &#8216;ready&#8217;).execute(function(A) {                        if (dpAcrHasRegisteredArcLinkClickAction !== true) {                            dpAcrHasRegisteredArcLinkClickAction = true;                            A.declarative(                                &#8216;acrLink-click-metrics&#8217;, &#8216;click&#8217;,                                { \u00aballowLinkDefault\u00bb: true },                                function (event) {                                    if (window.ue) {                                        ue.count(\u00abacrLinkClickCount\u00bb, (ue.count(\u00abacrLinkClickCount\u00bb) || 0) + 1);                                    }                                }                            );                        }                    });                                             P.when(&#8216;A&#8217;, &#8216;cf&#8217;).execute(function(A) {                A.declarative(&#8216;acrStarsLink-click-metrics&#8217;, &#8216;click&#8217;, { \u00aballowLinkDefault\u00bb : true },  function(event){                    if(window.ue) {                        ue.count(\u00abacrStarsLinkWithPopoverClickCount\u00bb, (ue.count(\u00abacrStarsLinkWithPopoverClickCount\u00bb) || 0) + 1);                    }                });            });                          <\/p>\n<p>4x Faster than CAT7:The cat 8 network cable supports up to 2000MHz bandwidth (3x Cat7-600MHz), which can increase data transfer speed up to 40Gbps (4x Cat7-10Gbps). Compared to CAT6\/CAT7, CAT8 network cables offer superior transmission speeds, shielding performance, and application environments, and are ideal for fast, stable, and interference-resistant network connections, being suitable for data centers, corporate networks, heavy industry, gaming and multimedia applications.<br \/>Stability and Anti-Interference: The double shielded design, cat 8 ethernet cable consists of 4 pairs of 100% 26AWG pure copper shielded twisted pair (STP) cables for better protection against external crosstalk, noise and signal interference. Shielded RJ45 connectors with 50 micron gold-plated contacts ensure corrosion resistance and long-term performance (no noise or signal loss).<br \/>Flexible and Durable:Cat 8 lan cable is constructed of upgraded PVC cable jacket, which is abrasion-resistant, corrosion-resistant, water-resistant, and UV-resistant, and can prevent EMI\/RFI interference more effectively, making it suitable for long-distance transmission and indoor and outdoor use, and can still work effectively in extremely cold or hot weather. Withstands 15,000+ 90-degree bends for reliable and long-lasting performance.<br \/>Lifetime Support:The flat cable design can withstand a radius of curvature greater than that of round cables, flexible and easy to store, you can lay the cable along walls, carpets and other corners, or bury it directly into the ground. Each rj45 cat 8 cable undergoes rigorous testing to ensure true network transmission speeds. We offer a fast and comprehensive after-sales service, so if you have any questions, please feel free to consult us.<br \/>Wide Compatibility and Safety: Cat 8 internet cable is the best choice for smart home and smart office, compatible with CAT7, CAT6, CAT6a, CAT5e, CAT5 cable standards. Suitable for all devices with RJ45 interface such as routers, switches, modems, network adapters, hubs, printers, Blu-ray players, pc, TV, game consoles (X box series, ps5\/4\/3) etc, support poe function.<\/p>\n\n","protected":false},"excerpt":{"rendered":"<p> Product Description Cable Ethernet Cat 8 Impulse y Estable Internet Admite un ancho de banda<\/p>","protected":false},"featured_media":34244,"comment_status":"open","ping_status":"closed","template":"","meta":[],"product_brand":[],"product_cat":[69],"product_tag":[7449,7451,9766,2373,182,3606,9768,2047,2044,2303,5466,258,3355,1092,2052,2037,197,2436,791,2877,2054,1719,2046,2049,2469,1066,9767,7452,198,2050,2042,2040],"class_list":{"0":"post-34243","1":"product","2":"type-product","3":"status-publish","4":"has-post-thumbnail","6":"product_cat-cables-adapters","7":"product_tag-10m","8":"product_tag-2000mhz","9":"product_tag-20m","10":"product_tag-40gbps","11":"product_tag-cable","12":"product_tag-cat","13":"product_tag-cat6cat6","14":"product_tag-charging-cable","15":"product_tag-displayport-cable","16":"product_tag-ethernet","17":"product_tag-faster","18":"product_tag-feet","19":"product_tag-flat","20":"product_tag-gigabit","21":"product_tag-hdmi-adapter","22":"product_tag-hdmi-cable","23":"product_tag-high","24":"product_tag-internet","25":"product_tag-lan","26":"product_tag-modem","27":"product_tag-multiport-adapter","28":"product_tag-network","29":"product_tag-network-cable","30":"product_tag-power-cable","31":"product_tag-ps5","32":"product_tag-rj45","33":"product_tag-sftp","34":"product_tag-shielded","35":"product_tag-speed","36":"product_tag-usb-adapter","37":"product_tag-usb-c-cable","38":"product_tag-usb-cable","40":"first","41":"instock","42":"shipping-taxable","43":"product-type-external"},"_links":{"self":[{"href":"https:\/\/comprasyconsejos.store\/en\/wp-json\/wp\/v2\/product\/34243","targetHints":{"allow":["GET"]}}],"collection":[{"href":"https:\/\/comprasyconsejos.store\/en\/wp-json\/wp\/v2\/product"}],"about":[{"href":"https:\/\/comprasyconsejos.store\/en\/wp-json\/wp\/v2\/types\/product"}],"replies":[{"embeddable":true,"href":"https:\/\/comprasyconsejos.store\/en\/wp-json\/wp\/v2\/comments?post=34243"}],"version-history":[{"count":0,"href":"https:\/\/comprasyconsejos.store\/en\/wp-json\/wp\/v2\/product\/34243\/revisions"}],"wp:featuredmedia":[{"embeddable":true,"href":"https:\/\/comprasyconsejos.store\/en\/wp-json\/wp\/v2\/media\/34244"}],"wp:attachment":[{"href":"https:\/\/comprasyconsejos.store\/en\/wp-json\/wp\/v2\/media?parent=34243"}],"wp:term":[{"taxonomy":"product_brand","embeddable":true,"href":"https:\/\/comprasyconsejos.store\/en\/wp-json\/wp\/v2\/product_brand?post=34243"},{"taxonomy":"product_cat","embeddable":true,"href":"https:\/\/comprasyconsejos.store\/en\/wp-json\/wp\/v2\/product_cat?post=34243"},{"taxonomy":"product_tag","embeddable":true,"href":"https:\/\/comprasyconsejos.store\/en\/wp-json\/wp\/v2\/product_tag?post=34243"}],"curies":[{"name":"wp","href":"https:\/\/api.w.org\/{rel}","templated":true}]}}