{"id":34257,"date":"2026-02-25T03:32:13","date_gmt":"2026-02-25T03:32:13","guid":{"rendered":"https:\/\/comprasyconsejos.store\/product\/noctua-nf-a14-pwm-chromax-black-swap-quiet-fan-4-pins-140mm-black\/"},"modified":"2026-02-25T03:32:15","modified_gmt":"2026-02-25T03:32:15","slug":"noctua-nf-a14-pwm-chromax-black-swap-quiet-fan-4-pins-140mm-black","status":"publish","type":"product","link":"https:\/\/comprasyconsejos.store\/en\/product\/noctua-nf-a14-pwm-chromax-black-swap-quiet-fan-4-pins-140mm-black\/","title":{"rendered":"Noctua NF-A14 PWM chromax.black.swap, Quiet Fan, 4 Pins (140mm, Black)"},"content":{"rendered":"<p>Price: <span style=\"color:#b12704\">\u20ac29.90<\/span><br \/><i><small>(as of Feb 25, 2026 03:32:13 UTC &#8211; <span class=\"wp_automatic_amazon_disclaimer\" title=\"Product prices and availability are accurate as of the date\/time indicated and are subject to change. Any price and availability information displayed on [relevant Amazon Site(s), as applicable] at the time of purchase will apply to the purchase of this product.\">Details<\/span>)<\/small><\/i><\/p>\n<p><a href=\"https:\/\/amazon.es\/dp\/B07655KF5C?tag=man008-21\"><img decoding=\"async\" src=\"https:\/\/valvepress.s3.amazonaws.com\/imgs\/buy_now.png\"><\/a><br \/>\n<\/p>\n<p>                                             Product Description   <\/p>\n<p>                                                         <img decoding=\"async\" alt=\"noctua\" src=\"https:\/\/images-na.ssl-images-amazon.com\/images\/G\/01\/x-locale\/common\/grey-pixel.gif\" class=\"a-lazy-loaded\" data-src=\"https:\/\/m.media-amazon.com\/images\/S\/aplus-media\/sc\/2a696099-1d12-4d6e-bfa4-fa20d595893a.__CR0,0,600,180_PT0_SX600_V1___.jpg\"><img decoding=\"async\" alt=\"noctua\" src=\"https:\/\/m.media-amazon.com\/images\/S\/aplus-media\/sc\/2a696099-1d12-4d6e-bfa4-fa20d595893a.__CR0,0,600,180_PT0_SX600_V1___.jpg\">      <\/p>\n<p>                                                                             <img decoding=\"async\" alt=\"a14\" src=\"https:\/\/images-na.ssl-images-amazon.com\/images\/G\/01\/x-locale\/common\/grey-pixel.gif\" class=\"a-spacing-base a-lazy-loaded\" data-src=\"https:\/\/m.media-amazon.com\/images\/S\/aplus-seller-content-images-us-east-1\/A1RKKUPIHCS9HS\/A38F5RZ72I2JQ\/802fe682-97e8-45b8-895d-7dfec6a18d72._CR0,0,970,600_PT0_SX970__.jpg\"><img decoding=\"async\" alt=\"a14\" src=\"https:\/\/m.media-amazon.com\/images\/S\/aplus-seller-content-images-us-east-1\/A1RKKUPIHCS9HS\/A38F5RZ72I2JQ\/802fe682-97e8-45b8-895d-7dfec6a18d72._CR0,0,970,600_PT0_SX970__.jpg\">                                                                     <\/p>\n<p class=\"a-spacing-base\"> Tras haber sido galardonado con m\u00e1s de 100 premios y recomendaciones de sitios web y revistas internacionales especializadas, el NF-A14 es uno de los ventiladores Noctua de 140mm m\u00e1s reconocidos y populares. Su marco cuadrado lo convierte en el id\u00f3neo para su uso con radiadores de refrigeraci\u00f3n l\u00edquida o como ventilador para caja. La edici\u00f3n chromax.black.swap combina la caracter\u00edstica de refrigeraci\u00f3n silenciosa del NF-A14 con un atractivo dise\u00f1o totalmente negro y un conjunto de almohadillas anti-vibraci\u00f3n de color rojo, blanco, azul, verde, amarillo y negro que permiten la personalizaci\u00f3n del ventilador para que coordine con cada estructura individual. Para una mayor personalizaci\u00f3n, ofrecemos una amplia gama de accesorios como cables o almohadillas y soportes anti-vibraci\u00f3n de colores que se venden por separado. Equipado con el rodamiento Noctua SSO2 de m\u00e1xima fiabilidad y calidad, y m\u00e1s de 150.000 horas de tiempo medio de vida entre fallos (MTTF), el NF-A14 PWM chromax.black.swap es la elecci\u00f3n perfecta para todos los usuarios que valoran el aspecto individual y personalizado tanto como la calidad y el rendimiento. <\/p>\n<p>                                                  <img decoding=\"async\" alt=\"a14\" src=\"https:\/\/images-na.ssl-images-amazon.com\/images\/G\/01\/x-locale\/common\/grey-pixel.gif\" class=\"a-lazy-loaded\" data-src=\"https:\/\/m.media-amazon.com\/images\/S\/aplus-seller-content-images-us-east-1\/A1RKKUPIHCS9HS\/A38F5RZ72I2JQ\/50b3d845-80bb-44d7-b019-ffbdfe72412b._CR0,0,300,300_PT0_SX300__.jpg\"><img decoding=\"async\" alt=\"a14\" src=\"https:\/\/m.media-amazon.com\/images\/S\/aplus-seller-content-images-us-east-1\/A1RKKUPIHCS9HS\/A38F5RZ72I2JQ\/50b3d845-80bb-44d7-b019-ffbdfe72412b._CR0,0,300,300_PT0_SX300__.jpg\">  <\/p>\n<h3 class=\"a-spacing-mini\"> Dise\u00f1o NF-A14 galardonado <\/h3>\n<p> Tras recibir m\u00e1s de 100 premios y recomendaciones de la prensa internacional, el NF-A14 de Noctua se ha convertido en la mejor y m\u00e1s segura elecci\u00f3n para las necesidades de refrigeraci\u00f3n de 140 mm. Su reconocida eficiencia ha convencido a decenas de miles de clientes en todo el mundo. <\/p>\n<p class=\"apm-text-center\">\n                                                      <img decoding=\"async\" alt=\"avp\" src=\"https:\/\/images-na.ssl-images-amazon.com\/images\/G\/01\/x-locale\/common\/grey-pixel.gif\" class=\"a-lazy-loaded\" data-src=\"https:\/\/m.media-amazon.com\/images\/S\/aplus-seller-content-images-us-east-1\/A1RKKUPIHCS9HS\/A38F5RZ72I2JQ\/4afd7f78-dca9-4bd9-94ab-b99ebc919cbe._CR0,0,300,300_PT0_SX220__.jpg\"><img decoding=\"async\" alt=\"avp\" src=\"https:\/\/m.media-amazon.com\/images\/S\/aplus-seller-content-images-us-east-1\/A1RKKUPIHCS9HS\/A38F5RZ72I2JQ\/4afd7f78-dca9-4bd9-94ab-b99ebc919cbe._CR0,0,300,300_PT0_SX220__.jpg\">  <\/p>\n<p>                                                    Almohadillas anti-vibraci\u00f3n de colores                                     <\/p>\n<p class=\"a-size-small\"> El NF-A14 PWM chromax.black.swap incluye 4 almohadillas anti-vibraci\u00f3n NA-AVP1 de cada uno de los siguientes colores: negras, blancas, rojas, azules, verdes y amarillas. Al combinar los distintos colores con el negro, o al dejar las almohadillas en un lado, el ventilador puede conjuntarse con la mayor\u00eda de los patrones de las estructuras convencionales fuera de la caja. Tambi\u00e9n pueden adquirirse por separado otros sets NA-SAVP1 para colocar un solo color en ambos lados. <\/p>\n<p class=\"apm-text-center\">\n                                                      <img decoding=\"async\" alt=\"sso2\" src=\"https:\/\/images-na.ssl-images-amazon.com\/images\/G\/01\/x-locale\/common\/grey-pixel.gif\" class=\"a-lazy-loaded\" data-src=\"https:\/\/m.media-amazon.com\/images\/S\/aplus-seller-content-images-us-east-1\/A1RKKUPIHCS9HS\/A38F5RZ72I2JQ\/441046e0-3383-46e1-9419-a186bff4a363._CR0,0,300,300_PT0_SX220__.jpg\"><img decoding=\"async\" alt=\"sso2\" src=\"https:\/\/m.media-amazon.com\/images\/S\/aplus-seller-content-images-us-east-1\/A1RKKUPIHCS9HS\/A38F5RZ72I2JQ\/441046e0-3383-46e1-9419-a186bff4a363._CR0,0,300,300_PT0_SX220__.jpg\">  <\/p>\n<p>                                                    Rodamientos SSO2                                     <\/p>\n<p class=\"a-size-small\"> Los ventiladores de edici\u00f3n chromax disponen de los reconocidos rodamientos SSO de segunda generaci\u00f3n, optimizados y comprobados de Noctua. Con los SSO2, el im\u00e1n posterior est\u00e1 situado m\u00e1s cerca del eje para proporcionar mayor estabilidad, precisi\u00f3n y durabilidad. <\/p>\n<p class=\"apm-text-center\">\n                                                      <img decoding=\"async\" alt=\"a14\" src=\"https:\/\/images-na.ssl-images-amazon.com\/images\/G\/01\/x-locale\/common\/grey-pixel.gif\" class=\"a-lazy-loaded\" data-src=\"https:\/\/m.media-amazon.com\/images\/S\/aplus-seller-content-images-us-east-1\/A1RKKUPIHCS9HS\/A38F5RZ72I2JQ\/c1ff6ee6-598d-43fe-902a-ec729afdd6bd._CR0,0,300,300_PT0_SX220__.jpg\"><img decoding=\"async\" alt=\"a14\" src=\"https:\/\/m.media-amazon.com\/images\/S\/aplus-seller-content-images-us-east-1\/A1RKKUPIHCS9HS\/A38F5RZ72I2JQ\/c1ff6ee6-598d-43fe-902a-ec729afdd6bd._CR0,0,300,300_PT0_SX220__.jpg\">  <\/p>\n<p>                                                    Flow Acceleration Channels (canales de circulaci\u00f3n acelerada)                                     <\/p>\n<p class=\"a-size-small\"> El rotor del NF-A14 dispone de Flow Acceleration Channels (Canales de Circulaci\u00f3n Acelerada) por el lado de succi\u00f3n. Aumentando la velocidad del flujo de aire en las regiones cruciales exteriores de las aspas, esta medida reduce la separaci\u00f3n del flujo en el lado de succi\u00f3n y resultando as\u00ed en una mayor eficiencia y menor ruido de v\u00f3rtice. <\/p>\n<p class=\"apm-text-center\">\n                                                      <img decoding=\"async\" alt=\"a14\" src=\"https:\/\/images-na.ssl-images-amazon.com\/images\/G\/01\/x-locale\/common\/grey-pixel.gif\" class=\"a-lazy-loaded\" data-src=\"https:\/\/m.media-amazon.com\/images\/S\/aplus-seller-content-images-us-east-1\/A1RKKUPIHCS9HS\/A38F5RZ72I2JQ\/e003bf55-7991-49d6-947c-e8a3db125414._CR0,0,300,300_PT0_SX220__.jpg\"><img decoding=\"async\" alt=\"a14\" src=\"https:\/\/m.media-amazon.com\/images\/S\/aplus-seller-content-images-us-east-1\/A1RKKUPIHCS9HS\/A38F5RZ72I2JQ\/e003bf55-7991-49d6-947c-e8a3db125414._CR0,0,300,300_PT0_SX220__.jpg\">  <\/p>\n<p>                                                    Marco cuadrado de 140 mm                                     <\/p>\n<p class=\"a-size-small\"> El NF-A14 con marco cuadrado de 140 mm y agujeros de montaje de 140 mm (espaciamiento de 124,5 mm) es una sustituci\u00f3n de alta gama para los ventiladores de caja de 140 mm y son perfectos para su uso con radiadores de refrigeraci\u00f3n l\u00edquida de 140 mm, ya que su forma cuadrada garantiza una cobertura total y el mejor rendimiento de presi\u00f3n. <\/p>\n<p>                                                  <img decoding=\"async\" alt=\"a14\" src=\"https:\/\/images-na.ssl-images-amazon.com\/images\/G\/01\/x-locale\/common\/grey-pixel.gif\" class=\"a-lazy-loaded\" data-src=\"https:\/\/m.media-amazon.com\/images\/S\/aplus-seller-content-images-us-east-1\/A1RKKUPIHCS9HS\/A38F5RZ72I2JQ\/5f87ece2-63eb-450d-9c06-22e6004ef698._CR0,0,970,300_PT0_SX970__.jpg\"><img decoding=\"async\" alt=\"a14\" src=\"https:\/\/m.media-amazon.com\/images\/S\/aplus-seller-content-images-us-east-1\/A1RKKUPIHCS9HS\/A38F5RZ72I2JQ\/5f87ece2-63eb-450d-9c06-22e6004ef698._CR0,0,970,300_PT0_SX970__.jpg\">  <\/p>\n<h3> Edici\u00f3n chromax.black.swap <\/h3>\n<p> Al ampliar la selecci\u00f3n de colores, los ventiladores Noctua de la edici\u00f3n chromax.black.swap puede personalizase si se utilizan las almohadillas anti-vibraci\u00f3n que se incluyen as\u00ed como los cables y soportes anti-vibraci\u00f3n opcionales. <\/p>\n<p>                         Add To Basket  <\/p>\n<p>                         Add To Basket  <\/p>\n<p>                         Add To Basket  <\/p>\n<p>                         Add To Basket  <\/p>\n<p>                         Add To Basket  <\/p>\n<p>                         Add To Basket  <\/p>\n<p>                             Customer Reviews  <\/p>\n<p>                    4.7 out of 5 stars  5,919  <\/p>\n<p>                    4.6 out of 5 stars  461  <\/p>\n<p>                    4.8 out of 5 stars  660  <\/p>\n<p>                    4.5 out of 5 stars  241  <\/p>\n<p>                    4.6 out of 5 stars  98  <\/p>\n<p>                    4.7 out of 5 stars  4,783  <\/p>\n<p>                             Price  <\/p>\n<p>                                    \u20ac27.90\u20ac27.90                  \u20ac27.90\u20ac27.90                  \u20ac27.90\u20ac27.90                  \u20ac27.90\u20ac27.90                  \u20ac27.90\u20ac27.90                  \u20ac29.90\u20ac29.90        <\/p>\n<p>                             Conexi\u00f3n &amp; configuraci\u00f3n de pines<br \/>\n                                4 pines PWM               3 pines               3 pines               4 pines PWM               3 pines               4 pines PWM        <\/p>\n<p>                             Voltaje<br \/>\n                                12V               12V               12V               5V               5V               12V        <\/p>\n<p>                             RPM<br \/>\n                                Max: 1500 \/ Min: 300               1200               800               Max: 1500 \/ Min: 300               1500               Max: 1500 \/ Min: 300        <\/p>\n<p>                             RPM con L.N.A.<br \/>\n                                1200               1050               650               &#8211;  no data<br \/>\n                                                            &#8211;  no data<br \/>\n                                                            &#8211;  no data<\/p>\n<p>                             RPM con U.L.N.A.<br \/>\n                                &#8211;  no data<br \/>\n                                                            900               ,               &#8211;  no data<br \/>\n                                                            &#8211;  no data<br \/>\n                                                            &#8211;  no data<\/p>\n<p>                             Sonoridad<br \/>\n                                24,6 dB(A)               19,2 dB(A)               11,9 dB(A)               24,6 dB(A)               24,6 dB(A)               24,6 dB(A)        <\/p>\n<p>                             Sonoridad con L.N.A.<br \/>\n                                19,2 dB(A)               16.4 dB(A)               9.1 dB(A)               &#8211;  no data<br \/>\n                                                            &#8211;  no data<br \/>\n                                                            &#8211;  no data<\/p>\n<p>                             Sonoridad con U.L.N.A.<br \/>\n                                &#8211;  no data<br \/>\n                                                            13.8 dB(A)               &#8211;  no data<br \/>\n                                                            &#8211;  no data<br \/>\n                                                            &#8211;  no data<br \/>\n                                                            &#8211;  no data<\/p>\n<p>                             Dimensiones<br \/>\n                                140x140x25 mm               140x140x25 mm               140x140x25 mm               140x140x25 mm               140x140x25 mm               140x140x25 mm        <\/p>\n<p>                             Color<br \/>\n                                Marr\u00f3n y Beige               Marr\u00f3n y Beige               Marr\u00f3n y Beige               Marr\u00f3n y Beige               Marr\u00f3n y Beige               Negro con almohadillas anti-vibraci\u00f3n de colores        <\/p>\n<p> Is discontinued by manufacturer                                            \u200f                                            :                                            \u200e                                            No   <br \/> Product Dimensions                                            \u200f                                            :                                            \u200e                                            14 x 14 x 2.5 cm; 195 g   <br \/> Date First Available                                            \u200f                                            :                                            \u200e                                            5 Oct. 2017   <br \/> Manufacturer                                            \u200f                                            :                                            \u200e                                            Noctua   <br \/> ASIN                                            \u200f                                            :                                            \u200e                                            B07655KF5C   <br \/> Item model number                                            \u200f                                            :                                            \u200e                                            NF-A14 PWM CH.BK.S   <br \/> Country of origin                                            \u200f                                            :                                            \u200e                                            China   <br \/>       Best Sellers Rank:  2,484 in Computers (See Top 100 in Computers)    95 in Computer Case Fans      <br \/>  Customer reviews:                                                                                            4.7               4.7 out of 5 stars                                  (4,783)                                              var dpAcrHasRegisteredArcLinkClickAction;                    P.when(&#8216;A&#8217;, &#8216;ready&#8217;).execute(function(A) {                        if (dpAcrHasRegisteredArcLinkClickAction !== true) {                            dpAcrHasRegisteredArcLinkClickAction = true;                            A.declarative(                                &#8216;acrLink-click-metrics&#8217;, &#8216;click&#8217;,                                { \u00aballowLinkDefault\u00bb: true },                                function (event) {                                    if (window.ue) {                                        ue.count(\u00abacrLinkClickCount\u00bb, (ue.count(\u00abacrLinkClickCount\u00bb) || 0) + 1);                                    }                                }                            );                        }                    });                                             P.when(&#8216;A&#8217;, &#8216;cf&#8217;).execute(function(A) {                A.declarative(&#8216;acrStarsLink-click-metrics&#8217;, &#8216;click&#8217;, { \u00aballowLinkDefault\u00bb : true },  function(event){                    if(window.ue) {                        ue.count(\u00abacrStarsLinkWithPopoverClickCount\u00bb, (ue.count(\u00abacrStarsLinkWithPopoverClickCount\u00bb) || 0) + 1);                    }                });            });                          <\/p>\n<p>High quality silent fan, 140x140x25mm, 12V, 4-pin PWM, max. 1500 RPM, max. 24.6dB(A), >150,000h MTTF<br \/>Award-winning NF-A14 design that has received over 100 recommendations from specialized international websites and journals.<br \/>Square frame with excellent airflow and pressure performance: ideal for use with liquid cooling radiators or as a box fan.<br \/>4-pin PWM version provides automatic speed control via the 4-pin PWM connectors and a maximum speed of 1500 rpm<br \/>The chromax.black.swap edition includes an attractive all-black design and a set of red, black, white, blue, green and yellow anti-vibration pads that allow for fan customization.<\/p>\n\n","protected":false},"excerpt":{"rendered":"<p> Product Description Tras haber sido galardonado con m\u00e1s de 100 premios y recomendaciones de sitios<\/p>","protected":false},"featured_media":34258,"comment_status":"open","ping_status":"closed","template":"","meta":[],"product_brand":[],"product_cat":[65],"product_tag":[2003,2461,2005,2013,307,1998,9772,2015,2009,910,2011,4081,4080,2000,5507,2023,769,2007,2001],"class_list":{"0":"post-34257","1":"product","2":"type-product","3":"status-publish","4":"has-post-thumbnail","6":"product_cat-case-fan","7":"product_tag-120mm-case-fan","8":"product_tag-140mm","9":"product_tag-140mm-case-fan","10":"product_tag-best-case-fan","11":"product_tag-black","12":"product_tag-case-fan","13":"product_tag-chromax-black-swap","14":"product_tag-computer-cooling-fan","15":"product_tag-cooling-fan-for-pc","16":"product_tag-fan","17":"product_tag-high-airflow-case-fan","18":"product_tag-nfa14","19":"product_tag-noctua","20":"product_tag-pc-case-fan","21":"product_tag-pins","22":"product_tag-pwm","23":"product_tag-quiet","24":"product_tag-quiet-case-fan","25":"product_tag-rgb-case-fan","27":"first","28":"instock","29":"shipping-taxable","30":"product-type-external"},"_links":{"self":[{"href":"https:\/\/comprasyconsejos.store\/en\/wp-json\/wp\/v2\/product\/34257","targetHints":{"allow":["GET"]}}],"collection":[{"href":"https:\/\/comprasyconsejos.store\/en\/wp-json\/wp\/v2\/product"}],"about":[{"href":"https:\/\/comprasyconsejos.store\/en\/wp-json\/wp\/v2\/types\/product"}],"replies":[{"embeddable":true,"href":"https:\/\/comprasyconsejos.store\/en\/wp-json\/wp\/v2\/comments?post=34257"}],"version-history":[{"count":0,"href":"https:\/\/comprasyconsejos.store\/en\/wp-json\/wp\/v2\/product\/34257\/revisions"}],"wp:featuredmedia":[{"embeddable":true,"href":"https:\/\/comprasyconsejos.store\/en\/wp-json\/wp\/v2\/media\/34258"}],"wp:attachment":[{"href":"https:\/\/comprasyconsejos.store\/en\/wp-json\/wp\/v2\/media?parent=34257"}],"wp:term":[{"taxonomy":"product_brand","embeddable":true,"href":"https:\/\/comprasyconsejos.store\/en\/wp-json\/wp\/v2\/product_brand?post=34257"},{"taxonomy":"product_cat","embeddable":true,"href":"https:\/\/comprasyconsejos.store\/en\/wp-json\/wp\/v2\/product_cat?post=34257"},{"taxonomy":"product_tag","embeddable":true,"href":"https:\/\/comprasyconsejos.store\/en\/wp-json\/wp\/v2\/product_tag?post=34257"}],"curies":[{"name":"wp","href":"https:\/\/api.w.org\/{rel}","templated":true}]}}