{"id":34272,"date":"2026-02-25T03:49:54","date_gmt":"2026-02-25T03:49:54","guid":{"rendered":"https:\/\/comprasyconsejos.store\/product\/jourist-cradle-for-supervision-scanner-and-book-scanner-for-up-to-a3-scanning-surface-black-acrylic\/"},"modified":"2026-02-25T03:50:01","modified_gmt":"2026-02-25T03:50:01","slug":"jourist-cradle-for-supervision-scanner-and-book-scanner-for-up-to-a3-scanning-surface-black-acrylic","status":"publish","type":"product","link":"https:\/\/comprasyconsejos.store\/en\/product\/jourist-cradle-for-supervision-scanner-and-book-scanner-for-up-to-a3-scanning-surface-black-acrylic\/","title":{"rendered":"JOURIST Cradle for supervision scanner and book scanner for up to A3 scanning surface, black acrylic."},"content":{"rendered":"<p>Price: <span style=\"color:#b12704\">\u20ac29.95<\/span><br \/><i><small>(as of Feb 25, 2026 03:49:54 UTC &#8211; <span class=\"wp_automatic_amazon_disclaimer\" title=\"Product prices and availability are accurate as of the date\/time indicated and are subject to change. Any price and availability information displayed on [relevant Amazon Site(s), as applicable] at the time of purchase will apply to the purchase of this product.\">Details<\/span>)<\/small><\/i><\/p>\n<p><a href=\"https:\/\/amazon.es\/dp\/3898947394?tag=man008-21\"><img decoding=\"async\" src=\"https:\/\/valvepress.s3.amazonaws.com\/imgs\/buy_now.png\"><\/a><br \/>\n<\/p>\n<p>                                             From the brand   <\/p>\n<p>                                              <img decoding=\"async\" alt=\"\" src=\"https:\/\/images-na.ssl-images-amazon.com\/images\/G\/01\/x-locale\/common\/grey-pixel.gif\" class=\"a-lazy-loaded\" data-src=\"https:\/\/m.media-amazon.com\/images\/S\/aplus-media-library-service-media\/bbfde22f-673b-4a99-8793-bac6e1034531.__CR0,153,3273,1397_PT0_SX1464_V1___.jpg\"><img decoding=\"async\" alt=\"\" src=\"https:\/\/m.media-amazon.com\/images\/S\/aplus-media-library-service-media\/bbfde22f-673b-4a99-8793-bac6e1034531.__CR0,153,3273,1397_PT0_SX1464_V1___.jpg\">  <\/p>\n<h3> Marca: Jourist <\/h3>\n<p> Fundada en 1999, Jourist Verlags GmbH ofrece c\u00e1maras de documentos y bol\u00edgrafos de lectura que han sido galardonados en varias ocasiones en pruebas especializadas. <\/p>\n<h3> C\u00e1maras de documentos JOURIST <\/h3>\n<p class=\"apm-brand-story-stores-link\">\n<p>                                              <img decoding=\"async\" alt=\"\" src=\"https:\/\/images-na.ssl-images-amazon.com\/images\/G\/01\/x-locale\/common\/grey-pixel.gif\" class=\"a-lazy-loaded\" data-src=\"https:\/\/m.media-amazon.com\/images\/S\/aplus-media-library-service-media\/2577d564-6deb-4080-8688-dbf369348868.__CR0,444,1647,758_PT0_SX315_V1___.jpg\"><img decoding=\"async\" alt=\"\" src=\"https:\/\/m.media-amazon.com\/images\/S\/aplus-media-library-service-media\/2577d564-6deb-4080-8688-dbf369348868.__CR0,444,1647,758_PT0_SX315_V1___.jpg\">  <\/p>\n<p> Con nuestros productos de hardware y software, ofrecemos soluciones hol\u00edsticas como, por ejemplo, L\u00e1pices de lectura, esc\u00e1neres, gadgets y c\u00e1maras de documentos para lecciones en l\u00ednea y presenciales. Los productos de la marca JOURIST han sido galardonados en muchos ensayos especializados. Numerosos profesores satisfechos confirman la calidad de los productos. <\/p>\n<h3> L\u00e1pices de lectura y gadgets <\/h3>\n<p class=\"apm-brand-story-stores-link\">\n<p> Is discontinued by manufacturer                                            \u200f                                            :                                            \u200e                                            No   <br \/> Product Dimensions                                            \u200f                                            :                                            \u200e                                            45 x 30 x 5.5 cm; 890 g   <br \/> Manufacturer                                            \u200f                                            :                                            \u200e                                            Jourist Verlags GmbH   <br \/> ASIN                                            \u200f                                            :                                            \u200e                                            3898947394   <br \/> Guaranteed software updates until                                            \u200f                                            :                                            \u200e                                            unknown   <br \/>  Customer reviews:                                                                                            3.9               3.9 out of 5 stars                                  (368)                                              var dpAcrHasRegisteredArcLinkClickAction;                    P.when(&#8216;A&#8217;, &#8216;ready&#8217;).execute(function(A) {                        if (dpAcrHasRegisteredArcLinkClickAction !== true) {                            dpAcrHasRegisteredArcLinkClickAction = true;                            A.declarative(                                &#8216;acrLink-click-metrics&#8217;, &#8216;click&#8217;,                                { \u00aballowLinkDefault\u00bb: true },                                function (event) {                                    if (window.ue) {                                        ue.count(\u00abacrLinkClickCount\u00bb, (ue.count(\u00abacrLinkClickCount\u00bb) || 0) + 1);                                    }                                }                            );                        }                    });                                             P.when(&#8216;A&#8217;, &#8216;cf&#8217;).execute(function(A) {                A.declarative(&#8216;acrStarsLink-click-metrics&#8217;, &#8216;click&#8217;, { \u00aballowLinkDefault\u00bb : true },  function(event){                    if(window.ue) {                        ue.count(\u00abacrStarsLinkWithPopoverClickCount\u00bb, (ue.count(\u00abacrStarsLinkWithPopoverClickCount\u00bb) || 0) + 1);                    }                });            });                          <\/p>\n<p>This high quality book cradle is an indispensable helper for anyone who needs to scan books, magazines and other bound templates. Now users of cheap monitoring scanners can also benefit from the advantages of a crib. The book cradle is used in the book scanner or document camera and allows scanning without loss of quality, fast and convenient. A book cradle is no longer just equipment of professional book scanners in the library.<br \/>The cradle protects the binding and book pages when scanning, as books do not have to be fully opened. Even valuable and old books in corporate archives and libraries will not be damaged. No need to separate pages. This is important when many pages need to be scanned in a short time.<br \/>The selected angle ensures that the books fit perfectly and the page being scanned is not altered. Unlike without a book crib, the pages do not curl. Open books are best captured by the scanner, since the light from the scanner lamps is evenly distributed on the pages of the book. Because light does not fall at a 90\u00b0 angle towards the page, there are fewer mirror effects on bright pages, as in magazines.<br \/>The black surface is perfect as a contrast stencil. Book scanner software can deliver optimal results when cropping digitized pages. The cradle offers perfect support for stencils with a scanning surface of up to A3, so virtually all standard scanners are updated. The cradle is made of high quality black acrylic and also fits perfectly on monitors, keyboards and scanners. It can be easily cleaned with a soft cloth.<\/p>\n\n","protected":false},"excerpt":{"rendered":"<p> From the brand Marca: Jourist Fundada en 1999, Jourist Verlags GmbH ofrece c\u00e1maras de documentos<\/p>","protected":false},"featured_media":34273,"comment_status":"open","ping_status":"closed","template":"","meta":[],"product_brand":[],"product_cat":[60],"product_tag":[9777,1990,307,1735,9775,1982,1989,1983,1986,5852,1987,1984,1985,840,1991,3966,9776,826,1988],"class_list":{"0":"post-34272","1":"product","2":"type-product","3":"status-publish","4":"has-post-thumbnail","6":"product_cat-scanners","7":"product_tag-acrylic","8":"product_tag-best-scanner","9":"product_tag-black","10":"product_tag-book","11":"product_tag-cradle","12":"product_tag-document-scanner","13":"product_tag-fast-document-scanner","14":"product_tag-flatbed-scanner","15":"product_tag-high-resolution-scanner","16":"product_tag-jourist","17":"product_tag-office-scanner","18":"product_tag-photo-scanner","19":"product_tag-portable-scanner","20":"product_tag-scanner","21":"product_tag-scanner-price","22":"product_tag-scanning","23":"product_tag-supervision","24":"product_tag-surface","25":"product_tag-usb-scanner","27":"first","28":"instock","29":"shipping-taxable","30":"product-type-external"},"_links":{"self":[{"href":"https:\/\/comprasyconsejos.store\/en\/wp-json\/wp\/v2\/product\/34272","targetHints":{"allow":["GET"]}}],"collection":[{"href":"https:\/\/comprasyconsejos.store\/en\/wp-json\/wp\/v2\/product"}],"about":[{"href":"https:\/\/comprasyconsejos.store\/en\/wp-json\/wp\/v2\/types\/product"}],"replies":[{"embeddable":true,"href":"https:\/\/comprasyconsejos.store\/en\/wp-json\/wp\/v2\/comments?post=34272"}],"version-history":[{"count":0,"href":"https:\/\/comprasyconsejos.store\/en\/wp-json\/wp\/v2\/product\/34272\/revisions"}],"wp:featuredmedia":[{"embeddable":true,"href":"https:\/\/comprasyconsejos.store\/en\/wp-json\/wp\/v2\/media\/34273"}],"wp:attachment":[{"href":"https:\/\/comprasyconsejos.store\/en\/wp-json\/wp\/v2\/media?parent=34272"}],"wp:term":[{"taxonomy":"product_brand","embeddable":true,"href":"https:\/\/comprasyconsejos.store\/en\/wp-json\/wp\/v2\/product_brand?post=34272"},{"taxonomy":"product_cat","embeddable":true,"href":"https:\/\/comprasyconsejos.store\/en\/wp-json\/wp\/v2\/product_cat?post=34272"},{"taxonomy":"product_tag","embeddable":true,"href":"https:\/\/comprasyconsejos.store\/en\/wp-json\/wp\/v2\/product_tag?post=34272"}],"curies":[{"name":"wp","href":"https:\/\/api.w.org\/{rel}","templated":true}]}}