{"id":34306,"date":"2026-02-25T04:25:15","date_gmt":"2026-02-25T04:25:15","guid":{"rendered":"https:\/\/comprasyconsejos.store\/product\/yeyian-elysium-27-fhd-flat-gaming-monitor-1920x1080-fast-ips-panel-178-view-10001-180hz-169-16-7m-colors-1ms-od-response-vesa-displayport-1-2-hdmi-1-4-ymf-ipf27-m1\/"},"modified":"2026-02-25T04:25:22","modified_gmt":"2026-02-25T04:25:22","slug":"yeyian-elysium-27-fhd-flat-gaming-monitor-1920x1080-fast-ips-panel-178-view-10001-180hz-169-16-7m-colors-1ms-od-response-vesa-displayport-1-2-hdmi-1-4-ymf-ipf27-m1","status":"publish","type":"product","link":"https:\/\/comprasyconsejos.store\/en\/product\/yeyian-elysium-27-fhd-flat-gaming-monitor-1920x1080-fast-ips-panel-178-view-10001-180hz-169-16-7m-colors-1ms-od-response-vesa-displayport-1-2-hdmi-1-4-ymf-ipf27-m1\/","title":{"rendered":"YEYIAN Elysium 27&#8243; FHD Flat Gaming Monitor | 1920&#215;1080 | Fast IPS Panel | 178\u00b0 View | 1000:1 | 180Hz | 16:9 | 16.7M Colors | 1ms OD Response | VESA | DisplayPort 1.2 HDMI 1.4 | YMF-IPF27-M1"},"content":{"rendered":"<p>Price: <span style=\"color:#b12704\"><del>\u20ac139.99<\/del> - \u20ac129.99<\/span><br \/><i><small>(as of Feb 25, 2026 04:25:15 UTC &#8211; <span class=\"wp_automatic_amazon_disclaimer\" title=\"Product prices and availability are accurate as of the date\/time indicated and are subject to change. Any price and availability information displayed on [relevant Amazon Site(s), as applicable] at the time of purchase will apply to the purchase of this product.\">Details<\/span>)<\/small><\/i><\/p>\n<p><a href=\"https:\/\/amazon.es\/dp\/B0G24G1QTD?tag=man008-21\"><img decoding=\"async\" src=\"https:\/\/valvepress.s3.amazonaws.com\/imgs\/buy_now.png\"><\/a><br \/>\n<\/p>\n<p>                                             Product Description   <\/p>\n<p>                                                                                                       <img decoding=\"async\" alt=\"El texto dice \u00abSE SIENTE\u00bb. Cartel promocional de atm\u00f3sfera oscura con efectos de iluminaci\u00f3n azul y elementos geom\u00e9tricos que crean profundidad.\" src=\"https:\/\/images-na.ssl-images-amazon.com\/images\/G\/01\/x-locale\/common\/grey-pixel.gif\" class=\"a-lazy-loaded\" data-src=\"https:\/\/m.media-amazon.com\/images\/S\/aplus-media-library-service-media\/0a4a3b97-656b-44c8-8f9e-18db9a74169f.__CR0,0,1464,600_PT0_SX1464_V1___.jpg\"><img decoding=\"async\" alt=\"El texto dice \u00abSE SIENTE\u00bb. Cartel promocional de atm\u00f3sfera oscura con efectos de iluminaci\u00f3n azul y elementos geom\u00e9tricos que crean profundidad.\" src=\"https:\/\/m.media-amazon.com\/images\/S\/aplus-media-library-service-media\/0a4a3b97-656b-44c8-8f9e-18db9a74169f.__CR0,0,1464,600_PT0_SX1464_V1___.jpg\">                                               <\/p>\n<p>                                                                                                       <img decoding=\"async\" alt=\"Im\u00e1genes de productos tecnol\u00f3gicos te\u00f1idas de azul que muestran una interfaz digital o un panel de control con elementos de pantalla iluminados sobre un fondo oscuro.\" src=\"https:\/\/images-na.ssl-images-amazon.com\/images\/G\/01\/x-locale\/common\/grey-pixel.gif\" class=\"a-lazy-loaded\" data-src=\"https:\/\/m.media-amazon.com\/images\/S\/aplus-media-library-service-media\/bff67056-c171-496f-a4d3-7896333061c6.__CR0,0,1464,600_PT0_SX1464_V1___.jpg\"><img decoding=\"async\" alt=\"Im\u00e1genes de productos tecnol\u00f3gicos te\u00f1idas de azul que muestran una interfaz digital o un panel de control con elementos de pantalla iluminados sobre un fondo oscuro.\" src=\"https:\/\/m.media-amazon.com\/images\/S\/aplus-media-library-service-media\/bff67056-c171-496f-a4d3-7896333061c6.__CR0,0,1464,600_PT0_SX1464_V1___.jpg\">                                               <\/p>\n<p>                                                                                                       <img decoding=\"async\" alt=\"aplus content image\" src=\"https:\/\/images-na.ssl-images-amazon.com\/images\/G\/01\/x-locale\/common\/grey-pixel.gif\" class=\"a-lazy-loaded\" data-src=\"https:\/\/m.media-amazon.com\/images\/S\/aplus-media-library-service-media\/83b000a0-8f36-410d-96f0-5c218ef001cd.__CR0,0,1464,600_PT0_SX1464_V1___.jpg\"><img decoding=\"async\" alt=\"aplus content image\" src=\"https:\/\/m.media-amazon.com\/images\/S\/aplus-media-library-service-media\/83b000a0-8f36-410d-96f0-5c218ef001cd.__CR0,0,1464,600_PT0_SX1464_V1___.jpg\">                                                 Experimenta la ventaja competitiva                                             Gana ventaja con 180 Hz ultra r\u00e1pidos                                        <\/p>\n<p class=\"aplus-p2 aplus-module-2-description\"> Elimina el motion blur y el ghosting. Los 180 Hz (v\u00eda DisplayPort) ofrecen una fluidez visual radical, mostrando cada fotograma con una claridad inalcanzable en monitores est\u00e1ndar. Ideal para FPS, carreras y eSports, donde cada milisegundo y cada movimiento n\u00edtido son decisivos <\/p>\n<p>                                                                                                       <img decoding=\"async\" alt=\"Imagen de primer plano del producto que muestra un dispositivo electr\u00f3nico negro con un panel de control LED morado iluminado sobre un fondo oscuro.\" src=\"https:\/\/images-na.ssl-images-amazon.com\/images\/G\/01\/x-locale\/common\/grey-pixel.gif\" class=\"a-lazy-loaded\" data-src=\"https:\/\/m.media-amazon.com\/images\/S\/aplus-media-library-service-media\/d73923f9-7dcc-4e63-8a57-780e3993eb19.__CR0,0,1464,600_PT0_SX1464_V1___.jpg\"><img decoding=\"async\" alt=\"Imagen de primer plano del producto que muestra un dispositivo electr\u00f3nico negro con un panel de control LED morado iluminado sobre un fondo oscuro.\" src=\"https:\/\/m.media-amazon.com\/images\/S\/aplus-media-library-service-media\/d73923f9-7dcc-4e63-8a57-780e3993eb19.__CR0,0,1464,600_PT0_SX1464_V1___.jpg\">                                                 Conecta Todo Tu Equipo                                             Conexi\u00f3n vers\u00e1til para PC y consolas de \u00faltima generaci\u00f3n                                        <\/p>\n<p class=\"aplus-p2 aplus-module-2-description\"> M\u00e1xima compatibilidad al instante. Conecta tu PC con el DisplayPort 1.2 para desbloquear los 180 Hz, o usa uno de los dos puertos HDMI 1.4 para tu consola, port\u00e1til o streaming device (hasta 144 Hz). La salida de audio 3.5 mm te da control total sobre el sonido. Configura tu batalla sin l\u00edmites <\/p>\n<p>                                                                                                       <img decoding=\"async\" alt=\"Serie de coloridas im\u00e1genes similares a nebulosas en tonos morados, azules y rosados, que parecen ser im\u00e1genes de fondo promocionales o paneles de exhibici\u00f3n art\u00edstica.\" src=\"https:\/\/images-na.ssl-images-amazon.com\/images\/G\/01\/x-locale\/common\/grey-pixel.gif\" class=\"a-lazy-loaded\" data-src=\"https:\/\/m.media-amazon.com\/images\/S\/aplus-media-library-service-media\/732e9b6f-08f0-4268-9cf8-caf7f2fe7cc7.__CR0,0,1464,600_PT0_SX1464_V1___.jpg\"><img decoding=\"async\" alt=\"Serie de coloridas im\u00e1genes similares a nebulosas en tonos morados, azules y rosados, que parecen ser im\u00e1genes de fondo promocionales o paneles de exhibici\u00f3n art\u00edstica.\" src=\"https:\/\/m.media-amazon.com\/images\/S\/aplus-media-library-service-media\/732e9b6f-08f0-4268-9cf8-caf7f2fe7cc7.__CR0,0,1464,600_PT0_SX1464_V1___.jpg\">                                                 Colores Vivos en Todo el Escritorio                                             Experiencia visual inmersiva con panel IPS de 27&#8243;                                        <\/p>\n<p class=\"aplus-p2 aplus-module-2-description\"> Sum\u00e9rgete en universos llenos de detalle. El panel Fast IPS garantiza colores consistentes y vibrantes (99% sRGB) con unos \u00e1ngulos de visi\u00f3n de 178\u00b0. Ya sea para gaming, ver pel\u00edculas o trabajar, cada cent\u00edmetro de la pantalla Full HD 27&#8243; sin bordes ofrece una claridad excepcional sin distorsiones <\/p>\n<p>                                                                                                       <img decoding=\"async\" alt=\"Escena nocturna del interior del autom\u00f3vil que muestra franjas de iluminaci\u00f3n ambiental de color p\u00farpura iluminadas instaladas a lo largo de los paneles del tablero y las puertas.\" src=\"https:\/\/images-na.ssl-images-amazon.com\/images\/G\/01\/x-locale\/common\/grey-pixel.gif\" class=\"a-lazy-loaded\" data-src=\"https:\/\/m.media-amazon.com\/images\/S\/aplus-media-library-service-media\/df81493a-51fa-4a1a-8a46-72175a2389e4.__CR0,0,1464,600_PT0_SX1464_V1___.jpg\"><img decoding=\"async\" alt=\"Escena nocturna del interior del autom\u00f3vil que muestra franjas de iluminaci\u00f3n ambiental de color p\u00farpura iluminadas instaladas a lo largo de los paneles del tablero y las puertas.\" src=\"https:\/\/m.media-amazon.com\/images\/S\/aplus-media-library-service-media\/df81493a-51fa-4a1a-8a46-72175a2389e4.__CR0,0,1464,600_PT0_SX1464_V1___.jpg\">                                                 Tu Espacio, Tu Ergonom\u00eda                                             Libera tu escritorio con soporte VESA                                        <\/p>\n<p class=\"aplus-p2 aplus-module-2-description\"> Compatibilidad VESA 100&#215;100 mm. Monta tu EYIAN Elysium en el brazo o soporte de tu elecci\u00f3n (no incluido) para crear un espacio de juego y trabajo ultrapersonalizado. Ajusta la altura, el giro y la inclinaci\u00f3n para una postura c\u00f3moda durante las largas sesiones, mejorando tu concentraci\u00f3n <\/p>\n<p>                                                                                                       <img decoding=\"async\" alt=\"Colecci\u00f3n de fotograf\u00edas de paisajes urbanos nocturnos con tonos morados y azules, que muestran horizontes urbanos y escenas callejeras bajo una iluminaci\u00f3n espectacular.\" src=\"https:\/\/images-na.ssl-images-amazon.com\/images\/G\/01\/x-locale\/common\/grey-pixel.gif\" class=\"a-lazy-loaded\" data-src=\"https:\/\/m.media-amazon.com\/images\/S\/aplus-media-library-service-media\/8def7201-fed4-434b-b0ef-14d90d98989b.__CR0,0,1464,600_PT0_SX1464_V1___.jpg\"><img decoding=\"async\" alt=\"Colecci\u00f3n de fotograf\u00edas de paisajes urbanos nocturnos con tonos morados y azules, que muestran horizontes urbanos y escenas callejeras bajo una iluminaci\u00f3n espectacular.\" src=\"https:\/\/m.media-amazon.com\/images\/S\/aplus-media-library-service-media\/8def7201-fed4-434b-b0ef-14d90d98989b.__CR0,0,1464,600_PT0_SX1464_V1___.jpg\">                                                 Rendimiento Gaming Sin Compromisos                                             Tecnolog\u00edas avanzadas para una jugabilidad ultra fluida                                        <\/p>\n<p class=\"aplus-p2 aplus-module-2-description\"> Con FreeSync elimina el tearing y los tirones (stuttering), sincronizando la tasa de refresco con tu  gr\u00e1fica. Junto a la respuesta de 1 ms y el modo HDR, consigues ventaja en mundos abiertos. El filtro de luz azul y tecnolog\u00eda anti-parpadeo protegen tu vista en las sesiones de juego maratonianas <\/p>\n<p> Product Dimensions                                            \u200f                                            :                                            \u200e                                            16 x 44 x 45 cm; 4.5 kg   <br \/> Manufacturer                                            \u200f                                            :                                            \u200e                                            Yeyian   <br \/> ASIN                                            \u200f                                            :                                            \u200e                                            B0G24G1QTD   <br \/> Item model number                                            \u200f                                            :                                            \u200e                                            YMF-IPF27-M1   <br \/> Country\/Region of Origin                                            \u200f                                            :                                            \u200e                                            China   <br \/> Guaranteed software updates until                                            \u200f                                            :                                            \u200e                                            unknown   <br \/>  Customer reviews:                                                                                            4.5               4.5 out of 5 stars                                  (827)                                              var dpAcrHasRegisteredArcLinkClickAction;                    P.when(&#8216;A&#8217;, &#8216;ready&#8217;).execute(function(A) {                        if (dpAcrHasRegisteredArcLinkClickAction !== true) {                            dpAcrHasRegisteredArcLinkClickAction = true;                            A.declarative(                                &#8216;acrLink-click-metrics&#8217;, &#8216;click&#8217;,                                { \u00aballowLinkDefault\u00bb: true },                                function (event) {                                    if (window.ue) {                                        ue.count(\u00abacrLinkClickCount\u00bb, (ue.count(\u00abacrLinkClickCount\u00bb) || 0) + 1);                                    }                                }                            );                        }                    });                                             P.when(&#8216;A&#8217;, &#8216;cf&#8217;).execute(function(A) {                A.declarative(&#8216;acrStarsLink-click-metrics&#8217;, &#8216;click&#8217;, { \u00aballowLinkDefault\u00bb : true },  function(event){                    if(window.ue) {                        ue.count(\u00abacrStarsLinkWithPopoverClickCount\u00bb, (ue.count(\u00abacrStarsLinkWithPopoverClickCount\u00bb) || 0) + 1);                    }                });            });                          <\/p>\n<p>[ SCREEN AND RESOLUTION ]: 27&#8243; Full HD (1920&#215;1080) borderless display with IPS panel technology for vibrant colors sRGB 8-bit 99% and wide viewing angles (178\u00b0) with 1000:1 contrast and 250cd\/m2 brightness<br \/>[ HIGH GAMER PERFORMANCE ]: Ultra-fast refresh rate of 180Hz (via DisplayPort) or 144Hz (via HDMI) and a response time of 1ms, eliminating motion blur and flickering. Rear RGB Light and Speakers<br \/>[ IMAGE TECHNOLOGY ]: Support FreeSync, Adaptive Sync and HDR mode to eliminate tearing and stuttering, ensuring smooth gameplay. Includes blue light filter and anti-glare technology to reduce eyestrain<br \/>[ CONNECTIVITY AND ASSEMBLY ]: Includes DisplayPort and HDMI ports, as well as a 3.5mm audio output. It supports VESA mounts (100x100mm) for flexible installation, ideal for gaming and compatible with PC, Xbox and PlayStation<br \/>[ YEYIAN GAMING ]: Product certified under international standards that includes a 3-year warranty. Contact our customer service if you have any questions<\/p>\n\n","protected":false},"excerpt":{"rendered":"<p> Product Description Experimenta la ventaja competitiva Gana ventaja con 180 Hz ultra r\u00e1pidos Elimina el<\/p>","protected":false},"featured_media":34307,"comment_status":"open","ping_status":"closed","template":"","meta":[],"product_brand":[],"product_cat":[55],"product_tag":[1934,9782,1778,704,1918,1936,1935,1939,1802,1940,4138,1784,1099,9781,137,639,3355,617,1933,544,703,1937,844,1033,3863,1938,2342,1675,8995,9783],"class_list":{"0":"post-34306","1":"product","2":"type-product","3":"status-publish","4":"has-post-thumbnail","6":"product_cat-gaming-monitors","7":"product_tag-144hz-gaming-monitor","8":"product_tag-16-7m","9":"product_tag-180hz","10":"product_tag-1920x1080","11":"product_tag-1ms","12":"product_tag-1ms-gaming-monitor","13":"product_tag-240hz-gaming-monitor","14":"product_tag-27-inch-gaming-monitor","15":"product_tag-4k-gaming-monitor","16":"product_tag-best-gaming-monitor","17":"product_tag-colors","18":"product_tag-curved-gaming-monitor","19":"product_tag-displayport","20":"product_tag-elysium","21":"product_tag-fast","22":"product_tag-fhd","23":"product_tag-flat","24":"product_tag-gaming","25":"product_tag-gaming-monitor","26":"product_tag-hdmi","27":"product_tag-ips","28":"product_tag-ips-gaming-monitor","29":"product_tag-monitor","30":"product_tag-panel","31":"product_tag-response","32":"product_tag-rgb-gaming-monitor","33":"product_tag-vesa","34":"product_tag-view","35":"product_tag-yeyian","36":"product_tag-ymfipf27m1","38":"first","39":"instock","40":"sale","41":"shipping-taxable","42":"product-type-external"},"_links":{"self":[{"href":"https:\/\/comprasyconsejos.store\/en\/wp-json\/wp\/v2\/product\/34306","targetHints":{"allow":["GET"]}}],"collection":[{"href":"https:\/\/comprasyconsejos.store\/en\/wp-json\/wp\/v2\/product"}],"about":[{"href":"https:\/\/comprasyconsejos.store\/en\/wp-json\/wp\/v2\/types\/product"}],"replies":[{"embeddable":true,"href":"https:\/\/comprasyconsejos.store\/en\/wp-json\/wp\/v2\/comments?post=34306"}],"version-history":[{"count":0,"href":"https:\/\/comprasyconsejos.store\/en\/wp-json\/wp\/v2\/product\/34306\/revisions"}],"wp:featuredmedia":[{"embeddable":true,"href":"https:\/\/comprasyconsejos.store\/en\/wp-json\/wp\/v2\/media\/34307"}],"wp:attachment":[{"href":"https:\/\/comprasyconsejos.store\/en\/wp-json\/wp\/v2\/media?parent=34306"}],"wp:term":[{"taxonomy":"product_brand","embeddable":true,"href":"https:\/\/comprasyconsejos.store\/en\/wp-json\/wp\/v2\/product_brand?post=34306"},{"taxonomy":"product_cat","embeddable":true,"href":"https:\/\/comprasyconsejos.store\/en\/wp-json\/wp\/v2\/product_cat?post=34306"},{"taxonomy":"product_tag","embeddable":true,"href":"https:\/\/comprasyconsejos.store\/en\/wp-json\/wp\/v2\/product_tag?post=34306"}],"curies":[{"name":"wp","href":"https:\/\/api.w.org\/{rel}","templated":true}]}}